{"id":126784,"date":"2019-06-30T19:49:31","date_gmt":"2019-06-30T11:49:31","guid":{"rendered":"https:\/\/www.pandasilk.com\/faqs\/"},"modified":"2025-01-15T13:20:07","modified_gmt":"2025-01-15T21:20:07","slug":"faqs","status":"publish","type":"page","link":"https:\/\/www.pandasilk.com\/cs\/faqs\/","title":{"rendered":"\u010casto Kladen\u00e9 Ot\u00e1zky o Hedv\u00e1b\u00ed"},"content":{"rendered":"<p>Hedv\u00e1b\u00ed, luxusn\u00ed a nad\u010dasov\u00e1 tkanina, okouzluje lidi ji\u017e tis\u00edce let. Od sv\u00fdch starov\u011bk\u00fdch po\u010d\u00e1tk\u016f v \u010c\u00edn\u011b a\u017e po sou\u010dasnou p\u0159\u00edtomnost v m\u00f3d\u011b a bytov\u00e9m textilu, z\u016fst\u00e1v\u00e1 hedv\u00e1b\u00ed vyhled\u00e1van\u00fdm materi\u00e1lem. Tento \u010dl\u00e1nek si klade za c\u00edl odpov\u011bd\u011bt na nej\u010dast\u011bj\u0161\u00ed ot\u00e1zky t\u00fdkaj\u00edc\u00ed se hedv\u00e1b\u00ed a poskytnout jasn\u00e9 a komplexn\u00ed odpov\u011bdi.<\/p>\n<h3>1. Kdo m\u016f\u017ee pou\u017e\u00edvat hedv\u00e1bn\u00e9 produkty?<\/h3>\n<p>Hedv\u00e1bn\u00e9 produkty jsou pozoruhodn\u011b univerz\u00e1ln\u00ed a vhodn\u00e9 pro lidi v\u0161ech v\u011bkov\u00fdch kategori\u00ed, v\u010detn\u011b dosp\u011bl\u00fdch, d\u011bt\u00ed a batolat. Pokud pot\u0159ebujete individu\u00e1ln\u00ed \u00fapravu velikosti nap\u0159\u00edklad u lo\u017en\u00edho pr\u00e1dla, kontaktujte poskytovatele, jako je PandaSilk, a informujte se o mo\u017enostech \u00faprav.<\/p>\n<h3>2. Odkud poch\u00e1z\u00ed va\u0161e hedv\u00e1b\u00ed?<\/h3>\n<p>V\u011bt\u0161ina sv\u011btov\u00e9ho hedv\u00e1b\u00ed poch\u00e1z\u00ed z \u010c\u00edny, kde se praxe serikultury (chovu bource moru\u0161ov\u00e9ho) zdokonalovala po tis\u00edce let. Nejstar\u0161\u00ed d\u016fkazy o v\u00fdrob\u011b hedv\u00e1b\u00ed se datuj\u00ed p\u0159ibli\u017en\u011b do roku 3500 p\u0159. n. l. ve starov\u011bk\u00e9 \u010c\u00edn\u011b, co\u017e upevnilo jej\u00ed postaven\u00ed jako p\u0159edn\u00edho v\u00fdrobce hedv\u00e1b\u00ed. I kdy\u017e Thajsko a Indie tak\u00e9 vyr\u00e1b\u011bj\u00ed hedv\u00e1b\u00ed, jejich produkce a hladkost vl\u00e1ken se obvykle nevyrovnaj\u00ed t\u011bm \u010d\u00ednsk\u00fdm. It\u00e1lie je zn\u00e1m\u00e1 kvalitn\u00edmi hedv\u00e1b\u00edmi, ale jej\u00ed hedv\u00e1b\u00ed se pou\u017e\u00edv\u00e1 p\u0159ev\u00e1\u017en\u011b na od\u011bvy, a nikoli na bytov\u00fd textil, jako je lo\u017en\u00ed pr\u00e1dlo.<\/p>\n<h3>3. Je va\u0161e hedv\u00e1b\u00ed 100% \u010dist\u00e9?<\/h3>\n<p>V\u011bt\u0161ina hedv\u00e1bn\u00fdch tkanin je skute\u010dn\u011b vyrobena ze 100% \u010dist\u00e9ho hedv\u00e1b\u00ed, co\u017e plat\u00ed i pro v\u011bt\u0161inu hedv\u00e1b\u00ed prod\u00e1van\u00fdch spole\u010dnostmi, jako je PandaSilk. Pokud hled\u00e1te sm\u011bsi, zbo\u017e\u00ed vyroben\u00e9 z kombinac\u00ed jako samet, sat\u00e9n hedv\u00e1b\u00ed\/visk\u00f3za nebo jin\u00e9 sm\u00ed\u0161en\u00e9 tkaniny, je v\u017edy jasn\u011b ozna\u010deno, aby byl uveden jejich obsah.<\/p>\n<h3>4. Jak jsou objedn\u00e1vky zas\u00edl\u00e1ny a jak\u00e1 je dodac\u00ed lh\u016fta?<\/h3>\n<p>Objedn\u00e1vky jsou obvykle odes\u00edl\u00e1ny prost\u0159ednictv\u00edm spolehliv\u00fdch mezin\u00e1rodn\u00edch p\u0159epravc\u016f, jako jsou DHL, UPS, FedEx nebo EMS. Pro z\u00e1kazn\u00edky v Americe, Kanad\u011b a Austr\u00e1lii m\u016f\u017ee doru\u010den\u00ed obvykle trvat p\u0159ibli\u017en\u011b 4-5 dn\u00ed. Dodac\u00ed lh\u016fty se v\u0161ak mohou b\u011bhem sv\u00e1tk\u016f prodlou\u017eit.<\/p>\n<h3>5. Lze hedv\u00e1b\u00ed pr\u00e1t?<\/h3>\n<p>Ano, hedv\u00e1b\u00ed lze pr\u00e1t. Barvy nebo potisky aplikovan\u00e9 na hedv\u00e1b\u00ed proch\u00e1zej\u00ed b\u011bhem v\u00fdrobn\u00edho procesu pran\u00edm, aby se zajistila jejich barevn\u00e1 st\u00e1lost. Pro dosa\u017een\u00ed nejlep\u0161\u00edch v\u00fdsledk\u016f se doporu\u010duje ru\u010dn\u00ed pran\u00ed.<\/p>\n<h3>6. Jak\u00fd je spr\u00e1vn\u00fd zp\u016fsob pran\u00ed hedv\u00e1b\u00ed?<\/h3>\n<p>Hedv\u00e1b\u00ed perte ru\u010dn\u011b ve vla\u017en\u00e9 vod\u011b s pou\u017eit\u00edm jemn\u00e9ho prac\u00edho prost\u0159edku. Po vypr\u00e1n\u00ed hedv\u00e1b\u00ed za mokra ne\u017ed\u00edmejte. Jemn\u011b vyma\u010dkejte p\u0159ebyte\u010dnou vodu a rozlo\u017ete jej naplocho mezi ru\u010dn\u00edky, aby absorbovaly vlhkost p\u0159ed \u017eehlen\u00edm.<\/p>\n<h3>7. Lze hedv\u00e1b\u00ed \u017eehlit?<\/h3>\n<p>Hedv\u00e1b\u00ed lze \u017eehlit s n\u00e1le\u017eitou opatrnost\u00ed, proto\u017ee je pom\u011brn\u011b odoln\u00e9. Nenech\u00e1vejte horkou \u017eehli\u010dku del\u0161\u00ed dobu polo\u017eenou na hedv\u00e1b\u00ed. Pou\u017e\u00edvejte chladnou \u017eehli\u010dku a hedv\u00e1bn\u00e9 p\u0159edm\u011bty \u017eehlete v\u017edy naruby. Pokud je to mo\u017en\u00e9, pou\u017eijte nastaven\u00ed \u017eehli\u010dky pro hedv\u00e1b\u00ed, jinak obvykle funguje efektivn\u011b nejni\u017e\u0161\u00ed teplota.<\/p>\n<h3>8. Jakou nit byste m\u011bli pou\u017e\u00edt pro \u0161it\u00ed hedv\u00e1b\u00ed?<\/h3>\n<p>Oby\u010dejn\u00e9 nit\u011b, jako jsou nit\u011b vyr\u00e1b\u011bn\u00e9 spole\u010dnost\u00ed G\u00fctermann, se s hedv\u00e1b\u00edm dob\u0159e kombinuj\u00ed. Je lep\u0161\u00ed nepou\u017e\u00edvat \u010distou hedv\u00e1bnou nit, proto\u017ee m\u00e1 tendenci se snadno zauzlovat.<\/p>\n<h3>9. Jak\u00e1 je hodnota momme u hedv\u00e1bn\u00fdch povlak\u016f na pol\u0161t\u00e1\u0159e?<\/h3>\n<p>Hedv\u00e1bn\u00e9 povlaky na pol\u0161t\u00e1\u0159e se m\u011b\u0159\u00ed v momme v\u00e1ze. Spole\u010dnosti jako PandaSilk je nab\u00edzej\u00ed v mo\u017enostech 19, 22 nebo 25 momme. \u010c\u00edm v\u011bt\u0161\u00ed je momme, t\u00edm v\u011bt\u0161\u00ed hmotnost a t\u00edm i trvanlivost hedv\u00e1b\u00ed.<\/p>\n<h3>10. Co znamen\u00e1 &#8222;momme weight&#8220;?<\/h3>\n<p>Momme v\u00e1ha je jednotka, kter\u00e1 se pou\u017e\u00edv\u00e1 k m\u011b\u0159en\u00ed hmotnosti hedv\u00e1bn\u00e9 tkaniny a ud\u00e1v\u00e1 jej\u00ed hustotu. Vy\u0161\u0161\u00ed momme v\u00e1ha znamen\u00e1 siln\u011bj\u0161\u00ed, hust\u0161\u00ed a obecn\u011b trvanliv\u011bj\u0161\u00ed hedv\u00e1b\u00ed.<\/p>\n<h3>11. Jak hedv\u00e1b\u00ed vzniklo?<\/h3>\n<p>Po\u010d\u00e1tky hedv\u00e1b\u00ed sahaj\u00ed a\u017e do starov\u011bk\u00e9 \u010c\u00edny, p\u0159i\u010dem\u017e jedna legenda spojuje jeho objev s c\u00edsa\u0159ovnou jm\u00e9nem Si Ling Chi, kter\u00e1 \u00fadajn\u011b pozorovala bource moru\u0161ov\u00e9 sp\u0159\u00e1daj\u00edc\u00ed sv\u00e9 kukly v kr\u00e1lovsk\u00fdch zahrad\u00e1ch a snila o tom, \u017ee z jejich vl\u00e1ken vyrob\u00ed l\u00e1tku. Jin\u00e9 vysv\u011btlen\u00ed \u0159\u00edk\u00e1, \u017ee n\u011bkter\u00e9 \u017eeny n\u00e1hodou na\u0161ly hedv\u00e1b\u00ed p\u0159i sb\u011bru ovoce. \u017deny uva\u0159ily partu tvrd\u00fdch, nejedl\u00fdch, b\u00edl\u00fdch &#8222;plod\u016f&#8220; (kukel), pozd\u011bji je tloukly. T\u00edmto procesem byl materi\u00e1l objeven.<\/p>\n<h3>12. Co p\u0159esn\u011b je hedv\u00e1b\u00ed?<\/h3>\n<p>Hedv\u00e1b\u00ed je jemn\u00e9 vl\u00e1kno produkovan\u00e9 bourcem moru\u0161ov\u00fdm pro konstrukci sv\u00e9 kukly b\u011bhem kuklen\u00ed. Toto vl\u00e1kno je pozoruhodn\u00e9 jako nejsiln\u011bj\u0161\u00ed a nejjemn\u011bj\u0161\u00ed p\u0159\u00edrodn\u00ed vl\u00e1kno na sv\u011bt\u011b. Je to b\u00edlkovinn\u00e9 vl\u00e1kno s chemick\u00fdm slo\u017een\u00edm podobn\u00fdm lidsk\u00e9 k\u016f\u017ei. Hedv\u00e1b\u00ed je proto \u010dasto popisov\u00e1no jako ide\u00e1ln\u00ed druh\u00e1 k\u016f\u017ee.<\/p>\n<h3>13. Je hedv\u00e1b\u00ed moru\u0161ov\u00e9 hedv\u00e1b\u00ed?<\/h3>\n<p>Typicky, kvalitn\u00ed hedv\u00e1bn\u00e9 v\u00fdrobky, jako jsou ty od PandaSilk, jsou vyr\u00e1b\u011bny ze 100% \u010dist\u00e9ho moru\u0161ov\u00e9ho hedv\u00e1b\u00ed, co\u017e je v\u00fdsledek chovu bource moru\u0161ov\u00e9ho v\u00fdhradn\u011b na diet\u011b z moru\u0161ov\u00fdch list\u016f, d\u00edky \u010demu\u017e je hedv\u00e1b\u00ed nejvy\u0161\u0161\u00ed kvality pro pou\u017eit\u00ed v textiln\u00edm pr\u016fmyslu.<\/p>\n<h3>14. Je charmeuse hedv\u00e1b\u00ed tot\u00e9\u017e co moru\u0161ov\u00e9 hedv\u00e1b\u00ed?<\/h3>\n<p>Charmeuse hedv\u00e1b\u00ed je specifick\u00e1 vazba, zat\u00edmco moru\u0161ov\u00e9 hedv\u00e1b\u00ed je typ hedv\u00e1bn\u00e9ho materi\u00e1lu (poch\u00e1z\u00ed od bource moru\u0161ov\u00e9ho, kter\u00fd se \u017eiv\u00ed moru\u0161\u00ed) pou\u017e\u00edvan\u00e9ho pro v\u00fdrobu charmeuse nebo jin\u00fdch typ\u016f hedv\u00e1bn\u00fdch tkanin, jako je \u0161ifon, habotai, krep atd. Hedv\u00e1b\u00ed poch\u00e1z\u00ed od bource moru\u0161ov\u00e9ho, kter\u00fd se \u017eiv\u00ed pouze moru\u0161ov\u00fdmi listy. Charmeuse popisuje kone\u010dnou vazbu; je to nejluxusn\u011bj\u0161\u00ed volba, zn\u00e1m\u00e1 sv\u00fdm leskl\u00fdm vzhledem. Nej\u010dast\u011bji se vyskytuje u lo\u017en\u00edho pr\u00e1dla. Jin\u00e9 m\u00e9n\u011b obvykl\u00e9 a k\u0159eh\u010d\u00ed hedv\u00e1bn\u00e9 tkaniny, jako je hedv\u00e1bn\u00fd \u0161ifon nebo habotai, lze pou\u017e\u00edt i v jin\u00fdch od\u011bvech.<\/p>\n<h3>15. Co je Charmeuse a Sat\u00e9nov\u00e9 Hedv\u00e1b\u00ed?<\/h3>\n<p>Hedv\u00e1b\u00ed lze tk\u00e1t do n\u011bkolika typ\u016f textili\u00ed, jako je hedv\u00e1bn\u00fd \u0161ifon, hedv\u00e1bn\u00fd krep a hedv\u00e1bn\u00fd charmeuse\/sat\u00e9n. Charmeuse a sat\u00e9n odkazuj\u00ed na specifick\u00e9 typy vazeb charakterizovan\u00e9 sv\u00fdm hladk\u00fdm povrchem a \u010dasto luxusn\u00edm dojmem. Oba jsou prakticky stejn\u00fd typ t\u011bsn\u00e9, t\u011b\u017ek\u00e9 vazby s lesklou p\u0159edn\u00ed a matnou zadn\u00ed stranou. \u010casto je sat\u00e9n nebo sateen &#8222;unesen&#8220; polyesterem, aby mu dodal v\u00edce hedv\u00e1bn\u00fd lesk. Z tohoto d\u016fvodu renomovan\u00e9 zna\u010dky v\u017edy jasn\u011b rozli\u0161uj\u00ed v\u00fdrobky jako &#8222;hedv\u00e1bn\u00e9&#8220; s odkazem na Charmeuse. \u0160pi\u010dkov\u00e9 zna\u010dky vol\u00ed charmeuse tak, jak by pou\u017eily hedv\u00e1b\u00ed na \u010derven\u00fd koberec.<\/p>\n<h3>16. Jak dlouho vydr\u017e\u00ed hedv\u00e1bn\u00e9 prost\u011bradla?<\/h3>\n<p>V pr\u016fm\u011bru mohou hedv\u00e1bn\u00e9 prost\u011bradla vydr\u017eet p\u0159ibli\u017en\u011b 1 a\u017e 3 roky, za p\u0159edpokladu dodr\u017eov\u00e1n\u00ed spr\u00e1vn\u00e9 p\u00e9\u010de a pou\u017e\u00edv\u00e1n\u00ed. \u017divotnost prost\u011bradel mohou ovlivnit i jin\u00e9 prom\u011bnn\u00e9. Je t\u0159eba vz\u00edt v \u00favahu n\u00e1sleduj\u00edc\u00ed faktory: hmotnost, pohyby a frekvenci pran\u00ed. Nadm\u011brn\u00e9 pran\u00ed m\u016f\u017ee \u017eivotnost prost\u011bradel zkr\u00e1tit. Prost\u0159ed\u00ed m\u00edstnosti nebo jin\u00e9 podm\u00ednky span\u00ed nebo osobn\u00ed podm\u00ednky mohou \u017eivotnost hedv\u00e1bn\u00fdch prost\u011bradel zkr\u00e1tit.<\/p>\n<h3>17. Co obn\u00e1\u0161\u00ed chov bource moru\u0161ov\u00e9ho?<\/h3>\n<p>Chov bource moru\u0161ov\u00e9ho pro produkci hedv\u00e1b\u00ed zahrnuje zna\u010dn\u00e9 \u00fasil\u00ed za \u00fa\u010delem vytvo\u0159en\u00ed kvalitn\u00edch textiln\u00edch vl\u00e1ken, nejv\u00edce si m\u016f\u017eeme v\u0161imnout dr\u017een\u00ed v klidu, sanit\u00e1rn\u00edch podm\u00ednek, p\u0159i\u010dem\u017e jsou krmeny kultivovan\u00fdmi moru\u0161ov\u00fdmi listy.<\/p>\n<h3>18. Je hedv\u00e1b\u00ed ekologicky \u0161etrn\u00e9?<\/h3>\n<p>Obecn\u011b je moru\u0161ov\u00e9 hedv\u00e1b\u00ed ekologicky \u0161etrn\u00e9 d\u00edky tomu, \u017ee je produkov\u00e1no hmyzem, ani\u017e by produkovalo \u0161kodliv\u00e9 vedlej\u0161\u00ed produkty, \u010d\u00edm\u017e se vytv\u00e1\u0159\u00ed bezpe\u010dn\u00fd a ekologicky udr\u017eiteln\u00fd materi\u00e1l.<\/p>\n<h3>19. Kde se sb\u00edraj\u00ed kukly bource moru\u0161ov\u00e9ho?<\/h3>\n<p>Kukly bource moru\u0161ov\u00e9ho se sb\u00edraj\u00ed v \u010d\u00ednsk\u00fdch vesnic\u00edch a v\u00fdroba prob\u00edh\u00e1 v nedalek\u00fdch z\u00e1vodech, v\u011bt\u0161inou v \u010c\u00edn\u011b, proto\u017ee zem\u011b je z velk\u00e9 \u010d\u00e1sti odpov\u011bdn\u00e1 za sv\u011btovou produkci hedv\u00e1b\u00ed.<\/p>\n<h3>20. Odkud poch\u00e1z\u00ed Hedv\u00e1bn\u00e1 stezka?<\/h3>\n<p>Hedv\u00e1bn\u00e1 stezka za\u010d\u00ednala v \u010cchang&#8217;anu (dne\u0161n\u00ed Si-an) a t\u00e1hla se na z\u00e1pad sm\u011brem ke St\u0159edozemn\u00edmu mo\u0159i, konkr\u00e9tn\u011b propojovala \u010c\u00ednu s \u00edr\u00e1nsk\u00fdm sv\u011btem p\u0159es Samarkand, kter\u00fd se nach\u00e1z\u00ed v dne\u0161n\u00edm Uzbekist\u00e1nu. V dob\u00e1ch \u0158\u00edmsk\u00e9 \u0159\u00ed\u0161e neexistovala \u017e\u00e1dn\u00e1 p\u0159\u00edm\u00e1 obchodn\u00ed a dopravn\u00ed cesta zn\u00e1m\u00e1 mezi \u0158\u00edmem a \u010c\u00ednou pro toto zbo\u017e\u00ed, sp\u00ed\u0161e se m\u011blo za to, \u017ee se jednalo o druhotnou nebo terci\u00e1rn\u00ed cestu s \u0158\u00edmany nakupuj\u00edc\u00edmi od druhotn\u00fdch prodejc\u016f v r\u016fzn\u00fdch m\u00edstech pod\u00e9l Hedv\u00e1bn\u00e9 stezky, d\u00edky \u010demu\u017e byla cesta z m\u00edsta prodeje sp\u00ed\u0161e ne\u017e jedna velk\u00e1 smy\u010dka.<\/p>\n<h3>21. Jak\u00fd je po\u010det vl\u00e1ken u hedv\u00e1b\u00ed?<\/h3>\n<p>P\u0159i m\u011b\u0159en\u00ed hedv\u00e1b\u00ed se up\u0159ednost\u0148uje Momme (v\u00e1ha), a po\u010det vl\u00e1ken se stal druho\u0159ad\u00fdm. Pro srovn\u00e1n\u00ed by zna\u010dky jako PandaSilk m\u011bly p\u0159ibli\u017en\u011b:<\/p>\n<table class=\"table table-striped table-bordered\">\n<thead>\n<tr>\n<th>Momme<\/th>\n<th>Po\u010det vl\u00e1ken<\/th>\n<\/tr>\n<\/thead>\n<tbody>\n<tr>\n<td>19 MM<\/td>\n<td>400<\/td>\n<\/tr>\n<tr>\n<td>22 MM<\/td>\n<td>600<\/td>\n<\/tr>\n<tr>\n<td>25 MM<\/td>\n<td>800<\/td>\n<\/tr>\n<tr>\n<td>30 MM<\/td>\n<td>1200<\/td>\n<\/tr>\n<\/tbody>\n<\/table>\n<h3>22. Co je norma OEKO-TEX\u00ae Standard 100?<\/h3>\n<p>OEKO-TEX Standard 100 je mezin\u00e1rodn\u00ed, certifikace t\u0159et\u00ed stranou a syst\u00e9m, kter\u00fd zaji\u0161\u0165uje, \u017ee textiln\u00ed v\u00fdrobky byly d\u016fkladn\u011b testov\u00e1ny na \u0161kodliv\u00e9 l\u00e1tky s ohledem na ka\u017edou f\u00e1zi. Textilie s touto certifikac\u00ed splnily normy syst\u00e9mu v ka\u017ed\u00e9m ze sv\u00fdch v\u00fdrobn\u00edch m\u00edst, a\u0165 u\u017e se jedn\u00e1 o vl\u00e1kna nebo hotov\u00e9 v\u00fdrobky, v\u010detn\u011b r\u016fzn\u00fdch dopl\u0148k\u016f v\u00fdrobku. Certifikace umo\u017e\u0148uje uv\u00e1d\u011bt \u0161t\u00edtky na v\u00fdrobky, nazvan\u00e9 &#8222;D\u016fv\u011bra v textilie.&#8220; Dal\u0161\u00ed \u00farove\u0148 zahrnuje tak\u00e9 environment\u00e1ln\u00ed odpov\u011bdnost s etiketami podle normy Oeko-Tex Standard 1000. V\u0161echny testy se prov\u00e1d\u011bj\u00ed pro jedine\u010dn\u00e9 slo\u017een\u00ed ka\u017ed\u00e9ho produktu ve v\u0161ech f\u00e1z\u00edch v\u00fdroby.<\/p>\n<p>Hedv\u00e1b\u00ed z\u016fst\u00e1v\u00e1 materi\u00e1lem, kter\u00fd si zachov\u00e1v\u00e1 sv\u00e9 kouzlo i ve 21. stolet\u00ed, d\u00edky sv\u00e9 luxusn\u00ed kvalit\u011b a multifunk\u010dnosti. Douf\u00e1me, \u017ee tento \u010dl\u00e1nek uspokojil Va\u0161i zv\u011bdavost ohledn\u011b t\u00e9to fascinuj\u00edc\u00ed textilie a odpov\u011bd\u011bl na nej\u010dast\u011bj\u0161\u00ed dotazy t\u00fdkaj\u00edc\u00ed se tohoto materi\u00e1lu. A\u0165 u\u017e si vyberete jak\u00fdkoli produkt, nepochybujeme, \u017ee v\u00e1s luxusn\u00ed vlastnosti hedv\u00e1b\u00ed uchv\u00e1t\u00ed.<\/p>\n","protected":false},"excerpt":{"rendered":"<p>Hedv\u00e1b\u00ed, luxusn\u00ed a nad\u010dasov\u00e1 tkanina, okouzluje lidi ji\u017e tis\u00edce let. Od sv\u00fdch starov\u011bk\u00fdch po\u010d\u00e1tk\u016f v \u010c\u00edn\u011b a\u017e po sou\u010dasnou p\u0159\u00edtomnost v m\u00f3d\u011b a bytov\u00e9m textilu, z\u016fst\u00e1v\u00e1 hedv\u00e1b\u00ed vyhled\u00e1van\u00fdm materi\u00e1lem. Tento \u010dl\u00e1nek si klade za c\u00edl odpov\u011bd\u011bt na nej\u010dast\u011bj\u0161\u00ed ot\u00e1zky t\u00fdkaj\u00edc\u00ed se hedv\u00e1b\u00ed a poskytnout jasn\u00e9 a komplexn\u00ed odpov\u011bdi. 1. Kdo m\u016f\u017ee pou\u017e\u00edvat hedv\u00e1bn\u00e9 produkty? Hedv\u00e1bn\u00e9<\/p>\n","protected":false},"author":1,"featured_media":1551,"parent":0,"menu_order":352,"comment_status":"closed","ping_status":"closed","template":"","meta":{"footnotes":""},"class_list":["post-126784","page","type-page","status-publish","has-post-thumbnail","hentry","prodpage-classic"],"aioseo_notices":[],"_links":{"self":[{"href":"https:\/\/www.pandasilk.com\/cs\/wp-json\/wp\/v2\/pages\/126784","targetHints":{"allow":["GET"]}}],"collection":[{"href":"https:\/\/www.pandasilk.com\/cs\/wp-json\/wp\/v2\/pages"}],"about":[{"href":"https:\/\/www.pandasilk.com\/cs\/wp-json\/wp\/v2\/types\/page"}],"author":[{"embeddable":true,"href":"https:\/\/www.pandasilk.com\/cs\/wp-json\/wp\/v2\/users\/1"}],"replies":[{"embeddable":true,"href":"https:\/\/www.pandasilk.com\/cs\/wp-json\/wp\/v2\/comments?post=126784"}],"version-history":[{"count":0,"href":"https:\/\/www.pandasilk.com\/cs\/wp-json\/wp\/v2\/pages\/126784\/revisions"}],"wp:featuredmedia":[{"embeddable":true,"href":"https:\/\/www.pandasilk.com\/cs\/wp-json\/wp\/v2\/media\/1551"}],"wp:attachment":[{"href":"https:\/\/www.pandasilk.com\/cs\/wp-json\/wp\/v2\/media?parent=126784"}],"curies":[{"name":"wp","href":"https:\/\/api.w.org\/{rel}","templated":true}]}}