{"id":128135,"date":"2015-05-18T05:41:32","date_gmt":"2015-05-17T21:41:32","guid":{"rendered":"https:\/\/www.pandasilk.com\/shipping-payment\/"},"modified":"2025-01-18T12:45:41","modified_gmt":"2025-01-18T20:45:41","slug":"shipping-payment","status":"publish","type":"page","link":"https:\/\/www.pandasilk.com\/cs\/shipping-payment\/","title":{"rendered":"Z\u00e1sady dopravy"},"content":{"rendered":"<p>V\u011bt\u0161ina polo\u017eek (jako jsou hedv\u00e1bn\u00e9 prost\u011bradla, povlaky na pol\u0161t\u00e1\u0159e a oble\u010den\u00ed) je zpracov\u00e1na a p\u0159ipravena k odesl\u00e1n\u00ed do 5 pracovn\u00edch dn\u016f. Zak\u00e1zkov\u00e1 \u010d\u00ednsk\u00e1 v\u00fd\u0161ivka Shu v\u0161ak vy\u017eaduje n\u011bkolik t\u00fddn\u016f a zak\u00e1zkov\u00e9 ru\u010dn\u011b v\u00e1zan\u00e9 hedv\u00e1bn\u00e9 koberce mohou trvat i m\u011bs\u00edce. V\u0161echny objedn\u00e1vky zas\u00edl\u00e1me prost\u0159ednictv\u00edm spole\u010dnost\u00ed FedEx nebo EMS, p\u0159i\u010dem\u017e doru\u010den\u00ed obvykle prob\u011bhne do 7 pracovn\u00edch dn\u016f.<\/p>\n<p>Pou\u017e\u00edv\u00e1 se pau\u0161\u00e1ln\u00ed poplatek za dopravu ve v\u00fd\u0161i 25 USD. Upozor\u0148ujeme, \u017ee nem\u016f\u017eeme zas\u00edlat na po\u0161tovn\u00ed schr\u00e1nky ani vojensk\u00e9 adresy (APO\/FPO).<\/p>\n<p>Obdr\u017e\u00edte e-mail s potvrzen\u00edm o odesl\u00e1n\u00ed a va\u0161\u00edm sledovac\u00edm \u010d\u00edslem.<\/p>\n<p>Pokud V\u00e1\u0161 bal\u00ed\u010dek doraz\u00ed po\u0161kozen\u00fd: Vyfo\u0165te pros\u00edm \u0161t\u00edtek FedEx a po\u0161kozen\u00e9 zbo\u017e\u00ed a pot\u00e9 n\u00e1m napi\u0161te e-mail na adresu info@pandasilk.com. Uschovejte ve\u0161ker\u00fd p\u016fvodn\u00ed obal a po\u0161kozen\u00e9 zbo\u017e\u00ed.<\/p>\n","protected":false},"excerpt":{"rendered":"<p>V\u011bt\u0161ina polo\u017eek (jako jsou hedv\u00e1bn\u00e9 prost\u011bradla, povlaky na pol\u0161t\u00e1\u0159e a oble\u010den\u00ed) je zpracov\u00e1na a p\u0159ipravena k odesl\u00e1n\u00ed do 5 pracovn\u00edch dn\u016f. Zak\u00e1zkov\u00e1 \u010d\u00ednsk\u00e1 v\u00fd\u0161ivka Shu v\u0161ak vy\u017eaduje n\u011bkolik t\u00fddn\u016f a zak\u00e1zkov\u00e9 ru\u010dn\u011b v\u00e1zan\u00e9 hedv\u00e1bn\u00e9 koberce mohou trvat i m\u011bs\u00edce. V\u0161echny objedn\u00e1vky zas\u00edl\u00e1me prost\u0159ednictv\u00edm spole\u010dnost\u00ed FedEx nebo EMS, p\u0159i\u010dem\u017e doru\u010den\u00ed obvykle prob\u011bhne do 7 pracovn\u00edch dn\u016f.<\/p>\n","protected":false},"author":1,"featured_media":6253,"parent":0,"menu_order":38,"comment_status":"closed","ping_status":"closed","template":"","meta":{"footnotes":""},"class_list":["post-128135","page","type-page","status-publish","has-post-thumbnail","hentry","prodpage-classic"],"aioseo_notices":[],"_links":{"self":[{"href":"https:\/\/www.pandasilk.com\/cs\/wp-json\/wp\/v2\/pages\/128135","targetHints":{"allow":["GET"]}}],"collection":[{"href":"https:\/\/www.pandasilk.com\/cs\/wp-json\/wp\/v2\/pages"}],"about":[{"href":"https:\/\/www.pandasilk.com\/cs\/wp-json\/wp\/v2\/types\/page"}],"author":[{"embeddable":true,"href":"https:\/\/www.pandasilk.com\/cs\/wp-json\/wp\/v2\/users\/1"}],"replies":[{"embeddable":true,"href":"https:\/\/www.pandasilk.com\/cs\/wp-json\/wp\/v2\/comments?post=128135"}],"version-history":[{"count":0,"href":"https:\/\/www.pandasilk.com\/cs\/wp-json\/wp\/v2\/pages\/128135\/revisions"}],"wp:featuredmedia":[{"embeddable":true,"href":"https:\/\/www.pandasilk.com\/cs\/wp-json\/wp\/v2\/media\/6253"}],"wp:attachment":[{"href":"https:\/\/www.pandasilk.com\/cs\/wp-json\/wp\/v2\/media?parent=128135"}],"curies":[{"name":"wp","href":"https:\/\/api.w.org\/{rel}","templated":true}]}}