{"id":128168,"date":"2015-05-18T05:31:03","date_gmt":"2015-05-17T21:31:03","guid":{"rendered":"https:\/\/www.pandasilk.com\/privacy-policy\/"},"modified":"2025-01-18T12:45:15","modified_gmt":"2025-01-18T20:45:15","slug":"privacy-policy","status":"publish","type":"page","link":"https:\/\/www.pandasilk.com\/cs\/privacy-policy\/","title":{"rendered":"Z\u00e1sady ochrany osobn\u00edch \u00fadaj\u016f"},"content":{"rendered":"<p>Spole\u010dnost PandaSilk si uv\u011bdomuje d\u016fle\u017eitost ochrany va\u0161eho soukrom\u00ed a je odhodl\u00e1na zajistit bezpe\u010dnost va\u0161ich osobn\u00edch \u00fadaj\u016f. Tyto z\u00e1sady ochrany osobn\u00edch \u00fadaj\u016f popisuj\u00ed, jak shroma\u017e\u010fujeme, pou\u017e\u00edv\u00e1me a chr\u00e1n\u00edme va\u0161e \u00fadaje p\u0159i interakci s na\u0161imi webov\u00fdmi str\u00e1nkami.<\/p>\n<h3>Pou\u017e\u00edv\u00e1n\u00ed soubor\u016f cookie<\/h3>\n<p>Pro zlep\u0161en\u00ed va\u0161eho prohl\u00ed\u017een\u00ed a usnadn\u011bn\u00ed bezprobl\u00e9mov\u00e9ho nakupov\u00e1n\u00ed pou\u017e\u00edv\u00e1me na na\u0161ich webov\u00fdch str\u00e1nk\u00e1ch soubory cookie. Soubory cookie jsou mal\u00e9, \u0161ifrovan\u00e9 datov\u00e9 soubory obsahuj\u00edc\u00ed jedine\u010dn\u00e9 identifika\u010dn\u00ed informace u\u017eivatele. Tyto soubory jsou bezpe\u010dn\u011b ulo\u017eeny na na\u0161ich serverech a mohou b\u00fdt um\u00edst\u011bny na pevn\u00e9m disku va\u0161eho po\u010d\u00edta\u010de. Soubory cookie n\u00e1m pom\u00e1haj\u00ed:<\/p>\n<p>Zapamatovat si polo\u017eky v n\u00e1kupn\u00edm ko\u0161\u00edku: T\u00edm je zaji\u0161t\u011bno, \u017ee neztrat\u00edte vybran\u00e9 produkty p\u0159i proch\u00e1zen\u00ed na\u0161ich str\u00e1nek.<\/p>\n<p>Zlep\u0161it funk\u010dnost webov\u00fdch str\u00e1nek: Soubory cookie n\u00e1m pom\u00e1haj\u00ed pochopit, jak u\u017eivatel\u00e9 interaguj\u00ed s na\u0161imi str\u00e1nkami, co\u017e n\u00e1m umo\u017e\u0148uje optimalizovat a zlep\u0161ovat v\u00e1\u0161 celkov\u00fd z\u00e1\u017eitek.<\/p>\n<p>Nab\u00eddnout v\u00edce personalizovan\u00fd z\u00e1\u017eitek: Soubory cookie n\u00e1m mohou umo\u017enit p\u0159izp\u016fsobit obsah a doporu\u010den\u00ed va\u0161im konkr\u00e9tn\u00edm z\u00e1jm\u016fm.<\/p>\n<h3>Zabezpe\u010den\u00e9 nakupov\u00e1n\u00ed HTTPS<\/h3>\n<p>Klademe d\u016fraz na bezpe\u010dnost va\u0161ich citliv\u00fdch informac\u00ed. Kdy\u017e na na\u0161\u00ed str\u00e1nce pokladny zad\u00e1v\u00e1te osobn\u00ed \u00fadaje, jako jsou informace o va\u0161em \u00fa\u010dtu PayPal, e-mailov\u00e1 adresa nebo \u010d\u00edslo kreditn\u00ed karty, pou\u017e\u00edv\u00e1me technologii \u0161ifrov\u00e1n\u00ed dat Secure Socket Layer (SSL). Tato pr\u016fmyslov\u011b standardn\u00ed technologie zaji\u0161\u0165uje, \u017ee v\u0161echna data p\u0159en\u00e1\u0161en\u00e1 mezi va\u0161\u00edm prohl\u00ed\u017ee\u010dem a na\u0161\u00edm serverem jsou \u0161ifrov\u00e1na, tak\u017ee jsou ne\u010diteln\u00e1 pro neopr\u00e1vn\u011bn\u00e9 strany. Toto robustn\u00ed bezpe\u010dnostn\u00ed opat\u0159en\u00ed chr\u00e1n\u00ed va\u0161e platebn\u00ed a osobn\u00ed \u00fadaje b\u011bhem transakc\u00ed s n\u00e1mi.<\/p>\n<h3>Shroma\u017e\u010fov\u00e1n\u00ed a pou\u017e\u00edv\u00e1n\u00ed va\u0161ich osobn\u00edch \u00fadaj\u016f<\/h3>\n<p>Abychom mohli efektivn\u011b zpracov\u00e1vat va\u0161e objedn\u00e1vky, informovat v\u00e1s o relevantn\u00edch aktualizac\u00edch a neust\u00e1le zlep\u0161ovat v\u00e1\u0161 z\u00e1\u017eitek z nakupov\u00e1n\u00ed, shroma\u017e\u010fujeme od v\u00e1s ur\u010dit\u00e9 informace. M\u016f\u017ee to zahrnovat:<\/p>\n<p>E-mailov\u00e1 adresa: Pou\u017e\u00edv\u00e1 se ke komunikaci o potvrzen\u00ed objedn\u00e1vky, upozorn\u011bn\u00ed na odesl\u00e1n\u00ed a d\u016fle\u017eit\u00fdch aktualizac\u00edch o PandaSilk.<\/p>\n<p>Dodac\u00ed adresa: Vy\u017eaduje se pro doru\u010den\u00ed zakoupen\u00fdch produkt\u016f.<\/p>\n<h3>Va\u0161e soukrom\u00ed je prvo\u0159ad\u00e9<\/h3>\n<p>Uji\u0161\u0165ujeme v\u00e1s, \u017ee ve\u0161ker\u00e9 osobn\u00ed \u00fadaje, kter\u00e9 na na\u0161ich str\u00e1nk\u00e1ch uvedete, jsou pova\u017eov\u00e1ny za vysoce d\u016fv\u011brn\u00e9 a bezpe\u010dn\u00e9. Pou\u017e\u00edv\u00e1me p\u0159im\u011b\u0159en\u00e1 opat\u0159en\u00ed k ochran\u011b va\u0161ich dat p\u0159ed neopr\u00e1vn\u011bn\u00fdm p\u0159\u00edstupem, pou\u017eit\u00edm nebo zve\u0159ejn\u011bn\u00edm. Jsme odhodl\u00e1ni chr\u00e1nit va\u0161e soukrom\u00ed a budovat vztah zalo\u017een\u00fd na d\u016fv\u011b\u0159e.<\/p>\n","protected":false},"excerpt":{"rendered":"<p>Spole\u010dnost PandaSilk si uv\u011bdomuje d\u016fle\u017eitost ochrany va\u0161eho soukrom\u00ed a je odhodl\u00e1na zajistit bezpe\u010dnost va\u0161ich osobn\u00edch \u00fadaj\u016f. Tyto z\u00e1sady ochrany osobn\u00edch \u00fadaj\u016f popisuj\u00ed, jak shroma\u017e\u010fujeme, pou\u017e\u00edv\u00e1me a chr\u00e1n\u00edme va\u0161e \u00fadaje p\u0159i interakci s na\u0161imi webov\u00fdmi str\u00e1nkami. Pou\u017e\u00edv\u00e1n\u00ed soubor\u016f cookie Pro zlep\u0161en\u00ed va\u0161eho prohl\u00ed\u017een\u00ed a usnadn\u011bn\u00ed bezprobl\u00e9mov\u00e9ho nakupov\u00e1n\u00ed pou\u017e\u00edv\u00e1me na na\u0161ich webov\u00fdch str\u00e1nk\u00e1ch soubory cookie. Soubory cookie<\/p>\n","protected":false},"author":1,"featured_media":1557,"parent":0,"menu_order":39,"comment_status":"closed","ping_status":"closed","template":"","meta":{"footnotes":""},"class_list":["post-128168","page","type-page","status-publish","has-post-thumbnail","hentry","prodpage-classic"],"aioseo_notices":[],"_links":{"self":[{"href":"https:\/\/www.pandasilk.com\/cs\/wp-json\/wp\/v2\/pages\/128168","targetHints":{"allow":["GET"]}}],"collection":[{"href":"https:\/\/www.pandasilk.com\/cs\/wp-json\/wp\/v2\/pages"}],"about":[{"href":"https:\/\/www.pandasilk.com\/cs\/wp-json\/wp\/v2\/types\/page"}],"author":[{"embeddable":true,"href":"https:\/\/www.pandasilk.com\/cs\/wp-json\/wp\/v2\/users\/1"}],"replies":[{"embeddable":true,"href":"https:\/\/www.pandasilk.com\/cs\/wp-json\/wp\/v2\/comments?post=128168"}],"version-history":[{"count":0,"href":"https:\/\/www.pandasilk.com\/cs\/wp-json\/wp\/v2\/pages\/128168\/revisions"}],"wp:featuredmedia":[{"embeddable":true,"href":"https:\/\/www.pandasilk.com\/cs\/wp-json\/wp\/v2\/media\/1557"}],"wp:attachment":[{"href":"https:\/\/www.pandasilk.com\/cs\/wp-json\/wp\/v2\/media?parent=128168"}],"curies":[{"name":"wp","href":"https:\/\/api.w.org\/{rel}","templated":true}]}}