{"id":128201,"date":"2013-02-08T13:26:16","date_gmt":"2013-02-08T05:26:16","guid":{"rendered":"https:\/\/www.pandasilk.com\/contact\/"},"modified":"2025-01-18T07:38:59","modified_gmt":"2025-01-18T15:38:59","slug":"contact","status":"publish","type":"page","link":"https:\/\/www.pandasilk.com\/cs\/contact\/","title":{"rendered":"Kontaktujte n\u00e1s"},"content":{"rendered":"<p>E-mail: info@pandasilk.com<\/p>\n<p>Telefon: +1 (413) 438 7891<br \/>\nJedn\u00e1 se o virtu\u00e1ln\u00ed \u010d\u00edslo Google Voice, pouze SMS a hlasov\u00e1 schr\u00e1nka.<\/p>\n<p>Adresa kancel\u00e1\u0159e:<br \/>\nChengdu International Financial Center<br \/>\nChunxi Rd, Jinjiang Qu, Chengdu,<br \/>\nSichuan, \u010c\u00edna 610000<\/p>\n<p>Adresa tov\u00e1rny:<br \/>\nTaishan South Street, Pidu District, Chengdu,<br \/>\nSichuan, \u010c\u00edna 610000<\/p>\n<p>V\u011bt\u0161ina produkt\u016f (hedv\u00e1bn\u00e9 prost\u011bradla, hedv\u00e1bn\u00e9 povlaky na pol\u0161t\u00e1\u0159e a hedv\u00e1bn\u00e9 oble\u010den\u00ed) je vyrobena do 5 pracovn\u00edch dn\u016f. Zak\u00e1zkov\u00e1 \u010d\u00ednsk\u00e1 v\u00fd\u0161ivka Shu trv\u00e1 t\u00fddny, zak\u00e1zkov\u00e9 ru\u010dn\u011b v\u00e1zan\u00e9 hedv\u00e1bn\u00e9 koberce trvaj\u00ed m\u011bs\u00edce. V\u0161echny produkty jsou odes\u00edl\u00e1ny prost\u0159ednictv\u00edm FedEx nebo EMS (7 pracovn\u00edch dn\u016f).<\/p>\n","protected":false},"excerpt":{"rendered":"<p>E-mail: info@pandasilk.com Telefon: +1 (413) 438 7891 Jedn\u00e1 se o virtu\u00e1ln\u00ed \u010d\u00edslo Google Voice, pouze SMS a hlasov\u00e1 schr\u00e1nka. Adresa kancel\u00e1\u0159e: Chengdu International Financial Center Chunxi Rd, Jinjiang Qu, Chengdu, Sichuan, \u010c\u00edna 610000 Adresa tov\u00e1rny: Taishan South Street, Pidu District, Chengdu, Sichuan, \u010c\u00edna 610000 V\u011bt\u0161ina produkt\u016f (hedv\u00e1bn\u00e9 prost\u011bradla, hedv\u00e1bn\u00e9 povlaky na pol\u0161t\u00e1\u0159e a hedv\u00e1bn\u00e9 oble\u010den\u00ed)<\/p>\n","protected":false},"author":1,"featured_media":0,"parent":0,"menu_order":24,"comment_status":"closed","ping_status":"closed","template":"","meta":{"footnotes":""},"class_list":["post-128201","page","type-page","status-publish","hentry","prodpage-classic"],"aioseo_notices":[],"_links":{"self":[{"href":"https:\/\/www.pandasilk.com\/cs\/wp-json\/wp\/v2\/pages\/128201","targetHints":{"allow":["GET"]}}],"collection":[{"href":"https:\/\/www.pandasilk.com\/cs\/wp-json\/wp\/v2\/pages"}],"about":[{"href":"https:\/\/www.pandasilk.com\/cs\/wp-json\/wp\/v2\/types\/page"}],"author":[{"embeddable":true,"href":"https:\/\/www.pandasilk.com\/cs\/wp-json\/wp\/v2\/users\/1"}],"replies":[{"embeddable":true,"href":"https:\/\/www.pandasilk.com\/cs\/wp-json\/wp\/v2\/comments?post=128201"}],"version-history":[{"count":0,"href":"https:\/\/www.pandasilk.com\/cs\/wp-json\/wp\/v2\/pages\/128201\/revisions"}],"wp:attachment":[{"href":"https:\/\/www.pandasilk.com\/cs\/wp-json\/wp\/v2\/media?parent=128201"}],"curies":[{"name":"wp","href":"https:\/\/api.w.org\/{rel}","templated":true}]}}