{"id":140427,"date":"2017-02-10T23:13:11","date_gmt":"2017-02-11T07:13:11","guid":{"rendered":"https:\/\/www.pandasilk.com\/product\/25-momme-silk-duvet-cover\/"},"modified":"2026-04-26T20:55:58","modified_gmt":"2026-04-27T03:55:58","slug":"25-momme-silk-duvet-cover","status":"publish","type":"product","link":"https:\/\/www.pandasilk.com\/cs\/product\/25-momme-silk-duvet-cover\/","title":{"rendered":"Povlak na p\u0159ikr\u00fdvku z hedv\u00e1b\u00ed 25 momme"},"content":{"rendered":"<p>Dop\u0159ejte si bezkonkuren\u010dn\u00ed luxus s na\u0161\u00ed 25 Momme beze\u0161vou povle\u010denou soupravou z hedv\u00e1b\u00ed moru\u0161ovn\u00edku. Vyroben\u00e1 ze 100% hedv\u00e1b\u00ed moru\u0161ovn\u00edku 6A t\u0159\u00eddy v sat\u00e9nov\u00e9 \u00faprav\u011b (charmeuse), tato povle\u010den\u00e1 souprava nab\u00edz\u00ed n\u00e1dhern\u011b hladk\u00fd a dokonale pohodln\u00fd sp\u00e1nek. K dispozici v \u0159ad\u011b elegantn\u00edch barev a velikost\u00ed, prom\u011bn\u00ed va\u0161i lo\u017enici v o\u00e1zu sofistikovan\u00e9 relaxace.<\/p>\n<h3>Vlastnosti<\/h3>\n<ul>\n<li>Materi\u00e1l: Vyrobeno ze 100% \u010dist\u00e9ho, dlouh\u00e9ho vl\u00e1kna hedv\u00e1b\u00ed moru\u0161ovn\u00edku 25 Momme (t\u0159\u00edda 6A).<\/li>\n<li>L\u00e1tka: Sat\u00e9nov\u00fd (charmeuse) vzor pro hladk\u00fd, leskl\u00fd povrch.<\/li>\n<li>Po\u010det vl\u00e1ken: 800 pro zv\u00fd\u0161enou odolnost a kvalitu hedv\u00e1b\u00ed.<\/li>\n<li>Beze\u0161v\u00fd design: Zaji\u0161\u0165uje hladk\u00fd, nep\u0159eru\u0161ovan\u00fd povrch.<\/li>\n<li>Barvy: K dispozici v klasick\u00e9 \u010dern\u00e9, tmav\u011b fialov\u00e9, slonov\u00e9 kosti a b\u00edl\u00e9.<\/li>\n<li>Velikosti: Nab\u00edz\u00ed se ve velikostech Twin, Full, Queen, King a California King.<\/li>\n<li>Mezin\u00e1rodn\u00ed certifikace: Certifikov\u00e1no OEKO-TEX Standard 100, co\u017e zaru\u010duje, \u017ee l\u00e1tka neobsahuje \u0161kodliv\u00e9 l\u00e1tky.<\/li>\n<\/ul>\n<h3>V\u00fdhody a zdravotn\u00ed p\u0159\u00ednosy<\/h3>\n<ul>\n<li>Nejvy\u0161\u0161\u00ed komfort: V\u00fdjime\u010dn\u011b hladk\u00e1 a m\u011bkk\u00e1 textura 25 momme hedv\u00e1b\u00ed moru\u0161ovn\u00edku vytv\u00e1\u0159\u00ed luxusn\u00ed z\u00e1\u017eitek ze sp\u00e1nku.<\/li>\n<li>Regulace teploty: P\u0159\u00edrodn\u00ed hedv\u00e1bn\u00e1 vl\u00e1kna pom\u00e1haj\u00ed regulovat t\u011blesnou teplotu, tak\u017ee se v l\u00e9t\u011b budete c\u00edtit chladn\u011b a v zim\u011b teplo.<\/li>\n<li>Hypoalergenn\u00ed: Hedv\u00e1b\u00ed je p\u0159irozen\u011b hypoalergenn\u00ed a odoln\u00e9 proti rozto\u010d\u016fm, co\u017e z n\u011bj d\u011bl\u00e1 ide\u00e1ln\u00ed volbu pro osoby s alergiemi nebo citlivou poko\u017ekou.<\/li>\n<li>\u0160etrn\u00e9 k poko\u017ece a vlas\u016fm: Hladk\u00fd povrch sni\u017euje t\u0159en\u00ed, minimalizuje vr\u00e1sky na poko\u017ece a zamot\u00e1n\u00ed a l\u00e1m\u00e1n\u00ed vlas\u016f.<\/li>\n<li>Prody\u0161n\u00e9: Umo\u017e\u0148uje lep\u0161\u00ed cirkulaci vzduchu a podporuje klidn\u011bj\u0161\u00ed sp\u00e1nek.<\/li>\n<li>Dlouhodob\u00e1 trvanlivost: Vysok\u00e1 hmotnost (25 momme) a kvalita dlouh\u00fdch hedv\u00e1bn\u00fdch vl\u00e1ken z n\u011bj \u010din\u00ed trvanlivou a dlouhodobou investici.<\/li>\n<\/ul>\n<h3>Pokyny k \u00fadr\u017eb\u011b<\/h3>\n<ul>\n<li>Doporu\u010duje se ru\u010dn\u00ed pran\u00ed: Jemn\u011b perte ru\u010dn\u011b v chladn\u00e9 vod\u011b s jemn\u00fdm prac\u00edm prost\u0159edkem ur\u010den\u00fdm pro hedv\u00e1b\u00ed.<\/li>\n<li>Mo\u017enost pran\u00ed v pra\u010dce: Pokud perete v pra\u010dce, pou\u017eijte jemn\u00fd program, studenou vodu a s\u00ed\u0165ov\u00fd s\u00e1\u010dek na pr\u00e1dlo, abyste ochr\u00e1nili l\u00e1tku.<\/li>\n<li>Nepou\u017e\u00edvejte b\u011blidlo: Nikdy nepou\u017e\u00edvejte b\u011blidlo ani agresivn\u00ed chemik\u00e1lie, proto\u017ee by mohly po\u0161kodit hedv\u00e1bn\u00e1 vl\u00e1kna.<\/li>\n<li>Su\u0161te vodorovn\u011b: Povle\u010den\u00ed polo\u017ete rovn\u011b k su\u0161en\u00ed, vyhn\u011bte se p\u0159\u00edm\u00e9mu slune\u010dn\u00edmu z\u00e1\u0159en\u00ed a teplu.<\/li>\n<li>Nesu\u0161te v su\u0161i\u010dce: Su\u0161en\u00ed v su\u0161i\u010dce m\u016f\u017ee po\u0161kodit hedv\u00e1b\u00ed.<\/li>\n<li>\u017dehlen\u00ed: V p\u0159\u00edpad\u011b pot\u0159eby \u017eehlete na n\u00edzk\u00e9m stupni s had\u0159\u00edkem mezi \u017eehli\u010dkou a hedv\u00e1b\u00edm.<\/li>\n<li>Skladov\u00e1n\u00ed: Skladujte na chladn\u00e9m, such\u00e9m m\u00edst\u011b mimo p\u0159\u00edm\u00e9 slune\u010dn\u00ed z\u00e1\u0159en\u00ed, abyste si zachovali jeho kvalitu a barvu.<\/li>\n<\/ul>\n","protected":false},"excerpt":{"rendered":"<p>100% hedv\u00e1b\u00ed moru\u0161ovn\u00edk, kvalita 6A, sat\u00e9n. Materi\u00e1l: hedv\u00e1bn\u00e1 tkanina 25 momme, 100% hedv\u00e1b\u00ed moru\u0161ovn\u00edk. Barva: \u010dern\u00e1, tmav\u011b fialov\u00e1, slonov\u00e1 kost, b\u00edl\u00e1. Velikost: twin, full, queen, king, california king.<\/p>\n","protected":false},"featured_media":48905,"comment_status":"open","ping_status":"closed","template":"","meta":[],"product_brand":[],"product_cat":[37986],"product_tag":[],"class_list":{"0":"post-140427","1":"product","2":"type-product","3":"status-publish","4":"has-post-thumbnail","6":"product_cat-silk-bedding-cs","7":"tm-no-options","9":"first","10":"instock","11":"shipping-taxable","12":"product-type-external","13":"prodpage-classic"},"aioseo_notices":[],"_links":{"self":[{"href":"https:\/\/www.pandasilk.com\/cs\/wp-json\/wp\/v2\/product\/140427","targetHints":{"allow":["GET"]}}],"collection":[{"href":"https:\/\/www.pandasilk.com\/cs\/wp-json\/wp\/v2\/product"}],"about":[{"href":"https:\/\/www.pandasilk.com\/cs\/wp-json\/wp\/v2\/types\/product"}],"replies":[{"embeddable":true,"href":"https:\/\/www.pandasilk.com\/cs\/wp-json\/wp\/v2\/comments?post=140427"}],"wp:featuredmedia":[{"embeddable":true,"href":"https:\/\/www.pandasilk.com\/cs\/wp-json\/wp\/v2\/media\/48905"}],"wp:attachment":[{"href":"https:\/\/www.pandasilk.com\/cs\/wp-json\/wp\/v2\/media?parent=140427"}],"wp:term":[{"taxonomy":"product_brand","embeddable":true,"href":"https:\/\/www.pandasilk.com\/cs\/wp-json\/wp\/v2\/product_brand?post=140427"},{"taxonomy":"product_cat","embeddable":true,"href":"https:\/\/www.pandasilk.com\/cs\/wp-json\/wp\/v2\/product_cat?post=140427"},{"taxonomy":"product_tag","embeddable":true,"href":"https:\/\/www.pandasilk.com\/cs\/wp-json\/wp\/v2\/product_tag?post=140427"}],"curies":[{"name":"wp","href":"https:\/\/api.w.org\/{rel}","templated":true}]}}