{"id":145278,"date":"2017-02-10T22:37:42","date_gmt":"2017-02-11T06:37:42","guid":{"rendered":"https:\/\/www.pandasilk.com\/product\/25-momme-silk-oxford-pillowcase\/"},"modified":"2025-03-06T10:16:33","modified_gmt":"2025-03-06T18:16:33","slug":"25-momme-silk-oxford-pillowcase","status":"publish","type":"product","link":"https:\/\/www.pandasilk.com\/cs\/product\/25-momme-silk-oxford-pillowcase\/","title":{"rendered":"Hedv\u00e1bn\u00fd povlak na pol\u0161t\u00e1\u0159 Oxford s 25 momme"},"content":{"rendered":"<p>Dop\u0159ejte si luxusn\u00ed pohodl\u00ed na\u0161eho povlak\u016f na pol\u0161t\u00e1\u0159 z hedv\u00e1b\u00ed Oxford 25 Momme. Vyrobeno z hedv\u00e1b\u00ed z moru\u0161ovn\u00edk\u016f nejvy\u0161\u0161\u00ed kvality, tento povlak na pol\u0161t\u00e1\u0159 je neuv\u011b\u0159iteln\u011b m\u011bkk\u00fd, hladk\u00fd a \u0161etrn\u00fd k va\u0161\u00ed poko\u017ece a vlas\u016fm. Za\u017eijte rozd\u00edl, kter\u00fd m\u016f\u017ee povlak na pol\u0161t\u00e1\u0159 z hedv\u00e1b\u00ed ud\u011blat pro v\u00e1\u0161 sp\u00e1nek a kosmetickou rutinu.<\/p>\n<h3>Vlastnosti<\/h3>\n<ul>\n<li><strong>Materi\u00e1l:<\/strong> 100% \u010dist\u00e9 hedv\u00e1b\u00ed z moru\u0161ovn\u00edk\u016f 25 Momme<\/li>\n<li><strong>Vazba:<\/strong> Oxford styl, poskytuje klasick\u00fd u\u0161it\u00fd vzhled se 2palcov\u00fdm lemem<\/li>\n<li><strong>Zap\u00edn\u00e1n\u00ed:<\/strong> Skryt\u00e9 zip, dr\u017e\u00ed v\u00e1\u0161 pol\u0161t\u00e1\u0159 bezpe\u010dn\u011b na m\u00edst\u011b<\/li>\n<li><strong>Po\u010det Momme:<\/strong> Vysok\u00e1 hmotnost 25 momme pro vynikaj\u00edc\u00ed odolnost a kvalitu hedv\u00e1b\u00ed<\/li>\n<li><strong>Mo\u017enosti velikost\u00ed:<\/strong> K dispozici ve standardn\u00edch velikostech, queen a king, aby vyhovovaly va\u0161im pot\u0159eb\u00e1m lo\u017en\u00edho pr\u00e1dla<\/li>\n<li><strong>Barevn\u00e1 varianta:<\/strong> Nab\u00edz\u00ed se v \u0159ad\u011b elegantn\u00edch a uklid\u0148uj\u00edc\u00edch barev, kter\u00e9 dopln\u00ed v\u00fdzdobu va\u0161\u00ed lo\u017enice<\/li>\n<li><strong>Hypoalergenn\u00ed:<\/strong> P\u0159irozen\u011b odoln\u00e9 proti rozto\u010d\u016fm a alergen\u016fm<\/li>\n<\/ul>\n<h3>V\u00fdhody a zdravotn\u00ed p\u0159\u00ednosy<\/h3>\n<ul>\n<li><strong>Sn\u00ed\u017een\u00ed vr\u00e1sek a jemn\u00fdch linek:<\/strong> Hladk\u00fd povrch hedv\u00e1b\u00ed sni\u017euje t\u0159en\u00ed, \u010d\u00edm\u017e minimalizuje tvorbu sp\u00e1nkov\u00fdch vr\u00e1sek a vr\u00e1sek v pr\u016fb\u011bhu \u010dasu.<\/li>\n<li><strong>Zdrav\u011bj\u0161\u00ed vlasy:<\/strong> Hladk\u00e1 struktura hedv\u00e1b\u00ed sni\u017euje t\u0159en\u00ed, zabra\u0148uje l\u00e1m\u00e1n\u00ed vlas\u016f, zamot\u00e1v\u00e1n\u00ed a krepat\u011bn\u00ed, co\u017e vede k lesklej\u0161\u00edm, zdrav\u011bji vypadaj\u00edc\u00edm vlas\u016fm.<\/li>\n<li><strong>Hydratovan\u00e1 ple\u0165:<\/strong> Na rozd\u00edl od bavlny hedv\u00e1b\u00ed neabsorbuje vlhkost, pom\u00e1h\u00e1 va\u0161\u00ed poko\u017ece udr\u017eet si p\u0159irozenou hydrataci a v\u00fdhody produkt\u016f p\u00e9\u010de o ple\u0165.<\/li>\n<li><strong>Regulace teploty:<\/strong> Hedv\u00e1b\u00ed je p\u0159irozen\u011b prody\u0161n\u00e9 a reguluje teplotu, udr\u017euje v\u00e1s v l\u00e9t\u011b v chladu a v zim\u011b v teple pro pohodln\u00fd no\u010dn\u00ed sp\u00e1nek.<\/li>\n<li><strong>Ide\u00e1ln\u00ed pro citlivou ple\u0165:<\/strong> Jemn\u00e9 a nedr\u00e1\u017ediv\u00e9, hedv\u00e1b\u00ed je vhodn\u00e9 i pro nejcitliv\u011bj\u0161\u00ed typy pleti, v\u010detn\u011b t\u011bch s alergiemi nebo ekz\u00e9my.<\/li>\n<li><strong>Zlep\u0161en\u00e1 kvalita sp\u00e1nku:<\/strong> Luxusn\u00ed m\u011bkkost a pohodl\u00ed podporuj\u00ed hlub\u0161\u00ed a klidn\u011bj\u0161\u00ed sp\u00e1nek.<\/li>\n<\/ul>\n<h3>Pokyny pro p\u00e9\u010di<\/h3>\n<ul>\n<li><strong>Ru\u010dn\u00ed pran\u00ed:<\/strong> Jemn\u011b perte v ruce v chladn\u00e9 vod\u011b s jemn\u00fdm prac\u00edm prost\u0159edkem speci\u00e1ln\u011b ur\u010den\u00fdm pro hedv\u00e1b\u00ed.<\/li>\n<li><strong>Pran\u00ed v pra\u010dce:<\/strong> Pokud perete v pra\u010dce, vlo\u017ete povlak na pol\u0161t\u00e1\u0159 do s\u00ed\u0165ov\u00e9ho s\u00e1\u010dku na pr\u00e1dlo a pou\u017eijte jemn\u00fd cyklus se studenou vodou.<\/li>\n<li><strong>Prac\u00ed prost\u0159edek:<\/strong> Pou\u017e\u00edvejte jemn\u00fd, pH neutr\u00e1ln\u00ed prac\u00ed prost\u0159edek ur\u010den\u00fd pro hedv\u00e1b\u00ed. Vyvarujte se pou\u017e\u00edv\u00e1n\u00ed b\u011blidla nebo aviv\u00e1\u017ee.<\/li>\n<li><strong>Su\u0161en\u00ed:<\/strong> Su\u0161te voln\u011b na vzduchu, mimo p\u0159\u00edm\u00e9 slune\u010dn\u00ed sv\u011btlo. Nesu\u0161te v su\u0161i\u010dce.<\/li>\n<li><strong>\u017dehlen\u00ed:<\/strong> V p\u0159\u00edpad\u011b pot\u0159eby \u017eehlete na nejni\u017e\u0161\u00edm stupni, zat\u00edmco l\u00e1tka je je\u0161t\u011b m\u00edrn\u011b vlhk\u00e1.<\/li>\n<li><strong>Vyhn\u011bte se p\u0159\u00edm\u00e9mu slune\u010dn\u00edmu sv\u011btlu:<\/strong> Dlouhodob\u00e9 vystaven\u00ed p\u0159\u00edm\u00e9mu slune\u010dn\u00edmu sv\u011btlu m\u016f\u017ee vyblednout barvu hedv\u00e1b\u00ed.<\/li>\n<li><strong>Skladov\u00e1n\u00ed:<\/strong> Skladujte na chladn\u00e9m a such\u00e9m m\u00edst\u011b, mimo ostr\u00e9 p\u0159edm\u011bty, kter\u00e9 by mohly zachytit l\u00e1tku.<\/li>\n<\/ul>\n","protected":false},"excerpt":{"rendered":"<p>Dop\u0159ejte si luxusn\u00ed sp\u00e1nek s na\u0161\u00edm hedv\u00e1bn\u00fdm povlakem na pol\u0161t\u00e1\u0159 z 25 Momme Oxford. Vyrobeno ze 100% hedv\u00e1b\u00ed z moru\u0161e 6A t\u0159\u00eddy charmeuse, tento ivory povlak na pol\u0161t\u00e1\u0159 nab\u00edz\u00ed bezkonkuren\u010dn\u00ed m\u011bkkost a pohodl\u00ed. S rafinovan\u00fdm lemem Oxford a uzav\u00edr\u00e1n\u00edm do ob\u00e1lky, je k dispozici ve velikostech standard, queen, king a euro. Certifikov\u00e1no OEKO-TEX Standard 100, je to perfektn\u00ed spojen\u00ed elegance a pohody. Nad\u010dasov\u00fd a promy\u0161len\u00fd d\u00e1rek, zejm\u00e9na k v\u00fdro\u010d\u00ed svatby.<\/p>\n<p><a class=\"btn-element btn-element-2 btn btn-default btn-icon--before btn--rounded\" href=\"https:\/\/www.pandasilk.com\/product\/25-momme-silk-bedding-set\/\">25 Momme Silk Bedding<\/a><\/p>\n","protected":false},"featured_media":84304,"comment_status":"open","ping_status":"closed","template":"","meta":[],"product_brand":[],"product_cat":[38184],"product_tag":[],"class_list":{"0":"post-145278","1":"product","2":"type-product","3":"status-publish","4":"has-post-thumbnail","6":"product_cat-pillows-cs","7":"tm-no-options","9":"first","10":"instock","11":"shipping-taxable","12":"product-type-external","13":"prodpage-classic"},"aioseo_notices":[],"_links":{"self":[{"href":"https:\/\/www.pandasilk.com\/cs\/wp-json\/wp\/v2\/product\/145278","targetHints":{"allow":["GET"]}}],"collection":[{"href":"https:\/\/www.pandasilk.com\/cs\/wp-json\/wp\/v2\/product"}],"about":[{"href":"https:\/\/www.pandasilk.com\/cs\/wp-json\/wp\/v2\/types\/product"}],"replies":[{"embeddable":true,"href":"https:\/\/www.pandasilk.com\/cs\/wp-json\/wp\/v2\/comments?post=145278"}],"wp:featuredmedia":[{"embeddable":true,"href":"https:\/\/www.pandasilk.com\/cs\/wp-json\/wp\/v2\/media\/84304"}],"wp:attachment":[{"href":"https:\/\/www.pandasilk.com\/cs\/wp-json\/wp\/v2\/media?parent=145278"}],"wp:term":[{"taxonomy":"product_brand","embeddable":true,"href":"https:\/\/www.pandasilk.com\/cs\/wp-json\/wp\/v2\/product_brand?post=145278"},{"taxonomy":"product_cat","embeddable":true,"href":"https:\/\/www.pandasilk.com\/cs\/wp-json\/wp\/v2\/product_cat?post=145278"},{"taxonomy":"product_tag","embeddable":true,"href":"https:\/\/www.pandasilk.com\/cs\/wp-json\/wp\/v2\/product_tag?post=145278"}],"curies":[{"name":"wp","href":"https:\/\/api.w.org\/{rel}","templated":true}]}}