{"id":145660,"date":"2022-09-10T11:51:03","date_gmt":"2022-09-10T18:51:03","guid":{"rendered":"https:\/\/www.pandasilk.com\/product\/womens-silk-long-sleeve-v-neck-pullover-casual-tops\/"},"modified":"2025-03-06T10:16:33","modified_gmt":"2025-03-06T18:16:33","slug":"womens-silk-tie-waist-blouse","status":"publish","type":"product","link":"https:\/\/www.pandasilk.com\/cs\/product\/womens-silk-tie-waist-blouse\/","title":{"rendered":"D\u00e1msk\u00e1 hedv\u00e1bn\u00e1 halenka s dlouh\u00fdm ruk\u00e1vem a v\u00e1z\u00e1n\u00edm v pase"},"content":{"rendered":"<p>Dop\u0159ejte si bezprobl\u00e9movou eleganci s na\u0161\u00ed hedv\u00e1bnou halenkou pro \u017eeny s dlouh\u00fdmi ruk\u00e1vy a v\u00e1z\u00e1n\u00edm v pase. Tato halenka, vyroben\u00e1 z luxusn\u00edho, lehk\u00e9ho hedv\u00e1b\u00ed, se kr\u00e1sn\u011b drapuje a nab\u00edz\u00ed sofistikovanou siluetu. Lichotiv\u00fd detail v\u00e1z\u00e1n\u00ed v pase umo\u017e\u0148uje p\u0159izp\u016fsobit st\u0159ih, d\u00edky \u010demu\u017e je perfektn\u00ed jak pro neform\u00e1ln\u00ed, tak i pro slavnostn\u011bj\u0161\u00ed p\u0159\u00edle\u017eitosti.<\/p>\n<h3>Vlastnosti<\/h3>\n<ul>\n<li><strong>Luxusn\u00ed hedv\u00e1bn\u00e1 l\u00e1tka:<\/strong> Vyrobena ze 100% vysoce kvalitn\u00edho hedv\u00e1b\u00ed, kter\u00e9 poskytuje m\u011bkk\u00fd, hladk\u00fd pocit na k\u016f\u017ei a kr\u00e1sn\u00fd lesk.<\/li>\n<li><strong>Dlouh\u00e9 ruk\u00e1vy:<\/strong> Nab\u00edz\u00ed v\u0161estrannost pro celoro\u010dn\u00ed no\u0161en\u00ed, s knofl\u00edkov\u00fdmi man\u017eetami pro nastaviteln\u00fd styl.<\/li>\n<li><strong>Lichotiv\u00e9 v\u00e1z\u00e1n\u00ed v pase:<\/strong> Vytv\u00e1\u0159\u00ed definovan\u00fd pas a umo\u017e\u0148uje p\u0159izp\u016fsobit st\u0159ih pro pohodln\u00fd a stylov\u00fd vzhled.<\/li>\n<li><strong>V\u0161estrann\u00fd design:<\/strong> Snadno se p\u0159izp\u016fsob\u00ed od dne do noci, dob\u0159e se kombinuje s d\u017e\u00ednami, kalhotami, sukn\u011bmi a dal\u0161\u00edm.<\/li>\n<li><strong>Elegantn\u00ed silueta:<\/strong> Plynul\u00fd design a jemn\u00fd lesk hedv\u00e1b\u00ed vytv\u00e1\u0159ej\u00ed sofistikovan\u00fd a \u017eensk\u00fd vzhled.<\/li>\n<li><strong>Zap\u00edn\u00e1n\u00ed vp\u0159edu na knofl\u00edky:<\/strong> Dod\u00e1v\u00e1 klasick\u00fd n\u00e1dech a umo\u017e\u0148uje r\u016fzn\u00e9 stylov\u00e9 mo\u017enosti.<\/li>\n<\/ul>\n<h3>Pokyny k \u00fadr\u017eb\u011b<\/h3>\n<ul>\n<li><strong>Doporu\u010duje se chemick\u00e9 \u010di\u0161t\u011bn\u00ed:<\/strong> Pro zachov\u00e1n\u00ed jemn\u00e9 povahy a lesku hedv\u00e1b\u00ed se d\u016frazn\u011b doporu\u010duje profesion\u00e1ln\u00ed chemick\u00e9 \u010di\u0161t\u011bn\u00ed.<\/li>\n<li><strong>Mo\u017enost ru\u010dn\u00edho pran\u00ed:<\/strong> Pokud perete ru\u010dn\u011b, pou\u017eijte studenou vodu a jemn\u00fd prac\u00ed prost\u0159edek speci\u00e1ln\u011b ur\u010den\u00fd pro hedv\u00e1b\u00ed. Jemn\u011b prom\u00edchejte a vyhn\u011bte se kroucen\u00ed nebo \u017ed\u00edm\u00e1n\u00ed l\u00e1tky.<\/li>\n<li><strong>Su\u0161te voln\u011b polo\u017een\u00e9:<\/strong> Nesu\u0161te v su\u0161i\u010dce. Halenu polo\u017ete na rovn\u00fd povrch na \u010dist\u00fd ru\u010dn\u00edk nebo su\u0161\u00e1k, mimo p\u0159\u00edm\u00e9 slune\u010dn\u00ed sv\u011btlo nebo teplo, abyste si zachovali jej\u00ed tvar a p\u0159ede\u0161li po\u0161kozen\u00ed.<\/li>\n<li><strong>\u017dehlen\u00ed:<\/strong> V p\u0159\u00edpad\u011b pot\u0159eby \u017eehlete na nejni\u017e\u0161\u00edm stupni, zat\u00edmco halenka je je\u0161t\u011b m\u00edrn\u011b vlhk\u00e1, a nejl\u00e9pe s ochrannou l\u00e1tkou mezi \u017eehli\u010dkou a hedv\u00e1b\u00edm.<\/li>\n<li><strong>Vyvarujte se b\u011blidla:<\/strong> Nepou\u017e\u00edvejte chlorov\u00e9 b\u011blidlo ani drsn\u00e9 chemik\u00e1lie.<\/li>\n<\/ul>\n","protected":false},"excerpt":{"rendered":"<p>Pov\u00fd\u0161te svou ka\u017edodenn\u00ed cestu do pr\u00e1ce s na\u0161\u00ed elegantn\u00ed hedv\u00e1bnou halenkou s p\u00e1skem, kter\u00e1 ze\u0161t\u00edhluje postavu. Halenka je u\u0161ita z luxusn\u00edho, lehk\u00e9ho hedv\u00e1b\u00ed a nab\u00edz\u00ed sofistikovan\u00fd a uhlazen\u00fd vzhled, p\u0159i\u010dem\u017e zaji\u0161\u0165uje pohodl\u00ed po cel\u00fd den. Nastaviteln\u00fd p\u00e1sek v pase vytv\u00e1\u0159\u00ed lichotivou, elegantn\u00ed siluetu, d\u00edky \u010demu\u017e je ide\u00e1ln\u00edm kouskem pro snadn\u00fd p\u0159echod z pr\u00e1ce na ve\u010dern\u00ed akce.<\/p>\n<p><a class=\"btn-element btn-element-2 btn btn-default btn-icon--before btn--rounded\" href=\"https:\/\/www.pandasilk.com\/product\/womens-silk-tie-waist-blouse\/\">Silk Tie Waist Blouse<\/a><\/p>\n","protected":false},"featured_media":141118,"comment_status":"open","ping_status":"closed","template":"","meta":[],"product_brand":[],"product_cat":[38118,38051],"product_tag":[],"class_list":{"0":"post-145660","1":"product","2":"type-product","3":"status-publish","4":"has-post-thumbnail","6":"product_cat-women-cs","7":"product_cat-silk-clothing-cs","8":"tm-has-styled-variations","9":"tm-variations-only","11":"first","12":"instock","13":"featured","14":"shipping-taxable","15":"product-type-external","16":"prodpage-classic"},"aioseo_notices":[],"_links":{"self":[{"href":"https:\/\/www.pandasilk.com\/cs\/wp-json\/wp\/v2\/product\/145660","targetHints":{"allow":["GET"]}}],"collection":[{"href":"https:\/\/www.pandasilk.com\/cs\/wp-json\/wp\/v2\/product"}],"about":[{"href":"https:\/\/www.pandasilk.com\/cs\/wp-json\/wp\/v2\/types\/product"}],"replies":[{"embeddable":true,"href":"https:\/\/www.pandasilk.com\/cs\/wp-json\/wp\/v2\/comments?post=145660"}],"wp:featuredmedia":[{"embeddable":true,"href":"https:\/\/www.pandasilk.com\/cs\/wp-json\/wp\/v2\/media\/141118"}],"wp:attachment":[{"href":"https:\/\/www.pandasilk.com\/cs\/wp-json\/wp\/v2\/media?parent=145660"}],"wp:term":[{"taxonomy":"product_brand","embeddable":true,"href":"https:\/\/www.pandasilk.com\/cs\/wp-json\/wp\/v2\/product_brand?post=145660"},{"taxonomy":"product_cat","embeddable":true,"href":"https:\/\/www.pandasilk.com\/cs\/wp-json\/wp\/v2\/product_cat?post=145660"},{"taxonomy":"product_tag","embeddable":true,"href":"https:\/\/www.pandasilk.com\/cs\/wp-json\/wp\/v2\/product_tag?post=145660"}],"curies":[{"name":"wp","href":"https:\/\/api.w.org\/{rel}","templated":true}]}}