{"id":145911,"date":"2020-01-09T00:06:42","date_gmt":"2020-01-09T08:06:42","guid":{"rendered":"https:\/\/www.pandasilk.com\/product\/silk-travel-bag\/"},"modified":"2025-03-06T10:16:33","modified_gmt":"2025-03-06T18:16:33","slug":"silk-travel-bag","status":"publish","type":"product","link":"https:\/\/www.pandasilk.com\/cs\/product\/silk-travel-bag\/","title":{"rendered":"Cestovn\u00ed sada Silk Frequent Flyer Silk"},"content":{"rendered":"<p>Z\u00fat\u011b\u017ete si z\u00e1\u017eitek z cestov\u00e1n\u00ed s na\u0161\u00ed cestovn\u00ed sadou Silk Frequent Flyer. Tato sada, navr\u017een\u00e1 pro n\u00e1ro\u010dn\u00e9 cestovatele, kte\u0159\u00ed si cen\u00ed pohodl\u00ed a kvality, poskytuje ten nejluxusn\u011bj\u0161\u00ed sp\u00e1nek, a\u0165 u\u017e jste v letadle, vlaku nebo v hotelu. Ka\u017ed\u00fd kus je vyroben z nejkvalitn\u011bj\u0161\u00ed \u010dist\u00e9 hedv\u00e1b\u00ed, zn\u00e1m\u00e9ho pro svou hebkost, prody\u0161nost a p\u0159irozen\u00e9 termoregula\u010dn\u00ed vlastnosti.<\/p>\n<p>Sada obsahuje cestovn\u00ed pol\u0161t\u00e1\u0159 perfektn\u00ed velikosti, kter\u00fd poskytuje optim\u00e1ln\u00ed podporu krku a p\u0159izp\u016fsob\u00ed se va\u0161emu t\u011blu pro personalizovan\u00e9 pohodl\u00ed. P\u0159ilo\u017een\u00fd hedv\u00e1bn\u00fd povlak na pol\u0161t\u00e1\u0159 pom\u00e1h\u00e1 minimalizovat vr\u00e1sky ve sp\u00e1nku a sni\u017euje t\u0159en\u00ed vlas\u016f, \u010d\u00edm\u017e zabra\u0148uje jejich l\u00e1m\u00e1n\u00ed a zanech\u00e1v\u00e1 vlasy hlad\u0161\u00ed a zdrav\u011bji vypadaj\u00edc\u00ed. Dopl\u0148te si sv\u00e9 \u00fato\u010di\u0161t\u011b pro sp\u00e1nek hedv\u00e1bn\u011b m\u011bkkou maskou na span\u00ed, kter\u00e1 je navr\u017eena tak, aby blokovala sv\u011btlo a podporovala hlubok\u00fd a klidn\u00fd sp\u00e1nek.<\/p>\n<p>V\u0161echny t\u0159i nezbytnosti jsou kr\u00e1sn\u011b zabaleny do koordina\u010dn\u00edho hedv\u00e1bn\u00e9ho s\u00e1\u010dku se stahovac\u00ed \u0161\u0148\u016frkou, d\u00edky \u010demu\u017e je snadn\u00e9 udr\u017eet sadu pohromad\u011b a chr\u00e1n\u011bnou b\u011bhem cestov\u00e1n\u00ed. Tato sada nen\u00ed jen luxusn\u00edm d\u00e1rkem pro v\u00e1s, ale je tak\u00e9 ohledupln\u00fdm a elegantn\u00edm d\u00e1rkem pro \u010dast\u00e9ho cestovatele ve va\u0161em \u017eivot\u011b. Probu\u010fte se sv\u011b\u017e\u00ed, pln\u00ed energie a p\u0159ipraveni dob\u00fdt den, a\u0165 u\u017e jste kdekoli na sv\u011bt\u011b.<\/p>\n<h3>Ide\u00e1ln\u00ed pro<\/h3>\n<ul>\n<li>\u010cast\u00e9 cestovatele<\/li>\n<li>Ty, kte\u0159\u00ed si cen\u00ed luxusu a pohodl\u00ed<\/li>\n<li>Ka\u017ed\u00e9ho, kdo m\u00e1 pot\u00ed\u017ee s us\u00edn\u00e1n\u00edm b\u011bhem cestov\u00e1n\u00ed<\/li>\n<li>Ty, kte\u0159\u00ed maj\u00ed citlivou poko\u017eku a alergie<\/li>\n<li>Ide\u00e1ln\u00ed d\u00e1rek pro nad\u0161ence cestov\u00e1n\u00ed<\/li>\n<\/ul>\n<h3>Vlastnosti<\/h3>\n<ul>\n<li><strong>100% \u010dist\u00e9 hedv\u00e1b\u00ed:<\/strong> Vyrobeno z nejkvalitn\u011bj\u0161\u00edho hedv\u00e1b\u00ed pro maxim\u00e1ln\u00ed m\u011bkkost a pohodl\u00ed.<\/li>\n<li><strong>Cestovn\u00ed pol\u0161t\u00e1\u0159:<\/strong> Poskytuje optim\u00e1ln\u00ed podporu krku pro klidn\u00fd sp\u00e1nek na cest\u00e1ch.<\/li>\n<li><strong>Hedv\u00e1bn\u00fd povlak na pol\u0161t\u00e1\u0159:<\/strong> Sni\u017euje t\u0159en\u00ed, zabra\u0148uje vr\u00e1sk\u00e1m ve sp\u00e1nku a podporuje zdrav\u011bj\u0161\u00ed vlasy.<\/li>\n<li><strong>Hedv\u00e1bn\u00e1 maska na span\u00ed:<\/strong> Blokuje sv\u011btlo pro hlub\u0161\u00ed a klidn\u011bj\u0161\u00ed sp\u00e1nek.<\/li>\n<li><strong>S\u00e1\u010dek se stahovac\u00ed \u0161\u0148\u016frkou:<\/strong> Udr\u017euje sadu uspo\u0159\u00e1danou a chr\u00e1n\u011bnou b\u011bhem cestov\u00e1n\u00ed.<\/li>\n<li><strong>Termoregulace:<\/strong> P\u0159irozen\u011b reguluje teplotu pro pohodln\u00fd sp\u00e1nek v jak\u00e9mkoli klimatu.<\/li>\n<li><strong>Hypoalergenn\u00ed:<\/strong> \u0160etrn\u00e9 k citliv\u00e9 poko\u017ece.<\/li>\n<\/ul>\n<h3>Pokyny k \u00fadr\u017eb\u011b<\/h3>\n<ul>\n<li>Chemick\u00e9 \u010di\u0161t\u011bn\u00ed nebo jemn\u00e9 ru\u010dn\u00ed pran\u00ed v chladn\u00e9 vod\u011b s jemn\u00fdm prac\u00edm prost\u0159edkem.<\/li>\n<li>Su\u0161te vodorovn\u011b, mimo p\u0159\u00edm\u00e9 slune\u010dn\u00ed sv\u011btlo.<\/li>\n<li>Neperte v b\u011blic\u00edm prost\u0159edku.<\/li>\n<\/ul>\n","protected":false},"excerpt":{"rendered":"<p>Za\u017eijte bezkonkuren\u010dn\u00ed luxus a pohodl\u00ed na cest\u00e1ch s na\u0161\u00ed hedv\u00e1bnou cestovn\u00ed sadou Frequent Flyer. Tato sada obsahuje cestovn\u00ed pol\u0161t\u00e1\u0159, povlak na pol\u0161t\u00e1\u0159 a masku na span\u00ed, v\u0161e vyrobeno z nejkvalitn\u011bj\u0161\u00edho hedv\u00e1b\u00ed, zabaleno v praktick\u00e9m s\u00e1\u010dku se stahovac\u00ed \u0161\u0148\u016frkou. Zaru\u010dte si klidn\u00fd a regenera\u010dn\u00ed sp\u00e1nek, a\u0165 u\u017e v\u00e1s va\u0161e cesta zavede kamkoli. Barva: 1. Zelen\u00e1 2. \u010cern\u00e1 3. Tmav\u011b modr\u00e1 4. St\u0159\u00edbrn\u011b \u0161ed\u00e1 5. \u0160ampa\u0148sk\u00e1 6. R\u016f\u017eov\u00e1<\/p>\n<p><a class=\"btn-element btn-element-2 btn btn-default btn-icon--before btn--rounded\" href=\"https:\/\/www.pandasilk.com\/product\/silk-travel-bag\/\">Silk Travel Set<\/a><\/p>\n","protected":false},"featured_media":84055,"comment_status":"open","ping_status":"closed","template":"","meta":[],"product_brand":[],"product_cat":[37951],"product_tag":[],"class_list":{"0":"post-145911","1":"product","2":"type-product","3":"status-publish","4":"has-post-thumbnail","6":"product_cat-accessories-cs","7":"tm-has-styled-variations","8":"tm-variations-only","10":"first","11":"instock","12":"shipping-taxable","13":"product-type-external","14":"prodpage-classic"},"aioseo_notices":[],"_links":{"self":[{"href":"https:\/\/www.pandasilk.com\/cs\/wp-json\/wp\/v2\/product\/145911","targetHints":{"allow":["GET"]}}],"collection":[{"href":"https:\/\/www.pandasilk.com\/cs\/wp-json\/wp\/v2\/product"}],"about":[{"href":"https:\/\/www.pandasilk.com\/cs\/wp-json\/wp\/v2\/types\/product"}],"replies":[{"embeddable":true,"href":"https:\/\/www.pandasilk.com\/cs\/wp-json\/wp\/v2\/comments?post=145911"}],"wp:featuredmedia":[{"embeddable":true,"href":"https:\/\/www.pandasilk.com\/cs\/wp-json\/wp\/v2\/media\/84055"}],"wp:attachment":[{"href":"https:\/\/www.pandasilk.com\/cs\/wp-json\/wp\/v2\/media?parent=145911"}],"wp:term":[{"taxonomy":"product_brand","embeddable":true,"href":"https:\/\/www.pandasilk.com\/cs\/wp-json\/wp\/v2\/product_brand?post=145911"},{"taxonomy":"product_cat","embeddable":true,"href":"https:\/\/www.pandasilk.com\/cs\/wp-json\/wp\/v2\/product_cat?post=145911"},{"taxonomy":"product_tag","embeddable":true,"href":"https:\/\/www.pandasilk.com\/cs\/wp-json\/wp\/v2\/product_tag?post=145911"}],"curies":[{"name":"wp","href":"https:\/\/api.w.org\/{rel}","templated":true}]}}