{"id":145953,"date":"2017-08-21T17:27:06","date_gmt":"2017-08-22T00:27:06","guid":{"rendered":"https:\/\/www.pandasilk.com\/product\/silk-sleep-cap\/"},"modified":"2025-03-06T09:21:05","modified_gmt":"2025-03-06T17:21:05","slug":"silk-sleep-cap","status":"publish","type":"product","link":"https:\/\/www.pandasilk.com\/cs\/product\/silk-sleep-cap\/","title":{"rendered":"Hedv\u00e1bn\u00e1 no\u010dn\u00ed \u010depice"},"content":{"rendered":"<p>Probu\u010fte se s hlad\u0161\u00edmi, lesklej\u0161\u00edmi a zdrav\u011bj\u0161\u00edmi vlasy s na\u0161\u00ed dvojitou hedv\u00e1bnou \u010depic\u00ed na span\u00ed. Vyrobena z nejjemn\u011bj\u0161\u00ed 100% hedv\u00e1b\u00ed, tato \u010depice na span\u00ed nab\u00edz\u00ed bezkonkuren\u010dn\u00ed ochranu va\u0161ich jemn\u00fdch vlas\u016f. Hladk\u00e1 hedv\u00e1bn\u00e1 l\u00e1tka minimalizuje t\u0159en\u00ed mezi vlasy a pol\u0161t\u00e1\u0159em, \u010d\u00edm\u017e sni\u017euje krepat\u011bn\u00ed, l\u00e1m\u00e1n\u00ed a zamot\u00e1v\u00e1n\u00ed. Dvojvrstv\u00fd design poskytuje extra ochranu a odolnost, zat\u00edmco prody\u0161n\u00e9 hedv\u00e1b\u00ed pom\u00e1h\u00e1 regulovat teplotu a udr\u017euje v\u00e1s v chladu a pohodl\u00ed po celou noc.<\/p>\n<p>Tato \u010depice je obzvl\u00e1\u0161t\u011b prosp\u011b\u0161n\u00e1 pro \u017eeny, kter\u00e9 trp\u00ed vypad\u00e1v\u00e1n\u00edm vlas\u016f, proto\u017ee pom\u00e1h\u00e1 p\u0159edch\u00e1zet dal\u0161\u00edmu l\u00e1m\u00e1n\u00ed a chr\u00e1n\u00ed citlivou poko\u017eku hlavy. Je tak\u00e9 ide\u00e1ln\u00ed pro ty, kte\u0159\u00ed maj\u00ed kudrnat\u00e9 nebo dlouh\u00e9 vlasy, pom\u00e1h\u00e1 udr\u017eovat tvar kudrlin a p\u0159edch\u00e1zet vysou\u0161en\u00ed p\u0159es noc. \u0160irok\u00fd, pohodln\u00fd elastick\u00fd p\u00e1sek zaji\u0161\u0165uje bezpe\u010dn\u00e9 uchycen\u00ed bez zanech\u00e1n\u00ed tvrd\u00fdch lini\u00ed na \u010dele. Investujte do zdrav\u00ed a kr\u00e1sy va\u0161ich vlas\u016f s t\u00edmto nezbytn\u00fdm dopl\u0148kem na span\u00ed.<\/p>\n<h3>Vlastnosti<\/h3>\n<ul>\n<li><strong>100% \u010dist\u00e9 hedv\u00e1b\u00ed:<\/strong> Vyrobeno z vysoce kvalitn\u00ed, hladk\u00e9 hedv\u00e1bn\u00e9 l\u00e1tky.<\/li>\n<li><strong>Dvojvrstv\u00fd design:<\/strong> Poskytuje extra ochranu a odolnost.<\/li>\n<li><strong>Sni\u017euje krepat\u011bn\u00ed a l\u00e1m\u00e1n\u00ed:<\/strong> Minimalizuje t\u0159en\u00ed pro zdrav\u011bj\u0161\u00ed vlasy.<\/li>\n<li><strong>\u0160irok\u00fd elastick\u00fd p\u00e1sek:<\/strong> Zaji\u0161\u0165uje pohodln\u00e9 a bezpe\u010dn\u00e9 uchycen\u00ed.<\/li>\n<li><strong>Ide\u00e1ln\u00ed pro v\u0161echny typy vlas\u016f:<\/strong> Obzvl\u00e1\u0161t\u011b prosp\u011b\u0161n\u00e9 p\u0159i vypad\u00e1v\u00e1n\u00ed vlas\u016f, kudrnat\u00fdch nebo dlouh\u00fdch vlasech.<\/li>\n<li><strong>Prody\u0161n\u00e9 a pohodln\u00e9:<\/strong> Reguluje teplotu pro pohodln\u00fd no\u010dn\u00ed sp\u00e1nek.<\/li>\n<li><strong>Pom\u00e1h\u00e1 udr\u017eovat vlhkost:<\/strong> Br\u00e1n\u00ed vysou\u0161en\u00ed vlas\u016f p\u0159es noc.<\/li>\n<\/ul>\n<h3>Pokyny k \u00fadr\u017eb\u011b<\/h3>\n<ul>\n<li>Jemn\u011b perte ru\u010dn\u011b s jemn\u00fdm prac\u00edm prost\u0159edkem.<\/li>\n<li>Su\u0161te voln\u011b polo\u017een\u00e9, mimo p\u0159\u00edm\u00e9 slune\u010dn\u00ed sv\u011btlo.<\/li>\n<li>Neperte v b\u011blidle.<\/li>\n<li>Nesu\u0161te v su\u0161i\u010dce.<\/li>\n<\/ul>\n","protected":false},"excerpt":{"rendered":"<p>Ochra\u0148te si vlasy b\u011bhem sp\u00e1nku s touto luxusn\u00ed dvojitou hedv\u00e1bnou \u010depic\u00ed. Vyrobena z hladk\u00e9ho 100% hedv\u00e1b\u00ed, tato no\u010dn\u00ed \u010depice minimalizuje t\u0159en\u00ed, sni\u017euje krepat\u011bn\u00ed a pom\u00e1h\u00e1 udr\u017eovat vlhkost pro zdrav\u011bj\u0161\u00ed a l\u00e9pe upraviteln\u00e9 vlasy. Ide\u00e1ln\u00ed pro \u017eeny s vypad\u00e1v\u00e1n\u00edm vlas\u016f nebo s kudrnat\u00fdmi \u010di dlouh\u00fdmi vlasy. \u0160irok\u00e1 elastick\u00e1 guma zaji\u0161\u0165uje pohodln\u00e9 a bezpe\u010dn\u00e9 uchycen\u00ed po celou noc.<\/p>\n<p><a class=\"btn-element btn-element-2 btn btn-default btn-icon--before btn--rounded\" href=\"https:\/\/www.pandasilk.com\/product\/silk-sleep-cap\/\">Silk Sleep Cap<\/a><\/p>\n","protected":false},"featured_media":84022,"comment_status":"open","ping_status":"closed","template":"","meta":[],"product_brand":[],"product_cat":[37951],"product_tag":[],"class_list":{"0":"post-145953","1":"product","2":"type-product","3":"status-publish","4":"has-post-thumbnail","6":"product_cat-accessories-cs","7":"tm-has-styled-variations","8":"tm-variations-only","10":"first","11":"instock","12":"shipping-taxable","13":"product-type-external","14":"prodpage-classic"},"aioseo_notices":[],"_links":{"self":[{"href":"https:\/\/www.pandasilk.com\/cs\/wp-json\/wp\/v2\/product\/145953","targetHints":{"allow":["GET"]}}],"collection":[{"href":"https:\/\/www.pandasilk.com\/cs\/wp-json\/wp\/v2\/product"}],"about":[{"href":"https:\/\/www.pandasilk.com\/cs\/wp-json\/wp\/v2\/types\/product"}],"replies":[{"embeddable":true,"href":"https:\/\/www.pandasilk.com\/cs\/wp-json\/wp\/v2\/comments?post=145953"}],"wp:featuredmedia":[{"embeddable":true,"href":"https:\/\/www.pandasilk.com\/cs\/wp-json\/wp\/v2\/media\/84022"}],"wp:attachment":[{"href":"https:\/\/www.pandasilk.com\/cs\/wp-json\/wp\/v2\/media?parent=145953"}],"wp:term":[{"taxonomy":"product_brand","embeddable":true,"href":"https:\/\/www.pandasilk.com\/cs\/wp-json\/wp\/v2\/product_brand?post=145953"},{"taxonomy":"product_cat","embeddable":true,"href":"https:\/\/www.pandasilk.com\/cs\/wp-json\/wp\/v2\/product_cat?post=145953"},{"taxonomy":"product_tag","embeddable":true,"href":"https:\/\/www.pandasilk.com\/cs\/wp-json\/wp\/v2\/product_tag?post=145953"}],"curies":[{"name":"wp","href":"https:\/\/api.w.org\/{rel}","templated":true}]}}