{"id":164840,"date":"2026-01-13T01:54:41","date_gmt":"2026-01-13T09:54:41","guid":{"rendered":"https:\/\/www.pandasilk.com\/product\/silk-cheongsam\/"},"modified":"2026-02-28T06:45:34","modified_gmt":"2026-02-28T14:45:34","slug":"silk-cheongsam","status":"publish","type":"product","link":"https:\/\/www.pandasilk.com\/cs\/product\/silk-cheongsam\/","title":{"rendered":"Hedv\u00e1bn\u00e9 \u0161aty Cheongsam"},"content":{"rendered":"<p>Obejm\u011bte p\u016fvab a kr\u00e1su tradi\u010dn\u00edho \u010d\u00ednsk\u00e9ho od\u011bvu s na\u0161imi n\u00e1dhern\u011b zpracovan\u00fdmi hedv\u00e1bn\u00fdmi \u0161aty cheongsam. Tyto jednod\u00edln\u00e9 \u0161aty, zn\u00e1m\u00e9 tak\u00e9 jako qipao, jsou symbolem \u017eenskosti a kulturn\u00edho d\u011bdictv\u00ed. Na\u0161e modern\u00ed interpretace je u\u0161ita z nejjemn\u011bj\u0161\u00edho moru\u0161ov\u00e9ho hedv\u00e1b\u00ed, kter\u00e9 je proslul\u00e9 svou m\u011bkkost\u00ed, prody\u0161nost\u00ed a kr\u00e1sn\u00fdm spl\u00fdv\u00e1n\u00edm.<\/p>\n<p>Tyto elegantn\u00ed \u0161aty maj\u00ed nad\u010dasov\u00fd mandar\u00ednsk\u00fd l\u00edme\u010dek a jsou zdobeny slo\u017eit\u00fdmi, ru\u010dn\u011b vy\u0161\u00edvan\u00fdmi kv\u011btinov\u00fdmi vzory. Pouzdrov\u00e1 silueta je navr\u017eena tak, aby lichotila va\u0161\u00ed postav\u011b, zat\u00edmco bo\u010dn\u00ed rozparky dod\u00e1vaj\u00ed n\u00e1dech sv\u016fdnosti a usnad\u0148uj\u00ed pohyb. Tradi\u010dn\u00ed uzl\u00edky pankou pod\u00e9l diagon\u00e1ln\u00edho zap\u00edn\u00e1n\u00ed dod\u00e1vaj\u00ed autentick\u00fd a \u0159emesln\u00fd vzhled.<\/p>\n<p>A\u0165 u\u017e se chyst\u00e1te na \u010dajov\u00fd ob\u0159ad, svatbu nebo elegantn\u00ed ve\u010dern\u00ed ud\u00e1lost, na\u0161e hedv\u00e1bn\u00e9 \u0161aty Cheongsam jsou dokonalou volbou pro nezapomenuteln\u00fd a sofistikovan\u00fd vzhled. Jsou univerz\u00e1ln\u00edm kouskem, kter\u00fd lze kombinovat s modern\u00edmi i tradi\u010dn\u00edmi dopl\u0148ky pro jakoukoli p\u0159\u00edle\u017eitost.<\/p>\n<p>Pro zachov\u00e1n\u00ed kr\u00e1sy a dlouh\u00e9 \u017eivotnosti va\u0161ich hedv\u00e1bn\u00fdch \u0161at\u016f cheongsam dodr\u017eujte pros\u00edm n\u00e1sleduj\u00edc\u00ed pokyny k p\u00e9\u010di:<\/p>\n<ul>\n<li>Perte ru\u010dn\u011b ve studen\u00e9 vod\u011b s jemn\u00fdm prac\u00edm prost\u0159edkem ur\u010den\u00fdm na hedv\u00e1b\u00ed.<\/li>\n<li>Od\u011bv jemn\u011b promn\u011bte, ale ne\u017ed\u00edmejte ani nekru\u0165te.<\/li>\n<li>D\u016fkladn\u011b propl\u00e1chn\u011bte studenou, \u010distou vodou.<\/li>\n<li>Pro odstran\u011bn\u00ed p\u0159ebyte\u010dn\u00e9 vody polo\u017ete \u0161aty naplocho na \u010dist\u00fd, such\u00fd ru\u010dn\u00edk a jemn\u011b je srolujte.<\/li>\n<li>Su\u0161te pov\u011b\u0161en\u00e9 ve st\u00ednu, mimo p\u0159\u00edm\u00e9 slune\u010dn\u00ed sv\u011btlo, aby hedv\u00e1b\u00ed nevybledlo.<\/li>\n<li>V p\u0159\u00edpad\u011b pot\u0159eby \u017eehlete na n\u00edzkou teplotu, ide\u00e1ln\u011b je\u0161t\u011b m\u00edrn\u011b vlhk\u00e9. Mezi \u017eehli\u010dku a hedv\u00e1b\u00ed vlo\u017ete l\u00e1tku, abyste ochr\u00e1nili tkaninu.<\/li>\n<\/ul>\n","protected":false},"excerpt":{"rendered":"<p>Za\u017eijte nad\u010dasovou eleganci s na\u0161imi \u00fachvatn\u00fdmi hedv\u00e1bn\u00fdmi \u0161aty Cheongsam. Tyto modern\u00ed \u0161aty qipao, vyroben\u00e9 z luxusn\u00edho moru\u0161ov\u00e9ho hedv\u00e1b\u00ed, maj\u00ed klasick\u00fd mandar\u00ednsk\u00fd l\u00edme\u010dek, jemn\u00e9 uzl\u00edky pankou a lichotivou siluetu. Jsou ide\u00e1ln\u00ed na svatby, form\u00e1ln\u00ed ud\u00e1losti nebo jakoukoli zvl\u00e1\u0161tn\u00ed p\u0159\u00edle\u017eitost, kde chcete p\u016fsobit sofistikovan\u011b.<\/p>\n<p><a class=\"btn-element btn-element-2 btn btn-default btn-icon--before btn--rounded\" href=\"https:\/\/www.pandasilk.com\/cs\/product\/silk-cheongsam\/\">Silk Cheongsam<\/a><\/p>\n","protected":false},"featured_media":163620,"comment_status":"open","ping_status":"closed","template":"","meta":[],"product_brand":[],"product_cat":[38118,38051],"product_tag":[],"class_list":{"0":"post-164840","1":"product","2":"type-product","3":"status-publish","4":"has-post-thumbnail","6":"product_cat-women-cs","7":"product_cat-silk-clothing-cs","8":"tm-no-options","10":"first","11":"instock","12":"shipping-taxable","13":"product-type-external","14":"prodpage-classic"},"aioseo_notices":[],"_links":{"self":[{"href":"https:\/\/www.pandasilk.com\/cs\/wp-json\/wp\/v2\/product\/164840","targetHints":{"allow":["GET"]}}],"collection":[{"href":"https:\/\/www.pandasilk.com\/cs\/wp-json\/wp\/v2\/product"}],"about":[{"href":"https:\/\/www.pandasilk.com\/cs\/wp-json\/wp\/v2\/types\/product"}],"replies":[{"embeddable":true,"href":"https:\/\/www.pandasilk.com\/cs\/wp-json\/wp\/v2\/comments?post=164840"}],"wp:featuredmedia":[{"embeddable":true,"href":"https:\/\/www.pandasilk.com\/cs\/wp-json\/wp\/v2\/media\/163620"}],"wp:attachment":[{"href":"https:\/\/www.pandasilk.com\/cs\/wp-json\/wp\/v2\/media?parent=164840"}],"wp:term":[{"taxonomy":"product_brand","embeddable":true,"href":"https:\/\/www.pandasilk.com\/cs\/wp-json\/wp\/v2\/product_brand?post=164840"},{"taxonomy":"product_cat","embeddable":true,"href":"https:\/\/www.pandasilk.com\/cs\/wp-json\/wp\/v2\/product_cat?post=164840"},{"taxonomy":"product_tag","embeddable":true,"href":"https:\/\/www.pandasilk.com\/cs\/wp-json\/wp\/v2\/product_tag?post=164840"}],"curies":[{"name":"wp","href":"https:\/\/api.w.org\/{rel}","templated":true}]}}