{"id":128103,"date":"2015-05-18T05:44:48","date_gmt":"2015-05-17T21:44:48","guid":{"rendered":"https:\/\/www.pandasilk.com\/return-refund-policy\/"},"modified":"2025-01-18T12:45:29","modified_gmt":"2025-01-18T20:45:29","slug":"return-refund-policy","status":"publish","type":"page","link":"https:\/\/www.pandasilk.com\/da\/return-refund-policy\/","title":{"rendered":"Returpolitik"},"content":{"rendered":"<p>Vi er engagerede i at sikre, at du f\u00e5r en positiv shoppingoplevelse. Hvis du ikke er helt tilfreds med dit k\u00f8b, er vi her for at hj\u00e6lpe. Vi tilbyder enkle returneringer og refusioner, underlagt visse betingelser, der er beskrevet i vores politik nedenfor. T\u00f8v ikke med at kontakte vores kundesupportteam, hvis du har sp\u00f8rgsm\u00e5l.<\/p>\n<h3>1. Returpolitik<\/h3>\n<p>Generelt: P\u00e5 grund af de h\u00f8je omkostninger ved fremstilling af silkestof accepterer vi generelt ikke returneringer af ordrer, der er afgivet p\u00e5 grund af en \u00e6ndring i mening. Overvej venligst dit k\u00f8b omhyggeligt, inden du afgiver en ordre.<\/p>\n<p>Ordrefejl: Hvis du modtager forkerte, manglende eller beskadigede varer, bedes du kontakte os med det samme med billeder af FedEx-etiketten og eventuelle skader. Vi vil straks ombytte varerne eller sende de manglende.<\/p>\n<p>Kvalitetsproblemer:<\/p>\n<p>Senges\u00e6t: For kvalitetsproblemer med senget\u00f8jsprodukter tilbyder vi fuld refusion. Natt\u00f8j: For kvalitetsproblemer med natt\u00f8j tilbyder vi en ombytning. Undert\u00f8j: P\u00e5 grund af produktets art accepterer vi ikke returneringer eller ombytninger af silkeundert\u00f8j.<\/p>\n<h3>2. Refusionspolitik<\/h3>\n<p>Berettiget til refusion: Du kan v\u00e6re berettiget til en refusion under f\u00f8lgende omst\u00e6ndigheder:<\/p>\n<p>Forkerte varer: Vi har sendt de forkerte produkter. Beskadigede varer: Produkterne blev beskadiget under forsendelsesprocessen. Manglende varer: Varer manglede i din ordre. (Bem\u00e6rk venligst, at nogle ordrer kan blive sendt i flere pakker. Se dine ordrebekr\u00e6ftelsesmails for detaljer.) Betydelig uoverensstemmelse: Det modtagne produkt afviger v\u00e6sentligt fra billedet p\u00e5 vores hjemmeside. (Bem\u00e6rk venligst, at mindre farvevariationer kan forekomme p\u00e5 grund af forskelle i computersk\u00e6rme og enhedsindstillinger.)<\/p>\n<p>Forsendelsesomkostninger: Forsendelsesomkostninger refunderes generelt ikke.<\/p>\n<p>Behandling af refusion: Refusioner behandles inden for 2 hverdage efter modtagelse af de returnerede varer.<\/p>\n<p>Returforsendelse: Du er ansvarlig for returforsendelsesomkostningerne, medmindre varerne blev beskadiget under forsendelsen.<\/p>\n<p>Returadresse: For at f\u00e5 returadressen, bedes du kontakte os via kontaktformularen p\u00e5 <a href=\"https:\/\/www.pandasilk.com\/da\/contact\/\">https:\/\/www.pandasilk.com\/da\/contact\/<\/a><\/p>\n<h3>3. Forsendelsesomkostninger<\/h3>\n<p>S\u00e6lger betaler returforsendelse: Hvis returneringen eller ombytningen skyldes en fejl fra vores side (forkerte varer, beskadigede varer, manglende varer), d\u00e6kker vi returforsendelsesomkostningerne til vores adresse i Chengdu, CN.<\/p>\n<p>Kunde betaler returforsendelse: Hvis du returnerer varer p\u00e5 grund af en \u00e6ndring i mening (ingen kvalitetsproblemer), er du ansvarlig for returforsendelsesomkostningerne.<\/p>\n","protected":false},"excerpt":{"rendered":"<p>Vi er engagerede i at sikre, at du f\u00e5r en positiv shoppingoplevelse. Hvis du ikke er helt tilfreds med dit k\u00f8b, er vi her for at hj\u00e6lpe. Vi tilbyder enkle returneringer og refusioner, underlagt visse betingelser, der er beskrevet i vores politik nedenfor. T\u00f8v ikke med at kontakte vores kundesupportteam, hvis du har sp\u00f8rgsm\u00e5l. 1.<\/p>\n","protected":false},"author":1,"featured_media":0,"parent":0,"menu_order":40,"comment_status":"closed","ping_status":"closed","template":"","meta":{"footnotes":""},"class_list":["post-128103","page","type-page","status-publish","hentry","prodpage-classic"],"aioseo_notices":[],"_links":{"self":[{"href":"https:\/\/www.pandasilk.com\/da\/wp-json\/wp\/v2\/pages\/128103","targetHints":{"allow":["GET"]}}],"collection":[{"href":"https:\/\/www.pandasilk.com\/da\/wp-json\/wp\/v2\/pages"}],"about":[{"href":"https:\/\/www.pandasilk.com\/da\/wp-json\/wp\/v2\/types\/page"}],"author":[{"embeddable":true,"href":"https:\/\/www.pandasilk.com\/da\/wp-json\/wp\/v2\/users\/1"}],"replies":[{"embeddable":true,"href":"https:\/\/www.pandasilk.com\/da\/wp-json\/wp\/v2\/comments?post=128103"}],"version-history":[{"count":0,"href":"https:\/\/www.pandasilk.com\/da\/wp-json\/wp\/v2\/pages\/128103\/revisions"}],"wp:attachment":[{"href":"https:\/\/www.pandasilk.com\/da\/wp-json\/wp\/v2\/media?parent=128103"}],"curies":[{"name":"wp","href":"https:\/\/api.w.org\/{rel}","templated":true}]}}