{"id":128136,"date":"2015-05-18T05:41:32","date_gmt":"2015-05-17T21:41:32","guid":{"rendered":"https:\/\/www.pandasilk.com\/shipping-payment\/"},"modified":"2025-01-18T12:45:42","modified_gmt":"2025-01-18T20:45:42","slug":"shipping-payment","status":"publish","type":"page","link":"https:\/\/www.pandasilk.com\/da\/shipping-payment\/","title":{"rendered":"Forsendelsespolitik"},"content":{"rendered":"<p>De fleste varer (som silkelagner, pudebetr\u00e6k og t\u00f8j) bliver behandlet og er klar til afsendelse inden for 5 hverdage. Brugerdefineret kinesisk Shu-broderi kr\u00e6ver dog flere uger, og specialfremstillede, h\u00e5ndknyttede silket\u00e6pper kan tage flere m\u00e5neder. Vi sender alle ordrer via FedEx eller EMS, med levering typisk inden for 7 hverdage.<\/p>\n<p>Der opkr\u00e6ves et fast forsendelsesgebyr p\u00e5 25 USD. Bem\u00e6rk, at vi ikke kan sende til postboksadresser eller milit\u00e6re adresser (APO\/FPO).<\/p>\n<p>Du vil modtage en e-mail med forsendelsesbekr\u00e6ftelse med dit sporingsnummer.<\/p>\n<p>Hvis din pakke ankommer beskadiget: Tag venligst et foto af FedEx-etiketten og de beskadigede varer, og send os derefter en e-mail p\u00e5 info@pandasilk.com. Gem al original emballage og beskadigede varer.<\/p>\n","protected":false},"excerpt":{"rendered":"<p>De fleste varer (som silkelagner, pudebetr\u00e6k og t\u00f8j) bliver behandlet og er klar til afsendelse inden for 5 hverdage. Brugerdefineret kinesisk Shu-broderi kr\u00e6ver dog flere uger, og specialfremstillede, h\u00e5ndknyttede silket\u00e6pper kan tage flere m\u00e5neder. Vi sender alle ordrer via FedEx eller EMS, med levering typisk inden for 7 hverdage. Der opkr\u00e6ves et fast forsendelsesgebyr p\u00e5<\/p>\n","protected":false},"author":1,"featured_media":6253,"parent":0,"menu_order":38,"comment_status":"closed","ping_status":"closed","template":"","meta":{"footnotes":""},"class_list":["post-128136","page","type-page","status-publish","has-post-thumbnail","hentry","prodpage-classic"],"aioseo_notices":[],"_links":{"self":[{"href":"https:\/\/www.pandasilk.com\/da\/wp-json\/wp\/v2\/pages\/128136","targetHints":{"allow":["GET"]}}],"collection":[{"href":"https:\/\/www.pandasilk.com\/da\/wp-json\/wp\/v2\/pages"}],"about":[{"href":"https:\/\/www.pandasilk.com\/da\/wp-json\/wp\/v2\/types\/page"}],"author":[{"embeddable":true,"href":"https:\/\/www.pandasilk.com\/da\/wp-json\/wp\/v2\/users\/1"}],"replies":[{"embeddable":true,"href":"https:\/\/www.pandasilk.com\/da\/wp-json\/wp\/v2\/comments?post=128136"}],"version-history":[{"count":0,"href":"https:\/\/www.pandasilk.com\/da\/wp-json\/wp\/v2\/pages\/128136\/revisions"}],"wp:featuredmedia":[{"embeddable":true,"href":"https:\/\/www.pandasilk.com\/da\/wp-json\/wp\/v2\/media\/6253"}],"wp:attachment":[{"href":"https:\/\/www.pandasilk.com\/da\/wp-json\/wp\/v2\/media?parent=128136"}],"curies":[{"name":"wp","href":"https:\/\/api.w.org\/{rel}","templated":true}]}}