{"id":128169,"date":"2015-05-18T05:31:03","date_gmt":"2015-05-17T21:31:03","guid":{"rendered":"https:\/\/www.pandasilk.com\/privacy-policy\/"},"modified":"2025-01-18T12:45:16","modified_gmt":"2025-01-18T20:45:16","slug":"privacy-policy","status":"publish","type":"page","link":"https:\/\/www.pandasilk.com\/da\/privacy-policy\/","title":{"rendered":"Privatlivspolitik"},"content":{"rendered":"<p>PandaSilk anerkender vigtigheden af at beskytte dit privatliv og er forpligtet til at sikre sikkerheden af dine personlige oplysninger. Denne privatlivspolitik beskriver, hvordan vi indsamler, bruger og beskytter dine data, n\u00e5r du interagerer med vores hjemmeside.<\/p>\n<h3>Brug af cookies<\/h3>\n<p>For at forbedre din browseroplevelse og lette en problemfri shoppingproces bruger vi cookies p\u00e5 vores hjemmeside. Cookies er sm\u00e5, krypterede datafiler, der indeholder unikke brugeridentifikationsoplysninger. Disse filer opbevares sikkert p\u00e5 vores servere og kan placeres p\u00e5 din computers harddisk. Cookies hj\u00e6lper os med at:<\/p>\n<p>Huske varer i din indk\u00f8bskurv: Dette sikrer, at du ikke mister dine valgte produkter, mens du navigerer p\u00e5 vores side.<\/p>\n<p>Forbedre hjemmesidens funktionalitet: Cookies hj\u00e6lper os med at forst\u00e5, hvordan brugere interagerer med vores side, hvilket g\u00f8r det muligt for os at optimere og forbedre din samlede oplevelse.<\/p>\n<p>Tilbyde en mere personlig oplevelse: Cookies kan give os mulighed for at skr\u00e6ddersy indhold og anbefalinger til dine specifikke interesser.<\/p>\n<h3>HTTPS Sikker Shopping<\/h3>\n<p>Vi prioriterer sikkerheden af dine f\u00f8lsomme oplysninger. N\u00e5r du indtaster personlige oplysninger, s\u00e5som dine PayPal-kontooplysninger, e-mailadresse eller kreditkortnummer p\u00e5 vores Checkout-side, bruger vi Secure Socket Layer (SSL) datakrypteringsteknologi. Denne industristandardteknologi sikrer, at alle data, der transmitteres mellem din browser og vores server, er krypteret, hvilket g\u00f8r det ul\u00e6seligt for uautoriserede parter. Denne robuste sikkerhedsforanstaltning beskytter dine betalings- og personlige data under dine transaktioner med os.<\/p>\n<h3>Indsamling og brug af dine personlige oplysninger<\/h3>\n<p>For effektivt at behandle dine ordrer, holde dig informeret om relevante opdateringer og l\u00f8bende forbedre din shoppingoplevelse, indsamler vi visse oplysninger fra dig. Dette kan omfatte:<\/p>\n<p>E-mailadresse: Bruges til at kommunikere ordrebekr\u00e6ftelser, forsendelsesmeddelelser og vigtige opdateringer om PandaSilk.<\/p>\n<p>Leveringsadresse: Kr\u00e6ves til levering af dine k\u00f8bte produkter.<\/p>\n<h3>Dit privatliv er altafg\u00f8rende<\/h3>\n<p>Vi forsikrer dig om, at alle personlige oplysninger, du indsender til vores side, behandles med den st\u00f8rste fortrolighed og sikkerhed. Vi anvender rimelige foranstaltninger for at beskytte dine data mod uautoriseret adgang, brug eller videregivelse. Vi er forpligtet til at opretholde dit privatliv og opbygge et tillidsforhold.<\/p>\n","protected":false},"excerpt":{"rendered":"<p>PandaSilk anerkender vigtigheden af at beskytte dit privatliv og er forpligtet til at sikre sikkerheden af dine personlige oplysninger. Denne privatlivspolitik beskriver, hvordan vi indsamler, bruger og beskytter dine data, n\u00e5r du interagerer med vores hjemmeside. Brug af cookies For at forbedre din browseroplevelse og lette en problemfri shoppingproces bruger vi cookies p\u00e5 vores hjemmeside.<\/p>\n","protected":false},"author":1,"featured_media":1557,"parent":0,"menu_order":39,"comment_status":"closed","ping_status":"closed","template":"","meta":{"footnotes":""},"class_list":["post-128169","page","type-page","status-publish","has-post-thumbnail","hentry","prodpage-classic"],"aioseo_notices":[],"_links":{"self":[{"href":"https:\/\/www.pandasilk.com\/da\/wp-json\/wp\/v2\/pages\/128169","targetHints":{"allow":["GET"]}}],"collection":[{"href":"https:\/\/www.pandasilk.com\/da\/wp-json\/wp\/v2\/pages"}],"about":[{"href":"https:\/\/www.pandasilk.com\/da\/wp-json\/wp\/v2\/types\/page"}],"author":[{"embeddable":true,"href":"https:\/\/www.pandasilk.com\/da\/wp-json\/wp\/v2\/users\/1"}],"replies":[{"embeddable":true,"href":"https:\/\/www.pandasilk.com\/da\/wp-json\/wp\/v2\/comments?post=128169"}],"version-history":[{"count":0,"href":"https:\/\/www.pandasilk.com\/da\/wp-json\/wp\/v2\/pages\/128169\/revisions"}],"wp:featuredmedia":[{"embeddable":true,"href":"https:\/\/www.pandasilk.com\/da\/wp-json\/wp\/v2\/media\/1557"}],"wp:attachment":[{"href":"https:\/\/www.pandasilk.com\/da\/wp-json\/wp\/v2\/media?parent=128169"}],"curies":[{"name":"wp","href":"https:\/\/api.w.org\/{rel}","templated":true}]}}