{"id":164841,"date":"2026-01-13T01:54:41","date_gmt":"2026-01-13T09:54:41","guid":{"rendered":"https:\/\/www.pandasilk.com\/product\/silk-cheongsam\/"},"modified":"2026-02-28T06:45:34","modified_gmt":"2026-02-28T14:45:34","slug":"silk-cheongsam","status":"publish","type":"product","link":"https:\/\/www.pandasilk.com\/da\/product\/silk-cheongsam\/","title":{"rendered":"Silke Cheongsam"},"content":{"rendered":"<p>&nbsp;<\/p>\n<p>Omfavn ynden og sk\u00f8nheden fra traditionel kinesisk bekl\u00e6dning med vores uds\u00f8gt fremstillede silke cheongsam. Denne et-styks kjole, ogs\u00e5 kendt som en qipao, er et symbol p\u00e5 femininitet og kulturarv. Vores moderne fortolkning er skr\u00e6ddersyet af den fineste morb\u00e6rsilke, kendt for sin bl\u00f8dhed, \u00e5ndbarhed og smukke fald.<\/p>\n<p>Denne elegante kjole har en tidl\u00f8s mandarinkrave og er udsmykket med fine, h\u00e5ndbroderede blomsterm\u00f8nstre. Den etuifaconen er designet til at smigre din figur, mens slidserne i siden tilf\u00f8jer et strejf af elegance og bev\u00e6gelsesfrihed. Traditionelle pankou-knuder langs den diagonale lukning tilf\u00f8jer et autentisk og h\u00e5ndv\u00e6rksm\u00e6ssigt pr\u00e6g.<\/p>\n<p>Uanset om du skal til en te-ceremoni, et bryllup eller en elegant aftenfest, er vores Silke Cheongsam det perfekte valg for et uforglemmeligt og sofistikeret look. Det er en alsidig kjole, der kan styles med moderne eller traditionelt tilbeh\u00f8r for at passe til enhver lejlighed.<\/p>\n<p>For at bevare din silke cheongsams sk\u00f8nhed og levetid, bedes du f\u00f8lge disse vaskeanvisninger:<\/p>\n<ul>\n<li>H\u00e5ndvaskes i koldt vand med et mildt, silkevenligt vaskemiddel.<\/li>\n<li>Bev\u00e6g forsigtigt t\u00f8jet i vandet, men undg\u00e5 at vride eller sno det.<\/li>\n<li>Skyl grundigt med koldt, rent vand.<\/li>\n<li>For at fjerne overskydende vand, l\u00e6g din cheongsam fladt p\u00e5 et rent, t\u00f8rt h\u00e5ndkl\u00e6de og rul det forsigtigt sammen.<\/li>\n<li>H\u00e6nges til t\u00f8rre i et skyggefuldt omr\u00e5de, v\u00e6k fra direkte sollys, for at forhindre silken i at falme.<\/li>\n<li>Stryg om n\u00f8dvendigt ved lav varme, helst mens t\u00f8jet stadig er let fugtigt. Placer et kl\u00e6de mellem strygejernet og silken for at beskytte stoffet.<\/li>\n<\/ul>\n","protected":false},"excerpt":{"rendered":"<p>Oplev tidl\u00f8s elegance med vores smukke Silke Cheongsam. Denne moderne qipao, fremstillet af luksuri\u00f8s morb\u00e6rsilke, har en klassisk mandarinkrave, fine pankou-knuder og en flatterende silhuet. Perfekt til bryllupper, formelle begivenheder eller enhver s\u00e6rlig lejlighed, hvor du \u00f8nsker at skabe et sofistikeret udtryk.<\/p>\n<p><a class=\"btn-element btn-element-2 btn btn-default btn-icon--before btn--rounded\" href=\"https:\/\/www.pandasilk.com\/da\/product\/silk-cheongsam\/\">Silk Cheongsam<\/a><\/p>\n","protected":false},"featured_media":163620,"comment_status":"open","ping_status":"closed","template":"","meta":[],"product_brand":[],"product_cat":[38053,38119],"product_tag":[],"class_list":{"0":"post-164841","1":"product","2":"type-product","3":"status-publish","4":"has-post-thumbnail","6":"product_cat-silk-clothing-da","7":"product_cat-women-da","8":"tm-no-options","10":"first","11":"instock","12":"shipping-taxable","13":"product-type-external","14":"prodpage-classic"},"aioseo_notices":[],"_links":{"self":[{"href":"https:\/\/www.pandasilk.com\/da\/wp-json\/wp\/v2\/product\/164841","targetHints":{"allow":["GET"]}}],"collection":[{"href":"https:\/\/www.pandasilk.com\/da\/wp-json\/wp\/v2\/product"}],"about":[{"href":"https:\/\/www.pandasilk.com\/da\/wp-json\/wp\/v2\/types\/product"}],"replies":[{"embeddable":true,"href":"https:\/\/www.pandasilk.com\/da\/wp-json\/wp\/v2\/comments?post=164841"}],"wp:featuredmedia":[{"embeddable":true,"href":"https:\/\/www.pandasilk.com\/da\/wp-json\/wp\/v2\/media\/163620"}],"wp:attachment":[{"href":"https:\/\/www.pandasilk.com\/da\/wp-json\/wp\/v2\/media?parent=164841"}],"wp:term":[{"taxonomy":"product_brand","embeddable":true,"href":"https:\/\/www.pandasilk.com\/da\/wp-json\/wp\/v2\/product_brand?post=164841"},{"taxonomy":"product_cat","embeddable":true,"href":"https:\/\/www.pandasilk.com\/da\/wp-json\/wp\/v2\/product_cat?post=164841"},{"taxonomy":"product_tag","embeddable":true,"href":"https:\/\/www.pandasilk.com\/da\/wp-json\/wp\/v2\/product_tag?post=164841"}],"curies":[{"name":"wp","href":"https:\/\/api.w.org\/{rel}","templated":true}]}}