{"id":128140,"date":"2015-05-18T05:41:32","date_gmt":"2015-05-17T21:41:32","guid":{"rendered":"https:\/\/www.pandasilk.com\/shipping-payment\/"},"modified":"2025-01-18T12:45:42","modified_gmt":"2025-01-18T20:45:42","slug":"shipping-payment","status":"publish","type":"page","link":"https:\/\/www.pandasilk.com\/de\/shipping-payment\/","title":{"rendered":"Versandrichtlinien"},"content":{"rendered":"<p>Die meisten Artikel (wie Seidenbettlaken, Kissenbez\u00fcge und Kleidung) werden innerhalb von 5 Werktagen bearbeitet und sind versandbereit. Kundenspezifische chinesische Shu-Stickereien ben\u00f6tigen jedoch mehrere Wochen, und kundenspezifische handgekn\u00fcpfte Seidenteppiche k\u00f6nnen Monate dauern. Wir versenden alle Bestellungen per FedEx oder EMS, wobei die Lieferung in der Regel innerhalb von 7 Werktagen erfolgt.<\/p>\n<p>Es wird eine Versandkostenpauschale von 25 USD erhoben. Bitte beachten Sie, dass wir nicht an Postf\u00e4cher oder Milit\u00e4radressen (APO\/FPO) versenden k\u00f6nnen.<\/p>\n<p>Sie erhalten eine Versandbest\u00e4tigungs-E-Mail mit Ihrer Sendungsverfolgungsnummer.<\/p>\n<p>Wenn Ihr Paket besch\u00e4digt ankommt: Bitte fotografieren Sie das FedEx-Etikett und die besch\u00e4digten Artikel und senden Sie uns dann eine E-Mail an info@pandasilk.com. Bewahren Sie alle Originalverpackungen und besch\u00e4digten Waren auf.<\/p>\n","protected":false},"excerpt":{"rendered":"<p>Die meisten Artikel (wie Seidenbettlaken, Kissenbez\u00fcge und Kleidung) werden innerhalb von 5 Werktagen bearbeitet und sind versandbereit. Kundenspezifische chinesische Shu-Stickereien ben\u00f6tigen jedoch mehrere Wochen, und kundenspezifische handgekn\u00fcpfte Seidenteppiche k\u00f6nnen Monate dauern. Wir versenden alle Bestellungen per FedEx oder EMS, wobei die Lieferung in der Regel innerhalb von 7 Werktagen erfolgt. Es wird eine Versandkostenpauschale von<\/p>\n","protected":false},"author":1,"featured_media":6253,"parent":0,"menu_order":38,"comment_status":"closed","ping_status":"closed","template":"","meta":{"footnotes":""},"class_list":["post-128140","page","type-page","status-publish","has-post-thumbnail","hentry","prodpage-classic"],"aioseo_notices":[],"_links":{"self":[{"href":"https:\/\/www.pandasilk.com\/de\/wp-json\/wp\/v2\/pages\/128140","targetHints":{"allow":["GET"]}}],"collection":[{"href":"https:\/\/www.pandasilk.com\/de\/wp-json\/wp\/v2\/pages"}],"about":[{"href":"https:\/\/www.pandasilk.com\/de\/wp-json\/wp\/v2\/types\/page"}],"author":[{"embeddable":true,"href":"https:\/\/www.pandasilk.com\/de\/wp-json\/wp\/v2\/users\/1"}],"replies":[{"embeddable":true,"href":"https:\/\/www.pandasilk.com\/de\/wp-json\/wp\/v2\/comments?post=128140"}],"version-history":[{"count":0,"href":"https:\/\/www.pandasilk.com\/de\/wp-json\/wp\/v2\/pages\/128140\/revisions"}],"wp:featuredmedia":[{"embeddable":true,"href":"https:\/\/www.pandasilk.com\/de\/wp-json\/wp\/v2\/media\/6253"}],"wp:attachment":[{"href":"https:\/\/www.pandasilk.com\/de\/wp-json\/wp\/v2\/media?parent=128140"}],"curies":[{"name":"wp","href":"https:\/\/api.w.org\/{rel}","templated":true}]}}