{"id":128173,"date":"2015-05-18T05:31:03","date_gmt":"2015-05-17T21:31:03","guid":{"rendered":"https:\/\/www.pandasilk.com\/privacy-policy\/"},"modified":"2025-01-18T12:45:16","modified_gmt":"2025-01-18T20:45:16","slug":"privacy-policy","status":"publish","type":"page","link":"https:\/\/www.pandasilk.com\/de\/privacy-policy\/","title":{"rendered":"Datenschutzrichtlinie"},"content":{"rendered":"<p>PandaSilk ist sich der Bedeutung des Schutzes Ihrer Privatsph\u00e4re bewusst und setzt sich f\u00fcr die Sicherheit Ihrer pers\u00f6nlichen Daten ein. Diese Datenschutzrichtlinie beschreibt, wie wir Ihre Daten erfassen, verwenden und sch\u00fctzen, wenn Sie mit unserer Website interagieren.<\/p>\n<h3>Verwendung von Cookies<\/h3>\n<p>Um Ihr Browsererlebnis zu verbessern und einen reibungslosen Einkaufsprozess zu erm\u00f6glichen, verwenden wir auf unserer Website Cookies. Cookies sind kleine, verschl\u00fcsselte Datendateien, die eindeutige Benutzeridentifikationsinformationen enthalten. Diese Dateien werden sicher auf unseren Servern gespeichert und k\u00f6nnen auf der Festplatte Ihres Computers platziert werden. Cookies helfen uns dabei:<\/p>\n<p>Artikel in Ihrem Warenkorb zu speichern: Dies stellt sicher, dass Sie Ihre ausgew\u00e4hlten Produkte beim Navigieren auf unserer Website nicht verlieren.<\/p>\n<p>Die Funktionalit\u00e4t der Website zu verbessern: Cookies helfen uns zu verstehen, wie Benutzer mit unserer Website interagieren, und erm\u00f6glichen es uns, Ihr Gesamterlebnis zu optimieren und zu verbessern.<\/p>\n<p>Ein personalisierteres Erlebnis zu bieten: Cookies k\u00f6nnen es uns erm\u00f6glichen, Inhalte und Empfehlungen auf Ihre spezifischen Interessen zuzuschneiden.<\/p>\n<h3>HTTPS Sicheres Einkaufen<\/h3>\n<p>Wir legen gro\u00dfen Wert auf die Sicherheit Ihrer sensiblen Daten. Wenn Sie auf unserer Checkout-Seite pers\u00f6nliche Daten wie Ihre PayPal-Kontoinformationen, E-Mail-Adresse oder Kreditkartennummer eingeben, verwenden wir die Secure Socket Layer (SSL)-Datenverschl\u00fcsselungstechnologie. Diese Industriestandard-Technologie stellt sicher, dass alle Daten, die zwischen Ihrem Browser und unserem Server \u00fcbertragen werden, verschl\u00fcsselt werden, wodurch sie f\u00fcr Unbefugte unlesbar sind. Diese robuste Sicherheitsma\u00dfnahme sch\u00fctzt Ihre Zahlungs- und pers\u00f6nlichen Daten w\u00e4hrend Ihrer Transaktionen mit uns.<\/p>\n<h3>Erfassung und Nutzung Ihrer pers\u00f6nlichen Daten<\/h3>\n<p>Um Ihre Bestellungen effektiv zu bearbeiten, Sie \u00fcber relevante Aktualisierungen auf dem Laufenden zu halten und Ihr Einkaufserlebnis kontinuierlich zu verbessern, erfassen wir bestimmte Informationen von Ihnen. Dazu k\u00f6nnen geh\u00f6ren:<\/p>\n<p>E-Mail-Adresse: Wird verwendet, um Bestellbest\u00e4tigungen, Versandbenachrichtigungen und wichtige Aktualisierungen zu PandaSilk zu kommunizieren.<\/p>\n<p>Lieferadresse: Erforderlich f\u00fcr die Lieferung Ihrer gekauften Produkte.<\/p>\n<h3>Ihre Privatsph\u00e4re ist von gr\u00f6\u00dfter Bedeutung<\/h3>\n<p>Wir versichern Ihnen, dass alle pers\u00f6nlichen Informationen, die Sie auf unserer Website \u00fcbermitteln, mit gr\u00f6\u00dfter Vertraulichkeit und Sicherheit behandelt werden. Wir ergreifen angemessene Ma\u00dfnahmen, um Ihre Daten vor unbefugtem Zugriff, unbefugter Nutzung oder Offenlegung zu sch\u00fctzen. Wir setzen uns f\u00fcr den Schutz Ihrer Privatsph\u00e4re und den Aufbau einer vertrauensvollen Beziehung ein.<\/p>\n","protected":false},"excerpt":{"rendered":"<p>PandaSilk ist sich der Bedeutung des Schutzes Ihrer Privatsph\u00e4re bewusst und setzt sich f\u00fcr die Sicherheit Ihrer pers\u00f6nlichen Daten ein. Diese Datenschutzrichtlinie beschreibt, wie wir Ihre Daten erfassen, verwenden und sch\u00fctzen, wenn Sie mit unserer Website interagieren. Verwendung von Cookies Um Ihr Browsererlebnis zu verbessern und einen reibungslosen Einkaufsprozess zu erm\u00f6glichen, verwenden wir auf unserer<\/p>\n","protected":false},"author":1,"featured_media":1557,"parent":0,"menu_order":39,"comment_status":"closed","ping_status":"closed","template":"","meta":{"footnotes":""},"class_list":["post-128173","page","type-page","status-publish","has-post-thumbnail","hentry","prodpage-classic"],"aioseo_notices":[],"_links":{"self":[{"href":"https:\/\/www.pandasilk.com\/de\/wp-json\/wp\/v2\/pages\/128173","targetHints":{"allow":["GET"]}}],"collection":[{"href":"https:\/\/www.pandasilk.com\/de\/wp-json\/wp\/v2\/pages"}],"about":[{"href":"https:\/\/www.pandasilk.com\/de\/wp-json\/wp\/v2\/types\/page"}],"author":[{"embeddable":true,"href":"https:\/\/www.pandasilk.com\/de\/wp-json\/wp\/v2\/users\/1"}],"replies":[{"embeddable":true,"href":"https:\/\/www.pandasilk.com\/de\/wp-json\/wp\/v2\/comments?post=128173"}],"version-history":[{"count":0,"href":"https:\/\/www.pandasilk.com\/de\/wp-json\/wp\/v2\/pages\/128173\/revisions"}],"wp:featuredmedia":[{"embeddable":true,"href":"https:\/\/www.pandasilk.com\/de\/wp-json\/wp\/v2\/media\/1557"}],"wp:attachment":[{"href":"https:\/\/www.pandasilk.com\/de\/wp-json\/wp\/v2\/media?parent=128173"}],"curies":[{"name":"wp","href":"https:\/\/api.w.org\/{rel}","templated":true}]}}