{"id":65718,"date":"2019-06-30T19:49:31","date_gmt":"2019-06-30T11:49:31","guid":{"rendered":"https:\/\/www.pandasilk.com\/faqs\/"},"modified":"2025-01-13T14:55:12","modified_gmt":"2025-01-13T22:55:12","slug":"faqs","status":"publish","type":"page","link":"https:\/\/www.pandasilk.com\/de\/faqs\/","title":{"rendered":"H\u00e4ufig gestellte Fragen \u00fcber Seide"},"content":{"rendered":"<p>Seide, ein luxuri\u00f6ses und zeitloses Gewebe, fasziniert die Menschen seit Jahrtausenden. Von ihren antiken Urspr\u00fcngen in China bis zu ihrer zeitgen\u00f6ssischen Pr\u00e4senz in Mode und Heimtextilien ist Seide nach wie vor ein begehrtes Material. Dieser Artikel zielt darauf ab, die h\u00e4ufigsten Fragen rund um Seide zu beantworten und klare und umfassende Antworten zu geben.<\/p>\n<h3>1. Wer kann Seidenprodukte verwenden?<\/h3>\n<p>Seidenprodukte sind bemerkenswert vielseitig und f\u00fcr Menschen jeden Alters geeignet, einschlie\u00dflich Erwachsene, Kinder und Kleinkinder. Wenn Sie f\u00fcr Artikel wie Bettwaren Sondergr\u00f6\u00dfen ben\u00f6tigen, wenden Sie sich an den Anbieter, wie z. B. PandaSilk, um sich nach Sonderanfertigungen zu erkundigen.<\/p>\n<h3>2. Woher kommt Ihre Seide?<\/h3>\n<p>Der Gro\u00dfteil der weltweiten Seide stammt aus China, wo die Praxis der Seidenraupenzucht \u00fcber Tausende von Jahren verfeinert wurde. Die fr\u00fchesten Beweise f\u00fcr die Seidenproduktion stammen aus der Zeit um 3500 v. Chr. im alten China, was seinen Status als f\u00fchrender Seidenhersteller festigt. W\u00e4hrend Thailand und Indien ebenfalls Seide produzieren, k\u00f6nnen ihre Ausbringung und die Gl\u00e4tte ihrer Fasern im Allgemeinen nicht mit denen Chinas verglichen werden. Italien ist f\u00fcr seine hochwertige Seide bekannt, aber ihre Seide wird vorwiegend f\u00fcr Kleidungsst\u00fccke und nicht f\u00fcr Heimtextilien wie Bettwaren verwendet.<\/p>\n<h3>3. Ist Ihre Seide 100% rein?<\/h3>\n<p>Die Mehrheit der Seidenstoffe wird tats\u00e4chlich aus 100 % reiner Seide hergestellt, wie es bei den meisten von Unternehmen wie PandaSilk verkauften Seiden der Fall ist. Wenn Sie nach Mischungen suchen, werden Artikel, die mit Kombinationen wie Samt, Seide\/Viskose-Satin oder anderen gemischten Stoffen hergestellt werden, immer deutlich gekennzeichnet, um ihre Zusammensetzung anzugeben.<\/p>\n<h3>4. Wie werden Bestellungen versandt und wie lange dauert die Lieferung?<\/h3>\n<p>Bestellungen werden in der Regel \u00fcber zuverl\u00e4ssige internationale Spediteure wie DHL, UPS, FedEx oder EMS versandt. F\u00fcr Kunden in Amerika, Kanada und Australien kann die Lieferung in der Regel etwa 4-5 Tage dauern. Die Lieferzeiten k\u00f6nnen sich jedoch w\u00e4hrend der Ferienzeiten verl\u00e4ngern.<\/p>\n<h3>5. Kann Seide gewaschen werden?<\/h3>\n<p>Ja, Seide ist waschbar. Die auf die Seide aufgebrachten Farbstoffe oder Drucke werden w\u00e4hrend des Herstellungsprozesses gewaschen, um sie farbecht zu machen. Handw\u00e4sche wird f\u00fcr beste Ergebnisse empfohlen.<\/p>\n<h3>6. Was ist die richtige Waschmethode f\u00fcr Seide?<\/h3>\n<p>Waschen Sie Ihre Seide von Hand in lauwarmem Wasser mit einem milden Waschmittel. Vermeiden Sie es nach dem Waschen, die nasse Seide auszuwringen. Dr\u00fccken Sie das \u00fcbersch\u00fcssige Wasser vorsichtig aus und legen Sie es zum Trocknen flach zwischen Handt\u00fccher, bevor Sie es b\u00fcgeln.<\/p>\n<h3>7. Kann Seide geb\u00fcgelt werden?<\/h3>\n<p>Seide kann mit der richtigen Sorgfalt geb\u00fcgelt werden, da sie ziemlich robust ist. Lassen Sie kein hei\u00dfes B\u00fcgeleisen f\u00fcr l\u00e4ngere Zeit auf Seide ruhen. Verwenden Sie ein k\u00fchles B\u00fcgeleisen und b\u00fcgeln Sie Ihre Seidenartikel immer von links. Verwenden Sie nach M\u00f6glichkeit die Seideneinstellung des B\u00fcgeleisens, aber ansonsten funktioniert die niedrigste Temperatur in der Regel effektiv.<\/p>\n<h3>8. Welches Garn sollte zum N\u00e4hen von Seide verwendet werden?<\/h3>\n<p>Gew\u00f6hnliche Garne, wie sie von G\u00fctermann hergestellt werden, eignen sich gut f\u00fcr Seide. Es ist besser, kein reines Seidengarn zu verwenden, da es leicht zum Verknoten neigt.<\/p>\n<h3>9. Was ist das Momme-Gewicht von Seidenkissenbez\u00fcgen?<\/h3>\n<p>Seidenkissenbez\u00fcge werden im Momme-Gewicht (ausgesprochen Moe-Me) gemessen. Unternehmen wie PandaSilk bieten sie in 19, 22 oder 25 Momme-Optionen an. Je gr\u00f6\u00dfer die Momme, desto mehr Gewicht und damit Haltbarkeit besitzt die Seide.<\/p>\n<h3>10. Was bedeutet &#8222;Momme-Gewicht&#8220;?<\/h3>\n<p>Das Momme-Gewicht ist die Einheit zur Messung des Gewichts von Seidengewebe und gibt dessen Dichte an. Ein h\u00f6heres Momme-Gewicht bedeutet eine dickere, dichtere und im Allgemeinen haltbarere Seide.<\/p>\n<h3>11. Wie ist Seide entstanden?<\/h3>\n<p>Die Urspr\u00fcnge der Seide reichen bis ins alte China zur\u00fcck, wobei eine Legende ihre Entdeckung einer Kaiserin namens Si Ling Chi zuschreibt, die angeblich beobachtete, wie Seidenraupen in den k\u00f6niglichen G\u00e4rten ihre Kokons spannen, und davon tr\u00e4umte, Stoff aus ihren F\u00e4den herzustellen. Eine andere Erkl\u00e4rung besagt, dass einige Frauen versehentlich Seide fanden, als sie Fr\u00fcchte sammelten. Die Frauen kochten eine Reihe von harten, ungenie\u00dfbaren, wei\u00dfen &#8222;Fr\u00fcchten&#8220; (Kokons) und schlugen sie sp\u00e4ter. Bei diesem Vorgang wurde das Material entdeckt.<\/p>\n<h3>12. Was genau ist Seide?<\/h3>\n<p>Seide ist der feine Faden, den eine Seidenraupe produziert, um ihren Kokon w\u00e4hrend der Verpuppung zu bauen. Dieser Faden ist bemerkenswert als die st\u00e4rkste und feinste Naturfaser weltweit. Es ist eine Proteinfaser mit einer chemischen Zusammensetzung, die der menschlichen Haut \u00e4hnelt. Daher wird Seide oft als ideale zweite Haut bezeichnet.<\/p>\n<h3>13. Ist Seide Maulbeerseide?<\/h3>\n<p>In der Regel werden hochwertige Seidenartikel, wie die von PandaSilk, aus 100 % reiner Maulbeerseide hergestellt. Sie ist das Ergebnis der Z\u00fcchtung von Seidenraupen mit einer Ern\u00e4hrung, die ausschlie\u00dflich aus Maulbeerbl\u00e4ttern besteht, wodurch sie von h\u00f6chster Qualit\u00e4t f\u00fcr die Verwendung in Textilien ist.<\/p>\n<h3>14. Ist Charmeuse-Seide dasselbe wie Maulbeerseide?<\/h3>\n<p>Charmeuse-Seide ist eine bestimmte Webart, w\u00e4hrend Maulbeerseide die Seidenmaterialart ist (stammt von der Maulbeerbaum fressenden Seidenraupe), die f\u00fcr die Herstellung von Charmeuse oder anderen Arten von Seidenstoffen wie Chiffon, Habotai, Krepp usw. verwendet wird. Die Seide stammt von Seidenraupen, die nur Maulbeerbl\u00e4tter gefressen haben. Charmeuse beschreibt das endg\u00fcltige Gewebe; es ist die luxuri\u00f6seste Wahl, die f\u00fcr ihr gl\u00e4nzendes Aussehen bekannt ist. Am h\u00e4ufigsten findet man sie in Bettwaren. Andere weniger verbreitete und d\u00fcnnere Seidenstoffe, wie z. B. Seidenchiffon oder Habotai, k\u00f6nnen auch in anderen Kleidungsst\u00fccken verwendet werden.<\/p>\n<h3>15. Was ist Charmeuse und Satinsseide?<\/h3>\n<p>Seide kann zu verschiedenen Arten von Textilien gewebt werden, wie z. B. Seidenchiffon, Seidenkrepp und Seidencharmeuse\/Satin. Charmeuse und Satin beziehen sich auf bestimmte Arten von Geweben, die sich durch ihre glatte Oberfl\u00e4che und ihr oft luxuri\u00f6ses Gef\u00fchl auszeichnen. Die beiden sind praktisch die gleiche Art von dichtem, schwerem Gewebe mit einer gl\u00e4nzenden Vorderseite und einer matten R\u00fcckseite. Oft wird Satin oder Sateen von Polyester &#8222;gekapert&#8220;, um ihm einen seiden\u00e4hnlicheren Glanz zu verleihen. Aus diesem Grund kennzeichnen seri\u00f6se Marken Produkte immer deutlich als &#8222;Seide&#8220; mit Bezug auf Charmeuse. Top-Marken w\u00e4hlen Charmeuse, wie sie Seide auf dem roten Teppich verwenden w\u00fcrden.<\/p>\n<h3>16. Wie lange halten Seidenbettw\u00e4sche?<\/h3>\n<p>Im Durchschnitt kann Seidenbettw\u00e4sche etwa 1 bis 3 Jahre halten, vorausgesetzt, die richtige Pflege und Verwendung werden beachtet. Andere Variablen k\u00f6nnen auch die Lebensdauer der Laken beeinflussen. Zu ber\u00fccksichtigende Elemente sind Gewicht und Wurfverhalten sowie die H\u00e4ufigkeit des Waschens. Wenn sie zu oft gewaschen werden, kann dies die Lebensdauer der Laken verk\u00fcrzen. Die Umgebung im Raum oder andere Schlaf- oder pers\u00f6nliche Bedingungen k\u00f6nnen die Lebensdauer von Seidenlaken verk\u00fcrzen.<\/p>\n<h3>17. Was geh\u00f6rt zur Aufzucht von Seidenraupen?<\/h3>\n<p>Die Aufzucht von Seidenraupen f\u00fcr die Seidenproduktion erfordert erhebliche Anstrengungen, um gute Textilfasern zu erzeugen, insbesondere indem man sie in ruhigen, hygienischen Bedingungen h\u00e4lt, w\u00e4hrend man ihnen kultivierte Maulbeerbl\u00e4tter gibt.<\/p>\n<h3>18. Ist Seide umweltfreundlich?<\/h3>\n<p>Im Allgemeinen ist Maulbeerseide umweltfreundlich, da sie von Insekten hergestellt wird, ohne sch\u00e4dliche Nebenprodukte zu erzeugen, wodurch ein sicheres und umweltvertr\u00e4gliches Material entsteht.<\/p>\n<h3>19. Wo werden Seidenraupen gesammelt?<\/h3>\n<p>Seidenraupenkokons werden in chinesischen D\u00f6rfern gesammelt, und die Herstellung erfolgt in nahegelegenen Einrichtungen, haupts\u00e4chlich in China, weil das Land weitgehend f\u00fcr die weltweite Seidenproduktion verantwortlich ist.<\/p>\n<h3>20. Wo hat die Seidenstra\u00dfe ihren Ursprung?<\/h3>\n<p>Die Seidenstra\u00dfe begann in Chang&#8217;an (heute Xi&#8217;an) und erstreckte sich nach Westen in Richtung Mittelmeer, insbesondere indem sie China \u00fcber Samarkand, das heutige Usbekistan, mit der iranischen Welt verband. Zur Zeit des R\u00f6mischen Reiches gab es keine direkte Handels- und Verkehrsroute zwischen Rom und China f\u00fcr diese G\u00fcter. Man nahm vielmehr an, dass es sich um eine sekund\u00e4re oder terti\u00e4re Route handelte, bei der die R\u00f6mer von Zweitverk\u00e4ufern an verschiedenen Orten entlang der Seidenstra\u00dfe kauften, wodurch diese Route eher ein Verkaufsort als eine gro\u00dfe Schleife einer Route darstellte.<\/p>\n<h3>21. Was ist die Fadenzahl von Seide?<\/h3>\n<p>Bei der Messung von Seide wird das Momme (das Gewicht) bevorzugt, und die Fadenzahl ist in den Hintergrund getreten. Zur Orientierung haben Marken wie PandaSilk etwa:<\/p>\n<table class=\"table table-striped table-bordered\">\n<thead>\n<tr>\n<th>Momme<\/th>\n<th>Fadenzahl<\/th>\n<\/tr>\n<\/thead>\n<tbody>\n<tr>\n<td>19 MM<\/td>\n<td>400<\/td>\n<\/tr>\n<tr>\n<td>22 MM<\/td>\n<td>600<\/td>\n<\/tr>\n<tr>\n<td>25 MM<\/td>\n<td>800<\/td>\n<\/tr>\n<tr>\n<td>30 MM<\/td>\n<td>1200<\/td>\n<\/tr>\n<\/tbody>\n<\/table>\n<h3>22. Was ist der OEKO-TEX\u00ae Standard 100?<\/h3>\n<p>Der OEKO-TEX Standard 100 ist ein internationales, unabh\u00e4ngiges Zertifizierungs- und Pr\u00fcfsystem, das sicherstellt, dass Textilprodukte gr\u00fcndlich auf Schadstoffe gepr\u00fcft wurden, wobei jede Phase ber\u00fccksichtigt wird. Textilien mit dieser Zertifizierung haben die Standards des Systems an jedem ihrer Herstellungspunkte erf\u00fcllt, sei es Fasern oder Fertigprodukte, einschlie\u00dflich des verschiedenen Zubeh\u00f6rs des Produkts. Die Zertifizierung erm\u00f6glicht Produktetiketten mit der Aufschrift &#8222;Textiles Vertrauen&#8220;. Eine weitere Ebene umfasst auch die \u00f6kologische Verantwortung mit Etiketten nach dem Oeko-Tex Standard 1000. Alle wurden in jeder Phase der Herstellung auf ihre einzigartige Zusammensetzung getestet.<\/p>\n<p>Seide bleibt ein faszinierendes Material, das durch seine einzigartigen Eigenschaften und seine lange Geschichte besticht. Von der richtigen Pflege \u00fcber die Produktionsmethoden bis hin zu den Herkunftsorten bietet Seide eine F\u00fclle an Informationen, die es zu erkunden gilt. Ob f\u00fcr luxuri\u00f6se Kleidung, bequeme Bettw\u00e4sche oder kunstvolle Dekoration, Seide ist ein vielseitiges und zeitloses Material, das weiterhin gesch\u00e4tzt wird.<\/p>\n","protected":false},"excerpt":{"rendered":"<p>Seide, ein luxuri\u00f6ses und zeitloses Gewebe, fasziniert die Menschen seit Jahrtausenden. Von ihren antiken Urspr\u00fcngen in China bis zu ihrer zeitgen\u00f6ssischen Pr\u00e4senz in Mode und Heimtextilien ist Seide nach wie vor ein begehrtes Material. Dieser Artikel zielt darauf ab, die h\u00e4ufigsten Fragen rund um Seide zu beantworten und klare und umfassende Antworten zu geben. 1.<\/p>\n","protected":false},"author":1,"featured_media":1551,"parent":0,"menu_order":352,"comment_status":"closed","ping_status":"closed","template":"","meta":{"footnotes":""},"class_list":["post-65718","page","type-page","status-publish","has-post-thumbnail","hentry","prodpage-classic"],"aioseo_notices":[],"_links":{"self":[{"href":"https:\/\/www.pandasilk.com\/de\/wp-json\/wp\/v2\/pages\/65718","targetHints":{"allow":["GET"]}}],"collection":[{"href":"https:\/\/www.pandasilk.com\/de\/wp-json\/wp\/v2\/pages"}],"about":[{"href":"https:\/\/www.pandasilk.com\/de\/wp-json\/wp\/v2\/types\/page"}],"author":[{"embeddable":true,"href":"https:\/\/www.pandasilk.com\/de\/wp-json\/wp\/v2\/users\/1"}],"replies":[{"embeddable":true,"href":"https:\/\/www.pandasilk.com\/de\/wp-json\/wp\/v2\/comments?post=65718"}],"version-history":[{"count":0,"href":"https:\/\/www.pandasilk.com\/de\/wp-json\/wp\/v2\/pages\/65718\/revisions"}],"wp:featuredmedia":[{"embeddable":true,"href":"https:\/\/www.pandasilk.com\/de\/wp-json\/wp\/v2\/media\/1551"}],"wp:attachment":[{"href":"https:\/\/www.pandasilk.com\/de\/wp-json\/wp\/v2\/media?parent=65718"}],"curies":[{"name":"wp","href":"https:\/\/api.w.org\/{rel}","templated":true}]}}