{"id":128125,"date":"2015-05-18T05:44:48","date_gmt":"2015-05-17T21:44:48","guid":{"rendered":"https:\/\/www.pandasilk.com\/return-refund-policy\/"},"modified":"2025-01-18T12:45:29","modified_gmt":"2025-01-18T20:45:29","slug":"return-refund-policy","status":"publish","type":"page","link":"https:\/\/www.pandasilk.com\/es\/return-refund-policy\/","title":{"rendered":"Pol\u00edtica de devoluciones"},"content":{"rendered":"<p>Estamos comprometidos a asegurar que tengas una experiencia de compra positiva. Si no est\u00e1s completamente satisfecho con tu compra, estamos aqu\u00ed para ayudarte. Ofrecemos devoluciones y reembolsos sencillos, sujetos a ciertas condiciones que se describen en nuestra pol\u00edtica a continuaci\u00f3n. Por favor, no dudes en ponerte en contacto con nuestro equipo de atenci\u00f3n al cliente si tienes alguna pregunta.<\/p>\n<h3>1. Pol\u00edtica de Devoluciones<\/h3>\n<p>General: Debido al alto costo de la fabricaci\u00f3n de la tela de seda, generalmente no aceptamos devoluciones por pedidos realizados debido a un cambio de opini\u00f3n. Por favor, considera cuidadosamente tu compra antes de realizar un pedido.<\/p>\n<p>Errores en el Pedido: Si recibes art\u00edculos incorrectos, faltantes o da\u00f1ados, por favor, cont\u00e1ctanos inmediatamente con fotos de la etiqueta de FedEx y cualquier da\u00f1o. Cambiaremos los art\u00edculos r\u00e1pidamente o enviaremos los que falten.<\/p>\n<p>Problemas de Calidad:<\/p>\n<p>Ropa de Cama: Para problemas de calidad con los productos de ropa de cama, ofrecemos un reembolso completo. Ropa de Dormir: Para problemas de calidad con la ropa de dormir, ofrecemos un cambio. Ropa Interior: Debido a la naturaleza del producto, no aceptamos devoluciones ni cambios de ropa interior de seda.<\/p>\n<h3>2. Pol\u00edtica de Reembolsos<\/h3>\n<p>Elegible para Reembolso: Puedes ser elegible para un reembolso en las siguientes circunstancias:<\/p>\n<p>Art\u00edculos Incorrectos: Enviamos los productos equivocados. Art\u00edculos Da\u00f1ados: Los productos se da\u00f1aron durante el proceso de env\u00edo. Art\u00edculos Faltantes: Faltaban art\u00edculos en tu pedido. (Por favor, ten en cuenta que algunos pedidos pueden enviarse en varios paquetes. Consulta los correos electr\u00f3nicos de confirmaci\u00f3n de tu pedido para obtener m\u00e1s detalles). Discrepancia Significativa: El producto recibido difiere significativamente de la imagen en nuestro sitio web. (Por favor, ten en cuenta que pueden producirse peque\u00f1as variaciones de color debido a las diferencias en las pantallas de los ordenadores y en la configuraci\u00f3n de los dispositivos).<\/p>\n<p>Gastos de Env\u00edo: Los gastos de env\u00edo generalmente no son reembolsables.<\/p>\n<p>Procesamiento de Reembolsos: Los reembolsos se procesar\u00e1n en un plazo de 2 d\u00edas h\u00e1biles tras la recepci\u00f3n de los art\u00edculos devueltos.<\/p>\n<p>Env\u00edo de Devoluci\u00f3n: Eres responsable de los gastos de env\u00edo de la devoluci\u00f3n, a menos que los art\u00edculos se hayan da\u00f1ado durante el env\u00edo.<\/p>\n<p>Direcci\u00f3n de Devoluci\u00f3n: Para obtener la direcci\u00f3n de devoluci\u00f3n, por favor, cont\u00e1ctanos a trav\u00e9s del formulario de contacto en <a href=\"https:\/\/www.pandasilk.com\/es\/contact\/\">https:\/\/www.pandasilk.com\/es\/contact\/<\/a><\/p>\n<h3>3. Gastos de Env\u00edo<\/h3>\n<p>El Vendedor Paga el Env\u00edo de Devoluci\u00f3n: Si la devoluci\u00f3n o el cambio se debe a un error por nuestra parte (art\u00edculos incorrectos, art\u00edculos da\u00f1ados, art\u00edculos faltantes), cubriremos el costo de env\u00edo de la devoluci\u00f3n a nuestra ubicaci\u00f3n en Chengdu, CN.<\/p>\n<p>El Cliente Paga el Env\u00edo de Devoluci\u00f3n: Si devuelves art\u00edculos debido a un cambio de opini\u00f3n (sin problemas de calidad), eres responsable de los gastos de env\u00edo de la devoluci\u00f3n.<\/p>\n","protected":false},"excerpt":{"rendered":"<p>Estamos comprometidos a asegurar que tengas una experiencia de compra positiva. Si no est\u00e1s completamente satisfecho con tu compra, estamos aqu\u00ed para ayudarte. Ofrecemos devoluciones y reembolsos sencillos, sujetos a ciertas condiciones que se describen en nuestra pol\u00edtica a continuaci\u00f3n. Por favor, no dudes en ponerte en contacto con nuestro equipo de atenci\u00f3n al cliente<\/p>\n","protected":false},"author":1,"featured_media":0,"parent":0,"menu_order":40,"comment_status":"closed","ping_status":"closed","template":"","meta":{"footnotes":""},"class_list":["post-128125","page","type-page","status-publish","hentry","prodpage-classic"],"aioseo_notices":[],"_links":{"self":[{"href":"https:\/\/www.pandasilk.com\/es\/wp-json\/wp\/v2\/pages\/128125","targetHints":{"allow":["GET"]}}],"collection":[{"href":"https:\/\/www.pandasilk.com\/es\/wp-json\/wp\/v2\/pages"}],"about":[{"href":"https:\/\/www.pandasilk.com\/es\/wp-json\/wp\/v2\/types\/page"}],"author":[{"embeddable":true,"href":"https:\/\/www.pandasilk.com\/es\/wp-json\/wp\/v2\/users\/1"}],"replies":[{"embeddable":true,"href":"https:\/\/www.pandasilk.com\/es\/wp-json\/wp\/v2\/comments?post=128125"}],"version-history":[{"count":0,"href":"https:\/\/www.pandasilk.com\/es\/wp-json\/wp\/v2\/pages\/128125\/revisions"}],"wp:attachment":[{"href":"https:\/\/www.pandasilk.com\/es\/wp-json\/wp\/v2\/media?parent=128125"}],"curies":[{"name":"wp","href":"https:\/\/api.w.org\/{rel}","templated":true}]}}