{"id":128158,"date":"2015-05-18T05:41:32","date_gmt":"2015-05-17T21:41:32","guid":{"rendered":"https:\/\/www.pandasilk.com\/shipping-payment\/"},"modified":"2025-01-18T12:45:43","modified_gmt":"2025-01-18T20:45:43","slug":"shipping-payment","status":"publish","type":"page","link":"https:\/\/www.pandasilk.com\/es\/shipping-payment\/","title":{"rendered":"Pol\u00edtica de env\u00edo"},"content":{"rendered":"<p>La mayor\u00eda de los art\u00edculos (como s\u00e1banas de seda, fundas de almohada y ropa) se procesan y est\u00e1n listos para enviar en un plazo de 5 d\u00edas h\u00e1biles. Sin embargo, el bordado chino personalizado Shu requiere varias semanas, y las alfombras de seda anudadas a mano personalizadas pueden tardar meses. Enviamos todos los pedidos a trav\u00e9s de FedEx o EMS, con entrega generalmente dentro de los 7 d\u00edas h\u00e1biles.<\/p>\n<p>Se aplica una tarifa de env\u00edo fija de 25 USD. Tenga en cuenta que no podemos realizar env\u00edos a apartados de correos o direcciones militares (APO\/FPO).<\/p>\n<p>Recibir\u00e1 un correo electr\u00f3nico de confirmaci\u00f3n de env\u00edo con su n\u00famero de seguimiento.<\/p>\n<p>Si su paquete llega da\u00f1ado: Por favor, fotograf\u00ede la etiqueta de FedEx y los art\u00edculos da\u00f1ados, luego env\u00edenos un correo electr\u00f3nico a info@pandasilk.com. Conserve todo el embalaje original y los productos da\u00f1ados.<\/p>\n","protected":false},"excerpt":{"rendered":"<p>La mayor\u00eda de los art\u00edculos (como s\u00e1banas de seda, fundas de almohada y ropa) se procesan y est\u00e1n listos para enviar en un plazo de 5 d\u00edas h\u00e1biles. Sin embargo, el bordado chino personalizado Shu requiere varias semanas, y las alfombras de seda anudadas a mano personalizadas pueden tardar meses. Enviamos todos los pedidos a<\/p>\n","protected":false},"author":1,"featured_media":6253,"parent":0,"menu_order":38,"comment_status":"closed","ping_status":"closed","template":"","meta":{"footnotes":""},"class_list":["post-128158","page","type-page","status-publish","has-post-thumbnail","hentry","prodpage-classic"],"aioseo_notices":[],"_links":{"self":[{"href":"https:\/\/www.pandasilk.com\/es\/wp-json\/wp\/v2\/pages\/128158","targetHints":{"allow":["GET"]}}],"collection":[{"href":"https:\/\/www.pandasilk.com\/es\/wp-json\/wp\/v2\/pages"}],"about":[{"href":"https:\/\/www.pandasilk.com\/es\/wp-json\/wp\/v2\/types\/page"}],"author":[{"embeddable":true,"href":"https:\/\/www.pandasilk.com\/es\/wp-json\/wp\/v2\/users\/1"}],"replies":[{"embeddable":true,"href":"https:\/\/www.pandasilk.com\/es\/wp-json\/wp\/v2\/comments?post=128158"}],"version-history":[{"count":0,"href":"https:\/\/www.pandasilk.com\/es\/wp-json\/wp\/v2\/pages\/128158\/revisions"}],"wp:featuredmedia":[{"embeddable":true,"href":"https:\/\/www.pandasilk.com\/es\/wp-json\/wp\/v2\/media\/6253"}],"wp:attachment":[{"href":"https:\/\/www.pandasilk.com\/es\/wp-json\/wp\/v2\/media?parent=128158"}],"curies":[{"name":"wp","href":"https:\/\/api.w.org\/{rel}","templated":true}]}}