{"id":164868,"date":"2026-01-13T01:54:41","date_gmt":"2026-01-13T09:54:41","guid":{"rendered":"https:\/\/www.pandasilk.com\/product\/silk-cheongsam\/"},"modified":"2026-02-28T06:45:32","modified_gmt":"2026-02-28T14:45:32","slug":"silk-cheongsam","status":"publish","type":"product","link":"https:\/\/www.pandasilk.com\/es\/product\/silk-cheongsam\/","title":{"rendered":"Cheongsam de Seda"},"content":{"rendered":"<p>Abrace la gracia y la belleza de la vestimenta tradicional china con nuestro cheongsam de seda exquisitamente confeccionado. Conocido como qipao, este vestido de una sola pieza es un s\u00edmbolo de feminidad y herencia cultural. Nuestra interpretaci\u00f3n moderna est\u00e1 confeccionada con la m\u00e1s fina seda de morera, reconocida por su suavidad, transpirabilidad y hermosa ca\u00edda.<\/p>\n<p>Este elegante vestido presenta un atemporal cuello mao y est\u00e1 adornado con intrincados patrones florales bordados a mano. La silueta entallada est\u00e1 dise\u00f1ada para realzar su figura, mientras que las aberturas laterales ofrecen un toque de encanto y facilidad de movimiento. Los tradicionales nudos pankou a lo largo del cierre diagonal a\u00f1aden un toque aut\u00e9ntico y artesanal.<\/p>\n<p>Ya sea para asistir a una ceremonia del t\u00e9, una boda o una elegante velada, nuestro cheongsam de seda es la elecci\u00f3n perfecta para un look memorable y sofisticado. Es una pieza vers\u00e1til que se puede combinar con accesorios modernos o tradicionales para adaptarse a cualquier ocasi\u00f3n.<\/p>\n<p>Para mantener la belleza y la longevidad de su cheongsam de seda, por favor, siga estas instrucciones de cuidado:<\/p>\n<ul>\n<li>Lavar a mano en agua fr\u00eda con un detergente suave y apto para seda.<\/li>\n<li>Mueva la prenda con suavidad, pero no la estruje ni la retuerza.<\/li>\n<li>Enjuagar abundantemente con agua fr\u00eda y limpia.<\/li>\n<li>Para eliminar el exceso de agua, extienda el cheongsam sobre una toalla limpia y seca y enr\u00f3llelo suavemente.<\/li>\n<li>Colgar para secar en una zona de sombra, lejos de la luz solar directa, para evitar que la seda se decolore.<\/li>\n<li>Si es necesario, planchar a baja temperatura, preferiblemente mientras la prenda est\u00e9 a\u00fan ligeramente h\u00fameda. Coloque un pa\u00f1o entre la plancha y la seda para proteger el tejido.<\/li>\n<\/ul>\n","protected":false},"excerpt":{"rendered":"<p>Experimente la elegancia atemporal con nuestro deslumbrante cheongsam de seda. Este moderno qipao, confeccionado en lujosa seda de morera, presenta un cl\u00e1sico cuello mao, delicados nudos pankou y una silueta favorecedora. Perfecto para bodas, eventos formales o cualquier ocasi\u00f3n especial en la que desee causar una impresi\u00f3n sofisticada.<\/p>\n<p><a class=\"btn-element btn-element-2 btn btn-default btn-icon--before btn--rounded\" href=\"https:\/\/www.pandasilk.com\/es\/product\/silk-cheongsam\/\">Silk Cheongsam<\/a><\/p>\n","protected":false},"featured_media":163620,"comment_status":"open","ping_status":"closed","template":"","meta":[],"product_brand":[],"product_cat":[38081,38139],"product_tag":[],"class_list":{"0":"post-164868","1":"product","2":"type-product","3":"status-publish","4":"has-post-thumbnail","6":"product_cat-silk-clothing-es","7":"product_cat-women-es","8":"tm-no-options","10":"first","11":"instock","12":"shipping-taxable","13":"product-type-external","14":"prodpage-classic"},"aioseo_notices":[],"_links":{"self":[{"href":"https:\/\/www.pandasilk.com\/es\/wp-json\/wp\/v2\/product\/164868","targetHints":{"allow":["GET"]}}],"collection":[{"href":"https:\/\/www.pandasilk.com\/es\/wp-json\/wp\/v2\/product"}],"about":[{"href":"https:\/\/www.pandasilk.com\/es\/wp-json\/wp\/v2\/types\/product"}],"replies":[{"embeddable":true,"href":"https:\/\/www.pandasilk.com\/es\/wp-json\/wp\/v2\/comments?post=164868"}],"wp:featuredmedia":[{"embeddable":true,"href":"https:\/\/www.pandasilk.com\/es\/wp-json\/wp\/v2\/media\/163620"}],"wp:attachment":[{"href":"https:\/\/www.pandasilk.com\/es\/wp-json\/wp\/v2\/media?parent=164868"}],"wp:term":[{"taxonomy":"product_brand","embeddable":true,"href":"https:\/\/www.pandasilk.com\/es\/wp-json\/wp\/v2\/product_brand?post=164868"},{"taxonomy":"product_cat","embeddable":true,"href":"https:\/\/www.pandasilk.com\/es\/wp-json\/wp\/v2\/product_cat?post=164868"},{"taxonomy":"product_tag","embeddable":true,"href":"https:\/\/www.pandasilk.com\/es\/wp-json\/wp\/v2\/product_tag?post=164868"}],"curies":[{"name":"wp","href":"https:\/\/api.w.org\/{rel}","templated":true}]}}