{"id":128138,"date":"2015-05-18T05:41:32","date_gmt":"2015-05-17T21:41:32","guid":{"rendered":"https:\/\/www.pandasilk.com\/shipping-payment\/"},"modified":"2025-01-18T12:45:43","modified_gmt":"2025-01-18T20:45:43","slug":"shipping-payment","status":"publish","type":"page","link":"https:\/\/www.pandasilk.com\/fi\/shipping-payment\/","title":{"rendered":"Toimitusk\u00e4yt\u00e4nt\u00f6"},"content":{"rendered":"<p>Useimmat tuotteet (kuten silkkilakanat, tyynyliinat ja vaatteet) k\u00e4sitell\u00e4\u00e4n ja ovat valmiita l\u00e4hetett\u00e4v\u00e4ksi 5 arkip\u00e4iv\u00e4n kuluessa. Mukautettu kiinalainen Shu-kirjonta vaatii kuitenkin useita viikkoja, ja mukautetut k\u00e4sin solmitut silkkimatot voivat kest\u00e4\u00e4 kuukausia. L\u00e4het\u00e4mme kaikki tilaukset FedExin tai EMS:n kautta, ja toimitus on yleens\u00e4 7 arkip\u00e4iv\u00e4n kuluessa.<\/p>\n<p>Perit\u00e4\u00e4n kiinte\u00e4 toimitusmaksu 25 USD. Huomaa, ett\u00e4 emme voi l\u00e4hett\u00e4\u00e4 postilokeroihin tai sotilasosoitteisiin (APO\/FPO).<\/p>\n<p>Saat l\u00e4hetysvahvistuss\u00e4hk\u00f6postin, jossa on seurantanumerosi.<\/p>\n<p>Jos pakettisi saapuu vahingoittuneena: Ota valokuva FedEx-tarrasta ja vahingoittuneista tuotteista ja l\u00e4het\u00e4 meille s\u00e4hk\u00f6postia osoitteeseen info@pandasilk.com. S\u00e4ilyt\u00e4 kaikki alkuper\u00e4iset pakkaukset ja vahingoittuneet tuotteet.<\/p>\n","protected":false},"excerpt":{"rendered":"<p>Useimmat tuotteet (kuten silkkilakanat, tyynyliinat ja vaatteet) k\u00e4sitell\u00e4\u00e4n ja ovat valmiita l\u00e4hetett\u00e4v\u00e4ksi 5 arkip\u00e4iv\u00e4n kuluessa. Mukautettu kiinalainen Shu-kirjonta vaatii kuitenkin useita viikkoja, ja mukautetut k\u00e4sin solmitut silkkimatot voivat kest\u00e4\u00e4 kuukausia. L\u00e4het\u00e4mme kaikki tilaukset FedExin tai EMS:n kautta, ja toimitus on yleens\u00e4 7 arkip\u00e4iv\u00e4n kuluessa. Perit\u00e4\u00e4n kiinte\u00e4 toimitusmaksu 25 USD. Huomaa, ett\u00e4 emme voi l\u00e4hett\u00e4\u00e4 postilokeroihin<\/p>\n","protected":false},"author":1,"featured_media":6253,"parent":0,"menu_order":38,"comment_status":"closed","ping_status":"closed","template":"","meta":{"footnotes":""},"class_list":["post-128138","page","type-page","status-publish","has-post-thumbnail","hentry","prodpage-classic"],"aioseo_notices":[],"_links":{"self":[{"href":"https:\/\/www.pandasilk.com\/fi\/wp-json\/wp\/v2\/pages\/128138","targetHints":{"allow":["GET"]}}],"collection":[{"href":"https:\/\/www.pandasilk.com\/fi\/wp-json\/wp\/v2\/pages"}],"about":[{"href":"https:\/\/www.pandasilk.com\/fi\/wp-json\/wp\/v2\/types\/page"}],"author":[{"embeddable":true,"href":"https:\/\/www.pandasilk.com\/fi\/wp-json\/wp\/v2\/users\/1"}],"replies":[{"embeddable":true,"href":"https:\/\/www.pandasilk.com\/fi\/wp-json\/wp\/v2\/comments?post=128138"}],"version-history":[{"count":0,"href":"https:\/\/www.pandasilk.com\/fi\/wp-json\/wp\/v2\/pages\/128138\/revisions"}],"wp:featuredmedia":[{"embeddable":true,"href":"https:\/\/www.pandasilk.com\/fi\/wp-json\/wp\/v2\/media\/6253"}],"wp:attachment":[{"href":"https:\/\/www.pandasilk.com\/fi\/wp-json\/wp\/v2\/media?parent=128138"}],"curies":[{"name":"wp","href":"https:\/\/api.w.org\/{rel}","templated":true}]}}