{"id":164844,"date":"2026-01-13T01:54:41","date_gmt":"2026-01-13T09:54:41","guid":{"rendered":"https:\/\/www.pandasilk.com\/product\/silk-cheongsam\/"},"modified":"2026-02-28T06:45:34","modified_gmt":"2026-02-28T14:45:34","slug":"silk-cheongsam","status":"publish","type":"product","link":"https:\/\/www.pandasilk.com\/fi\/product\/silk-cheongsam\/","title":{"rendered":"Silkkicheongsam"},"content":{"rendered":"<p>Koe perinteisen kiinalaisen puvun sirous ja kauneus hienostuneesti valmistetulla silkkicheongsamillamme. T\u00e4m\u00e4 yksiosainen mekko, joka tunnetaan my\u00f6s nimell\u00e4 qipao, on naisellisuuden ja kulttuuriperinn\u00f6n symboli. Moderni tulkintamme on valmistettu hienoimmasta mulperisilkist\u00e4, joka on tunnettu pehmeydest\u00e4\u00e4n, hengitt\u00e4vyydest\u00e4\u00e4n ja kauniista laskeutuvuudestaan.<\/p>\n<p>T\u00e4ss\u00e4 elegantissa mekossa on ajaton mandariinikaulus, ja sit\u00e4 koristavat yksityiskohtaiset, k\u00e4sin kirjaillut kukkakuviot. Kotelomekkomainen siluetti on suunniteltu imartelemaan vartaloasi, ja sivuhalkiot tuovat ripauksen vieh\u00e4tyst\u00e4 ja liikkumisen vapautta. Perinteiset pankou-soljet diagonaalisessa kiinnityksess\u00e4 lis\u00e4\u00e4v\u00e4t aidon ja k\u00e4sity\u00f6l\u00e4ism\u00e4isen vivahteen.<\/p>\n<p>Olitpa osallistumassa teeseremoniaan, h\u00e4ihin tai eleganttiin iltajuhlaan, silkkicheongsamimme on t\u00e4ydellinen valinta ikimuistoiseen ja hienostuneeseen tyyliin. Se on monipuolinen asu, jonka voi stailata moderneilla tai perinteisill\u00e4 asusteilla sopimaan mihin tahansa tilaisuuteen.<\/p>\n<p>S\u00e4ilytt\u00e4\u00e4ksesi silkkicheongsamisi kauneuden ja pitk\u00e4ik\u00e4isyyden, noudata seuraavia hoito-ohjeita:<\/p>\n<ul>\n<li>Pese k\u00e4sin kylm\u00e4ss\u00e4 vedess\u00e4 hell\u00e4varaisella, silkille sopivalla pesuaineella.<\/li>\n<li>Liikuta vaatetta vedess\u00e4 hell\u00e4sti, mutta \u00e4l\u00e4 v\u00e4\u00e4nn\u00e4 tai kierr\u00e4 sit\u00e4.<\/li>\n<li>Huuhtele huolellisesti kylm\u00e4ll\u00e4, puhtaalla vedell\u00e4.<\/li>\n<li>Poista ylim\u00e4\u00e4r\u00e4inen vesi asettamalla cheongsam puhtaan, kuivan pyyhkeen p\u00e4\u00e4lle ja rullaamalla se varovasti pyyhkeen sis\u00e4\u00e4n.<\/li>\n<li>Ripusta kuivumaan varjoisaan paikkaan, suojassa suoralta auringonvalolta, est\u00e4\u00e4ksesi silkin haalistumisen.<\/li>\n<li>Silit\u00e4 tarvittaessa miedolla l\u00e4mm\u00f6ll\u00e4, mieluiten kun vaate on viel\u00e4 hieman kostea. Aseta kangas silitysraudan ja silkin v\u00e4liin suojataksesi materiaalia.<\/li>\n<\/ul>\n","protected":false},"excerpt":{"rendered":"<p>Koe ajaton eleganssi upealla silkkicheongsamillamme. T\u00e4ss\u00e4 ylellisest\u00e4 mulperisilkist\u00e4 valmistetussa modernissa qipaossa on klassinen mandariinikaulus, sirot pankou-soljet ja imarteleva siluetti. T\u00e4ydellinen h\u00e4ihin, juhlatilaisuuksiin tai mihin tahansa erityiseen hetkeen, jossa haluat luoda hienostuneen vaikutelman.<\/p>\n<p><a class=\"btn-element btn-element-2 btn btn-default btn-icon--before btn--rounded\" href=\"https:\/\/www.pandasilk.com\/fi\/product\/silk-cheongsam\/\">Silk Cheongsam<\/a><\/p>\n","protected":false},"featured_media":163620,"comment_status":"open","ping_status":"closed","template":"","meta":[],"product_brand":[],"product_cat":[38122,38056],"product_tag":[],"class_list":{"0":"post-164844","1":"product","2":"type-product","3":"status-publish","4":"has-post-thumbnail","6":"product_cat-women-fi","7":"product_cat-silk-clothing-fi","8":"tm-no-options","10":"first","11":"instock","12":"shipping-taxable","13":"product-type-external","14":"prodpage-classic"},"aioseo_notices":[],"_links":{"self":[{"href":"https:\/\/www.pandasilk.com\/fi\/wp-json\/wp\/v2\/product\/164844","targetHints":{"allow":["GET"]}}],"collection":[{"href":"https:\/\/www.pandasilk.com\/fi\/wp-json\/wp\/v2\/product"}],"about":[{"href":"https:\/\/www.pandasilk.com\/fi\/wp-json\/wp\/v2\/types\/product"}],"replies":[{"embeddable":true,"href":"https:\/\/www.pandasilk.com\/fi\/wp-json\/wp\/v2\/comments?post=164844"}],"wp:featuredmedia":[{"embeddable":true,"href":"https:\/\/www.pandasilk.com\/fi\/wp-json\/wp\/v2\/media\/163620"}],"wp:attachment":[{"href":"https:\/\/www.pandasilk.com\/fi\/wp-json\/wp\/v2\/media?parent=164844"}],"wp:term":[{"taxonomy":"product_brand","embeddable":true,"href":"https:\/\/www.pandasilk.com\/fi\/wp-json\/wp\/v2\/product_brand?post=164844"},{"taxonomy":"product_cat","embeddable":true,"href":"https:\/\/www.pandasilk.com\/fi\/wp-json\/wp\/v2\/product_cat?post=164844"},{"taxonomy":"product_tag","embeddable":true,"href":"https:\/\/www.pandasilk.com\/fi\/wp-json\/wp\/v2\/product_tag?post=164844"}],"curies":[{"name":"wp","href":"https:\/\/api.w.org\/{rel}","templated":true}]}}