{"id":128172,"date":"2015-05-18T05:31:03","date_gmt":"2015-05-17T21:31:03","guid":{"rendered":"https:\/\/www.pandasilk.com\/privacy-policy\/"},"modified":"2025-01-18T12:45:18","modified_gmt":"2025-01-18T20:45:18","slug":"privacy-policy","status":"publish","type":"page","link":"https:\/\/www.pandasilk.com\/fr\/privacy-policy\/","title":{"rendered":"Politique de confidentialit\u00e9"},"content":{"rendered":"<p>PandaSilk reconna\u00eet l&rsquo;importance de prot\u00e9ger votre vie priv\u00e9e et s&rsquo;engage \u00e0 assurer la s\u00e9curit\u00e9 de vos informations personnelles. La pr\u00e9sente Politique de confidentialit\u00e9 d\u00e9crit comment nous collectons, utilisons et prot\u00e9geons vos donn\u00e9es lorsque vous interagissez avec notre site Web.<\/p>\n<h3>Utilisation des cookies<\/h3>\n<p>Pour am\u00e9liorer votre exp\u00e9rience de navigation et faciliter un processus d&rsquo;achat fluide, nous utilisons des cookies sur notre site Web. Les cookies sont de petits fichiers de donn\u00e9es crypt\u00e9s contenant des informations d&rsquo;identification uniques de l&rsquo;utilisateur. Ces fichiers sont stock\u00e9s en toute s\u00e9curit\u00e9 sur nos serveurs et peuvent \u00eatre plac\u00e9s sur le disque dur de votre ordinateur. Les cookies nous aident \u00e0 :<\/p>\n<p>M\u00e9moriser les articles de votre panier : cela garantit que vous ne perdez pas les produits s\u00e9lectionn\u00e9s lorsque vous naviguez sur notre site.<\/p>\n<p>Am\u00e9liorer les fonctionnalit\u00e9s du site Web : les cookies nous aident \u00e0 comprendre comment les utilisateurs interagissent avec notre site, ce qui nous permet d&rsquo;optimiser et d&rsquo;am\u00e9liorer votre exp\u00e9rience globale.<\/p>\n<p>Offrir une exp\u00e9rience plus personnalis\u00e9e : les cookies peuvent nous permettre d&rsquo;adapter le contenu et les recommandations \u00e0 vos centres d&rsquo;int\u00e9r\u00eat sp\u00e9cifiques.<\/p>\n<h3>Achats s\u00e9curis\u00e9s HTTPS<\/h3>\n<p>Nous accordons la priorit\u00e9 \u00e0 la s\u00e9curit\u00e9 de vos informations sensibles. Lorsque vous saisissez des informations personnelles telles que les informations de votre compte PayPal, votre adresse \u00e9lectronique ou votre num\u00e9ro de carte de cr\u00e9dit sur notre page de paiement, nous utilisons la technologie de cryptage des donn\u00e9es Secure Socket Layer (SSL). Cette technologie standard de l&rsquo;industrie garantit que toutes les donn\u00e9es transmises entre votre navigateur et notre serveur sont crypt\u00e9es, ce qui les rend illisibles pour les parties non autoris\u00e9es. Cette mesure de s\u00e9curit\u00e9 robuste prot\u00e8ge vos donn\u00e9es de paiement et personnelles lors de vos transactions avec nous.<\/p>\n<h3>Collecte et utilisation de vos informations personnelles<\/h3>\n<p>Afin de traiter efficacement vos commandes, de vous tenir inform\u00e9 des mises \u00e0 jour pertinentes et d&rsquo;am\u00e9liorer continuellement votre exp\u00e9rience d&rsquo;achat, nous recueillons certaines informations aupr\u00e8s de vous. Celles-ci peuvent comprendre :<\/p>\n<p>Adresse \u00e9lectronique : utilis\u00e9e pour communiquer les confirmations de commande, les notifications d&rsquo;exp\u00e9dition et les mises \u00e0 jour importantes concernant PandaSilk.<\/p>\n<p>Adresse de livraison : requise pour la livraison des produits que vous avez achet\u00e9s.<\/p>\n<h3>Votre vie priv\u00e9e est primordiale<\/h3>\n<p>Nous vous assurons que toutes les informations personnelles que vous soumettez \u00e0 notre site sont trait\u00e9es avec la plus grande confidentialit\u00e9 et s\u00e9curit\u00e9. Nous prenons des mesures raisonnables pour prot\u00e9ger vos donn\u00e9es contre tout acc\u00e8s, utilisation ou divulgation non autoris\u00e9s. Nous nous engageons \u00e0 maintenir votre vie priv\u00e9e et \u00e0 \u00e9tablir une relation de confiance.<\/p>\n","protected":false},"excerpt":{"rendered":"<p>PandaSilk reconna\u00eet l&rsquo;importance de prot\u00e9ger votre vie priv\u00e9e et s&rsquo;engage \u00e0 assurer la s\u00e9curit\u00e9 de vos informations personnelles. La pr\u00e9sente Politique de confidentialit\u00e9 d\u00e9crit comment nous collectons, utilisons et prot\u00e9geons vos donn\u00e9es lorsque vous interagissez avec notre site Web. Utilisation des cookies Pour am\u00e9liorer votre exp\u00e9rience de navigation et faciliter un processus d&rsquo;achat fluide, nous<\/p>\n","protected":false},"author":1,"featured_media":1557,"parent":0,"menu_order":39,"comment_status":"closed","ping_status":"closed","template":"","meta":{"footnotes":""},"class_list":["post-128172","page","type-page","status-publish","has-post-thumbnail","hentry","prodpage-classic"],"aioseo_notices":[],"_links":{"self":[{"href":"https:\/\/www.pandasilk.com\/fr\/wp-json\/wp\/v2\/pages\/128172","targetHints":{"allow":["GET"]}}],"collection":[{"href":"https:\/\/www.pandasilk.com\/fr\/wp-json\/wp\/v2\/pages"}],"about":[{"href":"https:\/\/www.pandasilk.com\/fr\/wp-json\/wp\/v2\/types\/page"}],"author":[{"embeddable":true,"href":"https:\/\/www.pandasilk.com\/fr\/wp-json\/wp\/v2\/users\/1"}],"replies":[{"embeddable":true,"href":"https:\/\/www.pandasilk.com\/fr\/wp-json\/wp\/v2\/comments?post=128172"}],"version-history":[{"count":0,"href":"https:\/\/www.pandasilk.com\/fr\/wp-json\/wp\/v2\/pages\/128172\/revisions"}],"wp:featuredmedia":[{"embeddable":true,"href":"https:\/\/www.pandasilk.com\/fr\/wp-json\/wp\/v2\/media\/1557"}],"wp:attachment":[{"href":"https:\/\/www.pandasilk.com\/fr\/wp-json\/wp\/v2\/media?parent=128172"}],"curies":[{"name":"wp","href":"https:\/\/api.w.org\/{rel}","templated":true}]}}