{"id":164845,"date":"2026-01-13T01:54:41","date_gmt":"2026-01-13T09:54:41","guid":{"rendered":"https:\/\/www.pandasilk.com\/product\/silk-cheongsam\/"},"modified":"2026-02-28T06:45:34","modified_gmt":"2026-02-28T14:45:34","slug":"silk-cheongsam","status":"publish","type":"product","link":"https:\/\/www.pandasilk.com\/fr\/product\/silk-cheongsam\/","title":{"rendered":"Cheongsam en Soie"},"content":{"rendered":"<p>Adoptez la gr\u00e2ce et la beaut\u00e9 de la tenue traditionnelle chinoise avec notre cheongsam en soie d\u00e9licatement confectionn\u00e9. Aussi connue sous le nom de qipao, cette robe d&rsquo;une seule pi\u00e8ce est un symbole de f\u00e9minit\u00e9 et d&rsquo;h\u00e9ritage culturel. Notre interpr\u00e9tation moderne est taill\u00e9e dans la plus fine soie de m\u00fbrier, r\u00e9put\u00e9e pour sa douceur, sa respirabilit\u00e9 et son superbe tomb\u00e9.<\/p>\n<p>Cette robe \u00e9l\u00e9gante pr\u00e9sente un col Mao intemporel et est orn\u00e9e de motifs floraux complexes brod\u00e9s \u00e0 la main. La silhouette fourreau est con\u00e7ue pour flatter votre silhouette, tandis que les fentes lat\u00e9rales offrent une touche de s\u00e9duction et une grande libert\u00e9 de mouvement. Les boutons traditionnels pankou le long de la fermeture en diagonale ajoutent une touche authentique et artisanale.<\/p>\n<p>Que vous assistiez \u00e0 une c\u00e9r\u00e9monie du th\u00e9, \u00e0 un mariage ou \u00e0 une soir\u00e9e \u00e9l\u00e9gante, notre Cheongsam en Soie est le choix parfait pour un look m\u00e9morable et sophistiqu\u00e9. C&rsquo;est une pi\u00e8ce polyvalente qui peut \u00eatre assortie avec des accessoires modernes ou traditionnels pour convenir \u00e0 toutes les occasions.<\/p>\n<p>Pour pr\u00e9server la beaut\u00e9 et la long\u00e9vit\u00e9 de votre cheongsam en soie, veuillez suivre ces instructions d&rsquo;entretien :<\/p>\n<ul>\n<li>Lavez \u00e0 la main \u00e0 l&rsquo;eau froide avec une lessive douce adapt\u00e9e \u00e0 la soie.<\/li>\n<li>Agitez doucement le v\u00eatement, mais ne l&rsquo;essorez pas et ne le tordez pas.<\/li>\n<li>Rincez abondamment \u00e0 l&rsquo;eau froide et claire.<\/li>\n<li>Pour enlever l&rsquo;exc\u00e8s d&rsquo;eau, \u00e9talez le cheongsam \u00e0 plat sur une serviette propre et s\u00e8che et enroulez-le d\u00e9licatement.<\/li>\n<li>Suspendez-le pour le faire s\u00e9cher \u00e0 l&rsquo;ombre, \u00e0 l&rsquo;abri de la lumi\u00e8re directe du soleil, pour \u00e9viter que la soie ne se d\u00e9colore.<\/li>\n<li>Si n\u00e9cessaire, repassez \u00e0 basse temp\u00e9rature, de pr\u00e9f\u00e9rence lorsque le v\u00eatement est encore l\u00e9g\u00e8rement humide. Placez un tissu entre le fer et la soie pour prot\u00e9ger le textile.<\/li>\n<\/ul>\n","protected":false},"excerpt":{"rendered":"<p>D\u00e9couvrez l&rsquo;\u00e9l\u00e9gance intemporelle avec notre magnifique Cheongsam en Soie. Ce qipao moderne, confectionn\u00e9 en luxueuse soie de m\u00fbrier, pr\u00e9sente un col Mao classique, de d\u00e9licats boutons pankou et une silhouette flatteuse. Parfait pour les mariages, les \u00e9v\u00e9nements formels ou toute occasion sp\u00e9ciale o\u00f9 vous souhaitez affirmer votre \u00e9l\u00e9gance.<\/p>\n<p><a class=\"btn-element btn-element-2 btn btn-default btn-icon--before btn--rounded\" href=\"https:\/\/www.pandasilk.com\/fr\/product\/silk-cheongsam\/\">Silk Cheongsam<\/a><\/p>\n","protected":false},"featured_media":163620,"comment_status":"open","ping_status":"closed","template":"","meta":[],"product_brand":[],"product_cat":[38059,38120],"product_tag":[],"class_list":{"0":"post-164845","1":"product","2":"type-product","3":"status-publish","4":"has-post-thumbnail","6":"product_cat-silk-clothing-fr","7":"product_cat-women-fr","8":"tm-no-options","10":"first","11":"instock","12":"shipping-taxable","13":"product-type-external","14":"prodpage-classic"},"aioseo_notices":[],"_links":{"self":[{"href":"https:\/\/www.pandasilk.com\/fr\/wp-json\/wp\/v2\/product\/164845","targetHints":{"allow":["GET"]}}],"collection":[{"href":"https:\/\/www.pandasilk.com\/fr\/wp-json\/wp\/v2\/product"}],"about":[{"href":"https:\/\/www.pandasilk.com\/fr\/wp-json\/wp\/v2\/types\/product"}],"replies":[{"embeddable":true,"href":"https:\/\/www.pandasilk.com\/fr\/wp-json\/wp\/v2\/comments?post=164845"}],"wp:featuredmedia":[{"embeddable":true,"href":"https:\/\/www.pandasilk.com\/fr\/wp-json\/wp\/v2\/media\/163620"}],"wp:attachment":[{"href":"https:\/\/www.pandasilk.com\/fr\/wp-json\/wp\/v2\/media?parent=164845"}],"wp:term":[{"taxonomy":"product_brand","embeddable":true,"href":"https:\/\/www.pandasilk.com\/fr\/wp-json\/wp\/v2\/product_brand?post=164845"},{"taxonomy":"product_cat","embeddable":true,"href":"https:\/\/www.pandasilk.com\/fr\/wp-json\/wp\/v2\/product_cat?post=164845"},{"taxonomy":"product_tag","embeddable":true,"href":"https:\/\/www.pandasilk.com\/fr\/wp-json\/wp\/v2\/product_tag?post=164845"}],"curies":[{"name":"wp","href":"https:\/\/api.w.org\/{rel}","templated":true}]}}