{"id":135271,"date":"2019-06-30T19:49:31","date_gmt":"2019-06-30T11:49:31","guid":{"rendered":"https:\/\/www.pandasilk.com\/faqs\/"},"modified":"2025-01-22T01:42:48","modified_gmt":"2025-01-22T09:42:48","slug":"faqs","status":"publish","type":"page","link":"https:\/\/www.pandasilk.com\/hr\/faqs\/","title":{"rendered":"\u010cesto Postavljana Pitanja o Svili"},"content":{"rendered":"<p>Svila, luksuzna i bezvremenska tkanina, o\u010darava ljude ve\u0107 tisu\u0107lje\u0107ima. Od svog drevnog podrijetla u Kini do svoje suvremene prisutnosti u modi i ku\u0107nom tekstilu, svila ostaje tra\u017een materijal. Ovaj \u010dlanak ima za cilj odgovoriti na naj\u010de\u0161\u0107a pitanja o svili, nude\u0107i jasne i sveobuhvatne odgovore.<\/p>\n<h3>1. Tko mo\u017ee koristiti proizvode od svile?<\/h3>\n<p>Proizvodi od svile iznimno su svestrani i prikladni za ljude svih dobi, uklju\u010duju\u0107i odrasle, djecu i malu djecu. Ako trebate prilago\u0111ene veli\u010dine za predmete poput posteljine, obratite se davatelju, kao \u0161to je PandaSilk, kako biste se raspitali o mogu\u0107nostima prilago\u0111avanja.<\/p>\n<h3>2. Odakle dolazi va\u0161a svila?<\/h3>\n<p>Ve\u0107ina svjetske svile potje\u010de iz Kine, gdje je praksa serikulture (uzgoja svilaca) usavr\u0161ena tijekom tisu\u0107a godina. Najraniji dokazi o proizvodnji svile datiraju iz otprilike 3500. godine prije Krista u drevnoj Kini, \u010dime se u\u010dvrstio njezin status vode\u0107eg proizvo\u0111a\u010da svile. Iako Tajland i Indija tako\u0111er proizvode svilu, njihov u\u010dinak i glatko\u0107a njihovih vlakana op\u0107enito se ne mogu usporediti s onima iz Kine. Italija je poznata po visokokvalitetnoj svili, ali se njihova svila uglavnom koristi za odjevne predmete, a ne za ku\u0107ni tekstil poput posteljine.<\/p>\n<h3>3. Je li va\u0161a svila 100% \u010dista?<\/h3>\n<p>Ve\u0107ina svilenih tkanina doista je izra\u0111ena od 100% \u010diste svile, kao \u0161to je slu\u010daj s ve\u0107inom svile koju prodaju tvrtke poput PandaSilk. Ako tra\u017eite mje\u0161avine, predmeti izra\u0111eni od kombinacija kao \u0161to su bar\u0161un, svila\/viskoza saten ili druge mje\u0161ovite tkanine uvijek su jasno ozna\u010deni kako bi se nazna\u010dio njihov sastav.<\/p>\n<h3>4. Kako se narud\u017ebe isporu\u010duju i koje je vrijeme isporuke?<\/h3>\n<p>Narud\u017ebe se obi\u010dno \u0161alju putem pouzdanih me\u0111unarodnih prijevoznika kao \u0161to su DHL, UPS, FedEx ili EMS. Za kupce u Americi, Kanadi i Australiji isporuke obi\u010dno traju oko 4-5 dana. Me\u0111utim, vrijeme isporuke mo\u017ee se produljiti tijekom blagdana.<\/p>\n<h3>5. Mo\u017ee li se svila prati?<\/h3>\n<p>Da, svila se mo\u017ee prati. Boje ili otisci naneseni na svilu prolaze kroz pranje tijekom proizvodnog procesa kako bi bili postojani. Ru\u010dno pranje preporu\u010duje se za najbolje rezultate.<\/p>\n<h3>6. Koji je pravilan na\u010din pranja svile?<\/h3>\n<p>Ru\u010dno operite svoju svilu u mlakoj vodi koriste\u0107i blagi deterd\u017eent. Nakon pranja, izbjegavajte uvrtanje svile kada je mokra. Nje\u017eno iscijedite vi\u0161ak vode i polo\u017eite je ravno izme\u0111u ru\u010dnika kako bi upili vlagu prije gla\u010danja.<\/p>\n<h3>7. Mo\u017ee li se svila gla\u010dati?<\/h3>\n<p>Svila se mo\u017ee gla\u010dati uz odgovaraju\u0107u njegu, jer je prili\u010dno robusna. Ne ostavljajte vru\u0107e gla\u010dalo na svili dulje vrijeme. Koristite hladno gla\u010dalo i uvijek gla\u010dajte svoje svilene predmete iznutra prema van. Ako je mogu\u0107e, koristite postavku gla\u010dala za svilu, ali ina\u010de najni\u017ea temperatura obi\u010dno djeluje u\u010dinkovito.<\/p>\n<h3>8. Koji konac treba koristiti za \u0161ivanje svile?<\/h3>\n<p>Obi\u010dni konci poput onih koje proizvodi G\u00fctermann dobro funkcioniraju sa svilom. Bolje je ne koristiti \u010disti svileni konac jer se lako zapetlja.<\/p>\n<h3>9. Kolika je te\u017eina momme svilenih jastu\u010dnica?<\/h3>\n<p>Svilene jastu\u010dnice mjere se u momme te\u017eini (izgovara se moe-me). Tvrtke poput PandaSilk nude ih u opcijama od 19, 22 ili 25 momme. \u0160to je ve\u0107i momme, to je ve\u0107a te\u017eina i time izdr\u017eljivost svile.<\/p>\n<h3>10. \u0160to zna\u010di &#8220;momme te\u017eina&#8221;?<\/h3>\n<p>Momme te\u017eina je jedinica koja se koristi za mjerenje te\u017eine svilene tkanine, \u0161to ukazuje na njezinu gusto\u0107u. Ve\u0107a momme te\u017eina zna\u010di deblju, gu\u0161\u0107u i op\u0107enito izdr\u017eljiviju svilu.<\/p>\n<h3>11. Kako je svila nastala?<\/h3>\n<p>Podrijetlo svile se\u017ee u drevnu Kinu, a jedna legenda smje\u0161ta njezino otkri\u0107e carici po imenu Si Ling Chi, koja je navodno promatrala svilce kako predu svoje \u010dahure u kraljevskim vrtovima i sanjala o izradi tkanine od njihovih niti. Drugo obja\u0161njenje ka\u017ee da su neke \u017eene slu\u010dajno prona\u0161le svilu dok su skupljale vo\u0107e. \u017dene su skuhale hrpu tvrdih, nejestivih, bijelih &#8220;plodova&#8221; (\u010dahura), a kasnije ih istukle. Postupkom je otkriven materijal.<\/p>\n<h3>12. \u0160to je to\u010dno svila?<\/h3>\n<p>Svila je fina nit koju proizvodi svilac kako bi izgradio svoju \u010dahuru tijekom kukuljenja. Ova je nit poznata kao najja\u010de i najfinije prirodno vlakno na svijetu. To je proteinsko vlakno s kemijskim sastavom sli\u010dnim ljudskoj ko\u017ei. Kao takva, svila se \u010desto opisuje kao idealna druga ko\u017ea.<\/p>\n<h3>13. Je li svila dudova svila?<\/h3>\n<p>Tipi\u010dno, vrhunski svileni predmeti poput onih tvrtke PandaSilk izra\u0111eni su od 100% \u010diste dudove svile, koja je rezultat uzgoja svilaca na prehrani koja se isklju\u010divo sastoji od listova duda, \u0161to je \u010dini najkvalitetnijom za kori\u0161tenje u tekstilu.<\/p>\n<h3>14. Je li Charmeuse svila ista kao i dudova svila?<\/h3>\n<p>Charmeuse svila je jedna posebna vrsta tkanja, dok je dudova svila vrsta svilenog materijala (dolazi od svilca koji jede listove duda) koja se koristi za proizvodnju charmeuse ili drugih vrsta svilenih tkanina, kao \u0161to su \u0161ifon, habotai, krep itd. Svila dolazi od svilaca koji se hrane samo li\u0161\u0107em duda. Charmeuse opisuje kona\u010dno tkanje; to je najluksuzniji izbor, poznat po svom sjajnom izgledu. Naj\u010de\u0161\u0107e se nalazi u posteljini. Druga, manje uobi\u010dajena i tanja svilena tkanina, kao \u0161to je svileni \u0161ifon ili habotai, tako\u0111er se mo\u017ee koristiti u drugim odjevnim predmetima.<\/p>\n<h3>15. \u0160to je Charmeuse i satenska svila?<\/h3>\n<p>Svila se mo\u017ee tkati u vi\u0161e vrsta tekstila, kao \u0161to su svileni \u0161ifon, svileni krep i svileni charmeuse\/saten. Charmeuse i saten odnose se na specifi\u010dne vrste tkanja koje karakterizira njihova glatka povr\u0161ina i \u010desto luksuzan osje\u0107aj. Njih dvije su gotovo ista vrsta \u010dvrstog, te\u0161kog tkanja sa sjajnom prednjom i mat stra\u017enjom stranom. \u010cesto saten ili saten &#8220;otimaju&#8221; poliester kako bi mu dali sjaj nalik svili. Iz tog razloga, ugledni brendovi uvijek jasno razlikuju proizvode kao &#8220;svila&#8221; s pozivom na Charmeuse. Vrhunski brendovi biraju charmeuse kao \u0161to bi koristili svilu na crvenom tepihu.<\/p>\n<h3>16. Koliko dugo \u0107e trajati svilene plahte?<\/h3>\n<p>U prosjeku, svilene plahte mogu trajati oko 1 do 3 godine, pod uvjetom da se po\u0161tuju odgovaraju\u0107a njega i kori\u0161tenje. Ostale varijable tako\u0111er mogu utjecati na vijek trajanja plahti. Elementi koje treba uzeti u obzir, te\u017eina i obrasci bacanja, te koliko se \u010desto peru. Ako se previ\u0161e peru, to mo\u017ee skratiti vijek trajanja plahti. Okru\u017eenje prostorije ili drugi uvjeti spavanja ili osobni uvjeti mogu skratiti \u017eivot svilenih plahti.<\/p>\n<h3>17. \u0160to je uklju\u010deno u uzgoj svilaca?<\/h3>\n<p>Uzgoj svilaca za proizvodnju svile uklju\u010duje zna\u010dajan napor kako bi se stvorila dobra tekstilna vlakna, najuo\u010dljivije je dr\u017eati ih u tihim, sanitarnim uvjetima, uz to \u0161to im se daje uzgojeno li\u0161\u0107e duda.<\/p>\n<h3>18. Je li svila ekolo\u0161ki prihvatljiva?<\/h3>\n<p>Op\u0107enito, dudova svila je ekolo\u0161ki prihvatljiva zbog toga \u0161to je proizvode kukci bez stvaranja \u0161tetnih nusproizvoda, stvaraju\u0107i siguran i ekolo\u0161ki odr\u017eiv materijal.<\/p>\n<h3>19. Gdje se sakupljaju svilci?<\/h3>\n<p>\u010cahure svilaca sakupljaju se u kineskim selima, a proizvodnja se odvija u obli\u017enjim pogonima, uglavnom u Kini jer je zemlja uvelike odgovorna za svjetsku proizvodnju svile.<\/p>\n<h3>20. Odakle je potekao Put svile?<\/h3>\n<p>Put svile zapo\u010deo je u Chang&#8217;anu (sada Xi&#8217;an) i protezao se prema zapadu prema Sredozemlju, konkretno povezuju\u0107i Kinu s iranskim svijetom preko Samarkanda, koji je dana\u0161nji Uzbekistan. Tijekom Rimskog Carstva nije bio poznat izravan trgova\u010dki i prometni put izme\u0111u Rima i Kine za ove artikle, ve\u0107 se smatralo da je to sekundarna ili tercijarna ruta s Rimljanima koji su kupovali od sekundarnih prodava\u010da na raznim lokacijama du\u017e Puta svile, \u010dine\u0107i tu rutu od mjesta prodaje, a ne jednim velikim krugom rute.<\/p>\n<h3>21. Koliki je broj niti svile?<\/h3>\n<p>Prilikom mjerenja svile, Momme (te\u017eina) je po\u017eeljna, a broj niti je postao sekundaran. Za referencu, brendovi poput PandaSilk imali bi otprilike:<\/p>\n<table class=\"table table-striped table-bordered\">\n<thead>\n<tr>\n<th>Momme<\/th>\n<th>Broj Niti<\/th>\n<\/tr>\n<\/thead>\n<tbody>\n<tr>\n<td>19 MM<\/td>\n<td>400<\/td>\n<\/tr>\n<tr>\n<td>22 MM<\/td>\n<td>600<\/td>\n<\/tr>\n<tr>\n<td>25 MM<\/td>\n<td>800<\/td>\n<\/tr>\n<tr>\n<td>30 MM<\/td>\n<td>1200<\/td>\n<\/tr>\n<\/tbody>\n<\/table>\n<h3>22. \u0160to je OEKO-TEX\u00ae Standard 100?<\/h3>\n<p>OEKO-TEX Standard 100 je me\u0111unarodna, tre\u0107a strana certifikacija i sustav koji osigurava da su tekstilni proizvodi temeljito testirani na \u0161tetne tvari, uzimaju\u0107i u obzir svaku fazu. Tekstil s ovom certifikacijom ispunio je standarde sustava u svakoj od svojih proizvodnih to\u010daka, bilo da se radi o vlaknima ili gotovim proizvodima, uklju\u010duju\u0107i i razne dodatke proizvoda. Certifikat omogu\u0107uje oznake proizvoda, nazvane &#8220;Povjerenje u tekstil&#8221;. Druga razina tako\u0111er obuhva\u0107a odgovornost prema okoli\u0161u s oznakama prema Oeko-Tex Standardu 1000. Sve testirano u odnosu na jedinstveni sastav svakog proizvoda u svim fazama proizvodnje.<\/p>\n<p>Svila ostaje cijenjen materijal zbog svoje ljepote, udobnosti i trajnosti. Razumijevanjem njezinih svojstava i porijekla, mo\u017eemo bolje cijeniti njezinu vrijednost. Bilo da je rije\u010d o luksuznoj posteljini ili elegantnoj odje\u0107i, svila i dalje plijeni ma\u0161tu ljudi diljem svijeta.<\/p>\n","protected":false},"excerpt":{"rendered":"<p>Svila, luksuzna i bezvremenska tkanina, o\u010darava ljude ve\u0107 tisu\u0107lje\u0107ima. Od svog drevnog podrijetla u Kini do svoje suvremene prisutnosti u modi i ku\u0107nom tekstilu, svila ostaje tra\u017een materijal. Ovaj \u010dlanak ima za cilj odgovoriti na naj\u010de\u0161\u0107a pitanja o svili, nude\u0107i jasne i sveobuhvatne odgovore. 1. Tko mo\u017ee koristiti proizvode od svile? Proizvodi od svile iznimno<\/p>\n","protected":false},"author":1,"featured_media":1551,"parent":0,"menu_order":352,"comment_status":"closed","ping_status":"closed","template":"","meta":{"footnotes":""},"class_list":["post-135271","page","type-page","status-publish","has-post-thumbnail","hentry","prodpage-classic"],"aioseo_notices":[],"_links":{"self":[{"href":"https:\/\/www.pandasilk.com\/hr\/wp-json\/wp\/v2\/pages\/135271","targetHints":{"allow":["GET"]}}],"collection":[{"href":"https:\/\/www.pandasilk.com\/hr\/wp-json\/wp\/v2\/pages"}],"about":[{"href":"https:\/\/www.pandasilk.com\/hr\/wp-json\/wp\/v2\/types\/page"}],"author":[{"embeddable":true,"href":"https:\/\/www.pandasilk.com\/hr\/wp-json\/wp\/v2\/users\/1"}],"replies":[{"embeddable":true,"href":"https:\/\/www.pandasilk.com\/hr\/wp-json\/wp\/v2\/comments?post=135271"}],"version-history":[{"count":0,"href":"https:\/\/www.pandasilk.com\/hr\/wp-json\/wp\/v2\/pages\/135271\/revisions"}],"wp:featuredmedia":[{"embeddable":true,"href":"https:\/\/www.pandasilk.com\/hr\/wp-json\/wp\/v2\/media\/1551"}],"wp:attachment":[{"href":"https:\/\/www.pandasilk.com\/hr\/wp-json\/wp\/v2\/media?parent=135271"}],"curies":[{"name":"wp","href":"https:\/\/api.w.org\/{rel}","templated":true}]}}