{"id":135279,"date":"2015-05-18T05:44:48","date_gmt":"2015-05-17T21:44:48","guid":{"rendered":"https:\/\/www.pandasilk.com\/return-refund-policy\/"},"modified":"2025-01-22T01:54:55","modified_gmt":"2025-01-22T09:54:55","slug":"return-refund-policy","status":"publish","type":"page","link":"https:\/\/www.pandasilk.com\/hr\/return-refund-policy\/","title":{"rendered":"Politika Povrata"},"content":{"rendered":"<p>Posve\u0107eni smo pru\u017eanju pozitivnog iskustva kupovine. Ako niste u potpunosti zadovoljni svojom kupnjom, tu smo da vam pomognemo. Nudimo jednostavan postupak povrata i povrata novca, uz odre\u0111ene uvjete navedene u nastavku. Molimo, ne ustru\u010davajte se kontaktirati na\u0161u korisni\u010dku podr\u0161ku s bilo kakvim pitanjima.<\/p>\n<h3>1. Politika Povrata<\/h3>\n<p>Op\u0107enito: Zbog visokih tro\u0161kova proizvodnje svilene tkanine, op\u0107enito ne prihva\u0107amo povrate za narud\u017ebe napravljene zbog promjene mi\u0161ljenja. Molimo pa\u017eljivo razmotrite svoju kupnju prije naru\u010divanja.<\/p>\n<p>Pogre\u0161ke u narud\u017ebi: Ako primite neto\u010dne, nedostaju\u0107e ili o\u0161te\u0107ene proizvode, molimo vas da nas odmah kontaktirate s fotografijama FedEx naljepnice i o\u0161te\u0107enja. Odmah \u0107emo zamijeniti proizvode ili poslati one koji nedostaju.<\/p>\n<p>Pitanja kvalitete:<\/p>\n<table class=\"table table-striped table-bordered\">\n<thead>\n<tr>\n<th>Kategorija proizvoda<\/th>\n<th>Politika povrata<\/th>\n<\/tr>\n<\/thead>\n<tbody>\n<tr>\n<td>Posteljina<\/td>\n<td>Potpuni povrat novca za probleme s kvalitetom<\/td>\n<\/tr>\n<tr>\n<td>Odje\u0107a za spavanje<\/td>\n<td>Zamjena za probleme s kvalitetom<\/td>\n<\/tr>\n<tr>\n<td>Donje rublje<\/td>\n<td>Ne prihva\u0107amo povrate ili zamjene<\/td>\n<\/tr>\n<\/tbody>\n<\/table>\n<h3>2. Politika Povrata Novca<\/h3>\n<p>Pravo na povrat novca: Mo\u017eete imati pravo na povrat novca u sljede\u0107im okolnostima:<\/p>\n<ul>\n<li>Neto\u010dni proizvodi: Poslali smo pogre\u0161ne proizvode.<\/li>\n<li>O\u0161te\u0107eni proizvodi: Proizvodi su o\u0161te\u0107eni tijekom transporta.<\/li>\n<li>Nedostaju\u0107i proizvodi: Proizvodi su nedostajali u va\u0161oj narud\u017ebi. (Imajte na umu da se neke narud\u017ebe mogu slati u vi\u0161e paketa. Pogledajte potvrde narud\u017ebi za detalje.)<\/li>\n<li>Zna\u010dajna razlika: Proizvod koji ste primili zna\u010dajno se razlikuje od slike na na\u0161oj web stranici. (Imajte na umu da mogu nastati manje varijacije u boji zbog razlika u zaslonima ra\u010dunala i postavkama ure\u0111aja.)<\/li>\n<\/ul>\n<p>Naknade za dostavu: Naknade za dostavu se op\u0107enito ne vra\u0107aju.<\/p>\n<p>Obrada povrata: Povrati novca bit \u0107e obra\u0111eni u roku od 2 radna dana od primitka vra\u0107enih proizvoda.<\/p>\n<p>Tro\u0161kovi povratne dostave: Vi ste odgovorni za tro\u0161kove povratne dostave osim ako su proizvodi o\u0161te\u0107eni tijekom dostave.<\/p>\n<p>Adresa za povrat: Da biste dobili adresu za povrat, kontaktirajte nas putem kontakt obrasca na <a href=\"https:\/\/www.pandasilk.com\/hr\/contact\/\">https:\/\/www.pandasilk.com\/hr\/contact\/<\/a><\/p>\n<h3>3. Tro\u0161kovi Dostave<\/h3>\n<p>Prodavatelj pla\u0107a povratnu dostavu: Ako je povrat ili zamjena zbog na\u0161e pogre\u0161ke (neto\u010dni proizvodi, o\u0161te\u0107eni proizvodi, nedostaju\u0107i proizvodi), mi \u0107emo pokriti tro\u0161kove povratne dostave na na\u0161u lokaciju u Chengdu, CN.<\/p>\n<p>Kupac pla\u0107a povratnu dostavu: Ako vra\u0107ate proizvode zbog promjene mi\u0161ljenja (bez problema s kvalitetom), vi ste odgovorni za tro\u0161kove povratne dostave.<\/p>\n<p>Na\u0161 je cilj osigurati da ste zadovoljni svojom kupnjom. Razumijemo da se ponekad mogu dogoditi problemi i \u017eelimo vam pomo\u0107i na najbolji mogu\u0107i na\u010din. Uvijek smo spremni odgovoriti na va\u0161a pitanja i pru\u017eiti vam potrebnu pomo\u0107. Molimo vas da se osje\u0107ate slobodno kontaktirati nas ako imate bilo kakvih problema ili pitanja.<\/p>\n","protected":false},"excerpt":{"rendered":"<p>Posve\u0107eni smo pru\u017eanju pozitivnog iskustva kupovine. Ako niste u potpunosti zadovoljni svojom kupnjom, tu smo da vam pomognemo. Nudimo jednostavan postupak povrata i povrata novca, uz odre\u0111ene uvjete navedene u nastavku. Molimo, ne ustru\u010davajte se kontaktirati na\u0161u korisni\u010dku podr\u0161ku s bilo kakvim pitanjima. 1. Politika Povrata Op\u0107enito: Zbog visokih tro\u0161kova proizvodnje svilene tkanine, op\u0107enito ne<\/p>\n","protected":false},"author":1,"featured_media":0,"parent":0,"menu_order":40,"comment_status":"closed","ping_status":"closed","template":"","meta":{"footnotes":""},"class_list":["post-135279","page","type-page","status-publish","hentry","prodpage-classic"],"aioseo_notices":[],"_links":{"self":[{"href":"https:\/\/www.pandasilk.com\/hr\/wp-json\/wp\/v2\/pages\/135279","targetHints":{"allow":["GET"]}}],"collection":[{"href":"https:\/\/www.pandasilk.com\/hr\/wp-json\/wp\/v2\/pages"}],"about":[{"href":"https:\/\/www.pandasilk.com\/hr\/wp-json\/wp\/v2\/types\/page"}],"author":[{"embeddable":true,"href":"https:\/\/www.pandasilk.com\/hr\/wp-json\/wp\/v2\/users\/1"}],"replies":[{"embeddable":true,"href":"https:\/\/www.pandasilk.com\/hr\/wp-json\/wp\/v2\/comments?post=135279"}],"version-history":[{"count":0,"href":"https:\/\/www.pandasilk.com\/hr\/wp-json\/wp\/v2\/pages\/135279\/revisions"}],"wp:attachment":[{"href":"https:\/\/www.pandasilk.com\/hr\/wp-json\/wp\/v2\/media?parent=135279"}],"curies":[{"name":"wp","href":"https:\/\/api.w.org\/{rel}","templated":true}]}}