{"id":135288,"date":"2015-05-18T05:31:03","date_gmt":"2015-05-17T21:31:03","guid":{"rendered":"https:\/\/www.pandasilk.com\/privacy-policy\/"},"modified":"2025-01-22T02:05:34","modified_gmt":"2025-01-22T10:05:34","slug":"privacy-policy","status":"publish","type":"page","link":"https:\/\/www.pandasilk.com\/hr\/privacy-policy\/","title":{"rendered":"Politika privatnosti"},"content":{"rendered":"<p>Kao tvrtka, prepoznajemo va\u017enost za\u0161tite va\u0161e privatnosti i predani smo osiguravanju sigurnosti va\u0161ih osobnih podataka. Ova Politika privatnosti opisuje kako prikupljamo, koristimo i \u0161titimo va\u0161e podatke kada komunicirate s na\u0161om web stranicom.<\/p>\n<h3>1. Kori\u0161tenje kola\u010di\u0107a<\/h3>\n<p>Kako bismo pobolj\u0161ali va\u0161e iskustvo pregledavanja i olak\u0161ali besprijekoran proces kupovine, koristimo kola\u010di\u0107e na na\u0161oj web stranici. Kola\u010di\u0107i su male, \u0161ifrirane datoteke podataka koje sadr\u017ee jedinstvene identifikacijske podatke korisnika. Te se datoteke sigurno pohranjuju na na\u0161im serverima i mogu se postaviti na tvrdi disk va\u0161eg ra\u010dunala. Kola\u010di\u0107i nam poma\u017eu:<\/p>\n<ul>\n<li><strong>Zapamtiti proizvode u va\u0161oj ko\u0161arici:<\/strong> Time se osigurava da ne izgubite odabrane proizvode dok pregledavate na\u0161u stranicu.<\/li>\n<li><strong>Pobolj\u0161ati funkcionalnost web stranice:<\/strong> Kola\u010di\u0107i nam poma\u017eu razumjeti kako korisnici komuniciraju s na\u0161om stranicom, omogu\u0107uju\u0107i nam da optimiziramo i pobolj\u0161amo va\u0161e cjelokupno iskustvo.<\/li>\n<li><strong>Ponuditi personaliziranije iskustvo:<\/strong> Kola\u010di\u0107i nam mogu omogu\u0107iti da prilagodimo sadr\u017eaj i preporuke va\u0161im specifi\u010dnim interesima.<\/li>\n<\/ul>\n<table class=\"table table-striped table-bordered\">\n<thead>\n<tr>\n<th>Funkcija Kola\u010di\u0107a<\/th>\n<th>Opis<\/th>\n<\/tr>\n<\/thead>\n<tbody>\n<tr>\n<td>Pam\u0107enje ko\u0161arice<\/td>\n<td>Osigurava da se proizvodi dodani u ko\u0161aricu ne izgube tijekom pregledavanja web stranice.<\/td>\n<\/tr>\n<tr>\n<td>Pobolj\u0161anje funkcionalnosti<\/td>\n<td>Analizira interakciju korisnika s web stranicom kako bi se pobolj\u0161ala brzina i op\u0107enita korisnost.<\/td>\n<\/tr>\n<tr>\n<td>Personalizirano iskustvo<\/td>\n<td>Omogu\u0107uje prilago\u0111avanje sadr\u017eaja i preporuka temeljenih na prethodnim aktivnostima korisnika, \u0161to mo\u017ee uklju\u010divati preference i povijest kupovine.<\/td>\n<\/tr>\n<\/tbody>\n<\/table>\n<h3>2. HTTPS sigurna kupovina<\/h3>\n<p>Prioritet nam je sigurnost va\u0161ih osjetljivih informacija. Kada na na\u0161oj stranici za naplatu unesete osobne podatke kao \u0161to su podaci o va\u0161em PayPal ra\u010dunu, adresa e-po\u0161te ili broj kreditne kartice, koristimo tehnologiju \u0161ifriranja podataka Secure Socket Layer (SSL). Ova industrijska standardna tehnologija osigurava da su svi podaci koji se prenose izme\u0111u va\u0161eg preglednika i na\u0161eg poslu\u017eitelja \u0161ifrirani, \u0161to ih \u010dini ne\u010ditljivima neovla\u0161tenim stranama. Ova sna\u017ena sigurnosna mjera \u0161titi va\u0161e podatke o pla\u0107anju i osobne podatke tijekom transakcija s nama.<\/p>\n<h3>3. Prikupljanje i kori\u0161tenje va\u0161ih osobnih podataka<\/h3>\n<p>Kako bismo u\u010dinkovito obradili va\u0161e narud\u017ebe, obavje\u0161tavali vas o relevantnim novostima i kontinuirano pobolj\u0161avali va\u0161e iskustvo kupovine, prikupljamo odre\u0111ene podatke od vas. To mo\u017ee uklju\u010divati:<\/p>\n<ul>\n<li><strong>Adresa e-po\u0161te:<\/strong> Koristi se za komunikaciju potvrda narud\u017ebi, obavijesti o slanju i va\u017enih novosti o PandaSilk.<\/li>\n<li><strong>Adresa za dostavu:<\/strong> Potrebna za isporuku kupljenih proizvoda.<\/li>\n<\/ul>\n<p>Va\u0161a privatnost je od najve\u0107e va\u017enosti. Uvjeravamo vas da se svi osobni podaci koje po\u0161aljete na na\u0161u stranicu tretiraju s najve\u0107om povjerljivo\u0161\u0107u i sigurno\u0161\u0107u. Primjenjujemo razumne mjere kako bismo za\u0161titili va\u0161e podatke od neovla\u0161tenog pristupa, kori\u0161tenja ili otkrivanja. Predani smo odr\u017eavanju va\u0161e privatnosti i izgradnji odnosa povjerenja.<\/p>\n","protected":false},"excerpt":{"rendered":"<p>Kao tvrtka, prepoznajemo va\u017enost za\u0161tite va\u0161e privatnosti i predani smo osiguravanju sigurnosti va\u0161ih osobnih podataka. Ova Politika privatnosti opisuje kako prikupljamo, koristimo i \u0161titimo va\u0161e podatke kada komunicirate s na\u0161om web stranicom. 1. Kori\u0161tenje kola\u010di\u0107a Kako bismo pobolj\u0161ali va\u0161e iskustvo pregledavanja i olak\u0161ali besprijekoran proces kupovine, koristimo kola\u010di\u0107e na na\u0161oj web stranici. Kola\u010di\u0107i su male,<\/p>\n","protected":false},"author":1,"featured_media":1557,"parent":0,"menu_order":39,"comment_status":"closed","ping_status":"closed","template":"","meta":{"footnotes":""},"class_list":["post-135288","page","type-page","status-publish","has-post-thumbnail","hentry","prodpage-classic"],"aioseo_notices":[],"_links":{"self":[{"href":"https:\/\/www.pandasilk.com\/hr\/wp-json\/wp\/v2\/pages\/135288","targetHints":{"allow":["GET"]}}],"collection":[{"href":"https:\/\/www.pandasilk.com\/hr\/wp-json\/wp\/v2\/pages"}],"about":[{"href":"https:\/\/www.pandasilk.com\/hr\/wp-json\/wp\/v2\/types\/page"}],"author":[{"embeddable":true,"href":"https:\/\/www.pandasilk.com\/hr\/wp-json\/wp\/v2\/users\/1"}],"replies":[{"embeddable":true,"href":"https:\/\/www.pandasilk.com\/hr\/wp-json\/wp\/v2\/comments?post=135288"}],"version-history":[{"count":0,"href":"https:\/\/www.pandasilk.com\/hr\/wp-json\/wp\/v2\/pages\/135288\/revisions"}],"wp:featuredmedia":[{"embeddable":true,"href":"https:\/\/www.pandasilk.com\/hr\/wp-json\/wp\/v2\/media\/1557"}],"wp:attachment":[{"href":"https:\/\/www.pandasilk.com\/hr\/wp-json\/wp\/v2\/media?parent=135288"}],"curies":[{"name":"wp","href":"https:\/\/api.w.org\/{rel}","templated":true}]}}