{"id":164839,"date":"2026-01-13T01:54:41","date_gmt":"2026-01-13T09:54:41","guid":{"rendered":"https:\/\/www.pandasilk.com\/product\/silk-cheongsam\/"},"modified":"2026-02-28T06:45:34","modified_gmt":"2026-02-28T14:45:34","slug":"silk-cheongsam","status":"publish","type":"product","link":"https:\/\/www.pandasilk.com\/hr\/product\/silk-cheongsam\/","title":{"rendered":"Svileni Cheongsam"},"content":{"rendered":"<p>Prigrlite gracioznost i ljepotu tradicionalne kineske no\u0161nje s na\u0161im izvrsno izra\u0111enim svilenim cheongsamom. Poznata i kao qipao, ova jednodijelna haljina simbol je \u017eenstvenosti i kulturne ba\u0161tine. Na\u0161a moderna interpretacija skrojena je od najfinije dudove svile, poznate po svojoj meko\u0107i, prozra\u010dnosti i prekrasnom padu.<\/p>\n<p>Ova elegantna haljina ima bezvremenski mandarinski ovratnik i ukra\u0161ena je slo\u017eenim, ru\u010dno vezenim cvjetnim uzorcima. Uska silueta dizajnirana je da laska va\u0161oj figuri, dok bo\u010dni prorezi nude da\u0161ak privla\u010dnosti i lako\u0107u kretanja. Tradicionalni \u201epankou\u201d \u010dvorovi du\u017e dijagonalnog zatvara\u010da dodaju autenti\u010dan i majstorski pe\u010dat.<\/p>\n<p>Bilo da prisustvujete ceremoniji \u010daja, vjen\u010danju ili elegantnoj ve\u010dernjoj zabavi, na\u0161 svileni cheongsam savr\u0161en je odabir za nezaboravan i profinjen izgled. Rije\u010d je o svestranom komadu koji se mo\u017ee kombinirati s modernim ili tradicionalnim dodacima kako bi odgovarao svakoj prigodi.<\/p>\n<p>Kako biste o\u010duvali ljepotu i dugovje\u010dnost svog svilenog cheongsama, molimo slijedite ove upute za odr\u017eavanje:<\/p>\n<ul>\n<li>Perite ru\u010dno u hladnoj vodi s blagim deterd\u017eentom prikladnim za svilu.<\/li>\n<li>Lagano pomi\u010dite odje\u0107u u vodi, ali je nemojte cijediti ili uvijati.<\/li>\n<li>Temeljito isperite hladnom, \u010distom vodom.<\/li>\n<li>Kako biste uklonili vi\u0161ak vode, polo\u017eite cheongsam ravno na \u010dist, suh ru\u010dnik i nje\u017eno ga zarolajte.<\/li>\n<li>Objesite da se su\u0161i u hladu, podalje od izravne sun\u010deve svjetlosti, kako biste sprije\u010dili blije\u0111enje svile.<\/li>\n<li>Ako je potrebno, gla\u010dajte na niskoj temperaturi, po mogu\u0107nosti dok je odjevni predmet jo\u0161 uvijek blago vla\u017ean. Postavite krpu izme\u0111u gla\u010dala i svile kako biste za\u0161titili tkaninu.<\/li>\n<\/ul>\n","protected":false},"excerpt":{"rendered":"<p>Do\u017eivite bezvremensku eleganciju s na\u0161im zadivljuju\u0107im svilenim cheongsamom. Ovaj moderni qipao, izra\u0111en od luksuzne dudove svile, ima klasi\u010dni mandarinski ovratnik, nje\u017ene \u201epankou\u201d \u010dvorove i siluetu koja laska figuri. Savr\u0161en za vjen\u010danja, sve\u010dane doga\u0111aje ili bilo koju posebnu prigodu na kojoj \u017eelite ostaviti profinjen dojam.<\/p>\n<p><a class=\"btn-element btn-element-2 btn btn-default btn-icon--before btn--rounded\" href=\"https:\/\/www.pandasilk.com\/hr\/product\/silk-cheongsam\/\">Silk Cheongsam<\/a><\/p>\n","protected":false},"featured_media":163620,"comment_status":"open","ping_status":"closed","template":"","meta":[],"product_brand":[],"product_cat":[38763,38765],"product_tag":[],"class_list":{"0":"post-164839","1":"product","2":"type-product","3":"status-publish","4":"has-post-thumbnail","6":"product_cat-silk-clothing-hr","7":"product_cat-women-hr","8":"tm-no-options","10":"first","11":"instock","12":"shipping-taxable","13":"product-type-external","14":"prodpage-classic"},"aioseo_notices":[],"_links":{"self":[{"href":"https:\/\/www.pandasilk.com\/hr\/wp-json\/wp\/v2\/product\/164839","targetHints":{"allow":["GET"]}}],"collection":[{"href":"https:\/\/www.pandasilk.com\/hr\/wp-json\/wp\/v2\/product"}],"about":[{"href":"https:\/\/www.pandasilk.com\/hr\/wp-json\/wp\/v2\/types\/product"}],"replies":[{"embeddable":true,"href":"https:\/\/www.pandasilk.com\/hr\/wp-json\/wp\/v2\/comments?post=164839"}],"wp:featuredmedia":[{"embeddable":true,"href":"https:\/\/www.pandasilk.com\/hr\/wp-json\/wp\/v2\/media\/163620"}],"wp:attachment":[{"href":"https:\/\/www.pandasilk.com\/hr\/wp-json\/wp\/v2\/media?parent=164839"}],"wp:term":[{"taxonomy":"product_brand","embeddable":true,"href":"https:\/\/www.pandasilk.com\/hr\/wp-json\/wp\/v2\/product_brand?post=164839"},{"taxonomy":"product_cat","embeddable":true,"href":"https:\/\/www.pandasilk.com\/hr\/wp-json\/wp\/v2\/product_cat?post=164839"},{"taxonomy":"product_tag","embeddable":true,"href":"https:\/\/www.pandasilk.com\/hr\/wp-json\/wp\/v2\/product_tag?post=164839"}],"curies":[{"name":"wp","href":"https:\/\/api.w.org\/{rel}","templated":true}]}}