{"id":164853,"date":"2026-01-13T01:54:41","date_gmt":"2026-01-13T09:54:41","guid":{"rendered":"https:\/\/www.pandasilk.com\/product\/silk-cheongsam\/"},"modified":"2026-02-28T06:45:33","modified_gmt":"2026-02-28T14:45:33","slug":"silk-cheongsam","status":"publish","type":"product","link":"https:\/\/www.pandasilk.com\/it\/product\/silk-cheongsam\/","title":{"rendered":"Cheongsam di Seta"},"content":{"rendered":"<p>Lasciati avvolgere dalla grazia e dalla bellezza dell&#8217;abbigliamento tradizionale cinese con il nostro cheongsam di seta squisitamente realizzato. Conosciuto anche come qipao, questo abito intero \u00e8 un simbolo di femminilit\u00e0 e patrimonio culturale. La nostra interpretazione moderna \u00e8 realizzata con la pi\u00f9 pregiata seta di gelso, rinomata per la sua morbidezza, traspirabilit\u00e0 e per il suo splendido drappeggio.<\/p>\n<p>Questo elegante abito presenta un intramontabile colletto alla coreana ed \u00e8 impreziosito da intricati motivi floreali ricamati a mano. La silhouette a tubino \u00e8 pensata per valorizzare la figura, mentre gli spacchi laterali offrono un tocco di fascino e libert\u00e0 di movimento. I tradizionali alamari pankou lungo la chiusura diagonale aggiungono un tocco autentico e artigianale.<\/p>\n<p>Che tu stia partecipando a una cerimonia del t\u00e8, a un matrimonio o a un&#8217;elegante serata di gala, il nostro Cheongsam di Seta \u00e8 la scelta perfetta per un look memorabile e sofisticato. \u00c8 un capo versatile che pu\u00f2 essere abbinato ad accessori moderni o tradizionali per adattarsi a qualsiasi occasione.<\/p>\n<p>Per mantenere la bellezza e la longevit\u00e0 del tuo cheongsam di seta, si prega di seguire queste istruzioni per la cura:<\/p>\n<ul>\n<li>Lavare a mano in acqua fredda con un detergente delicato adatto alla seta.<\/li>\n<li>Muovere delicatamente il capo nell&#8217;acqua, senza strizzarlo o torcerlo.<\/li>\n<li>Risciacquare abbondantemente con acqua fredda e pulita.<\/li>\n<li>Per rimuovere l&#8217;acqua in eccesso, stendere il cheongsam su un asciugamano pulito e asciutto e arrotolarlo delicatamente.<\/li>\n<li>Appendere ad asciugare in un&#8217;area ombreggiata, lontano dalla luce solare diretta, per evitare che la seta sbiadisca.<\/li>\n<li>Se necessario, stirare a bassa temperatura, preferibilmente quando il capo \u00e8 ancora leggermente umido. Interporre un panno tra il ferro da stiro e la seta per proteggere il tessuto.<\/li>\n<\/ul>\n","protected":false},"excerpt":{"rendered":"<p>Sperimenta un&#8217;eleganza senza tempo con il nostro splendido Cheongsam di Seta. Questo qipao moderno, realizzato in lussuosa seta di gelso, presenta un classico colletto alla coreana, delicati alamari pankou e una silhouette che valorizza le forme. Perfetto per matrimoni, eventi formali o qualsiasi occasione speciale in cui si desideri esprimere un&#8217;eleganza sofisticata.<\/p>\n<p><a class=\"btn-element btn-element-2 btn btn-default btn-icon--before btn--rounded\" href=\"https:\/\/www.pandasilk.com\/it\/product\/silk-cheongsam\/\">Silk Cheongsam<\/a><\/p>\n","protected":false},"featured_media":163620,"comment_status":"open","ping_status":"closed","template":"","meta":[],"product_brand":[],"product_cat":[38065,38126],"product_tag":[],"class_list":{"0":"post-164853","1":"product","2":"type-product","3":"status-publish","4":"has-post-thumbnail","6":"product_cat-silk-clothing-it","7":"product_cat-women-it","8":"tm-no-options","10":"first","11":"instock","12":"shipping-taxable","13":"product-type-external","14":"prodpage-classic"},"aioseo_notices":[],"_links":{"self":[{"href":"https:\/\/www.pandasilk.com\/it\/wp-json\/wp\/v2\/product\/164853","targetHints":{"allow":["GET"]}}],"collection":[{"href":"https:\/\/www.pandasilk.com\/it\/wp-json\/wp\/v2\/product"}],"about":[{"href":"https:\/\/www.pandasilk.com\/it\/wp-json\/wp\/v2\/types\/product"}],"replies":[{"embeddable":true,"href":"https:\/\/www.pandasilk.com\/it\/wp-json\/wp\/v2\/comments?post=164853"}],"wp:featuredmedia":[{"embeddable":true,"href":"https:\/\/www.pandasilk.com\/it\/wp-json\/wp\/v2\/media\/163620"}],"wp:attachment":[{"href":"https:\/\/www.pandasilk.com\/it\/wp-json\/wp\/v2\/media?parent=164853"}],"wp:term":[{"taxonomy":"product_brand","embeddable":true,"href":"https:\/\/www.pandasilk.com\/it\/wp-json\/wp\/v2\/product_brand?post=164853"},{"taxonomy":"product_cat","embeddable":true,"href":"https:\/\/www.pandasilk.com\/it\/wp-json\/wp\/v2\/product_cat?post=164853"},{"taxonomy":"product_tag","embeddable":true,"href":"https:\/\/www.pandasilk.com\/it\/wp-json\/wp\/v2\/product_tag?post=164853"}],"curies":[{"name":"wp","href":"https:\/\/api.w.org\/{rel}","templated":true}]}}