{"id":164859,"date":"2026-01-13T01:54:41","date_gmt":"2026-01-13T09:54:41","guid":{"rendered":"https:\/\/www.pandasilk.com\/product\/silk-cheongsam\/"},"modified":"2026-02-28T06:45:32","modified_gmt":"2026-02-28T14:45:32","slug":"silk-cheongsam","status":"publish","type":"product","link":"https:\/\/www.pandasilk.com\/no\/product\/silk-cheongsam\/","title":{"rendered":"Silke-cheongsam"},"content":{"rendered":"<p>Omfavn elegansen og skj\u00f8nnheten i tradisjonell kinesisk klesdrakt med v\u00e5r uts\u00f8kte silke-cheongsam. Denne kjolen, ogs\u00e5 kjent som qipao, er et symbol p\u00e5 femininitet og kulturarv. V\u00e5r moderne tolkning er skreddersydd av den fineste morb\u00e6rsilke, kjent for sin mykhet, pusteevne og vakre fall.<\/p>\n<p>Denne elegante kjolen har en tidl\u00f8s mandarinkrage og er prydet med intrikate, h\u00e5ndbroderte blomsterm\u00f8nstre. Den ettersittende silhuetten er designet for \u00e5 fremheve figuren din, mens splittene i siden gir et snev av eleganse og bevegelsesfrihet. Tradisjonelle pankou-knapper langs den diagonale lukkingen gir et autentisk og h\u00e5ndverksmessig preg.<\/p>\n<p>Enten du skal i en teseremoni, et bryllup eller et elegant kveldsselskap, er v\u00e5r silke-cheongsam det perfekte valget for et minneverdig og sofistikert utseende. Det er et allsidig plagg som kan styles med b\u00e5de moderne og tradisjonelt tilbeh\u00f8r for \u00e5 passe til enhver anledning.<\/p>\n<p>For \u00e5 bevare skj\u00f8nnheten og levetiden til din silke-cheongsam, vennligst f\u00f8lg disse vaskeanvisningene:<\/p>\n<ul>\n<li>H\u00e5ndvaskes i kaldt vann med et mildt vaskemiddel egnet for silke.<\/li>\n<li>Beveg plagget forsiktig i vannet, men ikke vri eller sno det.<\/li>\n<li>Skyll grundig med kaldt, rent vann.<\/li>\n<li>For \u00e5 fjerne overfl\u00f8dig vann, legg cheongsamen flatt p\u00e5 et rent, t\u00f8rt h\u00e5ndkle og rull den forsiktig sammen.<\/li>\n<li>Heng til t\u00f8rk p\u00e5 et skyggefullt sted, unna direkte sollys, for \u00e5 forhindre at silken falmer.<\/li>\n<li>Stryk om n\u00f8dvendig p\u00e5 lav varme, helst mens plagget fortsatt er litt fuktig. Legg en klut mellom strykejernet og silken for \u00e5 beskytte stoffet.<\/li>\n<\/ul>\n","protected":false},"excerpt":{"rendered":"<p>Opplev tidl\u00f8s eleganse med v\u00e5r praktfulle silke-cheongsam. Denne moderne qipaoen, laget av luksuri\u00f8s morb\u00e6rsilke, har en klassisk mandarinkrage, delikate pankou-knapper og en flatterende silhuett. Perfekt for bryllup, formelle arrangementer eller enhver spesiell anledning der du \u00f8nsker \u00e5 gj\u00f8re et sofistikert inntrykk.<\/p>\n<p><a class=\"btn-element btn-element-2 btn btn-default btn-icon--before btn--rounded\" href=\"https:\/\/www.pandasilk.com\/no\/product\/silk-cheongsam\/\">Silk Cheongsam<\/a><\/p>\n","protected":false},"featured_media":163620,"comment_status":"open","ping_status":"closed","template":"","meta":[],"product_brand":[],"product_cat":[38131,38062],"product_tag":[],"class_list":{"0":"post-164859","1":"product","2":"type-product","3":"status-publish","4":"has-post-thumbnail","6":"product_cat-women-no","7":"product_cat-silk-clothing-no","8":"tm-no-options","10":"first","11":"instock","12":"shipping-taxable","13":"product-type-external","14":"prodpage-classic"},"aioseo_notices":[],"_links":{"self":[{"href":"https:\/\/www.pandasilk.com\/no\/wp-json\/wp\/v2\/product\/164859","targetHints":{"allow":["GET"]}}],"collection":[{"href":"https:\/\/www.pandasilk.com\/no\/wp-json\/wp\/v2\/product"}],"about":[{"href":"https:\/\/www.pandasilk.com\/no\/wp-json\/wp\/v2\/types\/product"}],"replies":[{"embeddable":true,"href":"https:\/\/www.pandasilk.com\/no\/wp-json\/wp\/v2\/comments?post=164859"}],"wp:featuredmedia":[{"embeddable":true,"href":"https:\/\/www.pandasilk.com\/no\/wp-json\/wp\/v2\/media\/163620"}],"wp:attachment":[{"href":"https:\/\/www.pandasilk.com\/no\/wp-json\/wp\/v2\/media?parent=164859"}],"wp:term":[{"taxonomy":"product_brand","embeddable":true,"href":"https:\/\/www.pandasilk.com\/no\/wp-json\/wp\/v2\/product_brand?post=164859"},{"taxonomy":"product_cat","embeddable":true,"href":"https:\/\/www.pandasilk.com\/no\/wp-json\/wp\/v2\/product_cat?post=164859"},{"taxonomy":"product_tag","embeddable":true,"href":"https:\/\/www.pandasilk.com\/no\/wp-json\/wp\/v2\/product_tag?post=164859"}],"curies":[{"name":"wp","href":"https:\/\/api.w.org\/{rel}","templated":true}]}}