{"id":116692,"date":"2019-06-30T19:49:31","date_gmt":"2019-06-30T11:49:31","guid":{"rendered":"https:\/\/www.pandasilk.com\/faqs\/"},"modified":"2025-01-13T14:09:00","modified_gmt":"2025-01-13T22:09:00","slug":"faqs","status":"publish","type":"page","link":"https:\/\/www.pandasilk.com\/pl\/faqs\/","title":{"rendered":"Najcz\u0119\u015bciej Zadawane Pytania o Jedwab"},"content":{"rendered":"<p>Jedwab, luksusowy i ponadczasowy materia\u0142, od tysi\u0105cleci zachwyca ludzi. Od staro\u017cytnych pocz\u0105tk\u00f3w w Chinach po wsp\u00f3\u0142czesn\u0105 obecno\u015b\u0107 w modzie i tekstyliach domowych, jedwab pozostaje po\u017c\u0105danym surowcem. Niniejszy artyku\u0142 ma na celu odpowiedzie\u0107 na najcz\u0119\u015bciej zadawane pytania dotycz\u0105ce jedwabiu, oferuj\u0105c jasne i kompleksowe odpowiedzi.<\/p>\n<h3>1. Kto Mo\u017ce Korzysta\u0107 z Produkt\u00f3w Jedwabnych?<\/h3>\n<p>Produkty jedwabne s\u0105 niezwykle wszechstronne i odpowiednie dla os\u00f3b w ka\u017cdym wieku, w tym dla doros\u0142ych, dzieci i niemowl\u0105t. Je\u015bli potrzebujesz niestandardowych rozmiar\u00f3w na przyk\u0142ad po\u015bcieli, skontaktuj si\u0119 z dostawc\u0105, takim jak PandaSilk, aby zapyta\u0107 o opcje niestandardowe.<\/p>\n<h3>2. Sk\u0105d Pochodzi Jedwab?<\/h3>\n<p>Wi\u0119kszo\u015b\u0107 jedwabiu na \u015bwiecie pochodzi z Chin, gdzie praktyka sericultury (hodowla jedwabnik\u00f3w) by\u0142a udoskonalana przez tysi\u0105ce lat. Najwcze\u015bniejsze dowody produkcji jedwabiu datuj\u0105 si\u0119 na oko\u0142o 3500 r. p.n.e. w staro\u017cytnych Chinach, co utrwali\u0142o ich status wiod\u0105cego producenta jedwabiu. Chocia\u017c Tajlandia i Indie r\u00f3wnie\u017c produkuj\u0105 jedwab, ich wydajno\u015b\u0107 i g\u0142adko\u015b\u0107 w\u0142\u00f3kien na og\u00f3\u0142 nie dor\u00f3wnuj\u0105 tym z Chin. W\u0142ochy znane s\u0105 z wysokiej jako\u015bci jedwabiu, ale ich jedwab jest wykorzystywany g\u0142\u00f3wnie do produkcji odzie\u017cy, a nie tekstyli\u00f3w domowych, takich jak po\u015bciel.<\/p>\n<h3>3. Czy Jedwab Jest W 100% Czysty?<\/h3>\n<p>Wi\u0119kszo\u015b\u0107 tkanin jedwabnych jest faktycznie wykonana w 100% z czystego jedwabiu, tak jak w przypadku wi\u0119kszo\u015bci jedwabi sprzedawanych przez firmy takie jak PandaSilk. Je\u015bli szukasz mieszanek, produkty wykonane z kombinacji takich jak aksamit, satyna jedwabna\/wiskozowa lub inne mieszane tkaniny s\u0105 zawsze wyra\u017anie oznaczone, aby wskaza\u0107 ich sk\u0142ad.<\/p>\n<h3>4. Jak Wysy\u0142ane S\u0105 Zam\u00f3wienia i Jaki Jest Czas Dostawy?<\/h3>\n<p>Zam\u00f3wienia s\u0105 zazwyczaj wysy\u0142ane za po\u015brednictwem renomowanych przewo\u017anik\u00f3w mi\u0119dzynarodowych, takich jak DHL, UPS, FedEx lub EMS. Dla klient\u00f3w w Ameryce, Kanadzie i Australii dostawy mog\u0105 zazwyczaj zaj\u0105\u0107 oko\u0142o 4-5 dni. Jednak czasy dostawy mog\u0105 by\u0107 wyd\u0142u\u017cone w okresach \u015bwi\u0105tecznych.<\/p>\n<h3>5. Czy Jedwab Mo\u017cna Pra\u0107?<\/h3>\n<p>Tak, jedwab mo\u017cna pra\u0107. Barwniki lub nadruki nak\u0142adane na jedwab przechodz\u0105 pranie w trakcie procesu produkcyjnego, aby by\u0142y trwa\u0142e. Pranie r\u0119czne jest zalecane dla uzyskania najlepszych rezultat\u00f3w.<\/p>\n<h3>6. Jaka Jest Prawid\u0142owa Metoda Prania Jedwabiu?<\/h3>\n<p>Jedwab pierz r\u0119cznie w letniej wodzie, u\u017cywaj\u0105c \u0142agodnego detergentu. Po umyciu unikaj wykr\u0119cania mokrego jedwabiu. Delikatnie wyci\u015bnij nadmiar wody i roz\u0142\u00f3\u017c go p\u0142asko mi\u0119dzy r\u0119cznikami, aby wch\u0142on\u0105\u0107 wilgo\u0107 przed prasowaniem.<\/p>\n<h3>7. Czy Jedwab Mo\u017cna Prasowa\u0107?<\/h3>\n<p>Jedwab mo\u017cna prasowa\u0107 z nale\u017cyt\u0105 ostro\u017cno\u015bci\u0105, poniewa\u017c jest do\u015b\u0107 wytrzyma\u0142y. Nie zostawiaj rozgrzanego \u017celazka na jedwabiu na d\u0142u\u017cszy czas. U\u017cywaj ch\u0142odnego \u017celazka i zawsze prasuj jedwabne elementy na lewej stronie. Je\u015bli to mo\u017cliwe, u\u017cyj ustawienia \u017celazka do jedwabiu, ale w przeciwnym razie najni\u017csza temperatura zwykle dzia\u0142a skutecznie.<\/p>\n<h3>8. Jakiej Nici Nale\u017cy U\u017cy\u0107 Do Szycia Jedwabiu?<\/h3>\n<p>Zwyk\u0142e nici, takie jak te produkowane przez firm\u0119 G\u00fctermann, dobrze sprawdzaj\u0105 si\u0119 w przypadku jedwabiu. Lepiej nie u\u017cywa\u0107 czystej nici jedwabnej, poniewa\u017c ma ona tendencj\u0119 do \u0142atwego wi\u0105zania si\u0119 w w\u0119z\u0142y.<\/p>\n<h3>9. Jaka Jest Waga Momme Jedwabnych Poszewek na Poduszki?<\/h3>\n<p>Jedwabne poszewki na poduszki s\u0105 mierzone w wadze momme (wymawiane moe-me). Firmy takie jak PandaSilk oferuj\u0105 je w opcjach 19, 22 lub 25 momme. Im wy\u017csza waga momme, tym wi\u0119ksz\u0105 wag\u0119, a co za tym idzie trwa\u0142o\u015b\u0107, posiada jedwab.<\/p>\n<h3>10. Co Oznacza &#8222;Waga Momme&#8221;?<\/h3>\n<p>Waga momme to jednostka u\u017cywana do pomiaru wagi tkaniny jedwabnej, wskazuj\u0105ca na jej g\u0119sto\u015b\u0107. Wy\u017csza waga momme oznacza grubszy, g\u0119stszy i og\u00f3lnie trwalszy jedwab.<\/p>\n<h3>11. Jak Powsta\u0142 Jedwab?<\/h3>\n<p>Pocz\u0105tki jedwabiu si\u0119gaj\u0105 staro\u017cytnych Chin, a jedna z legend wi\u0105\u017ce jego odkrycie z cesarzow\u0105 Si Ling Chi, kt\u00f3ra rzekomo obserwowa\u0142a, jak jedwabniki prz\u0119d\u0105 kokony w kr\u00f3lewskich ogrodach i marzy\u0142a o stworzeniu tkaniny z ich nici. Inne wyja\u015bnienie m\u00f3wi, \u017ce niekt\u00f3re kobiety przypadkowo znalaz\u0142y jedwab podczas zbierania owoc\u00f3w. Kobiety gotowa\u0142y p\u0119k twardych, niejadalnych, bia\u0142ych &#8222;owoc\u00f3w&#8221; (kokon\u00f3w), a nast\u0119pnie je uderza\u0142y. Proces ten odkry\u0142 materia\u0142.<\/p>\n<h3>12. Czym Dok\u0142adnie Jest Jedwab?<\/h3>\n<p>Jedwab to cienka ni\u0107 produkowana przez jedwabnika w celu skonstruowania kokonu podczas przepoczwarzenia. Ta ni\u0107 jest znana jako najmocniejsze i najdelikatniejsze naturalne w\u0142\u00f3kno na \u015bwiecie. Jest to w\u0142\u00f3kno bia\u0142kowe o sk\u0142adzie chemicznym zbli\u017conym do ludzkiej sk\u00f3ry. W zwi\u0105zku z tym jedwab jest cz\u0119sto opisywany jako idealna druga sk\u00f3ra.<\/p>\n<h3>13. Czy Jedwab To Jedwab Morwowy?<\/h3>\n<p>Zazwyczaj produkty jedwabne premium, takie jak te od PandaSilk, s\u0105 wykonane w 100% z czystego jedwabiu morwowego, b\u0119d\u0105cego wynikiem hodowli jedwabnik\u00f3w na diecie sk\u0142adaj\u0105cej si\u0119 wy\u0142\u0105cznie z li\u015bci morwy, co czyni go najwy\u017cszej jako\u015bci do wykorzystania w tekstyliach.<\/p>\n<h3>14. Czy Jedwab Charmeuse Jest Tym Samym Co Jedwab Morwowy?<\/h3>\n<p>Jedwab charmeuse to jeden konkretny splot, podczas gdy jedwab morwowy to rodzaj materia\u0142u jedwabnego (pochodz\u0105cego od jedwabnika \u017cywi\u0105cego si\u0119 drzewem morwowym), kt\u00f3ry jest u\u017cywany do produkcji charmeuse lub innych rodzaj\u00f3w tkanin jedwabnych, takich jak szyfon, habotai, krep etc. Jedwab pochodzi od jedwabnik\u00f3w karmionych tylko li\u015b\u0107mi morwy. Charmeuse opisuje ostateczny splot; jest to najbardziej luksusowy wyb\u00f3r, znany z po\u0142yskuj\u0105cego wygl\u0105du. Najcz\u0119\u015bciej wyst\u0119puje w po\u015bcieli. Inne mniej popularne i bardziej wiotkie tkaniny jedwabne, takie jak szyfon jedwabny lub habotai, mo\u017cna r\u00f3wnie\u017c stosowa\u0107 w innych elementach garderoby.<\/p>\n<h3>15. Czym Jest Charmeuse i Satyna Jedwabna?<\/h3>\n<p>Jedwab mo\u017ce by\u0107 tkany na wiele rodzaj\u00f3w tkanin, takich jak szyfon jedwabny, krep jedwabny i jedwab charmeuse\/satyna. Charmeuse i satyna to specyficzne rodzaje splot\u00f3w charakteryzuj\u0105ce si\u0119 g\u0142adk\u0105 powierzchni\u0105 i cz\u0119sto luksusowym wyczuciem. Oba s\u0105 praktycznie tym samym rodzajem ciasnego, grubego splotu z b\u0142yszcz\u0105cym przodem i matowym ty\u0142em. Cz\u0119sto satyna lub satyna s\u0105 \u201eprzejmowane\u201d przez poliester, aby nada\u0107 im bardziej jedwabisty po\u0142ysk. Z tego powodu renomowane marki zawsze wyra\u017anie rozr\u00f3\u017cniaj\u0105 produkty jako \u201ejedwab\u201d z odniesieniem do Charmeuse. Najlepsze marki wybieraj\u0105 charmeuse, tak jak u\u017cywa\u0142yby jedwabiu na czerwonym dywanie.<\/p>\n<h3>16. Jak D\u0142ugo Wytrzymaj\u0105 Jedwabne Prze\u015bcierad\u0142a?<\/h3>\n<p>\u015arednio jedwabne prze\u015bcierad\u0142a mog\u0105 wytrzyma\u0107 od oko\u0142o 1 do 3 lat, pod warunkiem przestrzegania odpowiedniej piel\u0119gnacji i u\u017cytkowania. Inne zmienne mog\u0105 r\u00f3wnie\u017c wp\u0142ywa\u0107 na \u017cywotno\u015b\u0107 prze\u015bcierade\u0142. Elementy do wzi\u0119cia pod uwag\u0119 to waga i wzorce rzucania oraz cz\u0119stotliwo\u015b\u0107 ich prania. Je\u015bli s\u0105 prane zbyt cz\u0119sto, mo\u017ce to skr\u00f3ci\u0107 \u017cywotno\u015b\u0107 prze\u015bcierade\u0142. \u015arodowisko pomieszczenia lub inne warunki spania lub osobiste mog\u0105 skr\u00f3ci\u0107 \u017cywotno\u015b\u0107 jedwabnych prze\u015bcierade\u0142.<\/p>\n<h3>17. Co Obejmuje Hodowla Jedwabnik\u00f3w?<\/h3>\n<p>Hodowla jedwabnik\u00f3w w celu produkcji jedwabiu wi\u0105\u017ce si\u0119 ze znacznym wysi\u0142kiem w celu stworzenia dobrych w\u0142\u00f3kien tekstylnych, a przede wszystkim z utrzymaniem ich w cichych, sanitarnych warunkach, przy jednoczesnym podawaniu im uprawianych li\u015bci morwy.<\/p>\n<h3>18. Czy Jedwab Jest Przyjazny Dla \u015arodowiska?<\/h3>\n<p>Og\u00f3lnie rzecz bior\u0105c, jedwab morwowy jest przyjazny dla \u015brodowiska, poniewa\u017c jest wytwarzany przez owady bez wytwarzania szkodliwych produkt\u00f3w ubocznych, tworz\u0105c bezpieczny i zr\u00f3wnowa\u017cony \u015brodowiskowo materia\u0142.<\/p>\n<h3>19. Gdzie Zbiera Si\u0119 Kokony Jedwabnik\u00f3w?<\/h3>\n<p>Kokony jedwabnik\u00f3w zbiera si\u0119 w chi\u0144skich wioskach, a produkcja odbywa si\u0119 w pobliskich zak\u0142adach, g\u0142\u00f3wnie w Chinach, poniewa\u017c kraj ten w du\u017cej mierze odpowiada za \u015bwiatow\u0105 produkcj\u0119 jedwabiu.<\/p>\n<h3>20. Sk\u0105d Pochodzi\u0142 Jedwabny Szlak?<\/h3>\n<p>Jedwabny Szlak zaczyna\u0142 si\u0119 w Chang\u2019an (obecnie Xi&#8217;an) i rozci\u0105ga\u0142 si\u0119 na zach\u00f3d w kierunku Morza \u015ar\u00f3dziemnego, \u0142\u0105cz\u0105c w szczeg\u00f3lno\u015bci Chiny ze \u015bwiatem ira\u0144skim przez Samarkand\u0119, kt\u00f3ra jest dzisiejszym Uzbekistanem. W czasach Cesarstwa Rzymskiego nie znano bezpo\u015bredniego szlaku handlowego i komunikacyjnego mi\u0119dzy Rzymem a Chinami dla tych towar\u00f3w, raczej uwa\u017cano, \u017ce jest to szlak drugorz\u0119dny lub trzeciorz\u0119dny, a Rzymianie kupowali od drugorz\u0119dnych sprzedawc\u00f3w w r\u00f3\u017cnych miejscach wzd\u0142u\u017c Jedwabnego Szlaku, czyni\u0105c ten szlak punktem sprzeda\u017cy, a nie jedn\u0105 wielk\u0105 p\u0119tl\u0105 trasy.<\/p>\n<h3>21. Jaka Jest Liczba Nici Jedwabiu?<\/h3>\n<p>Przy pomiarze jedwabiu preferowana jest Momme (waga), a Liczba Nici sta\u0142a si\u0119 drugorz\u0119dna. Dla por\u00f3wnania, marki takie jak PandaSilk mia\u0142yby oko\u0142o:<\/p>\n<table class=\"table table-striped table-bordered\">\n<thead>\n<tr>\n<th>Momme<\/th>\n<th>Liczba Nici<\/th>\n<\/tr>\n<\/thead>\n<tbody>\n<tr>\n<td>19 MM<\/td>\n<td>400<\/td>\n<\/tr>\n<tr>\n<td>22 MM<\/td>\n<td>600<\/td>\n<\/tr>\n<tr>\n<td>25 MM<\/td>\n<td>800<\/td>\n<\/tr>\n<tr>\n<td>30 MM<\/td>\n<td>1200<\/td>\n<\/tr>\n<\/tbody>\n<\/table>\n<h3>22. Czym Jest Standard OEKO-TEX\u00ae Standard 100?<\/h3>\n<p>OEKO-TEX Standard 100 to mi\u0119dzynarodowy system certyfikacji, kt\u00f3ry ma zagwarantowa\u0107, \u017ce produkty tekstylne zosta\u0142y dok\u0142adnie przebadane pod k\u0105tem obecno\u015bci szkodliwych substancji, z uwzgl\u0119dnieniem ka\u017cdego etapu. Wyroby w\u0142\u00f3kiennicze posiadaj\u0105ce ten certyfikat spe\u0142ni\u0142y standardy systemu na ka\u017cdym etapie ich produkcji, zar\u00f3wno w\u0142\u00f3kien, jak i gotowych wyrob\u00f3w, w tym r\u00f3\u017cnorodnych akcesori\u00f3w danego wyrobu. Certyfikacja umo\u017cliwia stosowanie etykiet produkt\u00f3w, zwanych \u201eZaufanie do Wyrob\u00f3w W\u0142\u00f3kienniczych\u201d. Kolejny poziom obejmuje r\u00f3wnie\u017c odpowiedzialno\u015b\u0107 za \u015brodowisko z etykietami zgodnie z Oeko-Tex Standard 1000. Wszystko to badane jest w odniesieniu do unikatowego sk\u0142adu ka\u017cdego produktu na wszystkich etapach produkcji.<\/p>\n<p>Jedwab, z jego bogat\u0105 histori\u0105 i wyj\u0105tkowymi w\u0142a\u015bciwo\u015bciami, wci\u0105\u017c pozostaje symbolem luksusu i komfortu. Od hodowli jedwabnik\u00f3w po z\u0142o\u017cony proces tkania, jego wytwarzanie wymaga precyzji i troski. Mamy nadziej\u0119, \u017ce odpowiedzi na najcz\u0119\u015bciej zadawane pytania zawarte w tym artykule, przyczyni\u0142y si\u0119 do lepszego zrozumienia i docenienia tego niezwyk\u0142ego materia\u0142u. Wybieraj\u0105c produkty jedwabne, pami\u0119taj o ich wyj\u0105tkowo\u015bci i korzystaj z nich, czerpi\u0105c z ich niepowtarzalnych cech.<\/p>\n","protected":false},"excerpt":{"rendered":"<p>Jedwab, luksusowy i ponadczasowy materia\u0142, od tysi\u0105cleci zachwyca ludzi. Od staro\u017cytnych pocz\u0105tk\u00f3w w Chinach po wsp\u00f3\u0142czesn\u0105 obecno\u015b\u0107 w modzie i tekstyliach domowych, jedwab pozostaje po\u017c\u0105danym surowcem. Niniejszy artyku\u0142 ma na celu odpowiedzie\u0107 na najcz\u0119\u015bciej zadawane pytania dotycz\u0105ce jedwabiu, oferuj\u0105c jasne i kompleksowe odpowiedzi. 1. Kto Mo\u017ce Korzysta\u0107 z Produkt\u00f3w Jedwabnych? Produkty jedwabne s\u0105 niezwykle wszechstronne<\/p>\n","protected":false},"author":1,"featured_media":1551,"parent":0,"menu_order":352,"comment_status":"closed","ping_status":"closed","template":"","meta":{"footnotes":""},"class_list":["post-116692","page","type-page","status-publish","has-post-thumbnail","hentry","prodpage-classic"],"aioseo_notices":[],"_links":{"self":[{"href":"https:\/\/www.pandasilk.com\/pl\/wp-json\/wp\/v2\/pages\/116692","targetHints":{"allow":["GET"]}}],"collection":[{"href":"https:\/\/www.pandasilk.com\/pl\/wp-json\/wp\/v2\/pages"}],"about":[{"href":"https:\/\/www.pandasilk.com\/pl\/wp-json\/wp\/v2\/types\/page"}],"author":[{"embeddable":true,"href":"https:\/\/www.pandasilk.com\/pl\/wp-json\/wp\/v2\/users\/1"}],"replies":[{"embeddable":true,"href":"https:\/\/www.pandasilk.com\/pl\/wp-json\/wp\/v2\/comments?post=116692"}],"version-history":[{"count":0,"href":"https:\/\/www.pandasilk.com\/pl\/wp-json\/wp\/v2\/pages\/116692\/revisions"}],"wp:featuredmedia":[{"embeddable":true,"href":"https:\/\/www.pandasilk.com\/pl\/wp-json\/wp\/v2\/media\/1551"}],"wp:attachment":[{"href":"https:\/\/www.pandasilk.com\/pl\/wp-json\/wp\/v2\/media?parent=116692"}],"curies":[{"name":"wp","href":"https:\/\/api.w.org\/{rel}","templated":true}]}}