{"id":128119,"date":"2015-05-18T05:44:48","date_gmt":"2015-05-17T21:44:48","guid":{"rendered":"https:\/\/www.pandasilk.com\/return-refund-policy\/"},"modified":"2025-01-18T12:45:35","modified_gmt":"2025-01-18T20:45:35","slug":"return-refund-policy","status":"publish","type":"page","link":"https:\/\/www.pandasilk.com\/pl\/return-refund-policy\/","title":{"rendered":"Polityka zwrot\u00f3w"},"content":{"rendered":"<p>Zale\u017cy nam na zapewnieniu Ci pozytywnych wra\u017ce\u0144 podczas zakup\u00f3w. Je\u015bli nie jeste\u015b w pe\u0142ni zadowolony z zakupu, jeste\u015bmy tu, aby pom\u00f3c. Oferujemy prosty proces zwrot\u00f3w i refundacji, podlegaj\u0105cy pewnym warunkom opisanym w naszej polityce poni\u017cej. W razie jakichkolwiek pyta\u0144 prosimy o kontakt z naszym zespo\u0142em obs\u0142ugi klienta.<\/p>\n<h3>1. Polityka zwrot\u00f3w<\/h3>\n<p>Informacje og\u00f3lne: Ze wzgl\u0119du na wysoki koszt produkcji jedwabnej tkaniny, zasadniczo nie przyjmujemy zwrot\u00f3w zam\u00f3wie\u0144 z\u0142o\u017conych z powodu zmiany zdania. Prosimy o dok\u0142adne rozwa\u017cenie zakupu przed z\u0142o\u017ceniem zam\u00f3wienia.<\/p>\n<p>B\u0142\u0119dy w zam\u00f3wieniu: Je\u015bli otrzymasz nieprawid\u0142owe, brakuj\u0105ce lub uszkodzone przedmioty, natychmiast skontaktuj si\u0119 z nami, przesy\u0142aj\u0105c zdj\u0119cia etykiety FedEx i wszelkich uszkodze\u0144. Niezw\u0142ocznie wymienimy przedmioty lub wy\u015blemy brakuj\u0105ce.<\/p>\n<p>Problemy z jako\u015bci\u0105:<\/p>\n<p>Po\u015bciel: W przypadku problem\u00f3w z jako\u015bci\u0105 produkt\u00f3w po\u015bcielowych oferujemy pe\u0142ny zwrot pieni\u0119dzy. Bielizna nocna: W przypadku problem\u00f3w z jako\u015bci\u0105 bielizny nocnej oferujemy wymian\u0119. Bielizna: Ze wzgl\u0119du na charakter produktu nie przyjmujemy zwrot\u00f3w ani wymian jedwabnej bielizny.<\/p>\n<h3>2. Polityka refundacji<\/h3>\n<p>Kwalifikuj\u0105ce si\u0119 do refundacji: Mo\u017cesz kwalifikowa\u0107 si\u0119 do zwrotu pieni\u0119dzy w nast\u0119puj\u0105cych okoliczno\u015bciach:<\/p>\n<p>Nieprawid\u0142owe przedmioty: Wys\u0142ali\u015bmy niew\u0142a\u015bciwe produkty. Uszkodzone przedmioty: Produkty zosta\u0142y uszkodzone podczas procesu wysy\u0142ki. Brakuj\u0105ce przedmioty: Brakowa\u0142o przedmiot\u00f3w w Twoim zam\u00f3wieniu. (Nale\u017cy pami\u0119ta\u0107, \u017ce niekt\u00f3re zam\u00f3wienia mog\u0105 by\u0107 wysy\u0142ane w kilku paczkach. Szczeg\u00f3\u0142y mo\u017cna znale\u017a\u0107 w e-mailach z potwierdzeniem zam\u00f3wienia). Znaczna rozbie\u017cno\u015b\u0107: Otrzymany produkt znacznie r\u00f3\u017cni si\u0119 od zdj\u0119cia na naszej stronie internetowej. (Nale\u017cy pami\u0119ta\u0107, \u017ce mog\u0105 wyst\u0105pi\u0107 niewielkie r\u00f3\u017cnice w kolorach ze wzgl\u0119du na r\u00f3\u017cnice w ekranach komputer\u00f3w i ustawieniach urz\u0105dze\u0144).<\/p>\n<p>Op\u0142aty za wysy\u0142k\u0119: Op\u0142aty za wysy\u0142k\u0119 zazwyczaj nie podlegaj\u0105 zwrotowi.<\/p>\n<p>Przetwarzanie refundacji: Refundacje b\u0119d\u0105 przetwarzane w ci\u0105gu 2 dni roboczych od otrzymania zwr\u00f3conych przedmiot\u00f3w.<\/p>\n<p>Koszty wysy\u0142ki zwrotnej: Ponosisz odpowiedzialno\u015b\u0107 za koszty wysy\u0142ki zwrotnej, chyba \u017ce przedmioty zosta\u0142y uszkodzone podczas wysy\u0142ki.<\/p>\n<p>Adres zwrotny: Aby uzyska\u0107 adres zwrotny, skontaktuj si\u0119 z nami za pomoc\u0105 formularza kontaktowego na stronie <a href=\"https:\/\/www.pandasilk.com\/pl\/contact\/\">https:\/\/www.pandasilk.com\/pl\/contact\/<\/a><\/p>\n<h3>3. Koszty wysy\u0142ki<\/h3>\n<p>Sprzedawca pokrywa koszty wysy\u0142ki zwrotnej: Je\u015bli zwrot lub wymiana jest spowodowana b\u0142\u0119dem z naszej strony (nieprawid\u0142owe przedmioty, uszkodzone przedmioty, brakuj\u0105ce przedmioty), pokryjemy koszty wysy\u0142ki zwrotnej do naszej lokalizacji w Chengdu, CN.<\/p>\n<p>Klient pokrywa koszty wysy\u0142ki zwrotnej: Je\u015bli zwracasz przedmioty z powodu zmiany zdania (bez problem\u00f3w z jako\u015bci\u0105), ponosisz odpowiedzialno\u015b\u0107 za koszty wysy\u0142ki zwrotnej.<\/p>\n","protected":false},"excerpt":{"rendered":"<p>Zale\u017cy nam na zapewnieniu Ci pozytywnych wra\u017ce\u0144 podczas zakup\u00f3w. Je\u015bli nie jeste\u015b w pe\u0142ni zadowolony z zakupu, jeste\u015bmy tu, aby pom\u00f3c. Oferujemy prosty proces zwrot\u00f3w i refundacji, podlegaj\u0105cy pewnym warunkom opisanym w naszej polityce poni\u017cej. W razie jakichkolwiek pyta\u0144 prosimy o kontakt z naszym zespo\u0142em obs\u0142ugi klienta. 1. Polityka zwrot\u00f3w Informacje og\u00f3lne: Ze wzgl\u0119du na<\/p>\n","protected":false},"author":1,"featured_media":0,"parent":0,"menu_order":40,"comment_status":"closed","ping_status":"closed","template":"","meta":{"footnotes":""},"class_list":["post-128119","page","type-page","status-publish","hentry","prodpage-classic"],"aioseo_notices":[],"_links":{"self":[{"href":"https:\/\/www.pandasilk.com\/pl\/wp-json\/wp\/v2\/pages\/128119","targetHints":{"allow":["GET"]}}],"collection":[{"href":"https:\/\/www.pandasilk.com\/pl\/wp-json\/wp\/v2\/pages"}],"about":[{"href":"https:\/\/www.pandasilk.com\/pl\/wp-json\/wp\/v2\/types\/page"}],"author":[{"embeddable":true,"href":"https:\/\/www.pandasilk.com\/pl\/wp-json\/wp\/v2\/users\/1"}],"replies":[{"embeddable":true,"href":"https:\/\/www.pandasilk.com\/pl\/wp-json\/wp\/v2\/comments?post=128119"}],"version-history":[{"count":0,"href":"https:\/\/www.pandasilk.com\/pl\/wp-json\/wp\/v2\/pages\/128119\/revisions"}],"wp:attachment":[{"href":"https:\/\/www.pandasilk.com\/pl\/wp-json\/wp\/v2\/media?parent=128119"}],"curies":[{"name":"wp","href":"https:\/\/api.w.org\/{rel}","templated":true}]}}