{"id":128152,"date":"2015-05-18T05:41:32","date_gmt":"2015-05-17T21:41:32","guid":{"rendered":"https:\/\/www.pandasilk.com\/shipping-payment\/"},"modified":"2025-01-18T12:45:49","modified_gmt":"2025-01-18T20:45:49","slug":"shipping-payment","status":"publish","type":"page","link":"https:\/\/www.pandasilk.com\/pl\/shipping-payment\/","title":{"rendered":"Polityka wysy\u0142ki"},"content":{"rendered":"<p>Wi\u0119kszo\u015b\u0107 produkt\u00f3w (takich jak jedwabne prze\u015bcierad\u0142a, poszewki na poduszki i odzie\u017c) jest przetwarzana i gotowa do wysy\u0142ki w ci\u0105gu 5 dni roboczych. Jednak niestandardowy chi\u0144ski haft Shu wymaga kilku tygodni, a niestandardowe r\u0119cznie wi\u0105zane dywany jedwabne mog\u0105 zaj\u0105\u0107 miesi\u0105ce. Wszystkie zam\u00f3wienia wysy\u0142amy za po\u015brednictwem firm FedEx lub EMS, a dostawa zazwyczaj odbywa si\u0119 w ci\u0105gu 7 dni roboczych.<\/p>\n<p>Obowi\u0105zuje zrycza\u0142towana op\u0142ata za wysy\u0142k\u0119 w wysoko\u015bci 25 USD. Nale\u017cy pami\u0119ta\u0107, \u017ce nie mo\u017cemy wysy\u0142a\u0107 na adresy skrytek pocztowych ani adresy wojskowe (APO\/FPO).<\/p>\n<p>Otrzymasz wiadomo\u015b\u0107 e-mail z potwierdzeniem wysy\u0142ki i numerem \u015bledzenia.<\/p>\n<p>Je\u015bli Twoja paczka dotrze uszkodzona: Prosimy o sfotografowanie etykiety FedEx i uszkodzonych przedmiot\u00f3w, a nast\u0119pnie przes\u0142anie do nas wiadomo\u015bci e-mail na adres info@pandasilk.com. Zachowaj wszystkie oryginalne opakowania i uszkodzone towary.<\/p>\n","protected":false},"excerpt":{"rendered":"<p>Wi\u0119kszo\u015b\u0107 produkt\u00f3w (takich jak jedwabne prze\u015bcierad\u0142a, poszewki na poduszki i odzie\u017c) jest przetwarzana i gotowa do wysy\u0142ki w ci\u0105gu 5 dni roboczych. Jednak niestandardowy chi\u0144ski haft Shu wymaga kilku tygodni, a niestandardowe r\u0119cznie wi\u0105zane dywany jedwabne mog\u0105 zaj\u0105\u0107 miesi\u0105ce. Wszystkie zam\u00f3wienia wysy\u0142amy za po\u015brednictwem firm FedEx lub EMS, a dostawa zazwyczaj odbywa si\u0119 w ci\u0105gu<\/p>\n","protected":false},"author":1,"featured_media":6253,"parent":0,"menu_order":38,"comment_status":"closed","ping_status":"closed","template":"","meta":{"footnotes":""},"class_list":["post-128152","page","type-page","status-publish","has-post-thumbnail","hentry","prodpage-classic"],"aioseo_notices":[],"_links":{"self":[{"href":"https:\/\/www.pandasilk.com\/pl\/wp-json\/wp\/v2\/pages\/128152","targetHints":{"allow":["GET"]}}],"collection":[{"href":"https:\/\/www.pandasilk.com\/pl\/wp-json\/wp\/v2\/pages"}],"about":[{"href":"https:\/\/www.pandasilk.com\/pl\/wp-json\/wp\/v2\/types\/page"}],"author":[{"embeddable":true,"href":"https:\/\/www.pandasilk.com\/pl\/wp-json\/wp\/v2\/users\/1"}],"replies":[{"embeddable":true,"href":"https:\/\/www.pandasilk.com\/pl\/wp-json\/wp\/v2\/comments?post=128152"}],"version-history":[{"count":0,"href":"https:\/\/www.pandasilk.com\/pl\/wp-json\/wp\/v2\/pages\/128152\/revisions"}],"wp:featuredmedia":[{"embeddable":true,"href":"https:\/\/www.pandasilk.com\/pl\/wp-json\/wp\/v2\/media\/6253"}],"wp:attachment":[{"href":"https:\/\/www.pandasilk.com\/pl\/wp-json\/wp\/v2\/media?parent=128152"}],"curies":[{"name":"wp","href":"https:\/\/api.w.org\/{rel}","templated":true}]}}