{"id":128185,"date":"2015-05-18T05:31:03","date_gmt":"2015-05-17T21:31:03","guid":{"rendered":"https:\/\/www.pandasilk.com\/privacy-policy\/"},"modified":"2025-01-18T12:45:23","modified_gmt":"2025-01-18T20:45:23","slug":"privacy-policy","status":"publish","type":"page","link":"https:\/\/www.pandasilk.com\/pl\/privacy-policy\/","title":{"rendered":"Polityka prywatno\u015bci"},"content":{"rendered":"<p>PandaSilk zdaje sobie spraw\u0119 z wagi ochrony Twojej prywatno\u015bci i jest zaanga\u017cowana w zapewnienie bezpiecze\u0144stwa Twoich danych osobowych. Niniejsza Polityka Prywatno\u015bci okre\u015bla, w jaki spos\u00f3b gromadzimy, wykorzystujemy i chronimy Twoje dane podczas korzystania z naszej strony internetowej.<\/p>\n<h3>Wykorzystanie plik\u00f3w cookie<\/h3>\n<p>Aby ulepszy\u0107 Twoje wra\u017cenia z przegl\u0105dania i u\u0142atwi\u0107 p\u0142ynny proces zakup\u00f3w, na naszej stronie internetowej u\u017cywamy plik\u00f3w cookie. Pliki cookie to ma\u0142e, zaszyfrowane pliki danych zawieraj\u0105ce unikalne informacje identyfikacyjne u\u017cytkownika. Pliki te s\u0105 bezpiecznie przechowywane na naszych serwerach i mog\u0105 by\u0107 umieszczane na dysku twardym Twojego komputera. Pliki cookie pomagaj\u0105 nam:<\/p>\n<p>Zapami\u0119tywa\u0107 produkty w Twoim koszyku: Dzi\u0119ki temu nie tracisz wybranych produkt\u00f3w podczas poruszania si\u0119 po naszej stronie.<\/p>\n<p>Ulepsza\u0107 funkcjonalno\u015b\u0107 strony internetowej: Pliki cookie pomagaj\u0105 nam zrozumie\u0107, w jaki spos\u00f3b u\u017cytkownicy korzystaj\u0105 z naszej strony, co pozwala nam optymalizowa\u0107 i ulepsza\u0107 og\u00f3lne wra\u017cenia.<\/p>\n<p>Oferowa\u0107 bardziej spersonalizowane do\u015bwiadczenie: Pliki cookie mog\u0105 pozwoli\u0107 nam na dostosowanie tre\u015bci i rekomendacji do Twoich konkretnych zainteresowa\u0144.<\/p>\n<h3>Bezpieczne zakupy HTTPS<\/h3>\n<p>Priorytetem jest dla nas bezpiecze\u0144stwo Twoich wra\u017cliwych danych. Gdy wprowadzasz dane osobowe, takie jak informacje o koncie PayPal, adres e-mail lub numer karty kredytowej na naszej stronie Kasy, stosujemy technologi\u0119 szyfrowania danych Secure Socket Layer (SSL). Ta bran\u017cowa technologia zapewnia, \u017ce wszystkie dane przesy\u0142ane mi\u0119dzy Twoj\u0105 przegl\u0105dark\u0105 a naszym serwerem s\u0105 szyfrowane, co czyni je nieczytelnymi dla nieuprawnionych os\u00f3b. To solidne zabezpieczenie chroni Twoje dane p\u0142atnicze i osobowe podczas transakcji z nami.<\/p>\n<h3>Gromadzenie i wykorzystywanie Twoich danych osobowych<\/h3>\n<p>Aby skutecznie przetwarza\u0107 Twoje zam\u00f3wienia, informowa\u0107 Ci\u0119 o istotnych aktualizacjach i stale ulepsza\u0107 Twoje wra\u017cenia z zakup\u00f3w, gromadzimy od Ciebie okre\u015blone informacje. Mog\u0105 one obejmowa\u0107:<\/p>\n<p>Adres e-mail: Wykorzystywany do przesy\u0142ania potwierdze\u0144 zam\u00f3wie\u0144, powiadomie\u0144 o wysy\u0142ce i wa\u017cnych aktualizacji dotycz\u0105cych PandaSilk.<\/p>\n<p>Adres wysy\u0142ki: Wymagany do dostarczenia zakupionych produkt\u00f3w.<\/p>\n<h3>Twoja prywatno\u015b\u0107 jest najwa\u017cniejsza<\/h3>\n<p>Zapewniamy, \u017ce wszelkie dane osobowe przesy\u0142ane na nasz\u0105 stron\u0119 s\u0105 traktowane z najwy\u017csz\u0105 poufno\u015bci\u0105 i bezpiecze\u0144stwem. Stosujemy uzasadnione \u015brodki w celu ochrony Twoich danych przed nieuprawnionym dost\u0119pem, wykorzystaniem lub ujawnieniem. Jeste\u015bmy zaanga\u017cowani w ochron\u0119 Twojej prywatno\u015bci i budowanie relacji opartej na zaufaniu.<\/p>\n","protected":false},"excerpt":{"rendered":"<p>PandaSilk zdaje sobie spraw\u0119 z wagi ochrony Twojej prywatno\u015bci i jest zaanga\u017cowana w zapewnienie bezpiecze\u0144stwa Twoich danych osobowych. Niniejsza Polityka Prywatno\u015bci okre\u015bla, w jaki spos\u00f3b gromadzimy, wykorzystujemy i chronimy Twoje dane podczas korzystania z naszej strony internetowej. Wykorzystanie plik\u00f3w cookie Aby ulepszy\u0107 Twoje wra\u017cenia z przegl\u0105dania i u\u0142atwi\u0107 p\u0142ynny proces zakup\u00f3w, na naszej stronie internetowej<\/p>\n","protected":false},"author":1,"featured_media":1557,"parent":0,"menu_order":39,"comment_status":"closed","ping_status":"closed","template":"","meta":{"footnotes":""},"class_list":["post-128185","page","type-page","status-publish","has-post-thumbnail","hentry","prodpage-classic"],"aioseo_notices":[],"_links":{"self":[{"href":"https:\/\/www.pandasilk.com\/pl\/wp-json\/wp\/v2\/pages\/128185","targetHints":{"allow":["GET"]}}],"collection":[{"href":"https:\/\/www.pandasilk.com\/pl\/wp-json\/wp\/v2\/pages"}],"about":[{"href":"https:\/\/www.pandasilk.com\/pl\/wp-json\/wp\/v2\/types\/page"}],"author":[{"embeddable":true,"href":"https:\/\/www.pandasilk.com\/pl\/wp-json\/wp\/v2\/users\/1"}],"replies":[{"embeddable":true,"href":"https:\/\/www.pandasilk.com\/pl\/wp-json\/wp\/v2\/comments?post=128185"}],"version-history":[{"count":0,"href":"https:\/\/www.pandasilk.com\/pl\/wp-json\/wp\/v2\/pages\/128185\/revisions"}],"wp:featuredmedia":[{"embeddable":true,"href":"https:\/\/www.pandasilk.com\/pl\/wp-json\/wp\/v2\/media\/1557"}],"wp:attachment":[{"href":"https:\/\/www.pandasilk.com\/pl\/wp-json\/wp\/v2\/media?parent=128185"}],"curies":[{"name":"wp","href":"https:\/\/api.w.org\/{rel}","templated":true}]}}