{"id":164861,"date":"2026-01-13T01:54:41","date_gmt":"2026-01-13T09:54:41","guid":{"rendered":"https:\/\/www.pandasilk.com\/product\/silk-cheongsam\/"},"modified":"2026-02-28T06:45:32","modified_gmt":"2026-02-28T14:45:32","slug":"silk-cheongsam","status":"publish","type":"product","link":"https:\/\/www.pandasilk.com\/pl\/product\/silk-cheongsam\/","title":{"rendered":"Jedwabne Cheongsam"},"content":{"rendered":"<p>Odkryj wdzi\u0119k i pi\u0119kno tradycyjnego chi\u0144skiego stroju dzi\u0119ki naszemu kunsztownie wykonanemu jedwabnemu cheongsam. Ta jednocz\u0119\u015bciowa suknia, znana r\u00f3wnie\u017c jako qipao, jest symbolem kobieco\u015bci i dziedzictwa kulturowego. Nasza nowoczesna interpretacja zosta\u0142a uszyta z najwy\u017cszej jako\u015bci jedwabiu morwowego, s\u0142yn\u0105cego z mi\u0119kko\u015bci, przewiewno\u015bci i pi\u0119knego uk\u0142adania si\u0119.<\/p>\n<p>Ta elegancka suknia ma ponadczasowy ko\u0142nierzyk mandary\u0144ski i jest ozdobiona misternymi, r\u0119cznie haftowanymi wzorami kwiatowymi. O\u0142\u00f3wkowy kr\u00f3j zosta\u0142 zaprojektowany, aby podkre\u015bli\u0107 sylwetk\u0119, a boczne rozci\u0119cia dodaj\u0105 odrobin\u0119 uroku i zapewniaj\u0105 swobod\u0119 ruch\u00f3w. Tradycyjne w\u0119ze\u0142ki pankou wzd\u0142u\u017c uko\u015bnego zapi\u0119cia stanowi\u0105 autentyczny i rzemie\u015blniczy akcent.<\/p>\n<p>Niezale\u017cnie od tego, czy uczestniczysz w ceremonii parzenia herbaty, weselu, czy eleganckim wieczornym przyj\u0119ciu, nasze jedwabne cheongsam to idealny wyb\u00f3r, aby stworzy\u0107 niezapomniany i wyrafinowany wizerunek. Jest to uniwersalny element garderoby, kt\u00f3ry mo\u017cna stylizowa\u0107 z nowoczesnymi lub tradycyjnymi dodatkami, dopasowuj\u0105c go do ka\u017cdej okazji.<\/p>\n<p>Aby zachowa\u0107 pi\u0119kno i trwa\u0142o\u015b\u0107 Twojego jedwabnego cheongsam, prosimy o przestrzeganie poni\u017cszych instrukcji piel\u0119gnacji:<\/p>\n<ul>\n<li>Pra\u0107 r\u0119cznie w zimnej wodzie z u\u017cyciem \u0142agodnego detergentu przeznaczonego do jedwabiu.<\/li>\n<li>Delikatnie porusza\u0107 ubraniem w wodzie, ale nie wy\u017cyma\u0107 ani nie skr\u0119ca\u0107.<\/li>\n<li>Dok\u0142adnie wyp\u0142uka\u0107 w zimnej, czystej wodzie.<\/li>\n<li>Aby usun\u0105\u0107 nadmiar wody, roz\u0142o\u017cy\u0107 cheongsam na p\u0142asko na czystym, suchym r\u0119czniku i delikatnie go zwin\u0105\u0107.<\/li>\n<li>Suszy\u0107 w pozycji wisz\u0105cej w zacienionym miejscu, z dala od bezpo\u015bredniego \u015bwiat\u0142a s\u0142onecznego, aby zapobiec blakni\u0119ciu jedwabiu.<\/li>\n<li>W razie potrzeby prasowa\u0107 na niskiej temperaturze, najlepiej gdy ubranie jest jeszcze lekko wilgotne. Umie\u015bci\u0107 \u015bciereczk\u0119 mi\u0119dzy \u017celazkiem a jedwabiem, aby chroni\u0107 tkanin\u0119.<\/li>\n<\/ul>\n","protected":false},"excerpt":{"rendered":"<p>Do\u015bwiadcz ponadczasowej elegancji dzi\u0119ki naszemu zjawiskowemu jedwabnemu Cheongsam. To nowoczesne qipao, wykonane z luksusowego jedwabiu morwowego, charakteryzuje si\u0119 klasycznym ko\u0142nierzykiem mandary\u0144skim, delikatnymi w\u0119ze\u0142kami pankou i krojem podkre\u015blaj\u0105cym sylwetk\u0119. Idealne na wesela, uroczysto\u015bci lub inne specjalne okazje, na kt\u00f3rych chcesz zaprezentowa\u0107 si\u0119 z wyrafinowan\u0105 klas\u0105.<\/p>\n<p><a class=\"btn-element btn-element-2 btn btn-default btn-icon--before btn--rounded\" href=\"https:\/\/www.pandasilk.com\/pl\/product\/silk-cheongsam\/\">Silk Cheongsam<\/a><\/p>\n","protected":false},"featured_media":163620,"comment_status":"open","ping_status":"closed","template":"","meta":[],"product_brand":[],"product_cat":[38064,38137],"product_tag":[],"class_list":{"0":"post-164861","1":"product","2":"type-product","3":"status-publish","4":"has-post-thumbnail","6":"product_cat-silk-clothing-pl","7":"product_cat-women-pl","8":"tm-no-options","10":"first","11":"instock","12":"shipping-taxable","13":"product-type-external","14":"prodpage-classic"},"aioseo_notices":[],"_links":{"self":[{"href":"https:\/\/www.pandasilk.com\/pl\/wp-json\/wp\/v2\/product\/164861","targetHints":{"allow":["GET"]}}],"collection":[{"href":"https:\/\/www.pandasilk.com\/pl\/wp-json\/wp\/v2\/product"}],"about":[{"href":"https:\/\/www.pandasilk.com\/pl\/wp-json\/wp\/v2\/types\/product"}],"replies":[{"embeddable":true,"href":"https:\/\/www.pandasilk.com\/pl\/wp-json\/wp\/v2\/comments?post=164861"}],"wp:featuredmedia":[{"embeddable":true,"href":"https:\/\/www.pandasilk.com\/pl\/wp-json\/wp\/v2\/media\/163620"}],"wp:attachment":[{"href":"https:\/\/www.pandasilk.com\/pl\/wp-json\/wp\/v2\/media?parent=164861"}],"wp:term":[{"taxonomy":"product_brand","embeddable":true,"href":"https:\/\/www.pandasilk.com\/pl\/wp-json\/wp\/v2\/product_brand?post=164861"},{"taxonomy":"product_cat","embeddable":true,"href":"https:\/\/www.pandasilk.com\/pl\/wp-json\/wp\/v2\/product_cat?post=164861"},{"taxonomy":"product_tag","embeddable":true,"href":"https:\/\/www.pandasilk.com\/pl\/wp-json\/wp\/v2\/product_tag?post=164861"}],"curies":[{"name":"wp","href":"https:\/\/api.w.org\/{rel}","templated":true}]}}