{"id":128153,"date":"2015-05-18T05:41:32","date_gmt":"2015-05-17T21:41:32","guid":{"rendered":"https:\/\/www.pandasilk.com\/shipping-payment\/"},"modified":"2025-01-18T12:45:49","modified_gmt":"2025-01-18T20:45:49","slug":"shipping-payment","status":"publish","type":"page","link":"https:\/\/www.pandasilk.com\/pt-br\/shipping-payment\/","title":{"rendered":"Pol\u00edtica de envio"},"content":{"rendered":"<p>A maioria dos itens (como len\u00e7\u00f3is de seda, fronhas e roupas) \u00e9 processada e est\u00e1 pronta para envio dentro de 5 dias \u00fateis. No entanto, o bordado chin\u00eas Shu personalizado requer v\u00e1rias semanas, e os tapetes de seda feitos \u00e0 m\u00e3o sob medida podem levar meses. Enviamos todos os pedidos via FedEx ou EMS, com entrega normalmente dentro de 7 dias \u00fateis.<\/p>\n<p>\u00c9 aplicada uma taxa de envio fixa de US$ 25. Observe que n\u00e3o podemos enviar para caixas postais ou endere\u00e7os militares (APO\/FPO).<\/p>\n<p>Voc\u00ea receber\u00e1 um e-mail de confirma\u00e7\u00e3o de envio com seu n\u00famero de rastreamento.<\/p>\n<p>Se sua embalagem chegar danificada: Por favor, fotografe a etiqueta da FedEx e os itens danificados, ent\u00e3o nos envie um e-mail para info@pandasilk.com. Guarde todas as embalagens originais e os produtos danificados.<\/p>\n","protected":false},"excerpt":{"rendered":"<p>A maioria dos itens (como len\u00e7\u00f3is de seda, fronhas e roupas) \u00e9 processada e est\u00e1 pronta para envio dentro de 5 dias \u00fateis. No entanto, o bordado chin\u00eas Shu personalizado requer v\u00e1rias semanas, e os tapetes de seda feitos \u00e0 m\u00e3o sob medida podem levar meses. Enviamos todos os pedidos via FedEx ou EMS, com<\/p>\n","protected":false},"author":1,"featured_media":6253,"parent":0,"menu_order":38,"comment_status":"closed","ping_status":"closed","template":"","meta":{"footnotes":""},"class_list":["post-128153","page","type-page","status-publish","has-post-thumbnail","hentry","prodpage-classic"],"aioseo_notices":[],"_links":{"self":[{"href":"https:\/\/www.pandasilk.com\/pt-br\/wp-json\/wp\/v2\/pages\/128153","targetHints":{"allow":["GET"]}}],"collection":[{"href":"https:\/\/www.pandasilk.com\/pt-br\/wp-json\/wp\/v2\/pages"}],"about":[{"href":"https:\/\/www.pandasilk.com\/pt-br\/wp-json\/wp\/v2\/types\/page"}],"author":[{"embeddable":true,"href":"https:\/\/www.pandasilk.com\/pt-br\/wp-json\/wp\/v2\/users\/1"}],"replies":[{"embeddable":true,"href":"https:\/\/www.pandasilk.com\/pt-br\/wp-json\/wp\/v2\/comments?post=128153"}],"version-history":[{"count":0,"href":"https:\/\/www.pandasilk.com\/pt-br\/wp-json\/wp\/v2\/pages\/128153\/revisions"}],"wp:featuredmedia":[{"embeddable":true,"href":"https:\/\/www.pandasilk.com\/pt-br\/wp-json\/wp\/v2\/media\/6253"}],"wp:attachment":[{"href":"https:\/\/www.pandasilk.com\/pt-br\/wp-json\/wp\/v2\/media?parent=128153"}],"curies":[{"name":"wp","href":"https:\/\/api.w.org\/{rel}","templated":true}]}}