{"id":65722,"date":"2019-06-30T19:49:31","date_gmt":"2019-06-30T11:49:31","guid":{"rendered":"https:\/\/www.pandasilk.com\/faqs\/"},"modified":"2025-01-13T14:43:32","modified_gmt":"2025-01-13T22:43:32","slug":"faqs","status":"publish","type":"page","link":"https:\/\/www.pandasilk.com\/pt-br\/faqs\/","title":{"rendered":"Perguntas Frequentes Sobre Seda"},"content":{"rendered":"<p>A seda, um tecido luxuoso e atemporal, tem cativado as pessoas por mil\u00eanios. Desde suas origens antigas na China at\u00e9 sua presen\u00e7a contempor\u00e2nea na moda e em t\u00eaxteis para o lar, a seda continua sendo um material cobi\u00e7ado. Este artigo tem como objetivo abordar as perguntas mais comuns sobre a seda, oferecendo respostas claras e abrangentes.<\/p>\n<h3>1. Quem Pode Usar Produtos de Seda?<\/h3>\n<p>Os produtos de seda s\u00e3o notavelmente vers\u00e1teis e adequados para pessoas de todas as idades, incluindo adultos, crian\u00e7as e beb\u00eas. Se voc\u00ea precisar de tamanhos personalizados para itens como roupas de cama, entre em contato com o fornecedor, como a PandaSilk, para saber sobre op\u00e7\u00f5es personalizadas.<\/p>\n<h3>2. De Onde Vem Sua Seda?<\/h3>\n<p>A maior parte da seda do mundo tem origem na China, onde a pr\u00e1tica da sericultura (cria\u00e7\u00e3o de bichos-da-seda) foi refinada ao longo de milhares de anos. A evid\u00eancia mais antiga da produ\u00e7\u00e3o de seda remonta a cerca de 3500 a.C. na China antiga, solidificando seu status como a principal fabricante de seda. Embora a Tail\u00e2ndia e a \u00cdndia tamb\u00e9m produzam seda, sua produ\u00e7\u00e3o e a suavidade de suas fibras geralmente n\u00e3o se comparam \u00e0s da China. A It\u00e1lia \u00e9 conhecida por sedas de alta qualidade, mas sua seda \u00e9 predominantemente usada para vestu\u00e1rio, em vez de t\u00eaxteis para o lar, como roupas de cama.<\/p>\n<h3>3. Sua Seda \u00e9 100% Pura?<\/h3>\n<p>A maioria dos tecidos de seda \u00e9 feita com seda 100% pura, como \u00e9 o caso da maioria das sedas vendidas por empresas como a PandaSilk. Se voc\u00ea estiver procurando por misturas, itens feitos com combina\u00e7\u00f5es como veludo, cetim de seda\/viscose ou outros tecidos mistos s\u00e3o sempre claramente marcados para indicar sua composi\u00e7\u00e3o.<\/p>\n<h3>4. Como os Pedidos S\u00e3o Enviados e Qual o Prazo de Entrega?<\/h3>\n<p>Os pedidos s\u00e3o geralmente despachados por transportadoras internacionais confi\u00e1veis como DHL, UPS, FedEx ou EMS. Para clientes na Am\u00e9rica, Canad\u00e1 e Austr\u00e1lia, as entregas normalmente levam cerca de 4-5 dias. No entanto, os prazos de entrega podem ser prolongados durante as \u00e9pocas de festas.<\/p>\n<h3>5. A Seda Pode Ser Lavada?<\/h3>\n<p>Sim, a seda \u00e9 lav\u00e1vel. Os corantes ou estampas aplicados na seda passam por uma lavagem durante o processo de fabrica\u00e7\u00e3o para torn\u00e1-los resistentes \u00e0 cor. A lavagem \u00e0 m\u00e3o \u00e9 recomendada para melhores resultados.<\/p>\n<h3>6. Qual o M\u00e9todo Adequado Para Lavar Seda?<\/h3>\n<p>Lave sua seda \u00e0 m\u00e3o em \u00e1gua morna usando um detergente neutro. Ap\u00f3s a lavagem, evite torcer a seda quando molhada. Esprema suavemente o excesso de \u00e1gua e coloque-a sobre uma superf\u00edcie plana entre toalhas para absorver a umidade antes de passar.<\/p>\n<h3>7. A Seda Pode Ser Passada?<\/h3>\n<p>A seda pode ser passada com o cuidado adequado, pois \u00e9 bastante resistente. N\u00e3o deixe um ferro quente descansando sobre a seda por longos per\u00edodos. Use um ferro frio e sempre passe suas pe\u00e7as de seda do avesso. Se poss\u00edvel, use a configura\u00e7\u00e3o de seda do ferro, mas, caso contr\u00e1rio, a temperatura mais baixa geralmente funciona eficazmente.<\/p>\n<h3>8. Qual Linha Deve Ser Usada Para Costurar Seda?<\/h3>\n<p>Linhas comuns como as produzidas pela G\u00fctermann funcionam bem com seda. \u00c9 melhor n\u00e3o usar linha de seda pura porque tende a dar n\u00f3s facilmente.<\/p>\n<h3>9. Qual o Peso Momme das Fronhas de Seda?<\/h3>\n<p>As fronhas de seda s\u00e3o medidas em peso momme (pronuncia-se moe-me). Empresas como a PandaSilk oferecem op\u00e7\u00f5es de 19, 22 ou 25 momme. Quanto maior o momme, mais peso e, portanto, durabilidade, a seda possui.<\/p>\n<h3>10. O Que Significa &#8220;Peso Momme&#8221;?<\/h3>\n<p>Peso momme \u00e9 a unidade usada para medir o peso do tecido de seda, indicando sua densidade. Um peso momme mais alto significa uma seda mais grossa, mais densa e geralmente mais dur\u00e1vel.<\/p>\n<h3>11. Como a Seda Surgiu?<\/h3>\n<p>As origens da seda remontam \u00e0 China antiga, com uma lenda que coloca sua descoberta com uma imperatriz chamada Si Ling Chi, que supostamente observou bichos-da-seda tecendo seus casulos nos jardins reais e sonhou em fazer tecido com seus fios. Outra explica\u00e7\u00e3o diz que algumas mulheres encontraram seda acidentalmente ao colher frutas. As mulheres ferveram um monte de &#8220;frutas&#8221; brancas e duras e n\u00e3o comest\u00edveis (casulos), batendo-as mais tarde. O processo descobriu o material.<\/p>\n<h3>12. O Que Exatamente \u00e9 Seda?<\/h3>\n<p>Seda \u00e9 o fio fino produzido por um bicho-da-seda para construir seu casulo durante a pupa\u00e7\u00e3o. Este fio \u00e9 not\u00e1vel como a fibra natural mais forte e fina do mundo. \u00c9 uma fibra de prote\u00edna com uma composi\u00e7\u00e3o qu\u00edmica semelhante \u00e0 da pele humana. Como tal, a seda \u00e9 frequentemente descrita como uma segunda pele ideal.<\/p>\n<h3>13. Seda \u00e9 Seda de Amoreira?<\/h3>\n<p>Normalmente, itens de seda de alta qualidade, como os da PandaSilk, s\u00e3o feitos com seda de amoreira 100% pura, resultado do cultivo de bichos-da-seda em uma dieta exclusivamente composta por folhas de amoreira, tornando-a da mais alta qualidade para uso em t\u00eaxteis.<\/p>\n<h3>14. A Seda Charmeuse \u00e9 a Mesma que a Seda de Amoreira?<\/h3>\n<p>A seda charmeuse \u00e9 um tipo particular de trama, enquanto a seda de amoreira \u00e9 o tipo de material de seda (vem do bicho-da-seda que come amoreira) sendo usada para a produ\u00e7\u00e3o de charmeuse ou outros tipos de tecido de seda, como chiffon, habotai, crepe, etc. A seda vem de bichos-da-seda alimentados apenas com folhas de amoreira. Charmeuse descreve a trama final; \u00e9 a escolha mais luxuosa, conhecida por sua apar\u00eancia brilhante. Mais comumente, \u00e9 encontrada em itens de cama. Outros tecidos de seda menos comuns e mais fr\u00e1geis, como chiffon de seda ou habotai, tamb\u00e9m podem ser usados em outras pe\u00e7as de vestu\u00e1rio.<\/p>\n<h3>15. O Que \u00e9 Seda Charmeuse e Cetim?<\/h3>\n<p>A seda pode ser tecida em v\u00e1rios tipos de tecidos, como chiffon de seda, crepe de seda e charmeuse\/cetim de seda. Charmeuse e cetim referem-se a tipos espec\u00edficos de trama caracterizados por sua superf\u00edcie lisa e sensa\u00e7\u00e3o geralmente luxuosa. Os dois s\u00e3o virtualmente o mesmo tipo de trama apertada e pesada com uma frente brilhante e um verso fosco. Freq\u00fcentemente, o cetim ou sateen \u00e9 &#8220;sequestrado&#8221; pelo poli\u00e9ster para dar a ele um brilho mais semelhante ao da seda. Por este motivo, marcas conceituadas distinguem sempre claramente os produtos como &#8220;seda&#8221; com refer\u00eancia a Charmeuse. As melhores marcas escolhem a charmeuse como usariam seda no tapete vermelho.<\/p>\n<h3>16. Quanto Tempo Dura as Roupas de Cama de Seda?<\/h3>\n<p>Em m\u00e9dia, as roupas de cama de seda podem durar cerca de 1 a 3 anos, desde que sejam observados os cuidados e uso adequados. Outras vari\u00e1veis tamb\u00e9m podem afetar a vida \u00fatil das roupas de cama. Elementos a serem considerados, padr\u00f5es de peso e movimenta\u00e7\u00e3o e com que frequ\u00eancia s\u00e3o lavadas. Se lavadas em excesso, isso pode diminuir a vida \u00fatil das roupas de cama. O ambiente do quarto ou outras condi\u00e7\u00f5es pessoais ou de sono podem encurtar a vida \u00fatil da roupa de cama de seda.<\/p>\n<h3>17. O Que Envolve a Cria\u00e7\u00e3o de Bichos-da-Seda?<\/h3>\n<p>Criar bichos-da-seda para a produ\u00e7\u00e3o de seda envolve um esfor\u00e7o significativo para criar boas fibras t\u00eaxteis, principalmente mantendo-os em condi\u00e7\u00f5es sanit\u00e1rias e tranquilas, enquanto recebem folhas de amoreira cultivadas.<\/p>\n<h3>18. A Seda \u00e9 Ecol\u00f3gica?<\/h3>\n<p>Geralmente, a seda de amoreira \u00e9 ecologicamente correta por ser produzida por insetos sem produzir quaisquer subprodutos nocivos, criando um material seguro e ambientalmente sustent\u00e1vel.<\/p>\n<h3>19. Onde os Casulos S\u00e3o Coletados?<\/h3>\n<p>Os casulos de bicho-da-seda s\u00e3o coletados em vilas chinesas e a fabrica\u00e7\u00e3o ocorre em instala\u00e7\u00f5es pr\u00f3ximas, principalmente na China, porque o pa\u00eds \u00e9 o principal respons\u00e1vel pela produ\u00e7\u00e3o mundial de seda.<\/p>\n<h3>20. Onde se Originou a Rota da Seda?<\/h3>\n<p>A Rota da Seda come\u00e7ou em Chang&#8217;an (agora Xi&#8217;an) e se estendeu para o oeste em dire\u00e7\u00e3o ao Mediterr\u00e2neo, conectando especificamente a China ao mundo iraniano via Samarcanda, que \u00e9 o atual Uzbequist\u00e3o. Durante a \u00e9poca do Imp\u00e9rio Romano, n\u00e3o havia rota de com\u00e9rcio e tr\u00e1fego direto conhecida entre Roma e a China para esses itens, mas pensava-se que era uma rota secund\u00e1ria ou terci\u00e1ria com os romanos comprando de vendedores secund\u00e1rios em v\u00e1rios locais ao longo da Rota da Seda, tornando essa rota do ponto de venda em vez de um grande loop de uma rota.<\/p>\n<h3>21. Qual a Contagem de Fios da Seda?<\/h3>\n<p>Ao medir a seda, o Momme (o peso) \u00e9 preferido e a Contagem de Fios se tornou secund\u00e1ria. Para refer\u00eancia, marcas como a PandaSilk teriam aproximadamente:<\/p>\n<table class=\"table table-striped table-bordered\">\n<thead>\n<tr>\n<th>Momme<\/th>\n<th>Contagem de Fios<\/th>\n<\/tr>\n<\/thead>\n<tbody>\n<tr>\n<td>19 MM<\/td>\n<td>400<\/td>\n<\/tr>\n<tr>\n<td>22 MM<\/td>\n<td>600<\/td>\n<\/tr>\n<tr>\n<td>25 MM<\/td>\n<td>800<\/td>\n<\/tr>\n<tr>\n<td>30 MM<\/td>\n<td>1200<\/td>\n<\/tr>\n<\/tbody>\n<\/table>\n<h3>22. O Que \u00e9 o Padr\u00e3o OEKO-TEX\u00ae 100?<\/h3>\n<p>O OEKO-TEX Standard 100 \u00e9 uma certifica\u00e7\u00e3o e sistema internacional de terceiros para garantir que os produtos t\u00eaxteis foram exaustivamente testados para subst\u00e2ncias nocivas, levando em considera\u00e7\u00e3o todas as etapas. Os t\u00eaxteis com esta certifica\u00e7\u00e3o atenderam aos padr\u00f5es do sistema em cada um de seus pontos de fabrica\u00e7\u00e3o, sejam fibras ou produtos acabados, incluindo os v\u00e1rios acess\u00f3rios do produto. A certifica\u00e7\u00e3o permite r\u00f3tulos de produtos, chamados de &#8220;Confian\u00e7a em T\u00eaxteis&#8221;. Outro n\u00edvel tamb\u00e9m abrange a responsabilidade ambiental com r\u00f3tulos de acordo com a Oeko-Tex Standard 1000. Todos testados em rela\u00e7\u00e3o \u00e0 composi\u00e7\u00e3o \u00fanica de cada produto em todas as fases de fabrica\u00e7\u00e3o.<\/p>\n<h3>Conclus\u00e3o<\/h3>\n<p>A seda, com sua rica hist\u00f3ria e propriedades luxuosas, continua a ser um tecido valioso e desejado. Esperamos que este artigo tenha respondido \u00e0s suas d\u00favidas mais prementes sobre a seda, desde sua origem e produ\u00e7\u00e3o at\u00e9 seu uso e cuidados. Ao entender mais sobre esse tecido requintado, voc\u00ea pode tomar decis\u00f5es informadas sobre seus produtos de seda e apreciar ainda mais sua beleza e qualidade.<\/p>\n","protected":false},"excerpt":{"rendered":"<p>A seda, um tecido luxuoso e atemporal, tem cativado as pessoas por mil\u00eanios. Desde suas origens antigas na China at\u00e9 sua presen\u00e7a contempor\u00e2nea na moda e em t\u00eaxteis para o lar, a seda continua sendo um material cobi\u00e7ado. Este artigo tem como objetivo abordar as perguntas mais comuns sobre a seda, oferecendo respostas claras e<\/p>\n","protected":false},"author":1,"featured_media":1551,"parent":0,"menu_order":352,"comment_status":"closed","ping_status":"closed","template":"","meta":{"footnotes":""},"class_list":["post-65722","page","type-page","status-publish","has-post-thumbnail","hentry","prodpage-classic"],"aioseo_notices":[],"_links":{"self":[{"href":"https:\/\/www.pandasilk.com\/pt-br\/wp-json\/wp\/v2\/pages\/65722","targetHints":{"allow":["GET"]}}],"collection":[{"href":"https:\/\/www.pandasilk.com\/pt-br\/wp-json\/wp\/v2\/pages"}],"about":[{"href":"https:\/\/www.pandasilk.com\/pt-br\/wp-json\/wp\/v2\/types\/page"}],"author":[{"embeddable":true,"href":"https:\/\/www.pandasilk.com\/pt-br\/wp-json\/wp\/v2\/users\/1"}],"replies":[{"embeddable":true,"href":"https:\/\/www.pandasilk.com\/pt-br\/wp-json\/wp\/v2\/comments?post=65722"}],"version-history":[{"count":0,"href":"https:\/\/www.pandasilk.com\/pt-br\/wp-json\/wp\/v2\/pages\/65722\/revisions"}],"wp:featuredmedia":[{"embeddable":true,"href":"https:\/\/www.pandasilk.com\/pt-br\/wp-json\/wp\/v2\/media\/1551"}],"wp:attachment":[{"href":"https:\/\/www.pandasilk.com\/pt-br\/wp-json\/wp\/v2\/media?parent=65722"}],"curies":[{"name":"wp","href":"https:\/\/api.w.org\/{rel}","templated":true}]}}