{"id":126771,"date":"2019-06-30T19:49:31","date_gmt":"2019-06-30T11:49:31","guid":{"rendered":"https:\/\/www.pandasilk.com\/faqs\/"},"modified":"2025-01-15T13:12:27","modified_gmt":"2025-01-15T21:12:27","slug":"faqs","status":"publish","type":"page","link":"https:\/\/www.pandasilk.com\/sr\/faqs\/","title":{"rendered":"Naj\u010de\u0161\u0107a pitanja o svili"},"content":{"rendered":"<p>Svila, luksuzna i vanvremenska tkanina, o\u010darava ljude ve\u0107 milenijumima. Od svojih drevnih po\u010detaka u Kini do svoje savremene prisutnosti u modi i ku\u0107nom tekstilu, svila ostaje tra\u017een materijal. Ovaj \u010dlanak ima za cilj da odgovori na naj\u010de\u0161\u0107a pitanja o svili, nude\u0107i jasne i sveobuhvatne odgovore.<\/p>\n<h3>1. Ko mo\u017ee koristiti proizvode od svile?<\/h3>\n<p>Proizvodi od svile su izuzetno raznovrsni i pogodni za ljude svih uzrasta, uklju\u010duju\u0107i odrasle, decu i malu decu. Ako vam je potrebna prilago\u0111ena veli\u010dina za predmete kao \u0161to je posteljina, kontaktirajte dobavlja\u010da, kao \u0161to je PandaSilk, da biste se raspitali o mogu\u0107nostima prilago\u0111avanja.<\/p>\n<h3>2. Odakle poti\u010de va\u0161a svila?<\/h3>\n<p>Ve\u0107ina svile na svetu poti\u010de iz Kine, gde se praksa serikulture (gajenje svilene bube) usavr\u0161avala hiljadama godina. Najraniji dokazi o proizvodnji svile datiraju iz oko 3500. godine pre nove ere u staroj Kini, \u010dime je u\u010dvr\u0161\u0107en njen status vode\u0107eg proizvo\u0111a\u010da svile. Iako Tajland i Indija tako\u0111e proizvode svilu, njihova proizvodnja i glatkost njihovih vlakana se uglavnom ne mogu uporediti sa onima u Kini. Italija je poznata po visokokvalitetnoj svili, ali se njihova svila uglavnom koristi za ode\u0107u, a ne za ku\u0107ni tekstil kao \u0161to je posteljina.<\/p>\n<h3>3. Da li je va\u0161a svila 100% \u010dista?<\/h3>\n<p>Ve\u0107ina svilenih tkanina je zaista napravljena od 100% \u010diste svile, kao \u0161to je slu\u010daj sa ve\u0107inom svila koje prodaju kompanije kao \u0161to je PandaSilk. Ako tra\u017eite me\u0161avine, predmeti napravljeni od kombinacija kao \u0161to su somot, saten od svile\/viskoze ili druge me\u0161ane tkanine uvek su jasno ozna\u010deni da bi se ukazao njihov sastav.<\/p>\n<h3>4. Kako se \u0161alju porud\u017ebine i koliko je vreme isporuke?<\/h3>\n<p>Porud\u017ebine se obi\u010dno \u0161alju preko pouzdanih me\u0111unarodnih prevoznika kao \u0161to su DHL, UPS, FedEx ili EMS. Za kupce u Americi, Kanadi i Australiji isporuke obi\u010dno mogu da traju oko 4-5 dana. Me\u0111utim, vreme isporuke mo\u017ee se produ\u017eiti tokom prazni\u010dne sezone.<\/p>\n<h3>5. Da li se svila mo\u017ee prati?<\/h3>\n<p>Da, svila se mo\u017ee prati. Boje ili otisci koji se nanose na svilu prolaze kroz pranje tokom proizvodnog procesa kako bi se u\u010dinile otpornim na boje. Preporu\u010duje se ru\u010dno pranje za najbolje rezultate.<\/p>\n<h3>6. Koji je pravilan na\u010din pranja svile?<\/h3>\n<p>Ru\u010dno operite svoju svilu u mlakoj vodi koriste\u0107i blagi deterd\u017eent. Nakon pranja, izbegavajte ce\u0111enje svile kada je mokra. Ne\u017eno istisnite vi\u0161ak vode i polo\u017eite je ravno izme\u0111u pe\u0161kira kako biste upili vlagu pre peglanja.<\/p>\n<h3>7. Da li se svila mo\u017ee peglati?<\/h3>\n<p>Svila se mo\u017ee peglati uz odgovaraju\u0107u pa\u017enju, jer je prili\u010dno izdr\u017eljiva. Nemojte ostavljati vru\u0107u peglu na svili du\u017ei period. Koristite hladnu peglu i uvek peglajte svilene predmete iznutra prema spolja. Ako je mogu\u0107e, koristite pode\u0161avanje za svilu na pegli, ali ina\u010de najni\u017ea temperatura obi\u010dno funkcioni\u0161e efikasno.<\/p>\n<h3>8. Koji konac treba koristiti za \u0161ivenje svile?<\/h3>\n<p>Obi\u010dni konac kao \u0161to su oni koje proizvodi G\u00fctermann dobro funkcioni\u0161e sa svilom. Bolje je ne koristiti \u010disti svileni konac jer se lako vezuje u \u010dvorove.<\/p>\n<h3>9. Kolika je Momme te\u017eina svilenih jastu\u010dnica?<\/h3>\n<p>Svilene jastu\u010dnice se mere u momme te\u017eini (izgovara se moe-me). Kompanije kao \u0161to je PandaSilk nude ih u opcijama od 19, 22 ili 25 mome. \u0160to je ve\u0107a mome te\u017eina, to svila poseduje vi\u0161e te\u017eine, a samim tim i izdr\u017eljivosti.<\/p>\n<h3>10. \u0160ta zna\u010di \u201eMomme te\u017eina\u201c?<\/h3>\n<p>Mome te\u017eina je jedinica koja se koristi za merenje te\u017eine svilenog platna, \u0161to ukazuje na njegovu gustinu. Ve\u0107a mome te\u017eina zna\u010di deblju, gu\u0161\u0107u i generalno izdr\u017eljiviju svilu.<\/p>\n<h3>11. Kako je nastala svila?<\/h3>\n<p>Poreklo svile se\u017ee u staru Kinu, a jedna legenda stavlja njeno otkri\u0107e u vezu sa caricom po imenu Si Ling Chi, koja je navodno posmatrala svilene bube kako vrte svoje \u010daure u kraljevskim vrtovima i sanjala o pravljenju tkanine sa njihovim nitima. Drugo obja\u0161njenje ka\u017ee da su neke \u017eene slu\u010dajno prona\u0161le svilu dok su sakupljale vo\u0107e. \u017dene su kuvale gomilu tvrdih, nejestivih, belih \u201eplodova\u201c (\u010daura), a kasnije su ih tukle. U tom procesu je otkriven materijal.<\/p>\n<h3>12. \u0160ta je ta\u010dno svila?<\/h3>\n<p>Svila je fina nit koju proizvodi svilena buba za izgradnju svoje \u010daure tokom metamorfoze. Ova nit je poznata kao najja\u010de i najfinije prirodno vlakno na globalnom nivou. To je proteinsko vlakno hemijskog sastava sli\u010dnog ljudskoj ko\u017ei. Kao takva, svila se \u010desto opisuje kao idealna druga ko\u017ea.<\/p>\n<h3>13. Da li je svila dudova svila?<\/h3>\n<p>Tipi\u010dno, premium-kvalitetni svileni proizvodi, kao \u0161to su oni od PandaSilk, napravljeni su od 100% \u010diste dudove svile, koja je rezultat uzgoja svilenih buba na ishrani koja se isklju\u010divo sastoji od dudovog li\u0161\u0107a, \u0161to je \u010dini najvi\u0161eg kalibra za upotrebu u tekstilu.<\/p>\n<h3>14. Da li je Charmeuse svila isto \u0161to i dudova svila?<\/h3>\n<p>Charmeuse svila je jedan odre\u0111eni na\u010din tkanja, dok je dudova svila tip svilenog materijala (potice od svilenih buba koje jedu li\u0161\u0107e duda) koja se koristi za proizvodnju charmeuse ili drugih vrsta svilenih tkanina, kao \u0161to su \u0161ifon, habotai, krep itd. Svila poti\u010de od svilenih buba hranjenih samo listovima duda. Charmeuse opisuje kona\u010dno tkanje; to je najluksuzniji izbor, poznat po svom sjajnom izgledu. Naj\u010de\u0161\u0107e se nalazi u posteljini. Druga, manje uobi\u010dajena i manje kvalitetna svilena tkanina, kao \u0161to su svileni \u0161ifon ili habotai, mogu se koristiti i za druge odevne predmete.<\/p>\n<h3>15. \u0160ta je Charmeuse i satenska svila?<\/h3>\n<p>Svila se mo\u017ee tkati u vi\u0161e vrsta tekstila, kao \u0161to su svileni \u0161ifon, svileni krep i svileni charmeuse\/saten. Charmeuse i saten se odnose na specifi\u010dne vrste tkanja koje karakteri\u0161e njihova glatka povr\u0161ina i \u010desto luksuzan ose\u0107aj. Njih dve su prakti\u010dno isti tip gustog, te\u0161kog tkanja sa sjajnom prednjom stranom i mat zadnjom stranom. \u010cesto saten ili saten odlikuje poliester koji daje izgled sli\u010dniji svilenoj glatko\u0107i. Iz tog razloga, renomirani brendovi uvek jasno razlikuju proizvode kao \u201esvila\u201d uz naznaku Charmeuse. Vrhunski brendovi biraju charmeuse kao \u0161to bi koristili svilu na crvenom tepihu.<\/p>\n<h3>16. Koliko dugo \u0107e trajati svilene posteljine?<\/h3>\n<p>U proseku, svilene posteljine mogu da traju oko 1 do 3 godine, pod uslovom da se po\u0161tuju odgovaraju\u0107a nega i upotreba. I druge varijable tako\u0111e mogu uticati na \u017eivotni vek posteljine. Elementi koje treba uzeti u obzir, te\u017eina i \u0161abloni bacanja i koliko se \u010desto peru. Ako se previ\u0161e peru, to mo\u017ee skratiti vek trajanja posteljine. Okru\u017eenje sobe ili drugi uslovi spavanja ili li\u010dni uslovi mogu skratiti vek trajanja svilene posteljine.<\/p>\n<h3>17. \u0160ta je sve uklju\u010deno u uzgoj svilenih buba?<\/h3>\n<p>Uzgoj svilenih buba za proizvodnju svile zahteva zna\u010dajan napor kako bi se stvorila dobra tekstilna vlakna, a najuo\u010dljivije je dr\u017eati ih u mirnim, sanitarnim uslovima, dok im se daju kultivisani listovi duda.<\/p>\n<h3>18. Da li je svila ekolo\u0161ki prihvatljiva?<\/h3>\n<p>Generalno, dudova svila je ekolo\u0161ki prihvatljiva jer je proizvode insekti bez proizvodnje \u0161tetnih nusproizvoda, stvaraju\u0107i siguran i ekolo\u0161ki odr\u017eiv materijal.<\/p>\n<h3>19. Gde se sakupljaju svilene bube?<\/h3>\n<p>\u010caure svilenih buba se sakupljaju u kineskim selima, a proizvodnja se odvija u obli\u017enjim objektima, uglavnom u Kini, jer je zemlja uglavnom odgovorna za svetsku proizvodnju svile.<\/p>\n<h3>20. Odakle je nastao Put svile?<\/h3>\n<p>Put svile je po\u010deo u Chang\u2019anu (danas Sian) i protezao se na zapad prema Mediteranu, povezuju\u0107i konkretno Kinu sa iranskim svetom preko Samarkanda, koji je savremeni Uzbekistan. Za vreme Rimskog carstva nije bio poznat nikakav direktan put trgovine i saobra\u0107aja izme\u0111u Rima i Kine za ove proizvode, ve\u0107 se smatralo da je to sekundarna ili tercijalna ruta, a Rimljani su kupovali od sekundarnih prodavaca na razli\u010ditim lokacijama du\u017e puta svile, \u0161to tu rutu \u010dini putanjom kupoprodaje, a ne jednim velikim krugom rute.<\/p>\n<h3>21. Koliki je broj niti svile?<\/h3>\n<p>Kada se meri svila, po\u017eeljniji je Momme (te\u017eina), a broj niti je postao sekundaran. Za referencu, brendovi kao \u0161to je PandaSilk imali bi oko:<\/p>\n<table class=\"table table-striped table-bordered\">\n<thead>\n<tr>\n<th>Momme<\/th>\n<th>Broj niti<\/th>\n<\/tr>\n<\/thead>\n<tbody>\n<tr>\n<td>19 MM<\/td>\n<td>400<\/td>\n<\/tr>\n<tr>\n<td>22 MM<\/td>\n<td>600<\/td>\n<\/tr>\n<tr>\n<td>25 MM<\/td>\n<td>800<\/td>\n<\/tr>\n<tr>\n<td>30 MM<\/td>\n<td>1200<\/td>\n<\/tr>\n<\/tbody>\n<\/table>\n<h3>22. \u0160ta je OEKO-TEX\u00ae Standard 100?<\/h3>\n<p>OEKO-TEX Standard 100 je me\u0111unarodni, tre\u0107estrana\u010dki sertifikat i sistem za osiguranje da su tekstilni proizvodi temeljno testirani na \u0161tetne materije, uzimaju\u0107i u obzir svaku fazu. Tekstil sa ovim sertifikatom ispunio je standarde sistema na svakoj ta\u010dki svoje proizvodnje, bilo da su to vlakna ili gotovi proizvodi, uklju\u010duju\u0107i i razne dodatke proizvoda. Sertifikacija omogu\u0107ava etikete proizvoda, koje se nazivaju \u201ePoverenje u tekstil\u201d. Jo\u0161 jedan nivo tako\u0111e obuhvata ekolo\u0161ku odgovornost sa etiketama prema Oeko-Tex standardu 1000. Sve je testirano u odnosu na jedinstveni sastav svakog proizvoda u svim fazama proizvodnje.<\/p>\n<p>Svila ostaje dragocen materijal zbog svoje lepote, kvaliteta i jedinstvene istorije. Razumevanje ovih naj\u010de\u0161\u0107e postavljanih pitanja mo\u017ee vam pomo\u0107i da cenite ovaj predivan materijal i da donosite bolje odluke kada kupujete ili koristite proizvode od svile.<\/p>\n","protected":false},"excerpt":{"rendered":"<p>Svila, luksuzna i vanvremenska tkanina, o\u010darava ljude ve\u0107 milenijumima. Od svojih drevnih po\u010detaka u Kini do svoje savremene prisutnosti u modi i ku\u0107nom tekstilu, svila ostaje tra\u017een materijal. Ovaj \u010dlanak ima za cilj da odgovori na naj\u010de\u0161\u0107a pitanja o svili, nude\u0107i jasne i sveobuhvatne odgovore. 1. Ko mo\u017ee koristiti proizvode od svile? Proizvodi od svile<\/p>\n","protected":false},"author":1,"featured_media":1551,"parent":0,"menu_order":352,"comment_status":"closed","ping_status":"closed","template":"","meta":{"footnotes":""},"class_list":["post-126771","page","type-page","status-publish","has-post-thumbnail","hentry","prodpage-classic"],"aioseo_notices":[],"_links":{"self":[{"href":"https:\/\/www.pandasilk.com\/sr\/wp-json\/wp\/v2\/pages\/126771","targetHints":{"allow":["GET"]}}],"collection":[{"href":"https:\/\/www.pandasilk.com\/sr\/wp-json\/wp\/v2\/pages"}],"about":[{"href":"https:\/\/www.pandasilk.com\/sr\/wp-json\/wp\/v2\/types\/page"}],"author":[{"embeddable":true,"href":"https:\/\/www.pandasilk.com\/sr\/wp-json\/wp\/v2\/users\/1"}],"replies":[{"embeddable":true,"href":"https:\/\/www.pandasilk.com\/sr\/wp-json\/wp\/v2\/comments?post=126771"}],"version-history":[{"count":0,"href":"https:\/\/www.pandasilk.com\/sr\/wp-json\/wp\/v2\/pages\/126771\/revisions"}],"wp:featuredmedia":[{"embeddable":true,"href":"https:\/\/www.pandasilk.com\/sr\/wp-json\/wp\/v2\/media\/1551"}],"wp:attachment":[{"href":"https:\/\/www.pandasilk.com\/sr\/wp-json\/wp\/v2\/media?parent=126771"}],"curies":[{"name":"wp","href":"https:\/\/api.w.org\/{rel}","templated":true}]}}