{"id":128123,"date":"2015-05-18T05:44:48","date_gmt":"2015-05-17T21:44:48","guid":{"rendered":"https:\/\/www.pandasilk.com\/return-refund-policy\/"},"modified":"2025-01-18T12:45:37","modified_gmt":"2025-01-18T20:45:37","slug":"return-refund-policy","status":"publish","type":"page","link":"https:\/\/www.pandasilk.com\/sr\/return-refund-policy\/","title":{"rendered":"Politika povra\u0107aja"},"content":{"rendered":"<p>Posve\u0107eni smo tome da vam obezbedimo pozitivno iskustvo kupovine. Ako niste u potpunosti zadovoljni kupovinom, tu smo da vam pomognemo. Nudimo jednostavne povra\u0107aje i refundacije, podlo\u017eno odre\u0111enim uslovima navedenim u na\u0161oj politici u nastavku. Molimo vas da ne oklevate da kontaktirate na\u0161 tim korisni\u010dke podr\u0161ke sa svim pitanjima.<\/p>\n<h3>1. Politika povra\u0107aja<\/h3>\n<p>Op\u0161te: Zbog visokih tro\u0161kova proizvodnje svilene tkanine, uglavnom ne prihvatamo povra\u0107aje za narud\u017ebine koje su izvr\u0161ene zbog promene mi\u0161ljenja. Molimo vas da pa\u017eljivo razmotrite kupovinu pre nego \u0161to naru\u010dite.<\/p>\n<p>Gre\u0161ke u narud\u017ebini: Ako primite neta\u010dne, nedostaju\u0107e ili o\u0161te\u0107ene artikle, molimo vas da nas odmah kontaktirate uz fotografije FedEx nalepnice i bilo kakvih o\u0161te\u0107enja. Odmah \u0107emo zameniti artikle ili poslati one koji nedostaju.<\/p>\n<p>Problemi sa kvalitetom:<\/p>\n<p>Posteljina: Za probleme sa kvalitetom proizvoda za posteljinu nudimo puni povra\u0107aj novca. Spava\u0107ice: Za probleme sa kvalitetom spava\u0107ica, nudimo zamenu. Donji ve\u0161: Zbog prirode proizvoda, ne prihvatamo povra\u0107aje ili zamene za svileni donji ve\u0161.<\/p>\n<h3>2. Politika refundiranja<\/h3>\n<p>Pravo na refundaciju: Mo\u017eete imati pravo na refundaciju u slede\u0107im okolnostima:<\/p>\n<p>Neta\u010dni artikli: Poslali smo pogre\u0161ne proizvode. O\u0161te\u0107eni artikli: Proizvodi su o\u0161te\u0107eni tokom procesa isporuke. Artikli koji nedostaju: Artikli su nedostajali u va\u0161oj narud\u017ebini. (Imajte na umu da se neke narud\u017ebine mogu isporu\u010diti u vi\u0161e paketa. Pogledajte e-poruke sa potvrdom narud\u017ebine za detalje.) Zna\u010dajno odstupanje: Proizvod koji ste primili zna\u010dajno se razlikuje od slike na na\u0161oj veb stranici. (Imajte na umu da mo\u017ee do\u0107i do manjih varijacija u boji zbog razlika u ekranima ra\u010dunara i pode\u0161avanjima ure\u0111aja.)<\/p>\n<p>Tro\u0161kovi isporuke: Tro\u0161kovi isporuke se uglavnom ne refundiraju.<\/p>\n<p>Obrada refundacija: Refundacije \u0107e biti obra\u0111ene u roku od 2 radna dana od prijema vra\u0107enih artikala.<\/p>\n<p>Povratna isporuka: Vi ste odgovorni za tro\u0161kove povratne isporuke, osim ako su artikli o\u0161te\u0107eni tokom isporuke.<\/p>\n<p>Adresa za povrat: Da biste dobili adresu za povrat, kontaktirajte nas putem kontakt obrasca na <a href=\"https:\/\/www.pandasilk.com\/sr\/contact\/\">https:\/\/www.pandasilk.com\/sr\/contact\/<\/a><\/p>\n<h3>3. Tro\u0161kovi isporuke<\/h3>\n<p>Prodavac pla\u0107a povratnu isporuku: Ako je povrat ili zamena zbog gre\u0161ke sa na\u0161e strane (neta\u010dni artikli, o\u0161te\u0107eni artikli, artikli koji nedostaju), mi \u0107emo pokriti tro\u0161kove povratne isporuke do na\u0161e lokacije u \u010cengduu, CN.<\/p>\n<p>Kupac pla\u0107a povratnu isporuku: Ako vra\u0107ate artikle zbog promene mi\u0161ljenja (bez problema sa kvalitetom), vi ste odgovorni za tro\u0161kove povratne isporuke.<\/p>\n","protected":false},"excerpt":{"rendered":"<p>Posve\u0107eni smo tome da vam obezbedimo pozitivno iskustvo kupovine. Ako niste u potpunosti zadovoljni kupovinom, tu smo da vam pomognemo. Nudimo jednostavne povra\u0107aje i refundacije, podlo\u017eno odre\u0111enim uslovima navedenim u na\u0161oj politici u nastavku. Molimo vas da ne oklevate da kontaktirate na\u0161 tim korisni\u010dke podr\u0161ke sa svim pitanjima. 1. Politika povra\u0107aja Op\u0161te: Zbog visokih tro\u0161kova<\/p>\n","protected":false},"author":1,"featured_media":0,"parent":0,"menu_order":40,"comment_status":"closed","ping_status":"closed","template":"","meta":{"footnotes":""},"class_list":["post-128123","page","type-page","status-publish","hentry","prodpage-classic"],"aioseo_notices":[],"_links":{"self":[{"href":"https:\/\/www.pandasilk.com\/sr\/wp-json\/wp\/v2\/pages\/128123","targetHints":{"allow":["GET"]}}],"collection":[{"href":"https:\/\/www.pandasilk.com\/sr\/wp-json\/wp\/v2\/pages"}],"about":[{"href":"https:\/\/www.pandasilk.com\/sr\/wp-json\/wp\/v2\/types\/page"}],"author":[{"embeddable":true,"href":"https:\/\/www.pandasilk.com\/sr\/wp-json\/wp\/v2\/users\/1"}],"replies":[{"embeddable":true,"href":"https:\/\/www.pandasilk.com\/sr\/wp-json\/wp\/v2\/comments?post=128123"}],"version-history":[{"count":0,"href":"https:\/\/www.pandasilk.com\/sr\/wp-json\/wp\/v2\/pages\/128123\/revisions"}],"wp:attachment":[{"href":"https:\/\/www.pandasilk.com\/sr\/wp-json\/wp\/v2\/media?parent=128123"}],"curies":[{"name":"wp","href":"https:\/\/api.w.org\/{rel}","templated":true}]}}