{"id":128189,"date":"2015-05-18T05:31:03","date_gmt":"2015-05-17T21:31:03","guid":{"rendered":"https:\/\/www.pandasilk.com\/privacy-policy\/"},"modified":"2025-01-18T12:45:25","modified_gmt":"2025-01-18T20:45:25","slug":"privacy-policy","status":"publish","type":"page","link":"https:\/\/www.pandasilk.com\/sr\/privacy-policy\/","title":{"rendered":"\u041f\u043e\u043b\u0438\u0442\u0438\u043a\u0430 \u043f\u0440\u0438\u0432\u0430\u0442\u043d\u043e\u0441\u0442\u0438"},"content":{"rendered":"<p>PandaSilk prepoznaje va\u017enost za\u0161tite va\u0161e privatnosti i posve\u0107en je osiguravanju sigurnosti va\u0161ih li\u010dnih podataka. Ova Politika privatnosti opisuje kako prikupljamo, koristimo i \u0161titimo va\u0161e podatke kada stupate u interakciju sa na\u0161om veb stranicom.<\/p>\n<h3>Upotreba kola\u010di\u0107a<\/h3>\n<p>Da bismo pobolj\u0161ali va\u0161e iskustvo pregledanja i olak\u0161ali nesmetan proces kupovine, koristimo kola\u010di\u0107e na na\u0161oj veb stranici. Kola\u010di\u0107i su male, \u0161ifrovane datoteke sa podacima koje sadr\u017ee jedinstvene informacije o identifikaciji korisnika. Ove datoteke se bezbedno \u010duvaju na na\u0161im serverima i mogu se postaviti na \u010dvrsti disk va\u0161eg ra\u010dunara. Kola\u010di\u0107i nam poma\u017eu da:<\/p>\n<p>Zapamtimo artikle u va\u0161oj korpi za kupovinu: Ovo osigurava da ne izgubite izabrane proizvode dok pretra\u017eujete na\u0161 sajt.<\/p>\n<p>Pobolj\u0161amo funkcionalnost veb stranice: Kola\u010di\u0107i nam poma\u017eu da razumemo kako korisnici komuniciraju sa na\u0161im sajtom, omogu\u0107avaju\u0107i nam da optimizujemo i pobolj\u0161amo va\u0161e celokupno iskustvo.<\/p>\n<p>Ponudimo personalizovanije iskustvo: Kola\u010di\u0107i nam mogu omogu\u0107iti da prilagodimo sadr\u017eaj i preporuke va\u0161im specifi\u010dnim interesovanjima.<\/p>\n<h3>HTTPS Bezbedna kupovina<\/h3>\n<p>Prioritet nam je bezbednost va\u0161ih osetljivih informacija. Kada unosite li\u010dne podatke kao \u0161to su informacije o va\u0161em PayPal nalogu, imejl adresa ili broj kreditne kartice na na\u0161oj stranici za naplatu, koristimo tehnologiju \u0161ifrovanja podataka Secure Socket Layer (SSL). Ova industrijska standardna tehnologija osigurava da su svi podaci koji se prenose izme\u0111u va\u0161eg pretra\u017eiva\u010da i na\u0161eg servera \u0161ifrovani, \u010dine\u0107i ih ne\u010ditljivim za neovla\u0161\u0107ena lica. Ova robusna bezbednosna mera \u0161titi va\u0161e platne i li\u010dne podatke tokom va\u0161ih transakcija sa nama.<\/p>\n<h3>Prikupljanje i kori\u0161\u0107enje va\u0161ih li\u010dnih informacija<\/h3>\n<p>Da bismo efikasno obradili va\u0161e porud\u017ebine, obave\u0161tavali vas o relevantnim a\u017euriranjima i kontinuirano pobolj\u0161avali va\u0161e iskustvo kupovine, prikupljamo odre\u0111ene informacije od vas. Ovo mo\u017ee uklju\u010divati:<\/p>\n<p>Imejl adresu: Koristi se za komunikaciju o potvrdama porud\u017ebine, obave\u0161tenjima o isporuci i va\u017enim a\u017euriranjima o PandaSilk-u.<\/p>\n<p>Adresu za isporuku: Potrebna za dostavu va\u0161ih kupljenih proizvoda.<\/p>\n<h3>Va\u0161a privatnost je najva\u017enija<\/h3>\n<p>Uveravamo vas da se sa svim li\u010dnim podacima koje po\u0161aljete na na\u0161 sajt postupa sa najve\u0107om poverljivo\u0161\u0107u i sigurno\u0161\u0107u. Koristimo razumne mere da za\u0161titimo va\u0161e podatke od neovla\u0161\u0107enog pristupa, upotrebe ili otkrivanja. Posve\u0107eni smo odr\u017eavanju va\u0161e privatnosti i izgradnji odnosa poverenja.<\/p>\n","protected":false},"excerpt":{"rendered":"<p>PandaSilk prepoznaje va\u017enost za\u0161tite va\u0161e privatnosti i posve\u0107en je osiguravanju sigurnosti va\u0161ih li\u010dnih podataka. Ova Politika privatnosti opisuje kako prikupljamo, koristimo i \u0161titimo va\u0161e podatke kada stupate u interakciju sa na\u0161om veb stranicom. Upotreba kola\u010di\u0107a Da bismo pobolj\u0161ali va\u0161e iskustvo pregledanja i olak\u0161ali nesmetan proces kupovine, koristimo kola\u010di\u0107e na na\u0161oj veb stranici. Kola\u010di\u0107i su male,<\/p>\n","protected":false},"author":1,"featured_media":1557,"parent":0,"menu_order":39,"comment_status":"closed","ping_status":"closed","template":"","meta":{"footnotes":""},"class_list":["post-128189","page","type-page","status-publish","has-post-thumbnail","hentry","prodpage-classic"],"aioseo_notices":[],"_links":{"self":[{"href":"https:\/\/www.pandasilk.com\/sr\/wp-json\/wp\/v2\/pages\/128189","targetHints":{"allow":["GET"]}}],"collection":[{"href":"https:\/\/www.pandasilk.com\/sr\/wp-json\/wp\/v2\/pages"}],"about":[{"href":"https:\/\/www.pandasilk.com\/sr\/wp-json\/wp\/v2\/types\/page"}],"author":[{"embeddable":true,"href":"https:\/\/www.pandasilk.com\/sr\/wp-json\/wp\/v2\/users\/1"}],"replies":[{"embeddable":true,"href":"https:\/\/www.pandasilk.com\/sr\/wp-json\/wp\/v2\/comments?post=128189"}],"version-history":[{"count":0,"href":"https:\/\/www.pandasilk.com\/sr\/wp-json\/wp\/v2\/pages\/128189\/revisions"}],"wp:featuredmedia":[{"embeddable":true,"href":"https:\/\/www.pandasilk.com\/sr\/wp-json\/wp\/v2\/media\/1557"}],"wp:attachment":[{"href":"https:\/\/www.pandasilk.com\/sr\/wp-json\/wp\/v2\/media?parent=128189"}],"curies":[{"name":"wp","href":"https:\/\/api.w.org\/{rel}","templated":true}]}}