{"id":145135,"date":"2016-06-03T19:09:51","date_gmt":"2016-06-04T02:09:51","guid":{"rendered":"https:\/\/www.pandasilk.com\/product\/19-momme-silk-housewife-pillowcase\/"},"modified":"2025-03-06T10:14:00","modified_gmt":"2025-03-06T18:14:00","slug":"19-momme-silk-housewife-pillowcase","status":"publish","type":"product","link":"https:\/\/www.pandasilk.com\/sr\/product\/19-momme-silk-housewife-pillowcase\/","title":{"rendered":"Jastu\u010dnica od svile za doma\u0107ice od 19 momme"},"content":{"rendered":"<p>Do\u017eivite vrhunac udobnosti sna i nege kose i ko\u017ee sa na\u0161om luksuznom jastu\u010dnicom od svilene svile od 19 Momme. Izra\u0111ena od najfinije 100% svile duda 6A klase, ova jastu\u010dnica pru\u017ea nevi\u0111enu glatko\u0107u i meko\u0107u, promovi\u0161u\u0107i miran san dok \u0161titi va\u0161u ne\u017enu ko\u017eu i kosu.<\/p>\n<ul>\n<li>100% \u010dista svila duda: Napravljena od najkvalitetnije svile duda 6A klase za maksimalnu meko\u0107u i izdr\u017eljivost.<\/li>\n<li>19 Momme: Pru\u017ea savr\u0161enu ravnote\u017eu luksuznog ose\u0107aja i prozra\u010dnosti. Te\u017ea je od ve\u0107ine standardnih svilenih jastu\u010dnica, \u0161to pru\u017ea pobolj\u0161anu izdr\u017eljivost i luksuzniji pad.<\/li>\n<li>Stil ku\u0107ne doma\u0107ice: Klasi\u010dan i elegantan dizajn sa \u010distom, krojenom zavr\u0161nom obradom.<\/li>\n<li>Skriveni rajsfer\u0161lus: Osigurava da va\u0161 jastuk ostane sigurno na mestu i spre\u010dava klizanje, dok odr\u017eava gladak i besprekoran izgled.<\/li>\n<li>Prirodno hipoalergena: Odupire se grinjama, plesnima i bu\u0111i, \u0161to je \u010dini idealnom za osetljivu ko\u017eu i osobe koje pate od alergija.<\/li>\n<li>Termoregulacija: Hladi vas leti i greje zimi za udobnost tokom cele godine.<\/li>\n<li>Prednosti za lepotu: Smanjuje trenje na kosi i ko\u017ei, minimizira bore, linije sna i lomljenje kose. Poma\u017ee u odr\u017eavanju zdrave hidratacije za oboje.<\/li>\n<li>Probudite se osve\u017eeni: U\u017eivajte u dubljem, mirnijem snu na na\u0161oj neverovatno glatkoj i udobnoj svilenoj jastu\u010dnici.<\/li>\n<li>Zdravija kosa i ko\u017ea: Minimirajte zapetljavanje, kovrd\u017eanje i lomljenje, dok istovremeno podsti\u010dete zdravu hidrataciju ko\u017ee i smanjujete pojavu bora.<\/li>\n<li>Luksuzna udobnost: Do\u017eivite vrhunac u\u017eivanja i po\u010dastite se luksuznim ose\u0107ajem svile na ko\u017ei.<\/li>\n<li>Izdr\u017eljiva i dugotrajna: Na\u0161a visokokvalitetna svila i pa\u017eljiva izrada obezbe\u0111uju dugotrajnu investiciju u va\u0161 san i blagostanje.<\/li>\n<\/ul>\n<h3>Uputstva za negu<\/h3>\n<ul>\n<li>Periva u ma\u0161ini na hladnom programu sa naj ne\u017enijim ciklusom.<\/li>\n<li>Koristite neutralni ili specijalni deterd\u017eent za svilu.<\/li>\n<li>Minimizirajte vreme centrifugiranja.<\/li>\n<li>Su\u0161ite na vazduhu ako je mogu\u0107e.<\/li>\n<li>Su\u0161ite u ma\u0161ini za su\u0161enje na hladnom programu ako koristite ma\u0161inu za su\u0161enje. Izbegavajte su\u0161enje du\u017ee vreme.<\/li>\n<li>Peglajte dok je blago vla\u017eno, na hladnom programu. Uvek peglajte sa unutra\u0161nje strane.<\/li>\n<li>\u010cuvajte van doma\u0161aja ku\u0107nih ljubimaca\/o\u0161trih predmeta.<\/li>\n<\/ul>\n","protected":false},"excerpt":{"rendered":"<p>\u0408\u0430\u0441\u0442\u0443\u0447\u043d\u0438\u0446\u0435 \u043e\u0434 19 \u043c\u043e\u043c\u0435 \u043a\u0443\u045b\u043d\u0435 \u0441\u0432\u0438\u043b\u0435 \u0434\u0443\u0434\u0430, \u043e\u0434 100% \u0441\u0432\u0438\u043b\u0435 \u0434\u0443\u0434\u0430 6\u0410 \u043a\u043b\u0430\u0441\u0435 \u0448\u0430\u0440\u043c\u0435\u0437 \u0442\u043a\u0430\u043d\u0438\u043d\u0435. \u041c\u0430\u0442\u0435\u0440\u0438\u0458\u0430\u043b: 19 \u043c\u043e\u043c\u0435 \u0441\u0432\u0438\u043b\u0435\u043d\u0430 \u0442\u043a\u0430\u043d\u0438\u043d\u0430, 100% \u0441\u0432\u0438\u043b\u0430 \u0434\u0443\u0434\u0430. \u0417\u0430\u0442\u0432\u0430\u0440\u0430\u0447: \u0441\u043a\u0440\u0438\u0432\u0435\u043d\u0438 \u0440\u0430\u0458\u0441\u0444\u0435\u0440\u0448\u043b\u0443\u0441. \u0414\u0438\u043c\u0435\u043d\u0437\u0438\u0458\u0435: \u0441\u0442\u0430\u043d\u0434\u0430\u0440\u0434\u043d\u0430, \u043a\u0438\u043d\u0433, \u043a\u0438\u043d\u0433.<\/p>\n<p><a class=\"btn-element btn-element-2 btn btn-default btn-icon--before btn--rounded\" href=\"https:\/\/www.pandasilk.com\/product\/19-momme-silk-housewife-pillowcase\/\">19 Momme Housewife Silk Pillowcase<\/a><\/p>\n","protected":false},"featured_media":5645,"comment_status":"open","ping_status":"closed","template":"","meta":[],"product_brand":[],"product_cat":[38203],"product_tag":[],"class_list":{"0":"post-145135","1":"product","2":"type-product","3":"status-publish","4":"has-post-thumbnail","6":"product_cat-pillows-sr","7":"tm-has-styled-variations","8":"tm-has-options","10":"first","11":"instock","12":"featured","13":"shipping-taxable","14":"product-type-external","15":"prodpage-classic"},"aioseo_notices":[],"_links":{"self":[{"href":"https:\/\/www.pandasilk.com\/sr\/wp-json\/wp\/v2\/product\/145135","targetHints":{"allow":["GET"]}}],"collection":[{"href":"https:\/\/www.pandasilk.com\/sr\/wp-json\/wp\/v2\/product"}],"about":[{"href":"https:\/\/www.pandasilk.com\/sr\/wp-json\/wp\/v2\/types\/product"}],"replies":[{"embeddable":true,"href":"https:\/\/www.pandasilk.com\/sr\/wp-json\/wp\/v2\/comments?post=145135"}],"wp:featuredmedia":[{"embeddable":true,"href":"https:\/\/www.pandasilk.com\/sr\/wp-json\/wp\/v2\/media\/5645"}],"wp:attachment":[{"href":"https:\/\/www.pandasilk.com\/sr\/wp-json\/wp\/v2\/media?parent=145135"}],"wp:term":[{"taxonomy":"product_brand","embeddable":true,"href":"https:\/\/www.pandasilk.com\/sr\/wp-json\/wp\/v2\/product_brand?post=145135"},{"taxonomy":"product_cat","embeddable":true,"href":"https:\/\/www.pandasilk.com\/sr\/wp-json\/wp\/v2\/product_cat?post=145135"},{"taxonomy":"product_tag","embeddable":true,"href":"https:\/\/www.pandasilk.com\/sr\/wp-json\/wp\/v2\/product_tag?post=145135"}],"curies":[{"name":"wp","href":"https:\/\/api.w.org\/{rel}","templated":true}]}}