{"id":164865,"date":"2026-01-13T01:54:41","date_gmt":"2026-01-13T09:54:41","guid":{"rendered":"https:\/\/www.pandasilk.com\/product\/silk-cheongsam\/"},"modified":"2026-02-28T06:45:32","modified_gmt":"2026-02-28T14:45:32","slug":"silk-cheongsam","status":"publish","type":"product","link":"https:\/\/www.pandasilk.com\/sr\/product\/silk-cheongsam\/","title":{"rendered":"Svileni \u0106eongsam"},"content":{"rendered":"<p>Prihvatite gracioznost i lepotu tradicionalne kineske no\u0161nje uz na\u0161 izvrsno izra\u0111en svileni \u0107eongsam. Poznata i kao \u0107ipao, ova jednodelna haljina je simbol \u017eenstvenosti i kulturnog nasle\u0111a. Na\u0161a moderna interpretacija skrojena je od najfinije dudove svile, poznate po svojoj meko\u0107i, prozra\u010dnosti i prelepom padu.<\/p>\n<p>Ova elegantna haljina ima vanvremensku mandarinsku kragnu i ukra\u0161ena je slo\u017eenim, ru\u010dno vezenim cvetnim motivima. Silueta koja prati liniju tela dizajnirana je da laska va\u0161oj figuri, dok bo\u010dni prorezi pru\u017eaju dozu privla\u010dnosti i slobodu pokreta. Tradicionalni pankou \u010dvorovi du\u017e dijagonalnog kop\u010danja dodaju autenti\u010dan i zanatski pe\u010dat.<\/p>\n<p>Bilo da prisustvujete ceremoniji \u010daja, ven\u010danju ili elegantnoj ve\u010dernjoj zabavi, na\u0161 svileni \u0107eongsam je savr\u0161en izbor za nezaboravan i sofisticiran izgled. To je svestran komad koji se mo\u017ee stilizovati sa modernim ili tradicionalnim dodacima kako bi odgovarao svakoj prilici.<\/p>\n<p>Da biste o\u010duvali lepotu i dugotrajnost va\u0161eg svilenog \u0107eongsama, molimo vas da sledite ova uputstva za odr\u017eavanje:<\/p>\n<ul>\n<li>Perite ru\u010dno u hladnoj vodi sa blagim deterd\u017eentom namenjenim za svilu.<\/li>\n<li>Ne\u017eno protresite ode\u0107u, ali je nemojte cediti ili uvrtati.<\/li>\n<li>Temeljno isperite hladnom, \u010distom vodom.<\/li>\n<li>Da biste uklonili vi\u0161ak vode, polo\u017eite \u0107eongsam ravno na \u010dist, suv pe\u0161kir i ne\u017eno ga urolajte.<\/li>\n<li>Oka\u010dite da se su\u0161i u hladu, daleko od direktne sun\u010deve svetlosti, kako svila ne bi izbledela.<\/li>\n<li>Ako je potrebno, peglajte na niskoj temperaturi, po mogu\u0107stvu dok je ode\u0107a jo\u0161 uvek blago vla\u017ena. Stavite krpu izme\u0111u pegle i svile da biste za\u0161titili tkaninu.<\/li>\n<\/ul>\n","protected":false},"excerpt":{"rendered":"<p>Do\u017eivite vanvremensku eleganciju sa na\u0161im zadivljuju\u0107im svilenim \u0107eongsamom. Ovaj moderni \u0107ipao, izra\u0111en od luksuzne dudove svile, ima klasi\u010dnu mandarinsku kragnu, ne\u017ene pankou \u010dvorove i siluetu koja laska figuri. Savr\u0161en za ven\u010danja, sve\u010dane doga\u0111aje ili bilo koju posebnu priliku gde \u017eelite da ostavite sofisticiran utisak.<\/p>\n<p><a class=\"btn-element btn-element-2 btn btn-default btn-icon--before btn--rounded\" href=\"https:\/\/www.pandasilk.com\/sr\/product\/silk-cheongsam\/\">Silk Cheongsam<\/a><\/p>\n","protected":false},"featured_media":163620,"comment_status":"open","ping_status":"closed","template":"","meta":[],"product_brand":[],"product_cat":[38078,38135],"product_tag":[],"class_list":{"0":"post-164865","1":"product","2":"type-product","3":"status-publish","4":"has-post-thumbnail","6":"product_cat-silk-clothing-sr","7":"product_cat-women-sr","8":"tm-no-options","10":"first","11":"instock","12":"shipping-taxable","13":"product-type-external","14":"prodpage-classic"},"aioseo_notices":[],"_links":{"self":[{"href":"https:\/\/www.pandasilk.com\/sr\/wp-json\/wp\/v2\/product\/164865","targetHints":{"allow":["GET"]}}],"collection":[{"href":"https:\/\/www.pandasilk.com\/sr\/wp-json\/wp\/v2\/product"}],"about":[{"href":"https:\/\/www.pandasilk.com\/sr\/wp-json\/wp\/v2\/types\/product"}],"replies":[{"embeddable":true,"href":"https:\/\/www.pandasilk.com\/sr\/wp-json\/wp\/v2\/comments?post=164865"}],"wp:featuredmedia":[{"embeddable":true,"href":"https:\/\/www.pandasilk.com\/sr\/wp-json\/wp\/v2\/media\/163620"}],"wp:attachment":[{"href":"https:\/\/www.pandasilk.com\/sr\/wp-json\/wp\/v2\/media?parent=164865"}],"wp:term":[{"taxonomy":"product_brand","embeddable":true,"href":"https:\/\/www.pandasilk.com\/sr\/wp-json\/wp\/v2\/product_brand?post=164865"},{"taxonomy":"product_cat","embeddable":true,"href":"https:\/\/www.pandasilk.com\/sr\/wp-json\/wp\/v2\/product_cat?post=164865"},{"taxonomy":"product_tag","embeddable":true,"href":"https:\/\/www.pandasilk.com\/sr\/wp-json\/wp\/v2\/product_tag?post=164865"}],"curies":[{"name":"wp","href":"https:\/\/api.w.org\/{rel}","templated":true}]}}