{"id":72065,"date":"2019-06-30T19:49:31","date_gmt":"2019-06-30T11:49:31","guid":{"rendered":"https:\/\/www.pandasilk.com\/faqs\/"},"modified":"2025-01-13T14:40:12","modified_gmt":"2025-01-13T22:40:12","slug":"faqs","status":"publish","type":"page","link":"https:\/\/www.pandasilk.com\/sv\/faqs\/","title":{"rendered":"Vanliga Fr\u00e5gor Om Siden"},"content":{"rendered":"<p>Siden, ett lyxigt och tidl\u00f6st material, har fascinerat m\u00e4nniskor i \u00e5rtusenden. Fr\u00e5n dess forntida ursprung i Kina till dess samtida n\u00e4rvaro inom mode och hemtextilier, f\u00f6rblir siden ett eftertraktat material. Denna artikel syftar till att besvara de vanligaste fr\u00e5gorna om siden, och erbjuda tydliga och omfattande svar.<\/p>\n<h3>1. Vem Kan Anv\u00e4nda Sidenprodukter?<\/h3>\n<p>Sidenprodukter \u00e4r anm\u00e4rkningsv\u00e4rt m\u00e5ngsidiga och l\u00e4mpliga f\u00f6r m\u00e4nniskor i alla \u00e5ldrar, inklusive vuxna, barn och sm\u00e5barn. Om du beh\u00f6ver anpassade storlekar f\u00f6r produkter som s\u00e4ngkl\u00e4der, kontakta leverant\u00f6ren, som till exempel PandaSilk, f\u00f6r att fr\u00e5ga om anpassade alternativ.<\/p>\n<h3>2. Varifr\u00e5n Kommer Ert Siden?<\/h3>\n<p>St\u00f6rsta delen av v\u00e4rldens siden kommer fr\u00e5n Kina, d\u00e4r sedv\u00e4njan med serikultur (silkesmaskuppf\u00f6dning) har f\u00f6rfinats under tusentals \u00e5r. De tidigaste bevisen p\u00e5 sidenproduktion dateras till cirka 3500 f.Kr. i forntida Kina, vilket bef\u00e4ster dess status som den ledande tillverkaren av siden. \u00c4ven om Thailand och Indien ocks\u00e5 producerar siden, kan deras produktion och tr\u00e5darnas j\u00e4mnhet i allm\u00e4nhet inte j\u00e4mf\u00f6ras med Kinas. Italien \u00e4r k\u00e4nt f\u00f6r h\u00f6gkvalitativt siden, men deras siden anv\u00e4nds fr\u00e4mst f\u00f6r kl\u00e4der snarare \u00e4n hemtextilier som s\u00e4ngkl\u00e4der.<\/p>\n<h3>3. \u00c4r Ert Siden 100% Rent?<\/h3>\n<p>Majoriteten av sidentyger \u00e4r faktiskt gjorda med 100% rent siden, vilket \u00e4r fallet med de flesta sidentyger som s\u00e4ljs av f\u00f6retag som PandaSilk. Om du letar efter blandningar, \u00e4r produkter som \u00e4r gjorda med kombinationer som sammet, siden\/viskosatin eller andra blandade tyger alltid tydligt m\u00e4rkta f\u00f6r att indikera deras sammans\u00e4ttning.<\/p>\n<h3>4. Hur Skickas Best\u00e4llningar Och Vad \u00c4r Leveranstiden?<\/h3>\n<p>Best\u00e4llningar skickas vanligtvis med p\u00e5litliga internationella transport\u00f6rer som DHL, UPS, FedEx eller EMS. F\u00f6r kunder i Amerika, Kanada och Australien kan leveranser vanligtvis ta cirka 4-5 dagar. Leveranstiderna kan dock f\u00f6rl\u00e4ngas under helgs\u00e4songer.<\/p>\n<h3>5. Kan Siden Tv\u00e4ttas?<\/h3>\n<p>Ja, siden \u00e4r tv\u00e4ttbart. F\u00e4rgerna eller trycken som appliceras p\u00e5 sidenet g\u00e5r igenom en tv\u00e4tt under tillverkningsprocessen f\u00f6r att g\u00f6ra dem f\u00e4rgbest\u00e4ndiga. Handtv\u00e4tt rekommenderas f\u00f6r b\u00e4sta resultat.<\/p>\n<h3>6. Vad \u00c4r Den R\u00e4tta Tv\u00e4ttmetoden F\u00f6r Siden?<\/h3>\n<p>Handtv\u00e4tta ditt siden i ljummet vatten med ett milt reng\u00f6ringsmedel. Efter tv\u00e4tt, undvik att vrida sidenet n\u00e4r det \u00e4r v\u00e5tt. Krama f\u00f6rsiktigt ut \u00f6verfl\u00f6digt vatten och l\u00e4gg det platt mellan handdukar f\u00f6r att absorbera fukten innan du stryker.<\/p>\n<h3>7. Kan Siden Strykas?<\/h3>\n<p>Siden kan strykas med r\u00e4tt f\u00f6rsiktighet, eftersom det \u00e4r ganska robust. L\u00e4mna inte ett varmt strykj\u00e4rn vilande p\u00e5 siden under l\u00e4ngre perioder. Anv\u00e4nd ett svalt strykj\u00e4rn och stryk alltid dina sidenprodukter ut och in. Om m\u00f6jligt, anv\u00e4nd strykj\u00e4rnets sideninst\u00e4llning, men annars fungerar den l\u00e4gsta temperaturen vanligtvis effektivt.<\/p>\n<h3>8. Vilken Tr\u00e5d Ska Anv\u00e4ndas F\u00f6r Att Sy Siden?<\/h3>\n<p>Vanliga tr\u00e5dar som de som produceras av G\u00fctermann fungerar bra med siden. Det \u00e4r b\u00e4ttre att inte anv\u00e4nda ren sidentr\u00e5d eftersom den tenderar att trassla sig l\u00e4tt.<\/p>\n<h3>9. Vad \u00c4r Mommevikten P\u00e5 Siden\u00f6rngott?<\/h3>\n<p>Siden\u00f6rngott m\u00e4ts i mommevikt (uttalas moe-me). F\u00f6retag som PandaSilk erbjuder dem i 19, 22 eller 25 mommealternativ. Ju h\u00f6gre momme, desto mer vikt och d\u00e4rmed h\u00e5llbarhet, har sidenet.<\/p>\n<h3>10. Vad Betyder &#8221;Mommevikt&#8221;?<\/h3>\n<p>Mommevikt \u00e4r den enhet som anv\u00e4nds f\u00f6r att m\u00e4ta vikten p\u00e5 sidentyg, vilket indikerar dess densitet. En h\u00f6gre mommevikt inneb\u00e4r ett tjockare, t\u00e4tare och i allm\u00e4nhet mer h\u00e5llbart siden.<\/p>\n<h3>11. Hur Uppstod Siden?<\/h3>\n<p>Sidens ursprung g\u00e5r tillbaka till det forntida Kina, med en legend som placerar dess uppt\u00e4ckt hos en kejsarinna vid namn Si Ling Chi, som f\u00f6rmodligen observerade silkesmaskar som spann sina kokonger i de kungliga tr\u00e4dg\u00e5rdarna och dr\u00f6mde om att g\u00f6ra tyg med deras tr\u00e5dar. En annan f\u00f6rklaring s\u00e4ger att n\u00e5gra kvinnor av misstag hittade siden n\u00e4r de samlade frukt. Kvinnorna kokade ett g\u00e4ng h\u00e5rda, o\u00e4tliga, vita &#8221;frukter&#8221; (kokonger) och slog dem senare. Processen uppt\u00e4ckte materialet.<\/p>\n<h3>12. Vad Exakt \u00c4r Siden?<\/h3>\n<p>Siden \u00e4r den fina tr\u00e5den som produceras av en silkesmask f\u00f6r att konstruera sin kokong under puppstadet. Denna tr\u00e5d \u00e4r anm\u00e4rkningsv\u00e4rd som den starkaste och finaste naturfibern globalt. Det \u00e4r en proteinfiber med en kemisk sammans\u00e4ttning som liknar m\u00e4nsklig hud. Som s\u00e5dan beskrivs siden ofta som en idealisk andra hud.<\/p>\n<h3>13. \u00c4r Siden Mullb\u00e4rssiden?<\/h3>\n<p>Vanligtvis \u00e4r premiumkvalitetssidenprodukter som de fr\u00e5n PandaSilk gjorda med 100 % rent mullb\u00e4rssiden, resultatet av att odla silkesmaskar p\u00e5 en diet som uteslutande best\u00e5r av mullb\u00e4rsblad, vilket g\u00f6r det av h\u00f6gsta kaliber f\u00f6r anv\u00e4ndning i textilier.<\/p>\n<h3>14. \u00c4r Charmeusesiden Detsamma Som Mullb\u00e4rssiden?<\/h3>\n<p>Charmeusesiden \u00e4r en speciell v\u00e4vning medan mullb\u00e4rssiden \u00e4r typen av sidenmaterial (kommer fr\u00e5n silkesmasken som \u00e4ter mullb\u00e4rstr\u00e4d) som anv\u00e4nds f\u00f6r produktion av charmeuse eller andra typer av sidentyg, s\u00e5som chiffong, habotai, crepe etc. Sidenet kommer fr\u00e5n silkesmaskar som endast matas med mullb\u00e4rsblad. Charmeuse beskriver den slutliga v\u00e4ven; det \u00e4r det mest lyxiga valet, k\u00e4nt f\u00f6r sitt glansiga utseende. Oftast finns det i s\u00e4ngprodukter. Andra mindre vanliga och mer tunna sidentyger, s\u00e5som sidenchiffong eller habotai, kan ocks\u00e5 anv\u00e4ndas i andra plagg.<\/p>\n<h3>15. Vad \u00c4r Charmeuse Och Satinsiden?<\/h3>\n<p>Siden kan v\u00e4vas till flera typer av textilier, s\u00e5som sidenchiffong, sidencr\u00eape och sidensatin\/charmeuse. Charmeuse och satin h\u00e4nvisar till specifika typer av v\u00e4vningar som k\u00e4nnetecknas av sin sl\u00e4ta yta och ofta lyxiga k\u00e4nsla. De tv\u00e5 \u00e4r praktiskt taget samma typ av t\u00e4t, tung v\u00e4v med en glansig framsida och matt baksida. Ofta &#8221;kapas&#8221; satin eller sat\u00e4ng av polyester f\u00f6r att ge det en mer sidenliknande glans. Av denna anledning utm\u00e4rker v\u00e4lrenommerade varum\u00e4rken alltid tydligt produkter som &#8221;siden&#8221; med h\u00e4nvisning till Charmeuse. Toppm\u00e4rken v\u00e4ljer charmeuse som de skulle anv\u00e4nda siden p\u00e5 r\u00f6da mattan.<\/p>\n<h3>16. Hur L\u00e5ng Tid H\u00e5ller Sidens\u00e4ngkl\u00e4der?<\/h3>\n<p>I genomsnitt kan sidens\u00e4ngkl\u00e4der h\u00e5lla i cirka 1 till 3 \u00e5r, f\u00f6rutsatt att korrekt sk\u00f6tsel och anv\u00e4ndning iakttas. Andra variabler kan ocks\u00e5 p\u00e5verka s\u00e4ngkl\u00e4dernas livsl\u00e4ngd. Element att ta h\u00e4nsyn till, vikt och kastm\u00f6nster, och hur ofta de tv\u00e4ttas. Om de tv\u00e4ttas f\u00f6r mycket kan det minska s\u00e4ngkl\u00e4dernas livsl\u00e4ngd. Rummets milj\u00f6 eller andra s\u00f6mn- eller personliga f\u00f6rh\u00e5llanden kan f\u00f6rkorta livsl\u00e4ngden p\u00e5 sidens\u00e4ngkl\u00e4der.<\/p>\n<h3>17. Vad Inneb\u00e4r Uppf\u00f6dning Av Silkesmaskar?<\/h3>\n<p>Att f\u00f6da upp silkesmaskar f\u00f6r sidenproduktion inneb\u00e4r en betydande anstr\u00e4ngning f\u00f6r att skapa bra textilfibrer, framf\u00f6r allt att h\u00e5lla dem i tysta, sanit\u00e4ra f\u00f6rh\u00e5llanden, samtidigt som de f\u00e5r odlade mullb\u00e4rsblad.<\/p>\n<h3>18. \u00c4r Siden Milj\u00f6v\u00e4nligt?<\/h3>\n<p>I allm\u00e4nhet \u00e4r mullb\u00e4rssiden milj\u00f6v\u00e4nligt eftersom det produceras av insekter utan att producera n\u00e5gra skadliga biprodukter, vilket skapar ett s\u00e4kert och milj\u00f6m\u00e4ssigt h\u00e5llbart material.<\/p>\n<h3>19. Var Samlas Silkesmaskar In?<\/h3>\n<p>Silkesmaskkokonger samlas in i kinesiska byar och tillverkning sker i anl\u00e4ggningar i n\u00e4rheten, mestadels i Kina eftersom landet i stort sett \u00e4r ansvarigt f\u00f6r v\u00e4rldens sidenproduktion.<\/p>\n<h3>20. Var Uppstod Sidenv\u00e4gen?<\/h3>\n<p>Sidenv\u00e4gen b\u00f6rjade i Chang\u2019an (nu Xi\u2019an) och str\u00e4ckte sig v\u00e4sterut mot Medelhavet, och specifikt kopplade Kina till den iranska v\u00e4rlden via Samarkand, som \u00e4r dagens Uzbekistan. Under det romerska rikets tid fanns det ingen direkt handels- och trafikv\u00e4g som man k\u00e4nde till mellan Rom och Kina f\u00f6r dessa varor, utan det ans\u00e5gs snarare vara en sekund\u00e4r eller terti\u00e4r v\u00e4g d\u00e4r romarna k\u00f6pte fr\u00e5n sekund\u00e4ra leverant\u00f6rer p\u00e5 olika platser l\u00e4ngs sidenv\u00e4gen, vilket gjorde den rutten fr\u00e5n f\u00f6rs\u00e4ljningsst\u00e4llet snarare \u00e4n en stor slinga av en rutt.<\/p>\n<h3>21. Vad \u00c4r Tr\u00e5dt\u00e4theten P\u00e5 Siden?<\/h3>\n<p>Vid m\u00e4tning av siden f\u00f6redras Momme (vikten), och tr\u00e5dt\u00e4theten har blivit sekund\u00e4r. Som referens skulle varum\u00e4rken som PandaSilk ha ungef\u00e4r:<\/p>\n<table class=\"table table-striped table-bordered\">\n<thead>\n<tr>\n<th>Momme<\/th>\n<th>Tr\u00e5dt\u00e4thet<\/th>\n<\/tr>\n<\/thead>\n<tbody>\n<tr>\n<td>19 MM<\/td>\n<td>400<\/td>\n<\/tr>\n<tr>\n<td>22 MM<\/td>\n<td>600<\/td>\n<\/tr>\n<tr>\n<td>25 MM<\/td>\n<td>800<\/td>\n<\/tr>\n<tr>\n<td>30 MM<\/td>\n<td>1200<\/td>\n<\/tr>\n<\/tbody>\n<\/table>\n<h3>22. Vad \u00c4r OEKO-TEX\u00ae Standard 100?<\/h3>\n<p>OEKO-TEX Standard 100 \u00e4r en internationell, tredjepartscertifiering och system f\u00f6r att s\u00e4kerst\u00e4lla att textilprodukter har testats noggrant f\u00f6r skadliga \u00e4mnen, med beaktande av alla steg. Textilier med denna certifiering har uppfyllt systemets standarder vid var och en av sina tillverkningspunkter, vare sig det \u00e4r fibrer eller f\u00e4rdiga produkter, inklusive produktens olika tillbeh\u00f6r. Certifieringen m\u00f6jligg\u00f6r produktetiketter, som kallas &#8221;F\u00f6rtroende f\u00f6r textilier&#8221;. En annan niv\u00e5 omfattar ocks\u00e5 milj\u00f6ansvar med etiketter enligt Oeko-Tex Standard 1000. Alla testas mot varje produkts unika sammans\u00e4ttning i alla faser av tillverkningen.<\/p>\n<p>Siden f\u00f6rblir ett eftertraktat material tack vare sin unika kombination av sk\u00f6nhet, komfort och h\u00e5llbarhet. Genom att f\u00f6rst\u00e5 dess egenskaper, ursprung och sk\u00f6tselkrav, kan du fullt ut uppskatta och njuta av de m\u00e5nga f\u00f6rdelarna med sidenprodukter. Oavsett om det \u00e4r lyxiga s\u00e4ngkl\u00e4der eller eleganta kl\u00e4der, forts\u00e4tter siden att f\u00e4ngsla och f\u00f6rb\u00e4ttra vardagslivet.<\/p>\n","protected":false},"excerpt":{"rendered":"<p>Siden, ett lyxigt och tidl\u00f6st material, har fascinerat m\u00e4nniskor i \u00e5rtusenden. Fr\u00e5n dess forntida ursprung i Kina till dess samtida n\u00e4rvaro inom mode och hemtextilier, f\u00f6rblir siden ett eftertraktat material. Denna artikel syftar till att besvara de vanligaste fr\u00e5gorna om siden, och erbjuda tydliga och omfattande svar. 1. Vem Kan Anv\u00e4nda Sidenprodukter? Sidenprodukter \u00e4r anm\u00e4rkningsv\u00e4rt<\/p>\n","protected":false},"author":1,"featured_media":1551,"parent":0,"menu_order":352,"comment_status":"closed","ping_status":"closed","template":"","meta":{"footnotes":""},"class_list":["post-72065","page","type-page","status-publish","has-post-thumbnail","hentry","prodpage-classic"],"aioseo_notices":[],"_links":{"self":[{"href":"https:\/\/www.pandasilk.com\/sv\/wp-json\/wp\/v2\/pages\/72065","targetHints":{"allow":["GET"]}}],"collection":[{"href":"https:\/\/www.pandasilk.com\/sv\/wp-json\/wp\/v2\/pages"}],"about":[{"href":"https:\/\/www.pandasilk.com\/sv\/wp-json\/wp\/v2\/types\/page"}],"author":[{"embeddable":true,"href":"https:\/\/www.pandasilk.com\/sv\/wp-json\/wp\/v2\/users\/1"}],"replies":[{"embeddable":true,"href":"https:\/\/www.pandasilk.com\/sv\/wp-json\/wp\/v2\/comments?post=72065"}],"version-history":[{"count":0,"href":"https:\/\/www.pandasilk.com\/sv\/wp-json\/wp\/v2\/pages\/72065\/revisions"}],"wp:featuredmedia":[{"embeddable":true,"href":"https:\/\/www.pandasilk.com\/sv\/wp-json\/wp\/v2\/media\/1551"}],"wp:attachment":[{"href":"https:\/\/www.pandasilk.com\/sv\/wp-json\/wp\/v2\/media?parent=72065"}],"curies":[{"name":"wp","href":"https:\/\/api.w.org\/{rel}","templated":true}]}}