{"id":116693,"date":"2019-06-30T19:49:31","date_gmt":"2019-06-30T11:49:31","guid":{"rendered":"https:\/\/www.pandasilk.com\/faqs\/"},"modified":"2025-01-13T14:07:56","modified_gmt":"2025-01-13T22:07:56","slug":"faqs","status":"publish","type":"page","link":"https:\/\/www.pandasilk.com\/tr\/faqs\/","title":{"rendered":"S\u0131k\u00e7a Sorulan Sorular: \u0130pek Hakk\u0131nda Her \u015eey"},"content":{"rendered":"<p>\u0130pek, y\u00fczy\u0131llard\u0131r insanlar\u0131 b\u00fcy\u00fcleyen, l\u00fcks ve zamans\u0131z bir kuma\u015ft\u0131r. Antik \u00c7in&#8217;deki k\u00f6kenlerinden g\u00fcn\u00fcm\u00fcz moda ve ev tekstilindeki varl\u0131\u011f\u0131na kadar, ipek hala aranan bir malzeme olarak varl\u0131\u011f\u0131n\u0131 s\u00fcrd\u00fcr\u00fcyor. Bu makale, ipekle ilgili en yayg\u0131n sorular\u0131 ele almay\u0131 ve net ve kapsaml\u0131 cevaplar sunmay\u0131 ama\u00e7lamaktad\u0131r.<\/p>\n<h3>1. \u0130pek \u00dcr\u00fcnlerini Kimler Kullanabilir?<\/h3>\n<p>\u0130pek \u00fcr\u00fcnleri, yeti\u015fkinler, \u00e7ocuklar ve k\u00fc\u00e7\u00fck \u00e7ocuklar dahil olmak \u00fczere her ya\u015ftan insan i\u00e7in uygun, son derece \u00e7ok y\u00f6nl\u00fcd\u00fcr. Yatak tak\u0131m\u0131 gibi \u00fcr\u00fcnler i\u00e7in \u00f6zel \u00f6l\u00e7\u00fclere ihtiyac\u0131n\u0131z varsa, \u00f6zel se\u00e7enekler hakk\u0131nda bilgi almak i\u00e7in PandaSilk gibi tedarik\u00e7ilere ula\u015fabilirsiniz.<\/p>\n<h3>2. \u0130pe\u011finiz Nereden Geliyor?<\/h3>\n<p>D\u00fcnya ipe\u011finin \u00e7o\u011fu, ipekb\u00f6cek\u00e7ili\u011finin (ipekb\u00f6ce\u011fi yeti\u015ftiricili\u011fi) binlerce y\u0131ld\u0131r geli\u015ftirildi\u011fi \u00c7in&#8217;den gelmektedir. \u0130pek \u00fcretiminin en eski kan\u0131tlar\u0131, M\u00d6 3500 civar\u0131nda antik \u00c7in&#8217;e kadar uzan\u0131yor ve bu da \u00c7in&#8217;i lider ipek \u00fcreticisi olarak sa\u011flamla\u015ft\u0131r\u0131yor. Tayland ve Hindistan da ipek \u00fcretse de, bunlar\u0131n \u00e7\u0131kt\u0131lar\u0131 ve liflerinin p\u00fcr\u00fczs\u00fczl\u00fc\u011f\u00fc genellikle \u00c7in&#8217;inkilerle kar\u015f\u0131la\u015ft\u0131r\u0131lamaz. \u0130talya, y\u00fcksek kaliteli ipekleriyle tan\u0131n\u0131r, ancak ipekleri \u00e7o\u011funlukla yatak tak\u0131m\u0131 gibi ev tekstilleri yerine giysiler i\u00e7in kullan\u0131l\u0131r.<\/p>\n<h3>3. \u0130pe\u011finiz %100 Saf M\u0131?<\/h3>\n<p>\u0130pek kuma\u015flar\u0131n \u00e7o\u011fu, PandaSilk gibi \u015firketler taraf\u0131ndan sat\u0131lan ipeklerin \u00e7o\u011funda oldu\u011fu gibi, ger\u00e7ekten de %100 saf ipekten yap\u0131lmaktad\u0131r. Kar\u0131\u015f\u0131mlar ar\u0131yorsan\u0131z, kadife, ipek\/viskon saten veya di\u011fer kar\u0131\u015f\u0131k kuma\u015flar gibi kombinasyonlarla yap\u0131lm\u0131\u015f \u00fcr\u00fcnler, bile\u015fimlerini belirtmek i\u00e7in her zaman a\u00e7\u0131k\u00e7a i\u015faretlenmi\u015ftir.<\/p>\n<h3>4. Sipari\u015fler Nas\u0131l G\u00f6nderilir ve Teslimat S\u00fcresi Ne Kadard\u0131r?<\/h3>\n<p>Sipari\u015fler genellikle DHL, UPS, FedEx veya EMS gibi g\u00fcvenilir uluslararas\u0131 ta\u015f\u0131y\u0131c\u0131lar arac\u0131l\u0131\u011f\u0131yla g\u00f6nderilir. Amerika, Kanada ve Avustralya&#8217;daki m\u00fc\u015fteriler i\u00e7in teslimatlar genellikle yakla\u015f\u0131k 4-5 g\u00fcn s\u00fcrebilir. Ancak, teslimat s\u00fcreleri tatil d\u00f6nemlerinde uzayabilir.<\/p>\n<h3>5. \u0130pek Y\u0131kanabilir Mi?<\/h3>\n<p>Evet, ipek y\u0131kanabilir. \u0130pe\u011fe uygulanan boyalar veya bask\u0131lar, renklerinin solmamas\u0131n\u0131 sa\u011flamak i\u00e7in \u00fcretim s\u00fcrecinde bir y\u0131kamadan ge\u00e7er. En iyi sonu\u00e7lar i\u00e7in elde y\u0131kama \u00f6nerilir.<\/p>\n<h3>6. \u0130pek i\u00e7in Uygun Y\u0131kama Y\u00f6ntemi Nedir?<\/h3>\n<p>\u0130pe\u011finizi \u0131l\u0131k suda, hafif bir deterjan kullanarak elde y\u0131kay\u0131n. Y\u0131kad\u0131ktan sonra \u0131slakken ipe\u011fi s\u0131kmaktan ka\u00e7\u0131n\u0131n. Fazla suyu nazik\u00e7e s\u0131k\u0131n ve \u00fct\u00fclemeden \u00f6nce nemi emmek i\u00e7in havlular\u0131n aras\u0131na d\u00fcz bir \u015fekilde yay\u0131n.<\/p>\n<h3>7. \u0130pek \u00dct\u00fclenebilir Mi?<\/h3>\n<p>\u0130pek, olduk\u00e7a dayan\u0131kl\u0131 oldu\u011fu i\u00e7in uygun \u00f6zen g\u00f6sterilerek \u00fct\u00fclenebilir. S\u0131cak \u00fct\u00fcy\u00fc uzun s\u00fcre ipe\u011fin \u00fczerinde b\u0131rakmay\u0131n. So\u011fuk bir \u00fct\u00fc kullan\u0131n ve ipek e\u015fyalar\u0131n\u0131z\u0131 her zaman ters \u00e7evirerek \u00fct\u00fcleyin. M\u00fcmk\u00fcnse, \u00fct\u00fcn\u00fcn ipek ayar\u0131n\u0131 kullan\u0131n, ancak aksi halde en d\u00fc\u015f\u00fck s\u0131cakl\u0131k genellikle etkili bir \u015fekilde \u00e7al\u0131\u015f\u0131r.<\/p>\n<h3>8. \u0130pek Dikmek \u0130\u00e7in Hangi \u0130plik Kullan\u0131lmal\u0131d\u0131r?<\/h3>\n<p>G\u00fctermann taraf\u0131ndan \u00fcretilenler gibi s\u0131radan iplikler ipekle iyi \u00e7al\u0131\u015f\u0131r. Saf ipek ipli\u011fi kullanmamak daha iyidir \u00e7\u00fcnk\u00fc kolayca d\u00fc\u011f\u00fcmlenme e\u011filimindedir.<\/p>\n<h3>9. \u0130pek Yast\u0131k K\u0131l\u0131flar\u0131n\u0131n Momme A\u011f\u0131rl\u0131\u011f\u0131 Nedir?<\/h3>\n<p>\u0130pek yast\u0131k k\u0131l\u0131flar\u0131, momme a\u011f\u0131rl\u0131\u011f\u0131 (mo-mey olarak telaffuz edilir) cinsinden \u00f6l\u00e7\u00fcl\u00fcr. PandaSilk gibi \u015firketler, onlar\u0131 19, 22 veya 25 momme se\u00e7eneklerinde sunar. Momme ne kadar b\u00fcy\u00fck olursa, ipek o kadar a\u011f\u0131rl\u0131\u011fa ve dolay\u0131s\u0131yla dayan\u0131kl\u0131l\u0131\u011fa sahip olur.<\/p>\n<h3>10. &#8220;Momme A\u011f\u0131rl\u0131\u011f\u0131&#8221; Ne Anlama Gelir?<\/h3>\n<p>Momme a\u011f\u0131rl\u0131\u011f\u0131, ipek kuma\u015f\u0131n a\u011f\u0131rl\u0131\u011f\u0131n\u0131 \u00f6l\u00e7mek i\u00e7in kullan\u0131lan bir birimdir ve yo\u011funlu\u011funu g\u00f6sterir. Daha y\u00fcksek momme a\u011f\u0131rl\u0131\u011f\u0131, daha kal\u0131n, daha yo\u011fun ve genellikle daha dayan\u0131kl\u0131 bir ipek anlam\u0131na gelir.<\/p>\n<h3>11. \u0130pek Nas\u0131l Ortaya \u00c7\u0131kt\u0131?<\/h3>\n<p>\u0130pe\u011fin k\u00f6kenleri antik \u00c7in&#8217;e dayanmaktad\u0131r. Efsanelerden birinde ipe\u011fin ke\u015ffi, ipekb\u00f6ceklerinin kraliyet bah\u00e7elerinde kozalar\u0131n\u0131 \u00f6rd\u00fc\u011f\u00fcn\u00fc g\u00f6ren ve ipliklerinden kuma\u015f yapmay\u0131 hayal eden Si Ling Chi adl\u0131 bir imparatori\u00e7eye atfedilmektedir. Ba\u015fka bir a\u00e7\u0131klamaya g\u00f6re baz\u0131 kad\u0131nlar meyve toplarken yanl\u0131\u015fl\u0131kla ipe\u011fi bulmu\u015flar. Kad\u0131nlar bir y\u0131\u011f\u0131n sert, yenmeyen beyaz &#8220;meyveyi&#8221; (koza) kaynatt\u0131ktan sonra onlar\u0131 d\u00f6verek bu malzemeyi ke\u015ffetmi\u015flerdir.<\/p>\n<h3>12. \u0130pek Tam Olarak Nedir?<\/h3>\n<p>\u0130pek, bir ipekb\u00f6ce\u011finin pupasyon s\u0131ras\u0131nda kozas\u0131n\u0131 in\u015fa etmek i\u00e7in \u00fcretti\u011fi ince bir ipliktir. Bu iplik, k\u00fcresel olarak en g\u00fc\u00e7l\u00fc ve en iyi do\u011fal lif olmas\u0131yla dikkat \u00e7ekmektedir. \u0130nsan cildine benzer kimyasal bile\u015fime sahip protein lifidir. Bu nedenle ipek genellikle ideal ikinci cilt olarak tan\u0131mlan\u0131r.<\/p>\n<h3>13. \u0130pek, Dut \u0130pe\u011fi midir?<\/h3>\n<p>Genellikle PandaSilk gibi birinci s\u0131n\u0131f kaliteli ipek \u00fcr\u00fcnleri, yaln\u0131zca dut yapraklar\u0131ndan olu\u015fan bir diyetle ipekb\u00f6ceklerini yeti\u015ftirmenin sonucu olarak elde edilen %100 saf dut ipe\u011finden yap\u0131l\u0131r ve bu da tekstilde kullan\u0131m i\u00e7in en y\u00fcksek kalibreli ipe\u011fi elde etmeyi sa\u011flar.<\/p>\n<h3>14. \u015earme \u0130pe\u011fi, Dut \u0130pe\u011fi ile Ayn\u0131 m\u0131d\u0131r?<\/h3>\n<p>\u015earme ipe\u011fi belirli bir dokuma t\u00fcr\u00fc iken, dut ipe\u011fi \u015farme veya \u015fifon, habotai, krep vb. di\u011fer ipek kuma\u015f t\u00fcrlerinin \u00fcretiminde kullan\u0131lan ipek malzeme t\u00fcr\u00fcd\u00fcr (dut a\u011fac\u0131 yiyen ipekb\u00f6ceklerinden elde edilir). \u0130pek yaln\u0131zca dut yapraklar\u0131yla beslenen ipekb\u00f6ceklerinden elde edilir. \u015earme son dokumay\u0131 tan\u0131mlar; parlak g\u00f6r\u00fcn\u00fcm\u00fcyle bilinen en l\u00fcks se\u00e7enektir. \u00c7o\u011fu zaman yatak \u00fcr\u00fcnlerinde bulunur. \u0130pek \u015fifon veya habotai gibi di\u011fer daha az yayg\u0131n ve daha narin ipek kuma\u015flar\u0131 da di\u011fer giysilerde kullan\u0131labilir.<\/p>\n<h3>15. \u015earme ve Saten \u0130pek Nedir?<\/h3>\n<p>\u0130pek, ipek \u015fifon, ipek krep ve ipek \u015farme\/saten gibi birden \u00e7ok t\u00fcrde tekstile dokunabilir. \u015earme ve saten, p\u00fcr\u00fczs\u00fcz y\u00fczeyleri ve genellikle l\u00fcks hisleriyle karakterize edilen \u00f6zel dokuma t\u00fcrlerini ifade eder. \u0130kisi de parlak \u00f6n y\u00fcze ve mat bir arka y\u00fcze sahip, neredeyse ayn\u0131 s\u0131k\u0131, a\u011f\u0131r dokuma t\u00fcr\u00fcd\u00fcr. Genellikle saten veya saten, daha ipek benzeri bir parlakl\u0131k vermek i\u00e7in polyester taraf\u0131ndan &#8220;ele ge\u00e7irilir&#8221;. Bu nedenle, sayg\u0131n markalar \u00fcr\u00fcnleri her zaman \u015earmeye at\u0131fta bulunarak &#8220;ipek&#8221; olarak a\u00e7\u0131k\u00e7a ay\u0131rt ederler. \u00dcst d\u00fczey markalar, \u015farmeyi k\u0131rm\u0131z\u0131 hal\u0131da kullanacaklar\u0131 gibi se\u00e7erler.<\/p>\n<h3>16. \u0130pek \u00c7ar\u015faflar Ne Kadar Dayan\u0131r?<\/h3>\n<p>\u0130pek \u00e7ar\u015faflar, uygun bak\u0131m ve kullan\u0131m \u015fartlar\u0131na uyulmas\u0131 durumunda ortalama olarak 1 ila 3 y\u0131l dayanabilir. Di\u011fer de\u011fi\u015fkenler de \u00e7ar\u015faflar\u0131n \u00f6mr\u00fcn\u00fc etkileyebilir. A\u011f\u0131rl\u0131k, atma kal\u0131plar\u0131 ve ne s\u0131kl\u0131kta y\u0131kand\u0131\u011f\u0131 dikkate al\u0131nmas\u0131 gereken unsurlard\u0131r. \u00c7ok fazla y\u0131kanmas\u0131, \u00e7ar\u015faflar\u0131n \u00f6mr\u00fcn\u00fc k\u0131saltabilir. Oda ortam\u0131 veya di\u011fer uyku veya ki\u015fisel durumlar ipek \u00e7ar\u015faflar\u0131n \u00f6mr\u00fcn\u00fc k\u0131saltabilir.<\/p>\n<h3>17. \u0130pekb\u00f6ceklerini Yeti\u015ftirmek Neleri \u0130\u00e7erir?<\/h3>\n<p>\u0130pek \u00fcretimi i\u00e7in ipekb\u00f6ce\u011fi yeti\u015ftirmek, \u00f6zellikle onlar\u0131 sessiz, hijyenik ko\u015fullarda tutarken yeti\u015ftirilmi\u015f dut yapraklar\u0131 verilmesiyle iyi tekstil lifleri olu\u015fturmak i\u00e7in \u00f6nemli bir \u00e7aba gerektirir.<\/p>\n<h3>18. \u0130pek Ekolojik midir?<\/h3>\n<p>Genel olarak, dut ipe\u011fi, zararl\u0131 herhangi bir yan \u00fcr\u00fcn \u00fcretmeden b\u00f6cekler taraf\u0131ndan \u00fcretildi\u011fi i\u00e7in, g\u00fcvenli ve \u00e7evreye s\u00fcrd\u00fcr\u00fclebilir bir malzeme olu\u015fturarak \u00e7evre dostudur.<\/p>\n<h3>19. \u0130pekb\u00f6cekleri Nereden Toplan\u0131yor?<\/h3>\n<p>\u0130pekb\u00f6ce\u011fi kozalar\u0131 \u00c7in k\u00f6ylerinde toplanmakta ve imalat da yak\u0131ndaki tesislerde yap\u0131lmaktad\u0131r. Bunun nedeni \u00fclkenin d\u00fcnya ipek \u00fcretiminden b\u00fcy\u00fck \u00f6l\u00e7\u00fcde sorumlu olmas\u0131d\u0131r.<\/p>\n<h3>20. \u0130pek Yolu Nereden Ba\u015flad\u0131?<\/h3>\n<p>\u0130pek Yolu, Chang&#8217;an&#8217;da (\u015fimdiki Xi&#8217;an) ba\u015flad\u0131 ve bat\u0131ya, Akdeniz&#8217;e do\u011fru, \u00f6zellikle \u00c7in&#8217;i, Semerkant (modern \u00d6zbekistan) yoluyla \u0130ran d\u00fcnyas\u0131na ba\u011flayarak uzad\u0131. Roma \u0130mparatorlu\u011fu zaman\u0131nda bu \u00fcr\u00fcnler i\u00e7in Roma ve \u00c7in aras\u0131nda bilinen do\u011frudan bir ticaret ve trafik rotas\u0131 yoktu; daha ziyade Romal\u0131lar\u0131n \u0130pek Yolu \u00fczerindeki \u00e7e\u015fitli yerlerdeki ikincil sat\u0131c\u0131lardan al\u0131\u015fveri\u015f yapt\u0131klar\u0131, bunun da o rotay\u0131 tek bir b\u00fcy\u00fck d\u00f6ng\u00fcden ziyade sat\u0131\u015f noktas\u0131ndan \u00e7\u0131kar\u0131lan ikincil veya \u00fc\u00e7\u00fcnc\u00fcl bir rota oldu\u011fu d\u00fc\u015f\u00fcn\u00fclmekteydi.<\/p>\n<h3>21. \u0130pe\u011fin \u0130plik Say\u0131s\u0131 Nedir?<\/h3>\n<p>\u0130pe\u011fi \u00f6l\u00e7erken, Momme (a\u011f\u0131rl\u0131k) tercih edilirken, \u0130plik Say\u0131s\u0131 ikincil konuma gelmi\u015ftir. Referans olarak, PandaSilk gibi markalarda yakla\u015f\u0131k olarak \u015funlar bulunur:<\/p>\n<table class=\"table table-striped table-bordered\">\n<thead>\n<tr>\n<th>Momme<\/th>\n<th>\u0130plik Say\u0131s\u0131<\/th>\n<\/tr>\n<\/thead>\n<tbody>\n<tr>\n<td>19 MM<\/td>\n<td>400<\/td>\n<\/tr>\n<tr>\n<td>22 MM<\/td>\n<td>600<\/td>\n<\/tr>\n<tr>\n<td>25 MM<\/td>\n<td>800<\/td>\n<\/tr>\n<tr>\n<td>30 MM<\/td>\n<td>1200<\/td>\n<\/tr>\n<\/tbody>\n<\/table>\n<h3>22. OEKO-TEX\u00ae Standart 100 Nedir?<\/h3>\n<p>OEKO-TEX Standard 100, tekstil \u00fcr\u00fcnlerinin zararl\u0131 maddelere kar\u015f\u0131 kapsaml\u0131 bir \u015fekilde test edildi\u011finden emin olmak i\u00e7in kullan\u0131lan, her a\u015famay\u0131 dikkate alan uluslararas\u0131, \u00fc\u00e7\u00fcnc\u00fc taraf bir sertifikasyon ve sistemdir. Bu sertifikaya sahip tekstiller, elyaflar veya haz\u0131r \u00fcr\u00fcnler dahil olmak \u00fczere, \u00fcr\u00fcn\u00fcn \u00e7e\u015fitli aksesuarlar\u0131 dahil olmak \u00fczere, \u00fcretim noktalar\u0131n\u0131n her birinde sistemin standartlar\u0131n\u0131 kar\u015f\u0131lam\u0131\u015ft\u0131r. Sertifika, \u00fcr\u00fcnlerin kendine \u00f6zg\u00fc bile\u015fimine g\u00f6re, \u00fcretimin t\u00fcm a\u015famalar\u0131nda test edilen, &#8220;Tekstilde G\u00fcven&#8221; ad\u0131 verilen \u00fcr\u00fcn etiketlerine izin verir. Ba\u015fka bir seviye de Oeko-Tex Standard 1000&#8217;e g\u00f6re etiketlerle \u00e7evresel sorumlulu\u011fu kapsamaktad\u0131r.<\/p>\n<p>\u0130pek, tarihte ve g\u00fcn\u00fcm\u00fczde e\u015fsiz bir kuma\u015f olarak \u00f6ne \u00e7\u0131k\u0131yor. S\u0131k\u00e7a sorulan bu sorular\u0131n yan\u0131tlar\u0131n\u0131 bu makale ile vermeyi hedefledik ve sizlerin ipek hakk\u0131nda daha iyi bilgi sahibi olman\u0131z\u0131 umuyoruz. \u0130pe\u011fin, kendine has \u00f6zellikleriyle hayat\u0131m\u0131za katt\u0131\u011f\u0131 l\u00fcks ve konforu ya\u015fay\u0131n!<\/p>\n","protected":false},"excerpt":{"rendered":"<p>\u0130pek, y\u00fczy\u0131llard\u0131r insanlar\u0131 b\u00fcy\u00fcleyen, l\u00fcks ve zamans\u0131z bir kuma\u015ft\u0131r. Antik \u00c7in&#8217;deki k\u00f6kenlerinden g\u00fcn\u00fcm\u00fcz moda ve ev tekstilindeki varl\u0131\u011f\u0131na kadar, ipek hala aranan bir malzeme olarak varl\u0131\u011f\u0131n\u0131 s\u00fcrd\u00fcr\u00fcyor. Bu makale, ipekle ilgili en yayg\u0131n sorular\u0131 ele almay\u0131 ve net ve kapsaml\u0131 cevaplar sunmay\u0131 ama\u00e7lamaktad\u0131r. 1. \u0130pek \u00dcr\u00fcnlerini Kimler Kullanabilir? \u0130pek \u00fcr\u00fcnleri, yeti\u015fkinler, \u00e7ocuklar ve k\u00fc\u00e7\u00fck \u00e7ocuklar<\/p>\n","protected":false},"author":1,"featured_media":1551,"parent":0,"menu_order":352,"comment_status":"closed","ping_status":"closed","template":"","meta":{"footnotes":""},"class_list":["post-116693","page","type-page","status-publish","has-post-thumbnail","hentry","prodpage-classic"],"aioseo_notices":[],"_links":{"self":[{"href":"https:\/\/www.pandasilk.com\/tr\/wp-json\/wp\/v2\/pages\/116693","targetHints":{"allow":["GET"]}}],"collection":[{"href":"https:\/\/www.pandasilk.com\/tr\/wp-json\/wp\/v2\/pages"}],"about":[{"href":"https:\/\/www.pandasilk.com\/tr\/wp-json\/wp\/v2\/types\/page"}],"author":[{"embeddable":true,"href":"https:\/\/www.pandasilk.com\/tr\/wp-json\/wp\/v2\/users\/1"}],"replies":[{"embeddable":true,"href":"https:\/\/www.pandasilk.com\/tr\/wp-json\/wp\/v2\/comments?post=116693"}],"version-history":[{"count":0,"href":"https:\/\/www.pandasilk.com\/tr\/wp-json\/wp\/v2\/pages\/116693\/revisions"}],"wp:featuredmedia":[{"embeddable":true,"href":"https:\/\/www.pandasilk.com\/tr\/wp-json\/wp\/v2\/media\/1551"}],"wp:attachment":[{"href":"https:\/\/www.pandasilk.com\/tr\/wp-json\/wp\/v2\/media?parent=116693"}],"curies":[{"name":"wp","href":"https:\/\/api.w.org\/{rel}","templated":true}]}}