{"id":116717,"date":"2013-01-30T11:40:53","date_gmt":"2013-01-30T03:40:53","guid":{"rendered":"https:\/\/www.pandasilk.com\/panda-silk-100-mulberry-silk-sheets-pillowcases\/"},"modified":"2025-02-05T03:11:18","modified_gmt":"2025-02-05T11:11:18","slug":"home","status":"publish","type":"page","link":"https:\/\/www.pandasilk.com\/tr\/","title":{"rendered":"Uygun Fiyatl\u0131 Dut \u0130pe\u011fi Yatak ve Giyim \u00dcr\u00fcnleri"},"content":{"rendered":"<p>&nbsp;<\/p>\n<div class=\"woocommerce columns-6\"><ul class=\"products columns-6\">\n<li class=\"product-category product first\">\n\t<a aria-label=\"\u0130pek yast\u0131k k\u0131l\u0131f\u0131 \u00fcr\u00fcn kategorisini ziyaret et\" href=\"https:\/\/www.pandasilk.com\/tr\/product-category\/pillows-tr\/\">\t<div class=\"product-list-item text-custom-parent-hov prod-layout-classic\">\r\n\t<img loading=\"lazy\" decoding=\"async\" src=\"https:\/\/www.pandasilk.com\/wp-content\/uploads\/2018\/06\/30-Momme-Silk-Pillowcase-Oxford-Envelope-Closure-Ivory-1.jpg\" alt=\"\u0130pek yast\u0131k k\u0131l\u0131f\u0131\" width=\"800\" height=\"800\" srcset=\"https:\/\/www.pandasilk.com\/wp-content\/uploads\/2018\/06\/30-Momme-Silk-Pillowcase-Oxford-Envelope-Closure-Ivory-1.jpg 800w, https:\/\/www.pandasilk.com\/wp-content\/uploads\/2018\/06\/30-Momme-Silk-Pillowcase-Oxford-Envelope-Closure-Ivory-1-768x768.jpg 768w, https:\/\/www.pandasilk.com\/wp-content\/uploads\/2018\/06\/30-Momme-Silk-Pillowcase-Oxford-Envelope-Closure-Ivory-1-187x187.jpg 187w, https:\/\/www.pandasilk.com\/wp-content\/uploads\/2018\/06\/30-Momme-Silk-Pillowcase-Oxford-Envelope-Closure-Ivory-1-100x100.jpg 100w\" sizes=\"auto, (max-width: 800px) 100vw, 800px\" \/>\t\t<h2 class=\"woocommerce-loop-category__title\">\n\t\t\t\u0130pek yast\u0131k k\u0131l\u0131f\u0131\t\t<\/h2>\n\t\t<\/a>\t<\/div> <!-- Close product-list-item -->\r\n\t<\/li>\n<li class=\"product-category product\">\n\t<a aria-label=\"\u0130pek \u00e7ar\u015faflar \u00fcr\u00fcn kategorisini ziyaret et\" href=\"https:\/\/www.pandasilk.com\/tr\/product-category\/silk-bedding-tr\/\">\t<div class=\"product-list-item text-custom-parent-hov prod-layout-classic\">\r\n\t<img loading=\"lazy\" decoding=\"async\" src=\"https:\/\/www.pandasilk.com\/wp-content\/uploads\/2017\/08\/30-Momme-Silk-Sheets-Light-Blue.jpg\" alt=\"\u0130pek \u00e7ar\u015faflar\" width=\"800\" height=\"800\" srcset=\"https:\/\/www.pandasilk.com\/wp-content\/uploads\/2017\/08\/30-Momme-Silk-Sheets-Light-Blue.jpg 800w, https:\/\/www.pandasilk.com\/wp-content\/uploads\/2017\/08\/30-Momme-Silk-Sheets-Light-Blue-768x768.jpg 768w, https:\/\/www.pandasilk.com\/wp-content\/uploads\/2017\/08\/30-Momme-Silk-Sheets-Light-Blue-187x187.jpg 187w, https:\/\/www.pandasilk.com\/wp-content\/uploads\/2017\/08\/30-Momme-Silk-Sheets-Light-Blue-100x100.jpg 100w\" sizes=\"auto, (max-width: 800px) 100vw, 800px\" \/>\t\t<h2 class=\"woocommerce-loop-category__title\">\n\t\t\t\u0130pek \u00e7ar\u015faflar\t\t<\/h2>\n\t\t<\/a>\t<\/div> <!-- Close product-list-item -->\r\n\t<\/li>\n<li class=\"product-category product\">\n\t<a aria-label=\"\u0130pek yorgan \u00fcr\u00fcn kategorisini ziyaret et\" href=\"https:\/\/www.pandasilk.com\/tr\/product-category\/silk-quilt-tr\/\">\t<div class=\"product-list-item text-custom-parent-hov prod-layout-classic\">\r\n\t<img loading=\"lazy\" decoding=\"async\" src=\"https:\/\/www.pandasilk.com\/wp-content\/uploads\/2015\/10\/Cotton-Tribute-Silk-Jacquard-Quilt-1.jpg\" alt=\"\u0130pek yorgan\" width=\"800\" height=\"800\" srcset=\"https:\/\/www.pandasilk.com\/wp-content\/uploads\/2015\/10\/Cotton-Tribute-Silk-Jacquard-Quilt-1.jpg 800w, https:\/\/www.pandasilk.com\/wp-content\/uploads\/2015\/10\/Cotton-Tribute-Silk-Jacquard-Quilt-1-768x768.jpg 768w, https:\/\/www.pandasilk.com\/wp-content\/uploads\/2015\/10\/Cotton-Tribute-Silk-Jacquard-Quilt-1-187x187.jpg 187w, https:\/\/www.pandasilk.com\/wp-content\/uploads\/2015\/10\/Cotton-Tribute-Silk-Jacquard-Quilt-1-100x100.jpg 100w\" sizes=\"auto, (max-width: 800px) 100vw, 800px\" \/>\t\t<h2 class=\"woocommerce-loop-category__title\">\n\t\t\t\u0130pek yorgan\t\t<\/h2>\n\t\t<\/a>\t<\/div> <!-- Close product-list-item -->\r\n\t<\/li>\n<li class=\"product-category product\">\n\t<a aria-label=\"\u0130pek Giysiler \u00fcr\u00fcn kategorisini ziyaret et\" href=\"https:\/\/www.pandasilk.com\/tr\/product-category\/silk-clothing-tr\/\">\t<div class=\"product-list-item text-custom-parent-hov prod-layout-classic\">\r\n\t<img loading=\"lazy\" decoding=\"async\" src=\"https:\/\/www.pandasilk.com\/wp-content\/uploads\/2022\/09\/Womens-Bow-tie-Neck-Button-Silk-Blouse-Shirt-Wine-Red.jpg\" alt=\"\u0130pek Giysiler\" width=\"800\" height=\"800\" srcset=\"https:\/\/www.pandasilk.com\/wp-content\/uploads\/2022\/09\/Womens-Bow-tie-Neck-Button-Silk-Blouse-Shirt-Wine-Red.jpg 800w, https:\/\/www.pandasilk.com\/wp-content\/uploads\/2022\/09\/Womens-Bow-tie-Neck-Button-Silk-Blouse-Shirt-Wine-Red-768x768.jpg 768w, https:\/\/www.pandasilk.com\/wp-content\/uploads\/2022\/09\/Womens-Bow-tie-Neck-Button-Silk-Blouse-Shirt-Wine-Red-187x187.jpg 187w, https:\/\/www.pandasilk.com\/wp-content\/uploads\/2022\/09\/Womens-Bow-tie-Neck-Button-Silk-Blouse-Shirt-Wine-Red-100x100.jpg 100w\" sizes=\"auto, (max-width: 800px) 100vw, 800px\" \/>\t\t<h2 class=\"woocommerce-loop-category__title\">\n\t\t\t\u0130pek Giysiler\t\t<\/h2>\n\t\t<\/a>\t<\/div> <!-- Close product-list-item -->\r\n\t<\/li>\n<li class=\"product-category product\">\n\t<a aria-label=\"\u0130pek Aksesuarlar \u00fcr\u00fcn kategorisini ziyaret et\" href=\"https:\/\/www.pandasilk.com\/tr\/product-category\/accessories-tr\/\">\t<div class=\"product-list-item text-custom-parent-hov prod-layout-classic\">\r\n\t<img loading=\"lazy\" decoding=\"async\" src=\"https:\/\/www.pandasilk.com\/wp-content\/uploads\/2020\/01\/Silk-Scrunchies-for-Hair.jpg\" alt=\"\u0130pek Aksesuarlar\" width=\"800\" height=\"800\" srcset=\"https:\/\/www.pandasilk.com\/wp-content\/uploads\/2020\/01\/Silk-Scrunchies-for-Hair.jpg 750w, https:\/\/www.pandasilk.com\/wp-content\/uploads\/2020\/01\/Silk-Scrunchies-for-Hair-187x187.jpg 187w, https:\/\/www.pandasilk.com\/wp-content\/uploads\/2020\/01\/Silk-Scrunchies-for-Hair-100x100.jpg 100w\" sizes=\"auto, (max-width: 750px) 100vw, 750px\" \/>\t\t<h2 class=\"woocommerce-loop-category__title\">\n\t\t\t\u0130pek Aksesuarlar\t\t<\/h2>\n\t\t<\/a>\t<\/div> <!-- Close product-list-item -->\r\n\t<\/li>\n<li class=\"product-category product last\">\n\t<a aria-label=\"\u0130pek Yolu \u00fcr\u00fcn kategorisini ziyaret et\" href=\"https:\/\/www.pandasilk.com\/tr\/product-category\/silk-road-tr\/\">\t<div class=\"product-list-item text-custom-parent-hov prod-layout-classic\">\r\n\t<img loading=\"lazy\" decoding=\"async\" src=\"https:\/\/www.pandasilk.com\/wp-content\/uploads\/2025\/02\/Pandatea-Black-Tea.jpg\" alt=\"\u0130pek Yolu\" width=\"800\" height=\"800\" srcset=\"https:\/\/www.pandasilk.com\/wp-content\/uploads\/2025\/02\/Pandatea-Black-Tea.jpg 800w, https:\/\/www.pandasilk.com\/wp-content\/uploads\/2025\/02\/Pandatea-Black-Tea-768x768.jpg 768w, https:\/\/www.pandasilk.com\/wp-content\/uploads\/2025\/02\/Pandatea-Black-Tea-187x187.jpg 187w, https:\/\/www.pandasilk.com\/wp-content\/uploads\/2025\/02\/Pandatea-Black-Tea-100x100.jpg 100w\" sizes=\"auto, (max-width: 800px) 100vw, 800px\" \/>\t\t<h2 class=\"woocommerce-loop-category__title\">\n\t\t\t\u0130pek Yolu\t\t<\/h2>\n\t\t<\/a>\t<\/div> <!-- Close product-list-item -->\r\n\t<\/li>\n<\/ul>\n<\/div>\n","protected":false},"excerpt":{"rendered":"<p>&nbsp;<\/p>\n","protected":false},"author":1,"featured_media":8025,"parent":0,"menu_order":5,"comment_status":"closed","ping_status":"closed","template":"","meta":{"footnotes":""},"class_list":["post-116717","page","type-page","status-publish","has-post-thumbnail","hentry","prodpage-classic"],"aioseo_notices":[],"_links":{"self":[{"href":"https:\/\/www.pandasilk.com\/tr\/wp-json\/wp\/v2\/pages\/116717","targetHints":{"allow":["GET"]}}],"collection":[{"href":"https:\/\/www.pandasilk.com\/tr\/wp-json\/wp\/v2\/pages"}],"about":[{"href":"https:\/\/www.pandasilk.com\/tr\/wp-json\/wp\/v2\/types\/page"}],"author":[{"embeddable":true,"href":"https:\/\/www.pandasilk.com\/tr\/wp-json\/wp\/v2\/users\/1"}],"replies":[{"embeddable":true,"href":"https:\/\/www.pandasilk.com\/tr\/wp-json\/wp\/v2\/comments?post=116717"}],"version-history":[{"count":0,"href":"https:\/\/www.pandasilk.com\/tr\/wp-json\/wp\/v2\/pages\/116717\/revisions"}],"wp:featuredmedia":[{"embeddable":true,"href":"https:\/\/www.pandasilk.com\/tr\/wp-json\/wp\/v2\/media\/8025"}],"wp:attachment":[{"href":"https:\/\/www.pandasilk.com\/tr\/wp-json\/wp\/v2\/media?parent=116717"}],"curies":[{"name":"wp","href":"https:\/\/api.w.org\/{rel}","templated":true}]}}