{"id":128128,"date":"2015-05-18T05:44:48","date_gmt":"2015-05-17T21:44:48","guid":{"rendered":"https:\/\/www.pandasilk.com\/return-refund-policy\/"},"modified":"2025-01-18T12:45:39","modified_gmt":"2025-01-18T20:45:39","slug":"return-refund-policy","status":"publish","type":"page","link":"https:\/\/www.pandasilk.com\/tr\/return-refund-policy\/","title":{"rendered":"\u0130ade Politikas\u0131"},"content":{"rendered":"<p>Olumlu bir al\u0131\u015fveri\u015f deneyimi ya\u015faman\u0131z\u0131 sa\u011flamaya kararl\u0131y\u0131z. Sat\u0131n al\u0131m\u0131n\u0131zdan tamamen memnun kalmazsan\u0131z, size yard\u0131mc\u0131 olmak i\u00e7in buraday\u0131z. A\u015fa\u011f\u0131daki politikam\u0131zda belirtilen belirli ko\u015fullara tabi olarak, basit iadeler ve geri \u00f6demeler sunuyoruz. Herhangi bir sorunuz i\u00e7in l\u00fctfen m\u00fc\u015fteri destek ekibimizle ileti\u015fime ge\u00e7mekten \u00e7ekinmeyin.<\/p>\n<h3>1. \u0130ade Politikas\u0131<\/h3>\n<p>Genel: \u0130pek kuma\u015f \u00fcretiminin y\u00fcksek maliyeti nedeniyle, genellikle fikir de\u011fi\u015fikli\u011fi nedeniyle verilen sipari\u015fler i\u00e7in iade kabul etmiyoruz. L\u00fctfen sipari\u015f vermeden \u00f6nce sat\u0131n al\u0131m\u0131n\u0131z\u0131 dikkatlice de\u011ferlendirin.<\/p>\n<p>Sipari\u015f Hatalar\u0131: Yanl\u0131\u015f, eksik veya hasarl\u0131 \u00fcr\u00fcnler al\u0131rsan\u0131z, l\u00fctfen FedEx etiketinin ve herhangi bir hasar\u0131n foto\u011fraflar\u0131yla birlikte hemen bizimle ileti\u015fime ge\u00e7in. \u00dcr\u00fcnleri derhal de\u011fi\u015ftirecek veya eksik olanlar\u0131 g\u00f6nderece\u011fiz.<\/p>\n<p>Kalite Sorunlar\u0131:<\/p>\n<p>Yatak Tak\u0131mlar\u0131: Yatak tak\u0131m\u0131 \u00fcr\u00fcnleriyle ilgili kalite sorunlar\u0131 i\u00e7in tam para iadesi sunuyoruz. Gecelikler: Geceliklerle ilgili kalite sorunlar\u0131 i\u00e7in de\u011fi\u015fim sunuyoruz. \u0130\u00e7 \u00c7ama\u015f\u0131rlar\u0131: \u00dcr\u00fcn\u00fcn do\u011fas\u0131 gere\u011fi, ipek i\u00e7 \u00e7ama\u015f\u0131rlar\u0131 i\u00e7in iade veya de\u011fi\u015fim kabul etmiyoruz.<\/p>\n<h3>2. Geri \u00d6deme Politikas\u0131<\/h3>\n<p>Geri \u00d6deme \u0130\u00e7in Uygun: A\u015fa\u011f\u0131daki durumlarda geri \u00f6deme almaya uygun olabilirsiniz:<\/p>\n<p>Yanl\u0131\u015f \u00dcr\u00fcnler: Yanl\u0131\u015f \u00fcr\u00fcnleri g\u00f6nderdik. Hasarl\u0131 \u00dcr\u00fcnler: \u00dcr\u00fcnler nakliye s\u00fcrecinde hasar g\u00f6rd\u00fc. Eksik \u00dcr\u00fcnler: Sipari\u015finizde \u00fcr\u00fcnler eksikti. (Baz\u0131 sipari\u015flerin birden fazla pakette g\u00f6nderilebilece\u011fini l\u00fctfen unutmay\u0131n. Ayr\u0131nt\u0131lar i\u00e7in sipari\u015f onay e-postalar\u0131n\u0131za bak\u0131n.) \u00d6nemli Tutars\u0131zl\u0131k: Al\u0131nan \u00fcr\u00fcn web sitemizdeki resimden \u00f6nemli \u00f6l\u00e7\u00fcde farkl\u0131. (Bilgisayar ekranlar\u0131ndaki ve cihaz ayarlar\u0131ndaki farkl\u0131l\u0131klar nedeniyle k\u00fc\u00e7\u00fck renk farkl\u0131l\u0131klar\u0131n\u0131n olu\u015fabilece\u011fini l\u00fctfen unutmay\u0131n.)<\/p>\n<p>Kargo \u00dccretleri: Kargo \u00fccretleri genellikle iade edilmez.<\/p>\n<p>Geri \u00d6deme \u0130\u015flemi: Geri \u00f6demeler, iade edilen \u00fcr\u00fcnlerin al\u0131nmas\u0131ndan sonraki 2 i\u015f g\u00fcn\u00fc i\u00e7inde i\u015fleme al\u0131nacakt\u0131r.<\/p>\n<p>\u0130ade Kargo: \u00dcr\u00fcnler nakliye s\u0131ras\u0131nda hasar g\u00f6rmedi\u011fi s\u00fcrece iade kargo \u00fccretlerinden siz sorumlusunuz.<\/p>\n<p>\u0130ade Adresi: \u0130ade adresini almak i\u00e7in l\u00fctfen <a href=\"https:\/\/www.pandasilk.com\/tr\/contact\/\">https:\/\/www.pandasilk.com\/tr\/contact\/<\/a> adresindeki ileti\u015fim formu arac\u0131l\u0131\u011f\u0131yla bizimle ileti\u015fime ge\u00e7in.<\/p>\n<h3>3. Kargo \u00dccretleri<\/h3>\n<p>Sat\u0131c\u0131 \u0130ade Kargo \u00dccretini \u00d6der: \u0130ade veya de\u011fi\u015fim bizim taraf\u0131m\u0131zdaki bir hatadan (yanl\u0131\u015f \u00fcr\u00fcnler, hasarl\u0131 \u00fcr\u00fcnler, eksik \u00fcr\u00fcnler) kaynaklan\u0131yorsa, Chengdu, CN&#8217;deki konumumuza olan iade kargo \u00fccretini biz kar\u015f\u0131layaca\u011f\u0131z.<\/p>\n<p>M\u00fc\u015fteri \u0130ade Kargo \u00dccretini \u00d6der: Fikir de\u011fi\u015fikli\u011fi nedeniyle (kalite sorunu yok) \u00fcr\u00fcn iade ediyorsan\u0131z, iade kargo \u00fccretlerinden siz sorumlusunuz.<\/p>\n","protected":false},"excerpt":{"rendered":"<p>Olumlu bir al\u0131\u015fveri\u015f deneyimi ya\u015faman\u0131z\u0131 sa\u011flamaya kararl\u0131y\u0131z. Sat\u0131n al\u0131m\u0131n\u0131zdan tamamen memnun kalmazsan\u0131z, size yard\u0131mc\u0131 olmak i\u00e7in buraday\u0131z. A\u015fa\u011f\u0131daki politikam\u0131zda belirtilen belirli ko\u015fullara tabi olarak, basit iadeler ve geri \u00f6demeler sunuyoruz. Herhangi bir sorunuz i\u00e7in l\u00fctfen m\u00fc\u015fteri destek ekibimizle ileti\u015fime ge\u00e7mekten \u00e7ekinmeyin. 1. \u0130ade Politikas\u0131 Genel: \u0130pek kuma\u015f \u00fcretiminin y\u00fcksek maliyeti nedeniyle, genellikle fikir de\u011fi\u015fikli\u011fi nedeniyle<\/p>\n","protected":false},"author":1,"featured_media":0,"parent":0,"menu_order":40,"comment_status":"closed","ping_status":"closed","template":"","meta":{"footnotes":""},"class_list":["post-128128","page","type-page","status-publish","hentry","prodpage-classic"],"aioseo_notices":[],"_links":{"self":[{"href":"https:\/\/www.pandasilk.com\/tr\/wp-json\/wp\/v2\/pages\/128128","targetHints":{"allow":["GET"]}}],"collection":[{"href":"https:\/\/www.pandasilk.com\/tr\/wp-json\/wp\/v2\/pages"}],"about":[{"href":"https:\/\/www.pandasilk.com\/tr\/wp-json\/wp\/v2\/types\/page"}],"author":[{"embeddable":true,"href":"https:\/\/www.pandasilk.com\/tr\/wp-json\/wp\/v2\/users\/1"}],"replies":[{"embeddable":true,"href":"https:\/\/www.pandasilk.com\/tr\/wp-json\/wp\/v2\/comments?post=128128"}],"version-history":[{"count":0,"href":"https:\/\/www.pandasilk.com\/tr\/wp-json\/wp\/v2\/pages\/128128\/revisions"}],"wp:attachment":[{"href":"https:\/\/www.pandasilk.com\/tr\/wp-json\/wp\/v2\/media?parent=128128"}],"curies":[{"name":"wp","href":"https:\/\/api.w.org\/{rel}","templated":true}]}}