{"id":128161,"date":"2015-05-18T05:41:32","date_gmt":"2015-05-17T21:41:32","guid":{"rendered":"https:\/\/www.pandasilk.com\/shipping-payment\/"},"modified":"2025-01-18T12:45:51","modified_gmt":"2025-01-18T20:45:51","slug":"shipping-payment","status":"publish","type":"page","link":"https:\/\/www.pandasilk.com\/tr\/shipping-payment\/","title":{"rendered":"Nakliye Politikas\u0131"},"content":{"rendered":"<p>\u00c7o\u011fu \u00fcr\u00fcn (ipek \u00e7ar\u015faflar, yast\u0131k k\u0131l\u0131flar\u0131 ve giysiler gibi) i\u015flenir ve 5 i\u015f g\u00fcn\u00fc i\u00e7inde g\u00f6nderime haz\u0131r hale gelir. Ancak, \u00f6zel \u00c7in Shu nak\u0131\u015f\u0131 birka\u00e7 hafta gerektirir ve \u00f6zel el dokumas\u0131 ipek hal\u0131lar aylar s\u00fcrebilir. T\u00fcm sipari\u015fleri FedEx veya EMS arac\u0131l\u0131\u011f\u0131yla g\u00f6nderiyoruz ve teslimat genellikle 7 i\u015f g\u00fcn\u00fc i\u00e7inde ger\u00e7ekle\u015fir.<\/p>\n<p>25 ABD dolar\u0131 sabit nakliye \u00fccreti uygulan\u0131r. L\u00fctfen posta kutular\u0131na veya askeri adreslere (APO\/FPO) g\u00f6nderim yapamayaca\u011f\u0131m\u0131z\u0131 unutmay\u0131n.<\/p>\n<p>Takip numaran\u0131z\u0131n bulundu\u011fu bir g\u00f6nderi onay e-postas\u0131 alacaks\u0131n\u0131z.<\/p>\n<p>Paketiniz Hasarl\u0131 Gelirse: L\u00fctfen FedEx etiketinin ve hasarl\u0131 \u00fcr\u00fcnlerin foto\u011fraf\u0131n\u0131 \u00e7ekin, ard\u0131ndan info@pandasilk.com adresine e-posta g\u00f6nderin. T\u00fcm orijinal ambalajlar\u0131 ve hasarl\u0131 \u00fcr\u00fcnleri saklay\u0131n.<\/p>\n","protected":false},"excerpt":{"rendered":"<p>\u00c7o\u011fu \u00fcr\u00fcn (ipek \u00e7ar\u015faflar, yast\u0131k k\u0131l\u0131flar\u0131 ve giysiler gibi) i\u015flenir ve 5 i\u015f g\u00fcn\u00fc i\u00e7inde g\u00f6nderime haz\u0131r hale gelir. Ancak, \u00f6zel \u00c7in Shu nak\u0131\u015f\u0131 birka\u00e7 hafta gerektirir ve \u00f6zel el dokumas\u0131 ipek hal\u0131lar aylar s\u00fcrebilir. T\u00fcm sipari\u015fleri FedEx veya EMS arac\u0131l\u0131\u011f\u0131yla g\u00f6nderiyoruz ve teslimat genellikle 7 i\u015f g\u00fcn\u00fc i\u00e7inde ger\u00e7ekle\u015fir. 25 ABD dolar\u0131 sabit nakliye<\/p>\n","protected":false},"author":1,"featured_media":6253,"parent":0,"menu_order":38,"comment_status":"closed","ping_status":"closed","template":"","meta":{"footnotes":""},"class_list":["post-128161","page","type-page","status-publish","has-post-thumbnail","hentry","prodpage-classic"],"aioseo_notices":[],"_links":{"self":[{"href":"https:\/\/www.pandasilk.com\/tr\/wp-json\/wp\/v2\/pages\/128161","targetHints":{"allow":["GET"]}}],"collection":[{"href":"https:\/\/www.pandasilk.com\/tr\/wp-json\/wp\/v2\/pages"}],"about":[{"href":"https:\/\/www.pandasilk.com\/tr\/wp-json\/wp\/v2\/types\/page"}],"author":[{"embeddable":true,"href":"https:\/\/www.pandasilk.com\/tr\/wp-json\/wp\/v2\/users\/1"}],"replies":[{"embeddable":true,"href":"https:\/\/www.pandasilk.com\/tr\/wp-json\/wp\/v2\/comments?post=128161"}],"version-history":[{"count":0,"href":"https:\/\/www.pandasilk.com\/tr\/wp-json\/wp\/v2\/pages\/128161\/revisions"}],"wp:featuredmedia":[{"embeddable":true,"href":"https:\/\/www.pandasilk.com\/tr\/wp-json\/wp\/v2\/media\/6253"}],"wp:attachment":[{"href":"https:\/\/www.pandasilk.com\/tr\/wp-json\/wp\/v2\/media?parent=128161"}],"curies":[{"name":"wp","href":"https:\/\/api.w.org\/{rel}","templated":true}]}}