{"id":128194,"date":"2015-05-18T05:31:03","date_gmt":"2015-05-17T21:31:03","guid":{"rendered":"https:\/\/www.pandasilk.com\/privacy-policy\/"},"modified":"2025-01-18T12:45:26","modified_gmt":"2025-01-18T20:45:26","slug":"privacy-policy","status":"publish","type":"page","link":"https:\/\/www.pandasilk.com\/tr\/privacy-policy\/","title":{"rendered":"Gizlilik Politikas\u0131"},"content":{"rendered":"<p>PandaSilk, gizlili\u011finizi koruman\u0131n \u00f6nemini kabul eder ve ki\u015fisel bilgilerinizin g\u00fcvenli\u011fini sa\u011flamaya kendini adam\u0131\u015ft\u0131r. Bu Gizlilik Politikas\u0131, web sitemizle etkile\u015fim kurdu\u011funuzda verilerinizi nas\u0131l toplad\u0131\u011f\u0131m\u0131z\u0131, kulland\u0131\u011f\u0131m\u0131z\u0131 ve korudu\u011fumuzu \u00f6zetlemektedir.<\/p>\n<h3>\u00c7erezlerin Kullan\u0131m\u0131<\/h3>\n<p>Tarama deneyiminizi geli\u015ftirmek ve sorunsuz bir al\u0131\u015fveri\u015f s\u00fcrecini kolayla\u015ft\u0131rmak i\u00e7in web sitemizde \u00e7erezler kullan\u0131yoruz. \u00c7erezler, benzersiz kullan\u0131c\u0131 kimlik bilgilerini i\u00e7eren k\u00fc\u00e7\u00fck, \u015fifrelenmi\u015f veri dosyalar\u0131d\u0131r. Bu dosyalar sunucular\u0131m\u0131zda g\u00fcvenli bir \u015fekilde saklan\u0131r ve bilgisayar\u0131n\u0131z\u0131n sabit diskine yerle\u015ftirilebilir. \u00c7erezler bize \u015funlarda yard\u0131mc\u0131 olur:<\/p>\n<p>Al\u0131\u015fveri\u015f sepetinizdeki \u00f6\u011feleri hat\u0131rlamak: Bu, sitemizde gezinirken se\u00e7ti\u011finiz \u00fcr\u00fcnleri kaybetmemenizi sa\u011flar.<\/p>\n<p>Web sitesi i\u015flevselli\u011fini geli\u015ftirmek: \u00c7erezler, kullan\u0131c\u0131lar\u0131n sitemizle nas\u0131l etkile\u015fim kurdu\u011funu anlamam\u0131za yard\u0131mc\u0131 olarak genel deneyiminizi optimize etmemizi ve iyile\u015ftirmemizi sa\u011flar.<\/p>\n<p>Daha ki\u015fiselle\u015ftirilmi\u015f bir deneyim sunmak: \u00c7erezler, i\u00e7eri\u011fi ve \u00f6nerileri belirli ilgi alanlar\u0131n\u0131za g\u00f6re uyarlamam\u0131za olanak tan\u0131r.<\/p>\n<h3>HTTPS G\u00fcvenli Al\u0131\u015fveri\u015f<\/h3>\n<p>Hassas bilgilerinizin g\u00fcvenli\u011fine \u00f6ncelik veriyoruz. \u00d6deme Sayfam\u0131zda PayPal hesap bilgileriniz, e-posta adresiniz veya kredi kart\u0131 numaran\u0131z gibi ki\u015fisel bilgilerinizi girdi\u011finizde, G\u00fcvenli Yuva Katman\u0131 (SSL) veri \u015fifreleme teknolojisini kullan\u0131r\u0131z. Bu end\u00fcstri standard\u0131 teknoloji, taray\u0131c\u0131n\u0131z ile sunucumuz aras\u0131ndaki t\u00fcm verilerin \u015fifrelenmesini sa\u011flayarak yetkisiz taraflarca okunamaz hale getirir. Bu g\u00fc\u00e7l\u00fc g\u00fcvenlik \u00f6nlemi, bizimle yapt\u0131\u011f\u0131n\u0131z i\u015flemler s\u0131ras\u0131nda \u00f6deme ve ki\u015fisel verilerinizi korur.<\/p>\n<h3>Ki\u015fisel Bilgilerinizin Toplanmas\u0131 ve Kullan\u0131m\u0131<\/h3>\n<p>Sipari\u015flerinizi etkili bir \u015fekilde i\u015flemek, sizi ilgili g\u00fcncellemeler hakk\u0131nda bilgilendirmek ve al\u0131\u015fveri\u015f deneyiminizi s\u00fcrekli olarak iyile\u015ftirmek i\u00e7in sizden belirli bilgiler topluyoruz. Bu bilgiler \u015funlar\u0131 i\u00e7erebilir:<\/p>\n<p>E-posta Adresi: Sipari\u015f onaylar\u0131n\u0131, g\u00f6nderim bildirimlerini ve PandaSilk ile ilgili \u00f6nemli g\u00fcncellemeleri iletmek i\u00e7in kullan\u0131l\u0131r.<\/p>\n<p>G\u00f6nderim Adresi: Sat\u0131n ald\u0131\u011f\u0131n\u0131z \u00fcr\u00fcnlerin teslimat\u0131 i\u00e7in gereklidir.<\/p>\n<h3>Gizlili\u011finiz En \u00d6nemli \u00d6nceli\u011fimizdir<\/h3>\n<p>Sitemize g\u00f6nderdi\u011finiz t\u00fcm ki\u015fisel bilgilerin en \u00fcst d\u00fczeyde gizlilik ve g\u00fcvenlik ile i\u015flendi\u011finden emin olabilirsiniz. Verilerinizi yetkisiz eri\u015fime, kullan\u0131ma veya if\u015faya kar\u015f\u0131 korumak i\u00e7in makul \u00f6nlemler al\u0131yoruz. Gizlili\u011finizi korumaya ve g\u00fcvene dayal\u0131 bir ili\u015fki kurmaya kararl\u0131y\u0131z.<\/p>\n","protected":false},"excerpt":{"rendered":"<p>PandaSilk, gizlili\u011finizi koruman\u0131n \u00f6nemini kabul eder ve ki\u015fisel bilgilerinizin g\u00fcvenli\u011fini sa\u011flamaya kendini adam\u0131\u015ft\u0131r. Bu Gizlilik Politikas\u0131, web sitemizle etkile\u015fim kurdu\u011funuzda verilerinizi nas\u0131l toplad\u0131\u011f\u0131m\u0131z\u0131, kulland\u0131\u011f\u0131m\u0131z\u0131 ve korudu\u011fumuzu \u00f6zetlemektedir. \u00c7erezlerin Kullan\u0131m\u0131 Tarama deneyiminizi geli\u015ftirmek ve sorunsuz bir al\u0131\u015fveri\u015f s\u00fcrecini kolayla\u015ft\u0131rmak i\u00e7in web sitemizde \u00e7erezler kullan\u0131yoruz. \u00c7erezler, benzersiz kullan\u0131c\u0131 kimlik bilgilerini i\u00e7eren k\u00fc\u00e7\u00fck, \u015fifrelenmi\u015f veri dosyalar\u0131d\u0131r. Bu dosyalar<\/p>\n","protected":false},"author":1,"featured_media":1557,"parent":0,"menu_order":39,"comment_status":"closed","ping_status":"closed","template":"","meta":{"footnotes":""},"class_list":["post-128194","page","type-page","status-publish","has-post-thumbnail","hentry","prodpage-classic"],"aioseo_notices":[],"_links":{"self":[{"href":"https:\/\/www.pandasilk.com\/tr\/wp-json\/wp\/v2\/pages\/128194","targetHints":{"allow":["GET"]}}],"collection":[{"href":"https:\/\/www.pandasilk.com\/tr\/wp-json\/wp\/v2\/pages"}],"about":[{"href":"https:\/\/www.pandasilk.com\/tr\/wp-json\/wp\/v2\/types\/page"}],"author":[{"embeddable":true,"href":"https:\/\/www.pandasilk.com\/tr\/wp-json\/wp\/v2\/users\/1"}],"replies":[{"embeddable":true,"href":"https:\/\/www.pandasilk.com\/tr\/wp-json\/wp\/v2\/comments?post=128194"}],"version-history":[{"count":0,"href":"https:\/\/www.pandasilk.com\/tr\/wp-json\/wp\/v2\/pages\/128194\/revisions"}],"wp:featuredmedia":[{"embeddable":true,"href":"https:\/\/www.pandasilk.com\/tr\/wp-json\/wp\/v2\/media\/1557"}],"wp:attachment":[{"href":"https:\/\/www.pandasilk.com\/tr\/wp-json\/wp\/v2\/media?parent=128194"}],"curies":[{"name":"wp","href":"https:\/\/api.w.org\/{rel}","templated":true}]}}