{"id":164871,"date":"2026-01-13T01:54:41","date_gmt":"2026-01-13T09:54:41","guid":{"rendered":"https:\/\/www.pandasilk.com\/product\/silk-cheongsam\/"},"modified":"2026-02-28T06:45:32","modified_gmt":"2026-02-28T14:45:32","slug":"silk-cheongsam","status":"publish","type":"product","link":"https:\/\/www.pandasilk.com\/tr\/product\/silk-cheongsam\/","title":{"rendered":"\u0130pek \u00c7in Elbisesi"},"content":{"rendered":"<p>Ustal\u0131kla haz\u0131rlanm\u0131\u015f ipek \u00e7in elbisemizle geleneksel \u00c7in giyiminin zarafetini ve g\u00fczelli\u011fini kucaklay\u0131n. Qipao olarak da bilinen bu tek par\u00e7a elbise, kad\u0131nl\u0131\u011f\u0131n ve k\u00fclt\u00fcrel miras\u0131n bir sembol\u00fcd\u00fcr. Modern yorumumuz, yumu\u015fakl\u0131\u011f\u0131, nefes alabilirli\u011fi ve g\u00fczel d\u00f6k\u00fcm\u00fcyle bilinen en kaliteli dut ipe\u011finden \u00fcretilmi\u015ftir.<\/p>\n<p>Bu zarif elbise, zamans\u0131z bir hakim yakaya sahiptir ve elle i\u015flenmi\u015f detayl\u0131 \u00e7i\u00e7ek desenleriyle s\u00fcslenmi\u015ftir. V\u00fccudu saran kesimi hatlar\u0131n\u0131z\u0131 vurgulamak i\u00e7in tasarlanm\u0131\u015fken, yan y\u0131rtma\u00e7lar ise \u00e7ekici bir dokunu\u015f ve hareket kolayl\u0131\u011f\u0131 sunar. \u00c7apraz kapan\u0131\u015f boyunca yer alan geleneksel pankou d\u00fc\u011fmeleri, otantik ve sanatsal bir dokunu\u015f katar.<\/p>\n<p>\u0130ster bir \u00e7ay seremonisine, bir d\u00fc\u011f\u00fcne veya \u015f\u0131k bir ak\u015fam davetine kat\u0131l\u0131yor olun, \u0130pek \u00c7in Elbisemiz unutulmaz ve sofistike bir g\u00f6r\u00fcn\u00fcm i\u00e7in m\u00fckemmel bir se\u00e7imdir. Her ortama uyum sa\u011flamas\u0131 i\u00e7in modern veya geleneksel aksesuarlarla kombinlenebilen \u00e7ok y\u00f6nl\u00fc bir par\u00e7ad\u0131r.<\/p>\n<p>\u0130pek \u00e7in elbisenizin g\u00fczelli\u011fini ve uzun \u00f6m\u00fcrl\u00fcl\u00fc\u011f\u00fcn\u00fc korumak i\u00e7in l\u00fctfen a\u015fa\u011f\u0131daki bak\u0131m talimatlar\u0131na uyunuz:<\/p>\n<ul>\n<li>So\u011fuk suda, ipek i\u00e7in uygun, hassas bir deterjanla elde y\u0131kay\u0131n.<\/li>\n<li>Giysiyi nazik\u00e7e hareket ettirin, ancak s\u0131kmay\u0131n veya b\u00fckmeyin.<\/li>\n<li>So\u011fuk ve temiz suyla iyice durulay\u0131n.<\/li>\n<li>Fazla suyu almak i\u00e7in elbiseyi temiz, kuru bir havlunun \u00fczerine serin ve yava\u015f\u00e7a rulo yap\u0131n.<\/li>\n<li>\u0130pe\u011fin renginin solmas\u0131n\u0131 \u00f6nlemek i\u00e7in do\u011frudan g\u00fcne\u015f \u0131\u015f\u0131\u011f\u0131ndan uzak, g\u00f6lgeli bir alanda asarak kurutun.<\/li>\n<li>Gerekirse, d\u00fc\u015f\u00fck \u0131s\u0131 ayar\u0131nda ve tercihen giysi hala hafif nemliyken \u00fct\u00fcleyin. Kuma\u015f\u0131 korumak i\u00e7in \u00fct\u00fc ile ipek aras\u0131na bir bez yerle\u015ftirin.<\/li>\n<\/ul>\n","protected":false},"excerpt":{"rendered":"<p>G\u00f6z al\u0131c\u0131 \u0130pek \u00c7in Elbisemizle zamans\u0131z zarafeti deneyimleyin. L\u00fcks Dut ipe\u011finden \u00fcretilen bu modern qipao, klasik hakim yaka, zarif pankou d\u00fc\u011fmeleri ve v\u00fccut hatlar\u0131n\u0131 ortaya \u00e7\u0131karan bir sil\u00fcete sahiptir. D\u00fc\u011f\u00fcnler, resm\u00ee davetler veya sofistike bir izlenim b\u0131rakmak istedi\u011finiz t\u00fcm \u00f6zel g\u00fcnler i\u00e7in m\u00fckemmeldir.<\/p>\n<p><a class=\"btn-element btn-element-2 btn btn-default btn-icon--before btn--rounded\" href=\"https:\/\/www.pandasilk.com\/tr\/product\/silk-cheongsam\/\">Silk Cheongsam<\/a><\/p>\n","protected":false},"featured_media":163620,"comment_status":"open","ping_status":"closed","template":"","meta":[],"product_brand":[],"product_cat":[38074,38146],"product_tag":[],"class_list":{"0":"post-164871","1":"product","2":"type-product","3":"status-publish","4":"has-post-thumbnail","6":"product_cat-silk-clothing-tr","7":"product_cat-women-tr","8":"tm-no-options","10":"first","11":"instock","12":"shipping-taxable","13":"product-type-external","14":"prodpage-classic"},"aioseo_notices":[],"_links":{"self":[{"href":"https:\/\/www.pandasilk.com\/tr\/wp-json\/wp\/v2\/product\/164871","targetHints":{"allow":["GET"]}}],"collection":[{"href":"https:\/\/www.pandasilk.com\/tr\/wp-json\/wp\/v2\/product"}],"about":[{"href":"https:\/\/www.pandasilk.com\/tr\/wp-json\/wp\/v2\/types\/product"}],"replies":[{"embeddable":true,"href":"https:\/\/www.pandasilk.com\/tr\/wp-json\/wp\/v2\/comments?post=164871"}],"wp:featuredmedia":[{"embeddable":true,"href":"https:\/\/www.pandasilk.com\/tr\/wp-json\/wp\/v2\/media\/163620"}],"wp:attachment":[{"href":"https:\/\/www.pandasilk.com\/tr\/wp-json\/wp\/v2\/media?parent=164871"}],"wp:term":[{"taxonomy":"product_brand","embeddable":true,"href":"https:\/\/www.pandasilk.com\/tr\/wp-json\/wp\/v2\/product_brand?post=164871"},{"taxonomy":"product_cat","embeddable":true,"href":"https:\/\/www.pandasilk.com\/tr\/wp-json\/wp\/v2\/product_cat?post=164871"},{"taxonomy":"product_tag","embeddable":true,"href":"https:\/\/www.pandasilk.com\/tr\/wp-json\/wp\/v2\/product_tag?post=164871"}],"curies":[{"name":"wp","href":"https:\/\/api.w.org\/{rel}","templated":true}]}}