{"id":164923,"date":"2025-07-09T23:24:40","date_gmt":"2025-07-10T06:24:40","guid":{"rendered":"https:\/\/www.pandasilk.com\/product\/ronghua\/"},"modified":"2026-01-18T03:20:48","modified_gmt":"2026-01-18T11:20:48","slug":"ronghua","status":"publish","type":"product","link":"https:\/\/www.pandasilk.com\/tr\/product\/ronghua\/","title":{"rendered":"Ronghua &#8211; \u00c7in Kadife \u00c7i\u00e7e\u011fi"},"content":{"rendered":"<p>K\u00f6kenleri Tang Hanedanl\u0131\u011f\u0131&#8217;na kadar uzanan bu e\u015fsiz sanat formu olan Ronghua (\u7ed2\u82b1) ile zaman\u0131n \u00f6tesinde bir g\u00fczellik d\u00fcnyas\u0131na ad\u0131m at\u0131n. Ad\u0131n\u0131 pelu\u015f, kadifemsi dokusundan alan Ronghua, asl\u0131nda kadifeden de\u011fil, hassas bir bak\u0131r iskelet etraf\u0131na titizlikle b\u00fck\u00fclm\u00fc\u015f ve kesilmi\u015f ipek ipliklerden yap\u0131l\u0131r. <strong>\u00c7in Ulusal Somut Olmayan K\u00fclt\u00fcrel Miras\u0131<\/strong> olarak resmi olarak tan\u0131nan bu antik zanaat, bir zamanlar imparatorluk saray\u0131ndaki kad\u0131nlara \u00f6zeldi ve zenginli\u011fi, g\u00fczelli\u011fi ve iyi \u015fans\u0131 simgelerdi. Her kadife \u00e7i\u00e7ek, zanaatkar\u0131n becerisi ve sabr\u0131n\u0131n bir kan\u0131t\u0131d\u0131r. S\u00fcre\u00e7, saf ipe\u011fin boyan\u0131p ince kordonlar halinde b\u00fck\u00fclmesini, u\u011furlu anka ku\u015fu veya narin kelebek gibi karma\u015f\u0131k \u00e7i\u00e7ek veya hayvan motiflerine dikkatlice \u015fekil verilmesini ve son olarak, ipek ilmeklerin kesilerek kendine \u00f6zg\u00fc yumu\u015fak, zengin dokunun yarat\u0131lmas\u0131n\u0131 i\u00e7erir. Sonu\u00e7, ba\u015f d\u00f6nd\u00fcr\u00fcc\u00fc derecede detayl\u0131 ancak inan\u0131lmaz derecede hafif ve takmas\u0131 rahat bir aksesuard\u0131r. Bir sa\u00e7 s\u00fcs\u00fcnden daha fazlas\u0131 olan Ronghua, ya\u015fayan bir tarihin par\u00e7as\u0131d\u0131r. Kullanan ki\u015fiyi imparatori\u00e7elerin ve soylu kad\u0131nlar\u0131n miras\u0131na, zanaatkarl\u0131\u011fa de\u011fer veren bir k\u00fclt\u00fcre ve incelikli, derin bir zarafet esteti\u011fine ba\u011flar.<\/p>\n<h3>\u0130mparatorluk Zarafetinin Miras\u0131<\/h3>\n<p>Ronghua, Ming ve Qing hanedanl\u0131klar\u0131 d\u00f6neminde geli\u015ferek imparatorluk saray\u0131n\u0131n vazge\u00e7ilmezi haline geldi. Festivallerde, t\u00f6renlerde ve g\u00fcnl\u00fck hayatta sa\u00e7a tak\u0131lan bu ipek \u00e7i\u00e7ekler, canl\u0131, solmayan renkleri ve u\u011furlu anlamlar\u0131 nedeniyle \u00e7ok de\u011ferliydi. Bir Ronghua par\u00e7as\u0131na sahip olmak, bu sofistike ve sanatsal mirasla do\u011frudan bir ba\u011f kurmakt\u0131r.<\/p>\n<h3>\u0130pek ve El Sanatlar\u0131 Sanat\u0131<\/h3>\n<p>Ronghua&#8217;lar\u0131m\u0131z, bu sanat\u0131 nesiller boyu miras alan yetenekli zanaatkarlar taraf\u0131ndan tamamen el yap\u0131m\u0131 olarak \u00fcretilmektedir. Sadece y\u00fcksek kaliteli ipek iplik ve d\u00f6v\u00fclebilir bak\u0131r tel kullanarak, her bir tasar\u0131m\u0131 bir damla yap\u0131\u015ft\u0131r\u0131c\u0131 olmadan hayata ge\u00e7irirler. E\u015fsiz dokusu ve parlak \u0131\u015f\u0131lt\u0131s\u0131, tamamen beceriden do\u011far ve her bir \u00e7i\u00e7e\u011fi benzersiz bir sanat eseri yapar.<\/p>\n<h3>Modern \u00c7a\u011f \u0130\u00e7in \u00c7ok Y\u00f6nl\u00fc Bir Cazibe<\/h3>\n<p>Geleneksel olarak bir sa\u00e7 tokas\u0131 veya ba\u015fl\u0131k olarak tak\u0131lsa da, modern Ronghua harika bir \u015fekilde \u00e7ok y\u00f6nl\u00fcd\u00fcr. \u00c7arp\u0131c\u0131 bir bro\u015f olarak bir yakaya i\u011fneleyin, benzersiz bir hava katmak i\u00e7in bir \u015fapkay\u0131 veya fular\u0131 s\u00fcsleyin, hatta evinizde narin bir sanat eseri olarak sergileyin. D\u00fc\u011f\u00fcnler, k\u00fclt\u00fcrel etkinlikler veya zarif ve \u00f6zg\u00fcn bir stil ifade etmek istedi\u011finiz her durum i\u00e7in m\u00fckemmel bir tamamlay\u0131c\u0131d\u0131r.<\/p>\n<h3>\u00d6zellikler<\/h3>\n<ul>\n<li><strong>Malzeme<\/strong>: %100 Saf \u0130pek \u0130plik, Bak\u0131r Tel \u0130skelet<\/li>\n<li><strong>\u0130\u015f\u00e7ilik<\/strong>: Ronghua&#8217;n\u0131n do\u011fum yeri olan Nanjing&#8217;deki geleneksel zanaatkarlar taraf\u0131ndan %100 el yap\u0131m\u0131.<\/li>\n<li><strong>Tasar\u0131m<\/strong>: Geleneksel u\u011furlu motifler (\u00f6rne\u011fin, \u015fakay\u0131k, krizantem, anka ku\u015fu).<\/li>\n<li><strong>Doku<\/strong>: Kesilmi\u015f ipekten olu\u015fturulan yumu\u015fak, pelu\u015f, kadifemsi doku.<\/li>\n<li><strong>A\u011f\u0131rl\u0131k<\/strong>: T\u00fcm g\u00fcn rahat kullan\u0131m i\u00e7in ola\u011fan\u00fcst\u00fc hafif.<\/li>\n<li><strong>Miras<\/strong>: \u00c7in Ulusal Somut Olmayan K\u00fclt\u00fcrel Miras\u0131 olarak resmi olarak tan\u0131nm\u0131\u015ft\u0131r.<\/li>\n<\/ul>\n<h3>Bak\u0131m Talimatlar\u0131<\/h3>\n<p>Ronghua hassas bir sanat eseridir. G\u00fczelli\u011fini y\u0131llarca korumak i\u00e7in l\u00fctfen bu talimatlara uyun:<\/p>\n<ul>\n<li><strong>Nemden Ka\u00e7\u0131n\u0131n<\/strong>: Nem ipe\u011fe zarar verebilece\u011finden Ronghua&#8217;y\u0131 sudan, ya\u011fmurdan ve y\u00fcksek nemden uzak tutun.<\/li>\n<li><strong>Bas\u0131n\u00e7tan Ka\u00e7\u0131n\u0131n<\/strong>: Hassas ipek dokusunu kal\u0131c\u0131 olarak d\u00fczle\u015ftirebilece\u011finden \u00e7i\u00e7e\u011fi ezmeyin veya \u00fczerine bast\u0131rmay\u0131n.<\/li>\n<li><strong>Saklama<\/strong>: Zamanla renklerin solmas\u0131na neden olabilecek do\u011frudan g\u00fcne\u015f \u0131\u015f\u0131\u011f\u0131ndan uzakta, sa\u011flanan kutuda veya \u00f6zel bir m\u00fccevher kutusunda saklay\u0131n.<\/li>\n<li><strong>Temizlik<\/strong>: Temizlemek i\u00e7in y\u00fczeydeki tozu \u00e7ok yumu\u015fak, kuru bir f\u0131r\u00e7a (temiz bir makyaj f\u0131r\u00e7as\u0131 gibi) ile nazik\u00e7e al\u0131n. Su veya kimyasal temizleyiciler kullanmay\u0131n.<\/li>\n<li><strong>Kullan\u0131m<\/strong>: Par\u00e7ay\u0131 takarken veya \u00e7\u0131kar\u0131rken ipek yapraklar\u0131ndan de\u011fil, metal taban\u0131ndan veya i\u011fnesinden tutun.<\/li>\n<\/ul>\n","protected":false},"excerpt":{"rendered":"<p>Sa\u00e7lar\u0131n\u0131z\u0131 bir ipek bulutu ve bir tarih f\u0131s\u0131lt\u0131s\u0131yla s\u00fcsleyin. Bu otantik Nanjing Ronghua (\u5357\u4eac\u7ed2\u82b1) veya kadife \u00e7i\u00e7ek, somut olmayan bir k\u00fclt\u00fcrel miras\u0131 koruyan zanaatkarlar taraf\u0131ndan titizlikle el yap\u0131m\u0131d\u0131r. Hassas bir bak\u0131r iskelet etraf\u0131na b\u00fck\u00fclm\u00fc\u015f saf ipekten yap\u0131lm\u0131\u015f olup zarafetin, \u015fans\u0131n ve zamans\u0131z g\u00fczelli\u011fin bir simgesidir. Bir aksesuardan daha fazlas\u0131; giyilebilir bir sanat eseridir. Ronghua, kal\u0131c\u0131 zarafeti sayesinde \u00e7ok say\u0131da ortama uygun, \u00e7ok y\u00f6nl\u00fc ve sanatsal bir aksesuard\u0131r:<\/p>\n<ul>\n<li>Sofistike Sa\u00e7 S\u00fcs\u00fc: Klasik bir incelik katmak i\u00e7in topuzunuza veya da\u011f\u0131n\u0131k topuzunuza sabitleyin. Otantik Hanfu ve Qipao k\u0131yafetleri i\u00e7in vazge\u00e7ilmez bir unsurdur.<\/li>\n<li>Ay\u0131rt Edici Bro\u015f: \u00c7arp\u0131c\u0131, k\u00fclt\u00fcrel \u00f6nemi olan bir odak noktas\u0131 olarak hizmet etmesi i\u00e7in bir ceketin yakas\u0131na veya bir elbisenin kuma\u015f\u0131na tak\u0131n.<\/li>\n<li>Unutulmaz Anlar: Zarif bir izlenim b\u0131rakmak istedi\u011finiz d\u00fc\u011f\u00fcnler, \u00e7ay seremonileri ve her t\u00fcrl\u00fc resmi etkinlik i\u00e7in m\u00fckemmel bir se\u00e7imdir.<\/li>\n<li>Anlaml\u0131 bir Hediye: G\u00fczelli\u011fi, iyi \u015fans\u0131 ve geleneksel beceriye sayg\u0131y\u0131 simgeleyen de\u011ferli bir hediye olarak Ronghua&#8217;y\u0131 sunun.<\/li>\n<\/ul>\n","protected":false},"featured_media":160918,"comment_status":"open","ping_status":"closed","template":"","meta":[],"product_brand":[],"product_cat":[39040],"product_tag":[],"class_list":{"0":"post-164923","1":"product","2":"type-product","3":"status-publish","4":"has-post-thumbnail","6":"product_cat-silk-road-tr","7":"tm-no-options","9":"first","10":"instock","11":"shipping-taxable","12":"product-type-external","13":"prodpage-classic"},"aioseo_notices":[],"_links":{"self":[{"href":"https:\/\/www.pandasilk.com\/tr\/wp-json\/wp\/v2\/product\/164923","targetHints":{"allow":["GET"]}}],"collection":[{"href":"https:\/\/www.pandasilk.com\/tr\/wp-json\/wp\/v2\/product"}],"about":[{"href":"https:\/\/www.pandasilk.com\/tr\/wp-json\/wp\/v2\/types\/product"}],"replies":[{"embeddable":true,"href":"https:\/\/www.pandasilk.com\/tr\/wp-json\/wp\/v2\/comments?post=164923"}],"wp:featuredmedia":[{"embeddable":true,"href":"https:\/\/www.pandasilk.com\/tr\/wp-json\/wp\/v2\/media\/160918"}],"wp:attachment":[{"href":"https:\/\/www.pandasilk.com\/tr\/wp-json\/wp\/v2\/media?parent=164923"}],"wp:term":[{"taxonomy":"product_brand","embeddable":true,"href":"https:\/\/www.pandasilk.com\/tr\/wp-json\/wp\/v2\/product_brand?post=164923"},{"taxonomy":"product_cat","embeddable":true,"href":"https:\/\/www.pandasilk.com\/tr\/wp-json\/wp\/v2\/product_cat?post=164923"},{"taxonomy":"product_tag","embeddable":true,"href":"https:\/\/www.pandasilk.com\/tr\/wp-json\/wp\/v2\/product_tag?post=164923"}],"curies":[{"name":"wp","href":"https:\/\/api.w.org\/{rel}","templated":true}]}}